{"id":1862,"date":"2026-03-05T16:44:03","date_gmt":"2026-03-05T16:44:03","guid":{"rendered":"https:\/\/karlydigitalworld.com\/?post_type=product&#038;p=1862"},"modified":"2026-03-05T16:44:04","modified_gmt":"2026-03-05T16:44:04","slug":"quantensprunge-burt-goldman-mindvalley-deutsch-kurse-1-und-2","status":"publish","type":"product","link":"https:\/\/karlydigitalworld.com\/index.php\/product\/quantensprunge-burt-goldman-mindvalley-deutsch-kurse-1-und-2\/","title":{"rendered":"Quantenspr\u00fcnge Burt Goldman Mindvalley deutsch Kurse 1 und 2"},"content":{"rendered":"<h4 style=\"text-align: center;\">Basierend auf der Arbeit des verstorbenen Mind-Science-Pioniers Burt Goldman ist <strong>Quantum Jumping<\/strong> eine fortschrittliche Visualisierungsmethode wie keine andere. Nutzen Sie Ihren Geist, um alternative Versionen von Ihnen im Multiversum zu treffen: und verk\u00f6rpern Sie die Weisheit, F\u00e4higkeiten und Inspiration, die Sie ben\u00f6tigen, um Ihre ultimative Realit\u00e4t zu gestalten.<\/h4>\n<p>&nbsp;<\/p>\n<div class=\"pb-markdown min-h-fit mv-type--titlebold8 storyblok__outline\" data-v-65686310=\"\" data-blok-c=\"undefined\" data-blok-uid=\"undefined\">\n<p>Ein Programm f\u00fcr die Person, die weiter greifen, neue F\u00e4higkeiten und Fertigkeiten beherrschen und in das Leben eintreten m\u00f6chte, von dem sie immer getr\u00e4umt haben<\/p>\n<p>&nbsp;<\/p>\n<\/div>\n<div class=\"pb-markdown min-h-fit mv-type--body mt-4 storyblok__outline\" data-v-65686310=\"\" data-blok-c=\"undefined\" data-blok-uid=\"undefined\">\n<p>Erinnern Sie sich noch an Ihre wertvollsten Kindheitstr\u00e4ume?<\/p>\n<p>Vielleicht wolltest du auf ein Raumschiff steigen und im Kosmos surfen. Oder singen Sie Ihr Herz auf den gr\u00f6\u00dften B\u00fchnen der Welt. Oder steigen Sie auf das Cover von TIME. Oder etwas zu erfinden, das die Welt ver\u00e4ndert hat.<\/p>\n<p>&nbsp;<\/p>\n<p><em>Was ist mit diesen Tr\u00e4umen passiert?<\/em><\/p>\n<p>Die Chancen stehen gut, dass Sie erwachsen geworden sind und angefangen haben, in der &#8220;realen Welt&#8221; zu leben: ein Ort, an dem Ihre Tr\u00e4ume unter einem festen Job begraben wurden, eine Karriereleiter, eine Pensionskasse und all diese anderen Besch\u00e4ftigungen, die die Menschen als &#8220;realistisch&#8221; bezeichnen.<\/p>\n<p>&nbsp;<\/p>\n<p><strong>Aber was w\u00e4re, wenn es irgendwo da drau\u00dfen, in einer Unendlichkeit von alternativen Universen, Versionen von euch gibt, die diese Tr\u00e4ume Wirklichkeit werden lie\u00dfen?<\/strong><\/p>\n<p>Der Astronaut du. Der Rockstar Sie. Der Milliard\u00e4r, du. Der Erfinder, du.<\/p>\n<p>Und was w\u00e4re, wenn es einen Weg g\u00e4be, diese alternativen euch zu finden&#8230; von ihnen zu lernen&#8230; und ihre gr\u00f6\u00dften F\u00e4higkeiten und Weisheiten in eure eigene Realit\u00e4t aufzunehmen?<\/p>\n<p>&nbsp;<\/p>\n<p><em>Wie w\u00fcrde sich dein Leben ver\u00e4ndern, wenn du das tun k\u00f6nntest? Und wie w\u00e4re es \u00fcberhaupt m\u00f6glich?<\/em><\/p>\n<p>&nbsp;<\/p>\n<p><strong>Quantum Jumping<\/strong> wird von \u00fcber 70.000 Menschen weltweit eingesetzt und ist eine revolution\u00e4re Visualisierungsmethode, die Sie auf eine Reise durch das Multiversum mitnimmt &#8211; wo Sie durch lebendige Begegnungen mit Ihrem alternativen Selbst ein Leben voller grenzenloses Potenzial gestalten.<\/p>\n<p>&nbsp;<\/p>\n<\/div>\n<p>&nbsp;<\/p>\n<div class=\"w-full lg_w-2\/3 mx-auto mb-7 md_mb-9 min-h-fit storyblok__outline\" data-v-65686310=\"\" data-blok-c=\"undefined\" data-blok-uid=\"undefined\">\n<div class=\"pb-markdown min-h-fit mv-type--headline5 text-center storyblok__outline\" data-v-65686310=\"\" data-blok-c=\"undefined\" data-blok-uid=\"undefined\">\n<h3>Eine fortschrittliche Visualisierungsmethode, die au\u00dferhalb dieser Welt klingt: weil es<\/h3>\n<\/div>\n<\/div>\n<div id=\"\" class=\"w-full lg_w-2\/3 mx-auto mb-7 md_mb-9 min-h-fit storyblok__outline\" data-v-65686310=\"\" data-blok-c=\"undefined\" data-blok-uid=\"undefined\">\n<div class=\"pb-markdown min-h-fit mv-type--body storyblok__outline\" data-v-65686310=\"\" data-blok-c=\"undefined\" data-blok-uid=\"undefined\">\n<p>Wissenschaftler wie Hawking und Einstein verbrachten einen Gro\u00dfteil ihrer Karriere damit, die Existenz alternativer Universen zu erforschen. Und es ist sogar ein hei\u00dfes Thema in der Science-Fiction, zuletzt in Filmen wie <em>Doctor Strange und Everything Everywhere All At Once<\/em>.<\/p>\n<p>&nbsp;<\/p>\n<p>Aber Sie m\u00fcssen sich nicht auf die Theorie der alternativen Realit\u00e4ten festlegen, um Ihr Leben mit Quantum Jumping zu ver\u00e4ndern: eine der m\u00e4chtigsten (und ungew\u00f6hnlichsten) kreativen Visualisierungsmethoden, die jemals entwickelt wurden.<\/p>\n<p>Erstellt vom verstorbenen Geist-Wissenschafts-Pionier Burt Goldman, nutzt es jahrzehntelange Forschung in Bereichen wie Visualisierung, Hypnose, Meditation und ver\u00e4nderte Zust\u00e4nde&#8230;<\/p>\n<p>&nbsp;<\/p>\n<p>Und kombiniert sie zu einer einzigen Technik, die Ihr Unterbewusstsein auf eine Weise anspricht, die sowohl erstaunlich als auch zutiefst lohnend ist.<\/p>\n<p><strong>Wenn ihr Quantensprung betrittt, betrittt ihr die Alpha-Ebene des Geistes: Wo ihr euch selbst visualisiert, indem ihr durch das Multiversum aufsteigt, und euch mit den Erfahrungen und F\u00e4higkeiten, die ihr in eurer eigenen Realit\u00e4t braucht, aufeinandertrefft.<\/strong><\/p>\n<p>&nbsp;<\/p>\n<p>Egal, ob Sie nach einer Karriere oder einem finanziellen Durchbruch suchen &#8230; die Beherrschung einer neuen F\u00e4higkeit, Sprache oder eines Musikinstruments &#8230; eine Heilung von Geist, K\u00f6rper oder Seele &#8230; oder sogar eine L\u00f6sung f\u00fcr eine &#8220;unm\u00f6gliche&#8221; Herausforderung &#8230;<\/p>\n<p>&nbsp;<\/p>\n<p>Indem ihr euch an lebendigen Auseinandersetzungen mit eurem alternativen Selbst beteiligt, gewinnt ihr die Kraft und Inspiration, um mit Warpgeschwindigkeit zu wachsen, sich zu ver\u00e4ndern und zu transzendieren.<\/p>\n<p>&nbsp;<\/p>\n<p>Quantum Jumping gibt Ihnen die Schl\u00fcssel, um Ihren M\u00f6glichkeitsfilter zu erweitern und Ihr volles Potenzial auszusch\u00f6pfen: weit \u00fcber die unterbewussten Bl\u00f6cke hinaus, die Sie in dieser Realit\u00e4t zur\u00fcckhalten.<\/p>\n<p>&nbsp;<\/p>\n<\/div>\n<\/div>\n<section id=\"why-this-program\" class=\"pb-Container why-this-program min-h-fit my-12 pb-navigable storyblok__outline\" data-name=\"Why This Program\" data-blok-c=\"undefined\" data-blok-uid=\"undefined\">\n<div class=\"mv-section__gutter min-h-fit\">\n<section id=\"58\" class=\"pb-Container 25-solution min-h-fit storyblok__outline\" data-name=\"2.5 Solution\" data-blok-c=\"undefined\" data-blok-uid=\"undefined\">\n<div id=\"\" class=\"mv-container items-start lg_items-center flex flex-wrap min-h-fit storyblok__outline\" data-v-65686310=\"\" data-blok-c=\"undefined\" data-blok-uid=\"undefined\">\n<div id=\"\" class=\"w-full lg_w-2\/3 mx-auto mb-7 md_mb-9 min-h-fit storyblok__outline\" data-v-65686310=\"\" data-blok-c=\"undefined\" data-blok-uid=\"undefined\">\n<div class=\"pb-markdown min-h-fit mv-type--headline5 text-center storyblok__outline\" data-v-65686310=\"\" data-blok-c=\"undefined\" data-blok-uid=\"undefined\">\n<h3 style=\"text-align: center;\">Quantum Jumping in 4 einfachen Schritten<\/h3>\n<p>&nbsp;<\/p>\n<\/div>\n<\/div>\n<div id=\"\" class=\"w-full lg_w-2\/3 mx-auto min-h-fit storyblok__outline\" data-v-65686310=\"\" data-blok-c=\"undefined\" data-blok-uid=\"undefined\">\n<div class=\"storyblok__outline\" data-v-65686310=\"\" data-blok-c=\"undefined\" data-blok-uid=\"undefined\"><img fetchpriority=\"high\" decoding=\"async\" class=\"cld-responsive rounded ls-is-cached lazyloaded aligncenter\" src=\"https:\/\/storyblok-cdn.mindvalley.com\/f\/60579\/3200x1800\/28c2825067\/qj_sp_steps.jpg?quality=60&amp;auto=webp&amp;dpr=0.8955223880597015&amp;width=800\" alt=\"4 einfache Schritte von Quantum Jumping\" width=\"960\" height=\"540\" data-v-663ca46e=\"\" data-blok-c=\"undefined\" data-blok-uid=\"undefined\" \/><\/div>\n<div data-v-65686310=\"\" data-blok-c=\"undefined\" data-blok-uid=\"undefined\"><\/div>\n<\/div>\n<\/div>\n<\/section>\n<\/div>\n<\/section>\n<section id=\"why-this-program\" class=\"pb-Container what-youll-learn min-h-fit my-12 pb-navigable storyblok__outline\" data-name=\"What You'll Learn\" data-blok-c=\"undefined\" data-blok-uid=\"undefined\">\n<div class=\"mv-section__gutter min-h-fit\">\n<section id=\"68\" class=\"pb-Container 41-what-youll-learn min-h-fit storyblok__outline\" data-name=\"4.1 What You'll Learn\" data-blok-c=\"undefined\" data-blok-uid=\"undefined\">\n<div id=\"\" class=\"mv-container min-h-fit storyblok__outline\" data-v-65686310=\"\" data-blok-c=\"undefined\" data-blok-uid=\"undefined\">\n<div class=\"w-full text-center lg_w-2\/3 mx-auto min-h-fit storyblok__outline\" data-v-65686310=\"\" data-blok-c=\"undefined\" data-blok-uid=\"undefined\">\n<div class=\"pb-markdown min-h-fit mv-type--titlebold4 text-center mb-8 md_mb-12 storyblok__outline\" data-v-65686310=\"\" data-blok-c=\"undefined\" data-blok-uid=\"undefined\">\n<h2 style=\"text-align: center;\">Was Sie von Quantum Jumping profitieren werden<\/h2>\n<p>&nbsp;<\/p>\n<\/div>\n<\/div>\n<\/div>\n<div class=\"mv-container min-h-fit storyblok__outline\" data-v-65686310=\"\" data-blok-c=\"undefined\" data-blok-uid=\"undefined\">\n<div class=\"pb-markdown min-h-fit lg_w-2\/3 mx-auto mv-type--title6 mv-list__number --spacious storyblok__outline\" data-v-65686310=\"\" data-blok-c=\"undefined\" data-blok-uid=\"undefined\">\n<ol>\n<li>Lernen und meistern Sie neue F\u00e4higkeiten\n<p class=\"mv-type--body\">Von Musikinstrumenten \u00fcber Fremdsprachen bis hin zu Kunst, Sport, beruflichen F\u00e4higkeiten und mehr &#8211; Ihre Suche nach Beherrschung von allem und allem beginnt mit einem Quantensprung. Wie Sie schnell entdecken werden, beschleunigt Quantum Jumping Ihr Wachstum und Lernen dramatisch: und gibt Ihnen Hyperbewusstsein f\u00fcr latente Geschenke, Talente und F\u00e4higkeiten, die Ihr Bewusstsein noch entdecken muss.<\/p>\n<\/li>\n<li>Finden Sie die Antworten, Inspiration und L\u00f6sungen, die Sie ben\u00f6tigen\n<p class=\"mv-type--body\">Quantum Jumping ist ein hervorragendes Werkzeug zum Probleml\u00f6sen und \u00dcberlegen \u00fcber den Tellerrand hinaus. Indem Sie sich in bisher unzug\u00e4ngliche Dimensionen Ihres Unterbewusstseins erschlie\u00dfen, \u00f6ffnet Quantum Jumping Sie zu einer Quelle grenzenloser Inspiration und Kreativit\u00e4t &#8211; die Sie dann auf die Antworten und L\u00f6sungen zusteuern k\u00f6nnen, die Sie brauchen, um sich zu l\u00f6sen und voranzukommen.<\/p>\n<\/li>\n<li>Setzen Sie sich atemberaubende Ziele und Visionen\n<p class=\"mv-type--body\">Wenn Sie Quantum Jump, erweitern Sie monumental Ihren Umfang und Horizont von M\u00f6glichkeiten. Ziele und Ziele, die einst unm\u00f6glich schienen, erscheinen nun in Reichweite. Du erkennst, dass du w\u00fcrdig und mehr als in der Lage bist, sie zu erreichen. Und Sie gewinnen sogar die Klarheit und Inspiration, um einen klaren Weg zu ihnen zu machen.<\/p>\n<\/li>\n<li>Manifestieren Sie Ihre Tr\u00e4ume und W\u00fcnsche\n<p class=\"mv-type--body\">Erfolgreiche Manifestation ist eine Funktion eurer Gedanken, Emotionen und Selbstvertrauen. Und weil Quantum Jumping Sie mit einer F\u00fclle von erhebender Klarheit und Inspiration \u00fcberschwemmt, ist es auch Raketentreibstoff, um Ihre W\u00fcnsche schnell zu manifestieren. Einfach Quantum springen in ein Universum, in dem du diese Tr\u00e4ume bereits erreicht hast, und sieh zu, wie sie in deiner eigenen Realit\u00e4t zum Leben erweckt werden.<\/p>\n<\/li>\n<li>Erleuchten Sie Ihre intuitive F\u00fchrung\n<p class=\"mv-type--body\">Manchmal f\u00fchrt dich das Leben an einen Scheideweg. Und ob es sich um einen gro\u00dfen Karriereschritt, eine romantische Entscheidung oder eine riskante Chance handelt &#8211; es kann schwierig sein, herauszufinden, welche Entscheidung oder welchen Weg man einschlagen soll. Die gute Nachricht ist, dass Ihre intuitive Intelligenz immer die beste Antwort kennt &#8211; und wenn Sie Quantum Jump erhalten, erhalten Sie vollen Zugriff auf seine lasergenaue Anleitung.<\/p>\n<\/li>\n<li>Heile deinen Geist, K\u00f6rper und Seele\n<p class=\"mv-type--body\">Egal, ob Sie eine emotionale Wunde oder ein Trauma heilen, eine spirituelle Krise l\u00f6sen oder sogar einen k\u00f6rperlichen Schmerz oder eine Krankheit lindern m\u00f6chten &#8211; Quantenspringen kann eine starke Quelle der Heilung sein, wenn Sie es verwenden, um in ein Universum zu gelangen, in dem Sie sich f\u00fchlen, aussehen und auf dem H\u00f6hepunkt von Gesundheit und Wohlbefinden sind.<\/p>\n<\/li>\n<li>Vertiefen Sie Ihre Meditations- und Achtsamkeitspraktiken\n<p class=\"mv-type--body\">In Kombination mit Ihrer Lieblingsmeditation oder Achtsamkeitspraktiken wird Quantum Jumping zu einem Tor zu tieferen inneren Reisen, tiefer Selbstwahrnehmung und einer spirituellen Einheit mit dem Universum und Ihrem H\u00f6heren Selbst.<\/p>\n<\/li>\n<\/ol>\n<div class=\"mv-container min-h-fit storyblok__outline\" data-v-65686310=\"\" data-blok-c=\"undefined\" data-blok-uid=\"undefined\">\n<div class=\"w-full text-center lg_w-2\/3 mx-auto min-h-fit storyblok__outline\" data-v-65686310=\"\" data-blok-c=\"undefined\" data-blok-uid=\"undefined\">\n<div class=\"pb-markdown min-h-fit mv-type--titlebold4 text-center mb-8 md_mb-10 lg_mb-12 storyblok__outline\" data-v-65686310=\"\" data-blok-c=\"undefined\" data-blok-uid=\"undefined\">\n<h2 style=\"text-align: center;\">Das Curriculum<\/h2>\n<\/div>\n<p style=\"text-align: center;\"><img decoding=\"async\" class=\"cld-responsive ls-is-cached lazyloaded aligncenter\" src=\"https:\/\/storyblok-cdn.mindvalley.com\/f\/60579\/2068x1110\/a99e40ad39\/qj_sp_devices_curriculum.png?quality=60&amp;auto=webp&amp;dpr=0.8955223880597015&amp;width=800\" alt=\"Quantenspringen auf mehreren Ger\u00e4ten\" width=\"620\" height=\"333\" data-v-663ca46e=\"\" data-blok-c=\"undefined\" data-blok-uid=\"undefined\" \/><\/p>\n<\/div>\n<\/div>\n<div id=\"\" class=\"mv-container min-h-fit storyblok__outline\" data-v-65686310=\"\" data-blok-c=\"undefined\" data-blok-uid=\"undefined\">\n<div class=\"pb-markdown min-h-fit mv-type--titlebold5 text-center mb-8 md_mb-12 lg_mb-16 lg_w-2\/3 mx-auto storyblok__outline\" data-v-65686310=\"\" data-blok-c=\"undefined\" data-blok-uid=\"undefined\">\n<h3 style=\"text-align: center;\">Entdecken Sie den Quantum Jumping-Lehrplan<\/h3>\n<p>&nbsp;<\/p>\n<\/div>\n<div class=\"flex flex-wrap-reverse lg_flex-wrap lg_items-center min-h-fit storyblok__outline\" data-v-65686310=\"\" data-blok-c=\"undefined\" data-blok-uid=\"undefined\">\n<div class=\"pb-markdown min-h-fit mv-type--body lg_w-1\/3 storyblok__outline\" data-v-65686310=\"\" data-blok-c=\"undefined\" data-blok-uid=\"undefined\">\n<p>Quantum Jumping ist ein Online-Programm, das Sie durch jeden Schritt der Erkundung des Multiversums und der Begegnung mit Ihrem alternativen Selbst durch die Kraft der fortschrittlichen Visualisierung f\u00fchrt.<\/p>\n<p>&nbsp;<\/p>\n<p>Sie werden Quantum Jumping-Sch\u00f6pfer Burt Goldman in einer Reihe von Multimedia-Lektionen, Visualisierungen und Alpha-Level-Gedanken\u00fcbungen f\u00fcr die Beherrschung dieser transformativen Praxis begleiten.<\/p>\n<p>&nbsp;<\/p>\n<p>Das Programm ist f\u00fcr ein einfaches Studium in Ihrem eigenen Tempo konzipiert, und es ist keine Vorerfahrung erforderlich: Ein offener Geist ist das einzige Werkzeug, dem Sie folgen und ein hochleistungsf\u00e4higer Quantenspringer werden m\u00fcssen.<\/p>\n<p>&nbsp;<\/p>\n<p>Und am Ende des Programms werden Sie in der Lage sein, Ihre eigenen Quantenspr\u00fcnge auszuf\u00fchren: so oft Sie m\u00f6chten, und f\u00fcr jedes Ziel oder Verlangen.<\/p>\n<\/div>\n<div class=\"mv-img__crop--device w-full lg_w-2\/3 lg_pl-8 mb-8 lg_mb-0 storyblok__outline\" data-v-65686310=\"\" data-blok-c=\"undefined\" data-blok-uid=\"undefined\"><\/div>\n<\/div>\n<\/div>\n<\/div>\n<\/div>\n<\/section>\n<\/div>\n<\/section>\n","protected":false},"excerpt":{"rendered":"<h1>Erstellen Sie ein brandneues Sie mit Quantum Jumping von Burt Goldman<\/h1>\n<p>\u2705 Lektion 40<\/p>\n<p>\u23f1 15\u00a0 Stunden 22 Minuten<\/p>\n<p>\ud83d\udc42\ud83c\udffbAudio Auf Deutsch<\/p>\n<p>Zugriff \u00fcber Google Drive<\/p>\n","protected":false},"featured_media":1863,"comment_status":"open","ping_status":"closed","template":"","meta":{"site-sidebar-layout":"default","site-content-layout":"","ast-site-content-layout":"default","site-content-style":"default","site-sidebar-style":"default","ast-global-header-display":"","ast-banner-title-visibility":"","ast-main-header-display":"","ast-hfb-above-header-display":"","ast-hfb-below-header-display":"","ast-hfb-mobile-header-display":"","site-post-title":"","ast-breadcrumbs-content":"","ast-featured-img":"","footer-sml-layout":"","theme-transparent-header-meta":"default","adv-header-id-meta":"","stick-header-meta":"","header-above-stick-meta":"","header-main-stick-meta":"","header-below-stick-meta":"","astra-migrate-meta-layouts":"set","ast-page-background-enabled":"default","ast-page-background-meta":{"desktop":{"background-color":"var(--ast-global-color-4)","background-image":"","background-repeat":"repeat","background-position":"center center","background-size":"auto","background-attachment":"scroll","background-type":"","background-media":"","overlay-type":"","overlay-color":"","overlay-gradient":""},"tablet":{"background-color":"","background-image":"","background-repeat":"repeat","background-position":"center center","background-size":"auto","background-attachment":"scroll","background-type":"","background-media":"","overlay-type":"","overlay-color":"","overlay-gradient":""},"mobile":{"background-color":"","background-image":"","background-repeat":"repeat","background-position":"center center","background-size":"auto","background-attachment":"scroll","background-type":"","background-media":"","overlay-type":"","overlay-color":"","overlay-gradient":""}},"ast-content-background-meta":{"desktop":{"background-color":"var(--ast-global-color-5)","background-image":"","background-repeat":"repeat","background-position":"center center","background-size":"auto","background-attachment":"scroll","background-type":"","background-media":"","overlay-type":"","overlay-color":"","overlay-gradient":""},"tablet":{"background-color":"var(--ast-global-color-5)","background-image":"","background-repeat":"repeat","background-position":"center center","background-size":"auto","background-attachment":"scroll","background-type":"","background-media":"","overlay-type":"","overlay-color":"","overlay-gradient":""},"mobile":{"background-color":"var(--ast-global-color-5)","background-image":"","background-repeat":"repeat","background-position":"center center","background-size":"auto","background-attachment":"scroll","background-type":"","background-media":"","overlay-type":"","overlay-color":"","overlay-gradient":""}},"_joinchat":[]},"product_cat":[22,21,37],"product_tag":[],"_links":{"self":[{"href":"https:\/\/karlydigitalworld.com\/index.php\/wp-json\/wp\/v2\/product\/1862"}],"collection":[{"href":"https:\/\/karlydigitalworld.com\/index.php\/wp-json\/wp\/v2\/product"}],"about":[{"href":"https:\/\/karlydigitalworld.com\/index.php\/wp-json\/wp\/v2\/types\/product"}],"replies":[{"embeddable":true,"href":"https:\/\/karlydigitalworld.com\/index.php\/wp-json\/wp\/v2\/comments?post=1862"}],"wp:featuredmedia":[{"embeddable":true,"href":"https:\/\/karlydigitalworld.com\/index.php\/wp-json\/wp\/v2\/media\/1863"}],"wp:attachment":[{"href":"https:\/\/karlydigitalworld.com\/index.php\/wp-json\/wp\/v2\/media?parent=1862"}],"wp:term":[{"taxonomy":"product_cat","embeddable":true,"href":"https:\/\/karlydigitalworld.com\/index.php\/wp-json\/wp\/v2\/product_cat?post=1862"},{"taxonomy":"product_tag","embeddable":true,"href":"https:\/\/karlydigitalworld.com\/index.php\/wp-json\/wp\/v2\/product_tag?post=1862"}],"curies":[{"name":"wp","href":"https:\/\/api.w.org\/{rel}","templated":true}]}}