{"id":1850,"date":"2026-01-20T17:01:12","date_gmt":"2026-01-20T17:01:12","guid":{"rendered":"https:\/\/karlydigitalworld.com\/?post_type=product&#038;p=1850"},"modified":"2026-01-20T17:01:12","modified_gmt":"2026-01-20T17:01:12","slug":"die-hohe-kunst-des-manifestierens-regan-hillyer-mindvalley-auf-deutsch","status":"publish","type":"product","link":"https:\/\/karlydigitalworld.com\/index.php\/product\/die-hohe-kunst-des-manifestierens-regan-hillyer-mindvalley-auf-deutsch\/","title":{"rendered":"Die hohe Kunst des Manifestierens Regan Hillyer Mindvalley (Auf Deutsch)"},"content":{"rendered":"<div class=\"pb-markdown min-h-fit mv-type--titlebold3 storyblok__outline\" data-v-65686310=\"\" data-blok-c=\"undefined\" data-blok-uid=\"undefined\">\n<h1 style=\"text-align: center;\">Die Kunst des Manifestierens mit Regan Hillyer<\/h1>\n<p>&nbsp;<\/p>\n<p>Rufen Sie Ihre wildesten Tr\u00e4ume mit faszinierender Leichtigkeit und Geschwindigkeit in diesem 27-Tage-Programm auf, das Ihre 5 einzigartigen Kreations-Superkr\u00e4fte entz\u00fcndet: So k\u00f6nnen Sie Ihre gr\u00f6\u00dften Ziele schnell in die Realit\u00e4t umsetzen.<\/p>\n<p>&nbsp;<\/p>\n<\/div>\n<div class=\"w-full lg_w-2\/3 lg_pr-4 xl_pr-0 min-h-fit storyblok__outline\" data-v-65686310=\"\" data-blok-c=\"undefined\" data-blok-uid=\"undefined\">\n<div class=\"pb-markdown min-h-fit mv-type--titlebold8 storyblok__outline\" data-v-65686310=\"\" data-blok-c=\"undefined\" data-blok-uid=\"undefined\">\n<h5>Ein Programm f\u00fcr die Person, die endlich die Kunst des Manifestierens in ihrer effektivsten Form verstehen, verk\u00f6rpern und beherrschen m\u00f6chte<\/h5>\n<p>&nbsp;<\/p>\n<\/div>\n<div class=\"pb-markdown min-h-fit mv-type--body mt-4 storyblok__outline\" data-v-65686310=\"\" data-blok-c=\"undefined\" data-blok-uid=\"undefined\">\n<p>Wenn Sie jemals die Kunst des Manifestierens studiert haben, haben Sie vielleicht bemerkt, dass es zwei Kategorien von bewussten Sch\u00f6pfern gibt.<\/p>\n<p><strong>Die erste<\/strong> sind diejenigen, die jahrelang die Filme gesehen, die B\u00fccher gelesen und die YouTube-Experten studiert haben &#8211; aber sie k\u00f6nnen es einfach nicht so reibungslos und konsequent arbeiten lassen, wie sie wollen.<\/p>\n<p>&nbsp;<\/p>\n<p><em>Das sind die meisten Menschen.<\/em><\/p>\n<p><strong>Die zweite<\/strong> ist diejenigen, die <em>es<\/em> bewusst und intuitiv <em>bekommen<\/em> &#8211; und es nutzen, um ein Leben von ungez\u00fcgeltem Erfolg, F\u00fclle und Freude zu gestalten, fast m\u00fchelos.<\/p>\n<p><em>Das sind die \u201eGl\u00fccklichen\u201c: die Top-Performer, die Mover und Shaker und die Vorbilder, die das Leben auf einer ganz anderen Ebene erleben.<\/em><\/p>\n<p>&nbsp;<\/p>\n<p><em><strong>Welche Art von Sch\u00f6pfer sind Sie die meiste Zeit &#8211; und welche wollen Sie sein?<\/strong><\/em><\/p>\n<p>&nbsp;<\/p>\n<p>Regan Hillyer hat weltweit Tausende von Menschen aus der ersten Kategorie auf die zweite verschoben. Sie gilt weithin als die Nr. 1 Manifestation und Denkweise Coach der Welt, mit einem Kundenstamm, der Multimillion\u00e4re, hochfliegende Unternehmer und Branchenf\u00fchrer umfasst.<\/p>\n<p>&nbsp;<\/p>\n<p>Was Regan so sehr anders macht, ist ihr ultra-optimierter, blitzschneller und unsinniger Ansatz f\u00fcr Tor- und Traumleistung.<\/p>\n<p>Regan <em>programmiert<\/em> dich von innen nach au\u00dfen um, um zu wissen, was du wirklich willst, und bekommst es schnell. Sie befreit dich von den Missverst\u00e4ndnissen und Halbwahrheiten, die die meisten Menschen gefangen und frustriert halten. Sie z\u00fcndet eure vollen Sch\u00f6pfungs-Superkr\u00e4fte nicht in Jahren oder Monaten, sondern in Wochen.<\/p>\n<p>&nbsp;<\/p>\n<p>Und durch The Art of Manifesting &#8211; ihr erstes Mindvalley-Programm &#8211; die Zeit f\u00fcr Sie, <strong>jetzt<\/strong> Ihre Tr\u00e4ume und W\u00fcnsche einzubeziehen.<\/p>\n<p>&nbsp;<\/p>\n<\/div>\n<\/div>\n<div id=\"\" class=\"mv-container items-start lg_items-center flex flex-wrap min-h-fit storyblok__outline\" data-v-65686310=\"\" data-blok-c=\"undefined\" data-blok-uid=\"undefined\">\n<div class=\"w-full lg_w-2\/3 mx-auto mb-7 md_mb-9 min-h-fit storyblok__outline\" data-v-65686310=\"\" data-blok-c=\"undefined\" data-blok-uid=\"undefined\">\n<div class=\"pb-markdown min-h-fit mv-type--titlebold5 text-center storyblok__outline\" data-v-65686310=\"\" data-blok-c=\"undefined\" data-blok-uid=\"undefined\">\n<h3>In euch befinden sich 5 einzigartige Sch\u00f6pfungs-Superkr\u00e4fte: Und mit Regans F\u00fchrung werdet ihr alle in nur 27 Tagen erwecken<\/h3>\n<p>&nbsp;<\/p>\n<\/div>\n<\/div>\n<div id=\"\" class=\"w-full lg_w-2\/3 mx-auto min-h-fit storyblok__outline\" data-v-65686310=\"\" data-blok-c=\"undefined\" data-blok-uid=\"undefined\">\n<div class=\"pb-markdown min-h-fit mv-type--body storyblok__outline\" data-v-65686310=\"\" data-blok-c=\"undefined\" data-blok-uid=\"undefined\">\n<p>Stellen Sie sich vor, Sie k\u00f6nnen Visionen schaffen, die so klar und m\u00e4chtig sind, dass sie unvermeidlich werden. Wissen, wie Sie das Gewebe von Zeit und Raum nach Ihren W\u00fcnschen beugen k\u00f6nnen. Und in jedem Moment pure Freude und Freiheit zu sp\u00fcren, weil du wei\u00dft, <strong>dass<\/strong> du der gro\u00dfe Architekt deines eigenen Lebens <strong>bist<\/strong>.<\/p>\n<p>&nbsp;<\/p>\n<p>Durchbr\u00fcche wie diese sind das, was Sie erleben, wenn Sie mit der Anwendung von Regans optimierten Manifestationswerkzeugen in Ihrem Leben beginnen &#8211; und die meisten von ihnen dauern nicht mehr als 5 &#8211; 15 Minuten pro Tag.<\/p>\n<p>&nbsp;<\/p>\n<p>Regans System verwandelt jeden und jeden: ob Sie ein erfahrener Profi sind oder ob Sie <em>The Secret<\/em> noch nie gelesen haben.<\/p>\n<p>Der Schl\u00fcssel zu diesem System liegt darin, wie es <strong>f\u00fcnf grundlegende Sch\u00f6pfungs-Superkr\u00e4fte<\/strong> aus euch erweckt, die weit \u00fcber das hinausgehen, was ihr in den h\u00e4ufigsten Ans\u00e4tzen zur Manifestation lernen werdet:<\/p>\n<p>&nbsp;<\/p>\n<ol>\n<li><strong>Visioning:<\/strong> Ihre F\u00e4higkeit, durch den Nebel zu schneiden, sich mit dem zu verbinden, was Ihre Seele will, sie mit absoluter Klarheit zu sehen und sie in Ihre Realit\u00e4t zu lassen.<\/li>\n<li><strong>Expansion:<\/strong> der Akt, deine energetische F\u00e4higkeit zu erweitern und Raum f\u00fcr deine gr\u00f6\u00dften W\u00fcnsche und Visionen zu schaffen, um auf dich zuflie\u00dfen.<\/li>\n<li><strong>\u00dcberschreiben:<\/strong> zu wissen, wie man seine pers\u00f6nlichen Grenzen identifiziert, mit ihnen umarmt und tanzt und sie durch Manifestationsalchemie transzendiert.<\/li>\n<li><strong>Identit\u00e4tshacking:<\/strong> in eine neue und bessere Version von sich selbst treten, indem Sie Ihre Selbstidentit\u00e4t und sogar Ihre Realit\u00e4tsstrukturen neu codieren.<\/li>\n<li><strong>Manifestationsbeschleunigung:<\/strong> Zusammenbruch Ihrer Zeitlinien, Abbau der Illusion von Zeit und Reibung und Aufruf an Ihre Tr\u00e4ume und W\u00fcnsche, sich im Handumdrehen zu zeigen.<\/li>\n<li><\/li>\n<\/ol>\n<\/div>\n<div id=\"\" class=\"mv-container min-h-fit storyblok__outline\" data-v-65686310=\"\" data-blok-c=\"undefined\" data-blok-uid=\"undefined\">\n<div class=\"w-full text-center lg_w-2\/3 mx-auto min-h-fit storyblok__outline\" data-v-65686310=\"\" data-blok-c=\"undefined\" data-blok-uid=\"undefined\">\n<div class=\"pb-markdown min-h-fit mv-type--titlebold4 text-center mb-8 md_mb-12 storyblok__outline\" data-v-65686310=\"\" data-blok-c=\"undefined\" data-blok-uid=\"undefined\">\n<h2>Was Sie von der Kunst des Manifestierens profitieren werden<\/h2>\n<p>&nbsp;<\/p>\n<\/div>\n<\/div>\n<\/div>\n<div class=\"mv-container min-h-fit storyblok__outline\" data-v-65686310=\"\" data-blok-c=\"undefined\" data-blok-uid=\"undefined\">\n<div class=\"pb-markdown min-h-fit lg_w-2\/3 mx-auto mv-type--title6 mv-list__number --spacious storyblok__outline\" data-v-65686310=\"\" data-blok-c=\"undefined\" data-blok-uid=\"undefined\">\n<ol>\n<li>Erkenne deine Tr\u00e4ume in Rekordzeit\n<p class=\"mv-type--body\">Ob es darum geht, ein erfolgreiches Unternehmen zu gr\u00fcnden, Ihr Jahreseinkommen in Ihren monatlichen Gehaltsscheck zu verwandeln oder den Traumk\u00f6rper zu gewinnen, den Sie schon immer wollten: Die gro\u00dfen Ziele, die einst so weit weg schienen (und immer mit unz\u00e4hligen Stra\u00dfensperren ausgestattet waren), werden jetzt mit erstaunlicher Geschwindigkeit und Leichtigkeit zu Ihrer Realit\u00e4t werden, wenn Sie Regans charakteristische beschleunigte Manifestationswerkzeuge anwenden.<\/p>\n<\/li>\n<li>Gewinnen Sie ein tiefes Gef\u00fchl des Vertrauens in sich selbst und Ihren Lebensweg\n<p class=\"mv-type--body\">Vertrauen, Positivit\u00e4t und ein unzerbrechliches Gef\u00fchl der Sicherheit sind Raketentreibstoff f\u00fcr Traumleistungen. Sie werden neu verwirrt, um diese Emotionen bedingungslos zu verk\u00f6rpern und alle selbstsabotierenden Zweifel und \u00c4ngste aus Ihrer emotionalen und energetischen Blaupause zu entfernen: So dass Sie, selbst wenn es hart auf hart kommt, immer im Fluss sind, sich gro\u00dfartig f\u00fchlen und sich in die beste Richtung bewegen.<\/p>\n<\/li>\n<li>Erh\u00f6hen Sie Ihre Lebensqualit\u00e4t und Freude in jedem Moment\n<p class=\"mv-type--body\">Wenn ihr eure Visionen und W\u00fcnsche beherrscht, werdet ihr einen neuen Glanz bemerken, der sich auf jede Dimension eurer Realit\u00e4t ausbreitet. Sie werden anfangen, das Leben auf einer anderen Ebene zu erleben, Ihre Qualit\u00e4t der Gedanken und Emotionen wird sich dramatisch ver\u00e4ndern, und Sie werden Quellen der Freude und Dankbarkeit \u00fcberall finden, wo Sie hinschauen &#8211; oft sogar an den unwahrscheinlichsten Orten.<\/p>\n<\/li>\n<li>Verk\u00f6rpern Sie eine unersch\u00fctterliche Erfolgs-Denkweise\n<p class=\"mv-type--body\">Die Menschen, die das Unm\u00f6gliche erreichen, sind diejenigen, die so leben, als w\u00e4re nichts unm\u00f6glich. Ihr werdet diese maximale Denkweise durch eine Reihe von Werkzeugen beherrschen, die eure innerste Identit\u00e4t ver\u00e4ndern, eure Realit\u00e4tsstrukturen neu anordnen und euch grundlegend auf einer Schwingungsebene transformieren, so dass der \u201eErfolg\u201c f\u00fcr euch so nat\u00fcrlich wird wie ein Blinzeln.<\/p>\n<\/li>\n<li>Werden Sie ein Meister des Zielsetzungs und der Zielerreichung\n<p class=\"mv-type--body\">Die Kunst der Manifestation und Zielsetzung erg\u00e4nzt sich wunderbar. Wenn Sie zuvor Verz\u00f6gerungen bei der Erreichung Ihrer Ziele erlebt haben und sich selbst konsequent auf die richtigen konzentrieren, erhalten Sie jetzt die F\u00e4higkeit, intuitiv inspirierende Ziele zu setzen, die Sie hochheben, sich nach vorne schie\u00dfen und sich jedes Mal wie durch Magie glatt manifestieren.<\/p>\n<\/li>\n<li>Lebe dein Leben mit kraftvoller Absicht, Absicht und Pr\u00e4senz\n<p class=\"mv-type--body\">Wenn ihr anf\u00e4ngt, eure innere Welt zu transformieren, werdet ihr einen Quantensprung erleben, wie ihr eure \u00e4u\u00dfere Welt verarbeitet und euch ihr n\u00e4hert. Sie werden bewusste Entscheidungen treffen, die perfekt mit Ihrem gr\u00f6\u00dften Gut \u00fcbereinstimmen, Sie erhalten einen sechsten Sinn f\u00fcr die Wege und Entscheidungen, die Sie zu Ihrem Zweck f\u00fchren, und Sie werden Ihre vollste geerdete Pr\u00e4senz in jeden Moment und jede Interaktion kanalisieren.<\/p>\n<\/li>\n<\/ol>\n<p>&nbsp;<\/p>\n<\/div>\n<\/div>\n<div id=\"\" class=\"mv-container min-h-fit storyblok__outline\" data-v-65686310=\"\" data-blok-c=\"undefined\" data-blok-uid=\"undefined\">\n<div class=\"w-full text-center lg_w-2\/3 mx-auto min-h-fit storyblok__outline\" data-v-65686310=\"\" data-blok-c=\"undefined\" data-blok-uid=\"undefined\">\n<div class=\"pb-markdown min-h-fit mv-type--titlebold4 text-center mb-8 md_mb-10 lg_mb-12 storyblok__outline\" data-v-65686310=\"\" data-blok-c=\"undefined\" data-blok-uid=\"undefined\">\n<h2 style=\"text-align: center;\">Das Curriculum<\/h2>\n<p><img fetchpriority=\"high\" decoding=\"async\" class=\"cld-responsive ls-is-cached lazyloaded aligncenter\" src=\"https:\/\/storyblok-cdn.mindvalley.com\/f\/60579\/2068x1110\/55b23c5544\/tam_sp_devices_curriculum_en.png?quality=60&amp;auto=webp&amp;dpr=0.8955223880597015&amp;width=800\" alt=\"Programmname auf mehreren Ger\u00e4ten\" width=\"417\" height=\"224\" data-v-16049712=\"\" data-blok-c=\"undefined\" data-blok-uid=\"undefined\" \/><\/p>\n<div class=\"pb-markdown min-h-fit mv-type--body lg_w-1\/3 storyblok__outline\" data-v-65686310=\"\" data-blok-c=\"undefined\" data-blok-uid=\"undefined\">\n<p>The Art of Manifesting ist ein 27-t\u00e4giges Programm, das Ihre vollste F\u00e4higkeit erweckt, sich Ihre W\u00fcnsche vorzustellen, sie blitzschnell zu verwirklichen und Ihre Rolle als Architekt Ihrer Tr\u00e4ume und Ihres Lebens anzunehmen.<\/p>\n<p>&nbsp;<\/p>\n<p>An jedem Tag werden Sie sich Regan Hillyer f\u00fcr eine 15- bis 20-min\u00fctige Videolektion anschlie\u00dfen, die Sie durch ihre Signature-Manifestations\u00fcbungen, Denkweisen und Seelenarbeit f\u00fchrt, die Sie Schritt f\u00fcr Schritt in einen Meister der bewussten Sch\u00f6pfung verwandeln.<\/p>\n<p>&nbsp;<\/p>\n<p>Wenn Sie sich durch das Programm bewegen, werden Sie die Wahrheit dar\u00fcber erforschen, was Manifestation wirklich ist (und was es nicht ist). Sie werden tiefgreifende Identit\u00e4tsverschiebungen erleben, die eine schnelle und einfache Zielerreichung in Ihre zweite Natur verwandeln.<\/p>\n<p>&nbsp;<\/p>\n<p>Und vor allem, in nur 27 Tagen wirst du in eine neue Art zu leben und zu erschaffen: wo jedes Verlangen zu dir und f\u00fcr dich flie\u00dft und sogar deine k\u00fchnsten Tr\u00e4ume unvermeidlich werden.<\/p>\n<\/div>\n<\/div>\n<\/div>\n<\/div>\n<\/div>\n<\/div>\n","protected":false},"excerpt":{"rendered":"<div class=\"pb-markdown min-h-fit mv-type--titlebold3 storyblok__outline\" data-v-65686310=\"\" data-blok-c=\"undefined\" data-blok-uid=\"undefined\">\n<h1>Die Kunst des Manifestierens mit Regan Hillyer<\/h1>\n<p>\u2705 Lektion 28<\/p>\n<p>\u23f1 7 Stunden 45 Minuten<\/p>\n<p>\ud83d\udc42\ud83c\udffbAudio Auf Deutsch<\/p>\n<p>Zugriff \u00fcber Google Drive<\/p>\n<\/div>\n","protected":false},"featured_media":1852,"comment_status":"open","ping_status":"closed","template":"","meta":{"site-sidebar-layout":"default","site-content-layout":"","ast-site-content-layout":"default","site-content-style":"default","site-sidebar-style":"default","ast-global-header-display":"","ast-banner-title-visibility":"","ast-main-header-display":"","ast-hfb-above-header-display":"","ast-hfb-below-header-display":"","ast-hfb-mobile-header-display":"","site-post-title":"","ast-breadcrumbs-content":"","ast-featured-img":"","footer-sml-layout":"","theme-transparent-header-meta":"default","adv-header-id-meta":"","stick-header-meta":"","header-above-stick-meta":"","header-main-stick-meta":"","header-below-stick-meta":"","astra-migrate-meta-layouts":"set","ast-page-background-enabled":"default","ast-page-background-meta":{"desktop":{"background-color":"var(--ast-global-color-4)","background-image":"","background-repeat":"repeat","background-position":"center center","background-size":"auto","background-attachment":"scroll","background-type":"","background-media":"","overlay-type":"","overlay-color":"","overlay-gradient":""},"tablet":{"background-color":"","background-image":"","background-repeat":"repeat","background-position":"center center","background-size":"auto","background-attachment":"scroll","background-type":"","background-media":"","overlay-type":"","overlay-color":"","overlay-gradient":""},"mobile":{"background-color":"","background-image":"","background-repeat":"repeat","background-position":"center center","background-size":"auto","background-attachment":"scroll","background-type":"","background-media":"","overlay-type":"","overlay-color":"","overlay-gradient":""}},"ast-content-background-meta":{"desktop":{"background-color":"var(--ast-global-color-5)","background-image":"","background-repeat":"repeat","background-position":"center center","background-size":"auto","background-attachment":"scroll","background-type":"","background-media":"","overlay-type":"","overlay-color":"","overlay-gradient":""},"tablet":{"background-color":"var(--ast-global-color-5)","background-image":"","background-repeat":"repeat","background-position":"center center","background-size":"auto","background-attachment":"scroll","background-type":"","background-media":"","overlay-type":"","overlay-color":"","overlay-gradient":""},"mobile":{"background-color":"var(--ast-global-color-5)","background-image":"","background-repeat":"repeat","background-position":"center center","background-size":"auto","background-attachment":"scroll","background-type":"","background-media":"","overlay-type":"","overlay-color":"","overlay-gradient":""}},"_joinchat":[]},"product_cat":[22,21,37],"product_tag":[],"_links":{"self":[{"href":"https:\/\/karlydigitalworld.com\/index.php\/wp-json\/wp\/v2\/product\/1850"}],"collection":[{"href":"https:\/\/karlydigitalworld.com\/index.php\/wp-json\/wp\/v2\/product"}],"about":[{"href":"https:\/\/karlydigitalworld.com\/index.php\/wp-json\/wp\/v2\/types\/product"}],"replies":[{"embeddable":true,"href":"https:\/\/karlydigitalworld.com\/index.php\/wp-json\/wp\/v2\/comments?post=1850"}],"wp:featuredmedia":[{"embeddable":true,"href":"https:\/\/karlydigitalworld.com\/index.php\/wp-json\/wp\/v2\/media\/1852"}],"wp:attachment":[{"href":"https:\/\/karlydigitalworld.com\/index.php\/wp-json\/wp\/v2\/media?parent=1850"}],"wp:term":[{"taxonomy":"product_cat","embeddable":true,"href":"https:\/\/karlydigitalworld.com\/index.php\/wp-json\/wp\/v2\/product_cat?post=1850"},{"taxonomy":"product_tag","embeddable":true,"href":"https:\/\/karlydigitalworld.com\/index.php\/wp-json\/wp\/v2\/product_tag?post=1850"}],"curies":[{"name":"wp","href":"https:\/\/api.w.org\/{rel}","templated":true}]}}