{"id":1836,"date":"2025-12-20T18:53:40","date_gmt":"2025-12-20T18:53:40","guid":{"rendered":"https:\/\/karlydigitalworld.com\/?post_type=product&#038;p=1836"},"modified":"2025-12-20T18:53:40","modified_gmt":"2025-12-20T18:53:40","slug":"grenzenloser-reichtum-christie-marie-sheldon-mindvalley-auf-deutsch","status":"publish","type":"product","link":"https:\/\/karlydigitalworld.com\/index.php\/product\/grenzenloser-reichtum-christie-marie-sheldon-mindvalley-auf-deutsch\/","title":{"rendered":"Grenzenloser Reichtum Christie Marie Sheldon &#8211; Mindvalley auf deutsch"},"content":{"rendered":"<div class=\"pb-markdown min-h-fit mv-type--titlebold2 storyblok__outline\" data-v-65686310=\"\" data-blok-c=\"undefined\" data-blok-uid=\"undefined\">\n<h1 style=\"text-align: center;\">Grenzenloser Reichtum<\/h1>\n<p>&nbsp;<\/p>\n<\/div>\n<div class=\"pb-markdown min-h-fit mv-type--title5 storyblok__outline\" data-v-65686310=\"\" data-blok-c=\"undefined\" data-blok-uid=\"undefined\">\n<h3 style=\"text-align: center;\">Befasse dich intensiv mit deinem Energiemuster und befreie dich von deinen pers\u00f6nlichen Wohlstandsblockaden<\/h3>\n<p>&nbsp;<\/p>\n<\/div>\n<div class=\"pb-markdown min-h-fit mv-type--titlebold8 storyblok__outline\" data-v-65686310=\"\" data-blok-c=\"undefined\" data-blok-uid=\"undefined\">\n<p>An die Person, die gerne ein wohlhabenderes Leben f\u00fchren m\u00f6chte (es aber scheinbar nicht schafft):<\/p>\n<\/div>\n<div class=\"pb-markdown min-h-fit mv-type--body mt-4 storyblok__outline\" data-v-65686310=\"\" data-blok-c=\"undefined\" data-blok-uid=\"undefined\">\n<p>Hast du manchmal das Gef\u00fchl, dass du nicht genug verdienst und nicht dein volles Potenzial aussch\u00f6pfst? Sp\u00fcrst du bei der Aussicht auf Wohlstand manchmal eine Blockade oder kommen Zweifel in dir hoch, wenn sich eine neue Chance ergibt?<\/p>\n<p>Hast du beim Thema Geld mit Gef\u00fchlen wie Unw\u00fcrdigkeit, Angst und Selbstsabotage oder der Vorstellung, dass Geld etwas Schlechtes sei, zu k\u00e4mpfen?<\/p>\n<p>Wenn du einer dieser Fragen mit \u201eJa\u201d beantwortet hast, bist du wahrscheinlich von den sogenannten \u201eWohlstandsblockaden\u201d betroffen.<\/p>\n<p>&nbsp;<\/p>\n<p>Wohlstandsblockaden sind laut Christie Marie Sheldon, der Meisterin der Heilkunst, ein Teil der unterbewussten energetischen Programmierung, die dich unbemerkt davon abhalten, Wohlstand anzuziehen und zu sichern.<\/p>\n<p>Insgesamt gibt es 24 und sie k\u00f6nnen verschiedene Urspr\u00fcnge haben: deine Eltern, deine Freunde, deine Mentor\/innen und Vorbilder oder sogar die Medien.<\/p>\n<p>&nbsp;<\/p>\n<p>Wenn du nichts dagegen unternimmst, bleiben dir diese Wohlstandsblockaden ein Leben lang erhalten und bringen dich um deinen verdienten Reichtum und Erfolg.<\/p>\n<p>Aber wie du in dem Kurs\u00a0<em>Grenzenloser Reichtum<\/em>\u00a0erfahren wirst, hast du bereits alles, was du brauchst, um dich von deinen Wohstandsblockaden zu befreien. Christie wird dir zeigen, wie es geht.<\/p>\n<p>&nbsp;<\/p>\n<\/div>\n<section id=\"why-this-program\" class=\"pb-Container why-this-program min-h-fit my-12 pb-navigable storyblok__outline\" data-name=\"Why This Program\" data-blok-c=\"undefined\" data-blok-uid=\"undefined\" data-gtm-vis-recent-on-screen8173274_1216=\"253947\" data-gtm-vis-first-on-screen8173274_1216=\"253947\" data-gtm-vis-total-visible-time8173274_1216=\"100\" data-gtm-vis-has-fired8173274_1216=\"1\">\n<div class=\"mv-section__gutter min-h-fit\">\n<section id=\"57\" class=\"pb-Container 25-solution min-h-fit storyblok__outline\" data-name=\"2.5 Solution\" data-blok-c=\"undefined\" data-blok-uid=\"undefined\" data-gtm-vis-recent-on-screen8173274_1216=\"254390\" data-gtm-vis-first-on-screen8173274_1216=\"254390\" data-gtm-vis-total-visible-time8173274_1216=\"100\" data-gtm-vis-has-fired8173274_1216=\"1\">\n<div id=\"\" class=\"mv-container items-start lg_items-center flex flex-wrap min-h-fit storyblok__outline\" data-v-65686310=\"\" data-blok-c=\"undefined\" data-blok-uid=\"undefined\">\n<div class=\"w-full lg_w-2\/3 mx-auto mb-7 md_mb-9 min-h-fit storyblok__outline\" data-v-65686310=\"\" data-blok-c=\"undefined\" data-blok-uid=\"undefined\">\n<div class=\"pb-markdown min-h-fit mv-type--headline5 text-center storyblok__outline\" data-v-65686310=\"\" data-blok-c=\"undefined\" data-blok-uid=\"undefined\">\n<h3 style=\"text-align: center;\">Wie du dich dauerhaft von deinen Wohlstandsblockaden befreist<\/h3>\n<p>&nbsp;<\/p>\n<\/div>\n<\/div>\n<div id=\"\" class=\"w-full lg_w-2\/3 mx-auto min-h-fit storyblok__outline\" data-v-65686310=\"\" data-blok-c=\"undefined\" data-blok-uid=\"undefined\">\n<div class=\"pb-markdown min-h-fit mv-type--body storyblok__outline\" data-v-65686310=\"\" data-blok-c=\"undefined\" data-blok-uid=\"undefined\">\n<p>Deine Wohlstandsblockaden kannst du nicht alleine l\u00f6sen. Denn selbst wenn du sie genau kennst und eine bewusste Entscheidung triffst, dich von ihnen zu befreien &#8230;<\/p>\n<p style=\"text-align: center;\">\n<p>Deine energetische Frequenz und deine unbewussten Denkmuster werden dich immer wieder zu ihnen zur\u00fcckf\u00fchren. Wieder zur\u00fcck an den Anfang, zu den gleichen unbewussten, einschr\u00e4nkenden \u00dcberzeugungen und Verhaltensweisen.<\/p>\n<p>&nbsp;<\/p>\n<p><strong>Um dich selbst von den Wohlstandsblockaden zu befreien, musst du deren Ursprung ausfindig machen: den Teil deines pers\u00f6nliches Energiefeldes, der als Wohlstandsfrequenz bekannt ist.<\/strong><\/p>\n<p>&nbsp;<\/p>\n<p>Und hier kommt Christie Marie Sheldon ins Spiel. Durch ihre einzigartige Gabe, sich die Energiefelder der Menschen zu Nutze zu machen, hat sie eine Reihe von bemerkenswert wirksamen Techniken entwickelt, um auf deine Wohlstandsfrequenz zuzugreifen und systematisch all deine Blockaden zu l\u00f6sen, die sie unterdr\u00fccken.<\/p>\n<p>&nbsp;<\/p>\n<\/div>\n<\/div>\n<\/div>\n<\/section>\n<\/div>\n<\/section>\n<section id=\"the-curriculum\" class=\"pb-Container the-curriculum min-h-fit mv-section__gutter pb-navigable storyblok__outline\" data-name=\"The Curriculum\" data-blok-c=\"undefined\" data-blok-uid=\"undefined\">\n<div class=\"min-h-fit\">\n<section id=\"64\" class=\"pb-Container 50-the-curriculum min-h-fit overflow-hidden storyblok__outline\" data-name=\"5.0 The Curriculum\" data-blok-c=\"undefined\" data-blok-uid=\"undefined\">\n<div class=\"mv-container min-h-fit storyblok__outline\" data-v-65686310=\"\" data-blok-c=\"undefined\" data-blok-uid=\"undefined\">\n<div class=\"w-full text-center lg_w-2\/3 mx-auto min-h-fit storyblok__outline\" data-v-65686310=\"\" data-blok-c=\"undefined\" data-blok-uid=\"undefined\">\n<div class=\"pb-markdown min-h-fit mv-type--titlebold4 text-center mb-8 md_mb-10 lg_mb-12 storyblok__outline\" data-v-65686310=\"\" data-blok-c=\"undefined\" data-blok-uid=\"undefined\">\n<h2 style=\"text-align: center;\">Der Kursplan<\/h2>\n<h3 style=\"text-align: center;\">Entdecke\u00a0<em>Grenzenloser Reichtum<\/em><\/h3>\n<p>&nbsp;<\/p>\n<\/div>\n<p><img fetchpriority=\"high\" decoding=\"async\" class=\"aligncenter\" src=\"https:\/\/storyblok-cdn.mindvalley.com\/f\/60579\/2068x1110\/9b04a6611a\/ua_sp_devices_curriculum_de.png?quality=60&amp;auto=webp&amp;dpr=1.100000023841858&amp;width=800\" alt=\"Verf\u00fcgbar auf deinem Computer, Tablet, Smartphone &amp; Apple TV\" width=\"742\" height=\"398\" \/><\/p>\n<div class=\"pb-markdown min-h-fit mv-type--body lg_w-1\/3 storyblok__outline\" data-v-65686310=\"\" data-blok-c=\"undefined\" data-blok-uid=\"undefined\">\n<p>Der Kurs\u00a0<em>Grenzenloser Reichtum<\/em>\u00a0ist eine energetische Reinigung, die online stattfindet und darauf ausgelegt ist, jede deiner Wohlstandsblockaden zu l\u00f6sen.<\/p>\n<p>&nbsp;<\/p>\n<p>Durch eine Reihe von fesselnden Audioaufnahmen wird Christie deine energetische Frequenz erschlie\u00dfen, sich Zugang zu deinem Unterbewusstsein schaffen und dich von jeder deiner Wohlstandsblockaden befreien.<\/p>\n<p>&nbsp;<\/p>\n<p>Der Kurs wurde entwickelt, um dir die gleiche Transformation zu erm\u00f6glichen, die du bei einer pers\u00f6nlichen Energiereinigung mit Christie, der Meisterin der Energieheilkunst, erfahren w\u00fcrdest &#8211; aber um ein Vielfaches g\u00fcnstiger und in deinem eigenen Tempo.<\/p>\n<\/div>\n<\/div>\n<\/div>\n<\/section>\n<\/div>\n<\/section>\n","protected":false},"excerpt":{"rendered":"<div id=\"\" class=\"grid gap-y-4 lg_gap-y-6 w-full lg_w-5\/6 text-center mx-auto min-h-fit storyblok__outline\" data-v-65686310=\"\" data-blok-c=\"undefined\" data-blok-uid=\"undefined\">\n<div class=\"pb-markdown min-h-fit mv-type--title5 storyblok__outline\" data-v-65686310=\"\" data-blok-c=\"undefined\" data-blok-uid=\"undefined\">\n<h3>Befasse dich intensiv mit deinem Energiemuster und befreie dich von deinen pers\u00f6nlichen Wohlstandsblockaden<\/h3>\n<\/div>\n<\/div>\n<div class=\"min-h-fit\" data-v-65686310=\"\">\n<div id=\"\" class=\"w-full lg_w-5\/6 xl_w-2\/3 mt-6 lg_mt-12 mx-auto min-h-fit storyblok__outline\" data-v-65686310=\"\" data-blok-c=\"undefined\" data-blok-uid=\"undefined\">\n<div data-v-359a5f55=\"\" data-v-65686310=\"\">\n<div class=\"video-thumb videoWrapper rounded storyblok__outline lazyloaded\" data-v-359a5f55=\"\" data-bgset=\"https:\/\/img.youtube.com\/vi\/2bK1JQD-Pvk\/maxresdefault.jpg\" data-blok-c=\"undefined\" data-blok-uid=\"undefined\"><\/div>\n<\/div>\n<\/div>\n<\/div>\n<p>\u2705 Lektion 14<\/p>\n<p>\u23f1 3 Stunden 46 Minuten<\/p>\n<p>\ud83d\udc42\ud83c\udffbAudio auf Deutsch<\/p>\n<p>Zugriff auf Google Drive<\/p>\n","protected":false},"featured_media":1837,"comment_status":"open","ping_status":"closed","template":"","meta":{"site-sidebar-layout":"default","site-content-layout":"","ast-site-content-layout":"default","site-content-style":"default","site-sidebar-style":"default","ast-global-header-display":"","ast-banner-title-visibility":"","ast-main-header-display":"","ast-hfb-above-header-display":"","ast-hfb-below-header-display":"","ast-hfb-mobile-header-display":"","site-post-title":"","ast-breadcrumbs-content":"","ast-featured-img":"","footer-sml-layout":"","theme-transparent-header-meta":"default","adv-header-id-meta":"","stick-header-meta":"","header-above-stick-meta":"","header-main-stick-meta":"","header-below-stick-meta":"","astra-migrate-meta-layouts":"set","ast-page-background-enabled":"default","ast-page-background-meta":{"desktop":{"background-color":"var(--ast-global-color-4)","background-image":"","background-repeat":"repeat","background-position":"center center","background-size":"auto","background-attachment":"scroll","background-type":"","background-media":"","overlay-type":"","overlay-color":"","overlay-gradient":""},"tablet":{"background-color":"","background-image":"","background-repeat":"repeat","background-position":"center center","background-size":"auto","background-attachment":"scroll","background-type":"","background-media":"","overlay-type":"","overlay-color":"","overlay-gradient":""},"mobile":{"background-color":"","background-image":"","background-repeat":"repeat","background-position":"center center","background-size":"auto","background-attachment":"scroll","background-type":"","background-media":"","overlay-type":"","overlay-color":"","overlay-gradient":""}},"ast-content-background-meta":{"desktop":{"background-color":"var(--ast-global-color-5)","background-image":"","background-repeat":"repeat","background-position":"center center","background-size":"auto","background-attachment":"scroll","background-type":"","background-media":"","overlay-type":"","overlay-color":"","overlay-gradient":""},"tablet":{"background-color":"var(--ast-global-color-5)","background-image":"","background-repeat":"repeat","background-position":"center center","background-size":"auto","background-attachment":"scroll","background-type":"","background-media":"","overlay-type":"","overlay-color":"","overlay-gradient":""},"mobile":{"background-color":"var(--ast-global-color-5)","background-image":"","background-repeat":"repeat","background-position":"center center","background-size":"auto","background-attachment":"scroll","background-type":"","background-media":"","overlay-type":"","overlay-color":"","overlay-gradient":""}},"_joinchat":[]},"product_cat":[22,21,37],"product_tag":[],"_links":{"self":[{"href":"https:\/\/karlydigitalworld.com\/index.php\/wp-json\/wp\/v2\/product\/1836"}],"collection":[{"href":"https:\/\/karlydigitalworld.com\/index.php\/wp-json\/wp\/v2\/product"}],"about":[{"href":"https:\/\/karlydigitalworld.com\/index.php\/wp-json\/wp\/v2\/types\/product"}],"replies":[{"embeddable":true,"href":"https:\/\/karlydigitalworld.com\/index.php\/wp-json\/wp\/v2\/comments?post=1836"}],"wp:featuredmedia":[{"embeddable":true,"href":"https:\/\/karlydigitalworld.com\/index.php\/wp-json\/wp\/v2\/media\/1837"}],"wp:attachment":[{"href":"https:\/\/karlydigitalworld.com\/index.php\/wp-json\/wp\/v2\/media?parent=1836"}],"wp:term":[{"taxonomy":"product_cat","embeddable":true,"href":"https:\/\/karlydigitalworld.com\/index.php\/wp-json\/wp\/v2\/product_cat?post=1836"},{"taxonomy":"product_tag","embeddable":true,"href":"https:\/\/karlydigitalworld.com\/index.php\/wp-json\/wp\/v2\/product_tag?post=1836"}],"curies":[{"name":"wp","href":"https:\/\/api.w.org\/{rel}","templated":true}]}}