{"id":1788,"date":"2025-06-21T19:35:51","date_gmt":"2025-06-21T19:35:51","guid":{"rendered":"https:\/\/karlydigitalworld.com\/?post_type=product&#038;p=1788"},"modified":"2025-06-21T19:35:51","modified_gmt":"2025-06-21T19:35:51","slug":"au-dela-du-jeune-ronan-diego-de-oliveira-mindvalley-en-francais","status":"publish","type":"product","link":"https:\/\/karlydigitalworld.com\/index.php\/product\/au-dela-du-jeune-ronan-diego-de-oliveira-mindvalley-en-francais\/","title":{"rendered":"Au-del\u00e0 du je\u00fbne Ronan Diego de Oliveira Mindvalley (En Fran\u00e7ais)"},"content":{"rendered":"<div class=\"pb-markdown min-h-fit mv-type--titlebold8 storyblok__outline\" data-v-65686310=\"\" data-blok-c=\"undefined\" data-blok-uid=\"undefined\">\n<h4 style=\"text-align: center;\">Vous recherchez le moyen le plus simple et le plus efficace d\u2019am\u00e9liorer votre sant\u00e9 ou de vous mettre en forme ?<\/h4>\n<p>&nbsp;<\/p>\n<\/div>\n<div class=\"pb-markdown min-h-fit mv-type--body mt-4 storyblok__outline\" data-v-65686310=\"\" data-blok-c=\"undefined\" data-blok-uid=\"undefined\">\n<p>Le je\u00fbne intermittent est devenu un ph\u00e9nom\u00e8ne mondial ces derni\u00e8res ann\u00e9es.<\/p>\n<p>Et contrairement \u00e0 de nombreuses autres tendances en mati\u00e8re de sant\u00e9 ou de r\u00e9gime alimentaire, il a \u00e9t\u00e9 rigoureusement prouv\u00e9 qu&#8217;il s&#8217;agit d&#8217;une pratique efficace et accessible \u00e0 presque tout le monde.<\/p>\n<p>&nbsp;<\/p>\n<p>Mais si vous je\u00fbnez comme le font la plupart des gens, c&#8217;est-\u00e0-dire en changeant simplement vos\u00a0<em>habitudes<\/em>\u00a0alimentaires, vous ne faites qu&#8217;effleurer la surface de ce que cela peut r\u00e9ellement faire pour vous.<\/p>\n<p>De plus, vous vous exposez probablement \u00e0 certains des pi\u00e8ges les plus courants : comme une faim d\u00e9bilitante, une incoh\u00e9rence ou des r\u00e9sultats m\u00e9diocres.<\/p>\n<p>&nbsp;<\/p>\n<p>Mais lorsque vous je\u00fbnez de la\u00a0<em>bonne<\/em>\u00a0mani\u00e8re, vous exp\u00e9rimentez une transformation totale et durable de votre corps et de votre esprit.<\/p>\n<p>Cela inclut une meilleure sant\u00e9 tout au long de la vie. Un m\u00e9tabolisme et un syst\u00e8me digestif plus sains. Un poids optimal. Et m\u00eame une relation renouvel\u00e9e avec la nourriture, la faim et vous-m\u00eame.<\/p>\n<p>&nbsp;<\/p>\n<p>Ces r\u00e9sultats qui changent votre vie sont les v\u00f4tres avec\u00a0<em>Beyond Fasting<\/em>\u00a0: un protocole scientifique de 28 jours qui vous ouvre \u00e0 tout le spectre des bienfaits du je\u00fbne, sans les difficult\u00e9s ni la famine inconfortable.<\/p>\n<\/div>\n<p>&nbsp;<\/p>\n<div class=\"w-full lg_w-2\/3 mx-auto mb-7 md_mb-9 min-h-fit storyblok__outline\" data-v-65686310=\"\" data-blok-c=\"undefined\" data-blok-uid=\"undefined\">\n<div class=\"pb-markdown min-h-fit mv-type--headline5 text-center storyblok__outline\" data-v-65686310=\"\" data-blok-c=\"undefined\" data-blok-uid=\"undefined\">\n<h3 style=\"text-align: center;\">Rapide comme jamais auparavant<\/h3>\n<p>&nbsp;<\/p>\n<\/div>\n<\/div>\n<div id=\"\" class=\"w-full lg_w-2\/3 mx-auto min-h-fit storyblok__outline\" data-v-65686310=\"\" data-blok-c=\"undefined\" data-blok-uid=\"undefined\">\n<div class=\"pb-markdown min-h-fit mv-type--body storyblok__outline\" data-v-65686310=\"\" data-blok-c=\"undefined\" data-blok-uid=\"undefined\">\n<p>Le pouvoir de\u00a0<em>Beyond Fasting<\/em>\u00a0est qu\u2019il vous r\u00e9compense avec une transformation physique et\u00a0<em>int\u00e9rieure<\/em>\u00a0profonde qui va bien au-del\u00e0 de l\u2019approche typique du je\u00fbne.<\/p>\n<p>&nbsp;<\/p>\n<p>La cl\u00e9 est de vous amener plus loin que simplement\u00a0<em>quand<\/em>\u00a0vous mangez (ce qui est l\u00e0 o\u00f9 la plupart des gens tracent la ligne) &#8211; dans ce que vous mangez, comment, combien et m\u00eame\u00a0<em>pourquoi<\/em>\u00a0vous mangez.<\/p>\n<p>&nbsp;<\/p>\n<p><em>Beyond Fasting<\/em>\u00a0combine les meilleures connaissances actuelles en mati\u00e8re de nutrition optimale, de biologie, de psychologie et de formation d&#8217;habitudes pour cr\u00e9er une transformation durable et sans difficult\u00e9 en vous.<\/p>\n<p>&nbsp;<\/p>\n<p>En seulement 28 jours, vous ferez l&#8217;exp\u00e9rience non seulement de perc\u00e9es dans votre sant\u00e9 et votre poids corporel, mais \u00e9galement d&#8217;une reprogrammation profonde de la fa\u00e7on dont vous percevez et g\u00e9rez la faim, les envies et vos choix alimentaires par rapport \u00e0 vos objectifs de bien-\u00eatre personnels.<\/p>\n<p>&nbsp;<\/p>\n<p>C&#8217;est ainsi que\u00a0<em>Beyond Fasting<\/em>\u00a0ne remod\u00e8le pas seulement votre corps, il\u00a0<em>vous<\/em>\u00a0remod\u00e8le \u00e9galement .<\/p>\n<p>&nbsp;<\/p>\n<\/div>\n<div class=\"mv-container min-h-fit storyblok__outline\" data-v-65686310=\"\" data-blok-c=\"undefined\" data-blok-uid=\"undefined\">\n<div id=\"\" class=\"w-full text-center lg_w-2\/3 mx-auto min-h-fit storyblok__outline\" data-v-65686310=\"\" data-blok-c=\"undefined\" data-blok-uid=\"undefined\">\n<div class=\"pb-markdown min-h-fit mv-type--titlebold4 text-center mb-8 md_mb-10 lg_mb-12 storyblok__outline\" data-v-65686310=\"\" data-blok-c=\"undefined\" data-blok-uid=\"undefined\">\n<h2 style=\"text-align: center;\">Le programme<\/h2>\n<\/div>\n<\/div>\n<\/div>\n<div id=\"\" class=\"mv-container min-h-fit storyblok__outline\" data-v-65686310=\"\" data-blok-c=\"undefined\" data-blok-uid=\"undefined\">\n<div class=\"pb-markdown min-h-fit mv-type--titlebold5 text-center mb-8 md_mb-12 lg_mb-16 lg_w-2\/3 mx-auto storyblok__outline\" data-v-65686310=\"\" data-blok-c=\"undefined\" data-blok-uid=\"undefined\">\n<h3 style=\"text-align: center;\">D\u00e9couvrez le protocole Beyond Fasting<\/h3>\n<p>&nbsp;<\/p>\n<\/div>\n<p><img fetchpriority=\"high\" decoding=\"async\" class=\"aligncenter\" src=\"https:\/\/storyblok-cdn.mindvalley.com\/f\/60579\/2068x1110\/8fc6a4861e\/bf_sp_devices_curriculum.png?quality=60&amp;auto=webp&amp;dpr=1.100000023841858&amp;width=1000\" alt=\"Au-del\u00e0 du je\u00fbne sur plusieurs appareils\" width=\"857\" height=\"460\" \/><\/p>\n<\/div>\n<div class=\"pb-markdown min-h-fit mv-type--body lg_w-1\/3 storyblok__outline\" data-v-65686310=\"\" data-blok-c=\"undefined\" data-blok-uid=\"undefined\">\n<p><em>Beyond Fasting<\/em>\u00a0est un programme en ligne de 28 jours qui vous guide vers une transformation physique et int\u00e9rieure durable gr\u00e2ce \u00e0 la pratique du je\u00fbne intermittent optimis\u00e9.<\/p>\n<p>&nbsp;<\/p>\n<p>20 minutes par jour suffisent pour rejoindre Ronan Oliveira dans des le\u00e7ons vid\u00e9o quotidiennes de la taille d&#8217;une bouch\u00e9e sur le je\u00fbne et l&#8217;optimisation nutritionnelle, l&#8217;alimentation consciente et m\u00eame comment changer vos habitudes et votre \u00e9tat d&#8217;esprit pour une sant\u00e9 \u00e0 vie et une libert\u00e9 face aux choix alimentaires malsains.<\/p>\n<p>&nbsp;<\/p>\n<p>\u00c0 la fin de votre parcours, vous obtiendrez une routine de je\u00fbne enrichissante qui perdurera et vous maintiendra dans une sant\u00e9, une forme et un bien-\u00eatre optimaux tout au long de votre vie.<\/p>\n<\/div>\n<\/div>\n","protected":false},"excerpt":{"rendered":"<section class=\"mx-auto w-full p-6 font-extralight text-gray-700 md:my-12 md:w-4\/5 md:p-0 md:text-center\" data-testid=\"quest-description\">\n<div class=\"mv-container\" data-v-aa593756=\"\">\n<div class=\"grid gap-4 lg_gap-6 lg_text-center text-left lg_w-5\/6 mx-auto\" data-v-aa593756=\"\">\n<div class=\"pb-markdown min-h-fit mv-type--titlebold3 storyblok__outline\" data-v-65686310=\"\" data-blok-c=\"undefined\" data-blok-uid=\"undefined\">\n<p><strong><em>Beyond Fasting<\/em>\u00a0est un programme en ligne de 28 jours qui vous guide vers une transformation physique et int\u00e9rieure durable gr\u00e2ce \u00e0 la pratique du je\u00fbne intermittent optimis\u00e9.<\/strong><\/p>\n<\/div>\n<\/div>\n<\/div>\n<\/section>\n<section class=\"flex flex-col items-center md:flex-row\" data-testid=\"author-info\">\n<div class=\"w-full p-6 pb-0 md:pb-6\">\n<p>\u2705 Le\u00e7on 28<\/p>\n<p>\u23f1 6 Heures 59 Minutes<\/p>\n<p>\ud83d\udc42\ud83c\udffbAudio en fran\u00e7ais<\/p>\n<p>Acc\u00e9der \u00e0 Google Drive<\/p>\n<\/div>\n<\/section>\n","protected":false},"featured_media":1789,"comment_status":"open","ping_status":"closed","template":"","meta":{"site-sidebar-layout":"default","site-content-layout":"","ast-site-content-layout":"default","site-content-style":"default","site-sidebar-style":"default","ast-global-header-display":"","ast-banner-title-visibility":"","ast-main-header-display":"","ast-hfb-above-header-display":"","ast-hfb-below-header-display":"","ast-hfb-mobile-header-display":"","site-post-title":"","ast-breadcrumbs-content":"","ast-featured-img":"","footer-sml-layout":"","theme-transparent-header-meta":"default","adv-header-id-meta":"","stick-header-meta":"","header-above-stick-meta":"","header-main-stick-meta":"","header-below-stick-meta":"","astra-migrate-meta-layouts":"set","ast-page-background-enabled":"default","ast-page-background-meta":{"desktop":{"background-color":"var(--ast-global-color-4)","background-image":"","background-repeat":"repeat","background-position":"center center","background-size":"auto","background-attachment":"scroll","background-type":"","background-media":"","overlay-type":"","overlay-color":"","overlay-gradient":""},"tablet":{"background-color":"","background-image":"","background-repeat":"repeat","background-position":"center center","background-size":"auto","background-attachment":"scroll","background-type":"","background-media":"","overlay-type":"","overlay-color":"","overlay-gradient":""},"mobile":{"background-color":"","background-image":"","background-repeat":"repeat","background-position":"center center","background-size":"auto","background-attachment":"scroll","background-type":"","background-media":"","overlay-type":"","overlay-color":"","overlay-gradient":""}},"ast-content-background-meta":{"desktop":{"background-color":"var(--ast-global-color-5)","background-image":"","background-repeat":"repeat","background-position":"center center","background-size":"auto","background-attachment":"scroll","background-type":"","background-media":"","overlay-type":"","overlay-color":"","overlay-gradient":""},"tablet":{"background-color":"var(--ast-global-color-5)","background-image":"","background-repeat":"repeat","background-position":"center center","background-size":"auto","background-attachment":"scroll","background-type":"","background-media":"","overlay-type":"","overlay-color":"","overlay-gradient":""},"mobile":{"background-color":"var(--ast-global-color-5)","background-image":"","background-repeat":"repeat","background-position":"center center","background-size":"auto","background-attachment":"scroll","background-type":"","background-media":"","overlay-type":"","overlay-color":"","overlay-gradient":""}},"_joinchat":[]},"product_cat":[22,21,20],"product_tag":[],"_links":{"self":[{"href":"https:\/\/karlydigitalworld.com\/index.php\/wp-json\/wp\/v2\/product\/1788"}],"collection":[{"href":"https:\/\/karlydigitalworld.com\/index.php\/wp-json\/wp\/v2\/product"}],"about":[{"href":"https:\/\/karlydigitalworld.com\/index.php\/wp-json\/wp\/v2\/types\/product"}],"replies":[{"embeddable":true,"href":"https:\/\/karlydigitalworld.com\/index.php\/wp-json\/wp\/v2\/comments?post=1788"}],"wp:featuredmedia":[{"embeddable":true,"href":"https:\/\/karlydigitalworld.com\/index.php\/wp-json\/wp\/v2\/media\/1789"}],"wp:attachment":[{"href":"https:\/\/karlydigitalworld.com\/index.php\/wp-json\/wp\/v2\/media?parent=1788"}],"wp:term":[{"taxonomy":"product_cat","embeddable":true,"href":"https:\/\/karlydigitalworld.com\/index.php\/wp-json\/wp\/v2\/product_cat?post=1788"},{"taxonomy":"product_tag","embeddable":true,"href":"https:\/\/karlydigitalworld.com\/index.php\/wp-json\/wp\/v2\/product_tag?post=1788"}],"curies":[{"name":"wp","href":"https:\/\/api.w.org\/{rel}","templated":true}]}}