{"id":1759,"date":"2025-04-18T22:45:25","date_gmt":"2025-04-18T22:45:25","guid":{"rendered":"https:\/\/karlydigitalworld.com\/?post_type=product&#038;p=1759"},"modified":"2025-04-18T22:45:25","modified_gmt":"2025-04-18T22:45:25","slug":"eveil-de-lespece-neale-donald-walsch-mindvalley-en-francais","status":"publish","type":"product","link":"https:\/\/karlydigitalworld.com\/index.php\/product\/eveil-de-lespece-neale-donald-walsch-mindvalley-en-francais\/","title":{"rendered":"\u00c9veil de l&#8217;esp\u00e8ce Neale Donald Walsch Mindvalley (En Fran\u00e7ais)"},"content":{"rendered":"<div id=\"\" class=\"w-full lg_w-2\/3 lg_pr-4 xl_pr-0 min-h-fit storyblok__outline\" data-v-65686310=\"\" data-blok-c=\"undefined\" data-blok-uid=\"undefined\">\n<div class=\"pb-markdown min-h-fit mv-type--titlebold8 storyblok__outline\" data-v-65686310=\"\" data-blok-c=\"undefined\" data-blok-uid=\"undefined\">\n<h3 style=\"text-align: center;\">Avez-vous d\u00e9j\u00e0 senti les murmures d&#8217;un but plus<\/h3>\n<h3 style=\"text-align: center;\">\u00e9lev\u00e9 qui vous a-t-il \u00e9t\u00e9 appel\u00e9 ?<\/h3>\n<p>&nbsp;<\/p>\n<\/div>\n<div class=\"pb-markdown min-h-fit mv-type--body mt-4 storyblok__outline\" data-v-65686310=\"\" data-blok-c=\"undefined\" data-blok-uid=\"undefined\">\n<p>Est-ce que tu ressens une faim dans ton \u00e2me pour un sentiment plus profond de connexion \u00e0 la fois \u00e0 votre Soi Sup\u00e9rieur, et \u00e0 tout et \u00e0 tout le monde autour de vous ?<\/p>\n<p>&nbsp;<\/p>\n<p>Et est-ce que \u00e7a ressemble jamais au chaos, aux illusions et aux \u00e9nergies n\u00e9gatives qui vous entourent vous emp\u00eachent de d\u00e9couvrir votre vrai chemin et votre nature ?<\/p>\n<p>&nbsp;<\/p>\n<p>Selon l&#8217;auteur \u00e0 succ\u00e8s et le luminaire spirituel Neale Donald Walsch, un \u00e9veil spirituel est l&#8217;appel le plus \u00e9lev\u00e9 et le plus \u00e9panouissant de chaque \u00eatre humain.<\/p>\n<p>&nbsp;<\/p>\n<p>Mais vous n&#8217;avez pas besoin d&#8217;\u00eatre un moine ou un chaman pour en faire l&#8217;exp\u00e9rience. Vous n&#8217;avez pas non plus besoin d&#8217;abandonner vos objectifs et vos r\u00eaves.<\/p>\n<p>&nbsp;<\/p>\n<p>Au lieu de cela, il y a un processus simple et fiable : un processus qui vous rencontre l\u00e0 o\u00f9 vous \u00eates, et vous monte vers le paradigme de l&#8217;amour inconditionnel, de la connexion et de la contribution que vous \u00eates n\u00e9 pour incarner.<\/p>\n<p>&nbsp;<\/p>\n<p>Le programme de l&#8217;\u00c9glanche de Neale vous guide \u00e0 chaque \u00e9tape de ce processus &#8211; afin que vous puissiez enfin d\u00e9passer votre douleur et vos luttes. R\u00e9veillez votre plein potentiel humain. Et embrasser votre vie en tant qu&#8217;\u00eatre hautement \u00e9volu\u00e9.<\/p>\n<\/div>\n<\/div>\n<p>&nbsp;<\/p>\n<div id=\"\" class=\"mv-container items-start lg_items-center flex flex-wrap min-h-fit storyblok__outline\" data-v-65686310=\"\" data-blok-c=\"undefined\" data-blok-uid=\"undefined\">\n<div id=\"\" class=\"w-full lg_w-2\/3 mx-auto mb-7 md_mb-9 min-h-fit storyblok__outline\" data-v-65686310=\"\" data-blok-c=\"undefined\" data-blok-uid=\"undefined\">\n<div class=\"pb-markdown min-h-fit mv-type--headline5 text-center storyblok__outline\" data-v-65686310=\"\" data-blok-c=\"undefined\" data-blok-uid=\"undefined\">\n<h3 style=\"text-align: center;\">Pr\u00e9senter le chemin vers votre Soi tr\u00e8s \u00e9volu\u00e9<\/h3>\n<p>&nbsp;<\/p>\n<\/div>\n<\/div>\n<div id=\"\" class=\"w-full lg_w-2\/3 mx-auto min-h-fit storyblok__outline\" data-v-65686310=\"\" data-blok-c=\"undefined\" data-blok-uid=\"undefined\">\n<div class=\"pb-markdown min-h-fit mv-type--body storyblok__outline\" data-v-65686310=\"\" data-blok-c=\"undefined\" data-blok-uid=\"undefined\">\n<p>Embrasse une \u00e9tape plus \u00e9lev\u00e9e de conscience spirituelle dans tous les domaines de la vie&#8230;<\/p>\n<p>Pour s&#8217;\u00e9lever au-dessus des troubles sociaux, spirituels, environnementaux et politiques de notre \u00e9poque&#8230;<\/p>\n<p><strong>Vous devez embrasser ce que vous \u00eates n\u00e9 pour \u00eatre &#8211; un \u00eatre tr\u00e8s \u00e9volu\u00e9.<\/strong><\/p>\n<p>&nbsp;<\/p>\n<p>Et maintenant, vous \u00eates capable d&#8217;appliquer un processus \u00e9prouv\u00e9 pour r\u00e9veiller facilement ce vrai Soi.<\/p>\n<p>Apr\u00e8s avoir aid\u00e9 des millions de personnes \u00e0 faciliter leurs propres r\u00e9veils spirituels \u00e0 travers ses livres et ses enseignements, Neale Donald Walsch a affin\u00e9 un \u00ab processus d&#8217;ascension \u00bb en 16 parties que tout le monde peut utiliser pour entrer en douceur et rapidement dans l&#8217;\u00e9tat d&#8217;un \u00eatre hautement \u00e9volu\u00e9.<\/p>\n<p>&nbsp;<\/p>\n<p>Ce processus implique d&#8217;embrasser et de lib\u00e9rer diverses croyances et sch\u00e9mas de pens\u00e9e qui d\u00e9finissent l&#8217;exp\u00e9rience humaine.<\/p>\n<p>Il peut parfois sembler contre-intuitif. Et il peut parfois d\u00e9fier la spiritualit\u00e9 conventionnelle de la \u00ab culture pop \u00bb.<\/p>\n<p>&nbsp;<\/p>\n<p>Mais au fur et \u00e0 mesure que vous vous d\u00e9placez dans ce processus en 36 jours, vous vous retrouverez vaincu par la vague apr\u00e8s vague de perc\u00e9es spirituelles profondes &#8211; culminant dans un \u00e9tat de paix, d&#8217;acceptation, de clart\u00e9 et d&#8217;autonomisation \u00e0 couper le souffle.<\/p>\n<p>&nbsp;<\/p>\n<\/div>\n<\/div>\n<\/div>\n<div class=\"mv-container min-h-fit storyblok__outline\" data-v-65686310=\"\" data-blok-c=\"undefined\" data-blok-uid=\"undefined\">\n<div class=\"w-full text-center lg_w-2\/3 mx-auto min-h-fit storyblok__outline\" data-v-65686310=\"\" data-blok-c=\"undefined\" data-blok-uid=\"undefined\">\n<div class=\"pb-markdown min-h-fit mv-type--titlebold4 text-center mb-8 md_mb-10 lg_mb-12 storyblok__outline\" data-v-65686310=\"\" data-blok-c=\"undefined\" data-blok-uid=\"undefined\">\n<h2 style=\"text-align: center;\">L&#8217;agenda<\/h2>\n<\/div>\n<\/div>\n<\/div>\n<div id=\"\" class=\"mv-container min-h-fit storyblok__outline\" data-v-65686310=\"\" data-blok-c=\"undefined\" data-blok-uid=\"undefined\">\n<div class=\"pb-markdown min-h-fit mv-type--titlebold5 text-center mb-8 md_mb-12 lg_mb-16 lg_w-2\/3 mx-auto storyblok__outline\" data-v-65686310=\"\" data-blok-c=\"undefined\" data-blok-uid=\"undefined\">\n<h3 style=\"text-align: center;\">Explorer l&#8217;\u00e9veil Le programme des esp\u00e8ces<\/h3>\n<\/div>\n<p>&nbsp;<\/p>\n<\/div>\n<p><img fetchpriority=\"high\" decoding=\"async\" class=\"cld-responsive ls-is-cached lazyloaded aligncenter\" src=\"https:\/\/storyblok-cdn.mindvalley.com\/f\/60579\/2113x1105\/37addf8af3\/ats_sp_devices_curriculum_fr.png?quality=60&amp;auto=webp&amp;dpr=1&amp;width=800\" alt=\"Awaken The Species on multiple devices\" width=\"808\" height=\"422\" data-v-16049712=\"\" data-blok-c=\"undefined\" data-blok-uid=\"undefined\" \/><\/p>\n<div class=\"pb-markdown min-h-fit mv-type--titlebold5 text-center mb-8 md_mb-12 lg_mb-16 lg_w-2\/3 mx-auto storyblok__outline\" data-v-65686310=\"\" data-blok-c=\"undefined\" data-blok-uid=\"undefined\">\n<div class=\"pb-markdown min-h-fit mv-type--body lg_w-1\/3 storyblok__outline\" data-v-65686310=\"\" data-blok-c=\"undefined\" data-blok-uid=\"undefined\">\n<p>L&#8217;\u00c9glacit\u00e9 L&#8217;Esp\u00e8ce vous emm\u00e8ne dans un voyage de 36 jours dans l&#8217;\u00e9volution spirituelle la plus profonde de votre vie.<\/p>\n<p>En seulement 9 heures, vous aurez un lien permanent et in\u00e9branlable avec votre vraie nature divine.<\/p>\n<p>Et vous ferez l&#8217;exp\u00e9rience d&#8217;\u00e9l\u00e9vations qui changent la vie dans tous les domaines de la vie : de votre richesse et de votre carri\u00e8re, \u00e0 votre sant\u00e9 et vos relations, en passant par votre contribution et votre \u00e9panouissement spirituel.<\/p>\n<\/div>\n<p>&nbsp;<\/p>\n<\/div>\n<div class=\"flex items-start justify-start\" data-v-03afeed3=\"\">\n<div class=\"pl-4\" data-v-03afeed3=\"\">\n<div id=\"\" class=\"w-full mv-grid__curriculum items-center min-h-fit storyblok__outline\" data-v-65686310=\"\" data-v-03afeed3=\"\" data-blok-c=\"undefined\" data-blok-uid=\"undefined\">\n<div class=\"pb-markdown min-h-fit mv-type--headline6 storyblok__outline\" data-v-65686310=\"\" data-blok-c=\"undefined\" data-blok-uid=\"undefined\">\n<h4>1 \u00c9missions d&#8217;identit\u00e9 et de spirituels<\/h4>\n<p>&nbsp;<\/p>\n<\/div>\n<\/div>\n<\/div>\n<\/div>\n<div class=\"mt-6 pl-10 pb-accordion-item-body\" data-v-03afeed3=\"\">\n<div class=\"pb-markdown min-h-fit mv-type--body mt-4 md_pl-16 storyblok__outline\" data-v-03afeed3=\"\" data-blok-c=\"undefined\" data-blok-uid=\"undefined\">\n<p>Comprendre Dieu, identit\u00e9 et les \u00eatres tr\u00e8s \u00e9volu\u00e9s. Plus une exploration et une immersion dans les 2 premiers comportements.<\/p>\n<\/div>\n<div class=\"pb-markdown min-h-fit mv-type--body1 mv-list__primary mt-4 md_pl-16 storyblok__outline\" data-v-03afeed3=\"\" data-blok-c=\"undefined\" data-blok-uid=\"undefined\">\n<p><strong>Les points saillants sont notamment les suivants:<\/strong><\/p>\n<ul>\n<li>R\u00e9veillez-vous pour que vous puissiez atteindre l&#8217;objectif d&#8217;\u00e9veiller les autres.<\/li>\n<li><strong>Apprenez-en plus sur votre but ultime dans la vie<\/strong> afin que vous puissiez accomplir plus.<\/li>\n<\/ul>\n<div class=\"flex items-start justify-start\" data-v-03afeed3=\"\">\n<div class=\"pl-4\" data-v-03afeed3=\"\">\n<div class=\"w-full mv-grid__curriculum items-center min-h-fit storyblok__outline\" data-v-65686310=\"\" data-v-03afeed3=\"\" data-blok-c=\"undefined\" data-blok-uid=\"undefined\">\n<div class=\"text-center hidden md_block min-h-fit storyblok__outline\" data-v-65686310=\"\" data-blok-c=\"undefined\" data-blok-uid=\"undefined\">\n<div class=\"pb-markdown min-h-fit mv-type--title3 leading-1 storyblok__outline\" data-v-65686310=\"\" data-blok-c=\"undefined\" data-blok-uid=\"undefined\">\n<p>&nbsp;<\/p>\n<\/div>\n<\/div>\n<div class=\"pb-markdown min-h-fit mv-type--headline6 storyblok__outline\" data-v-65686310=\"\" data-blok-c=\"undefined\" data-blok-uid=\"undefined\">\n<h4>2 Cause et effet<\/h4>\n<p>&nbsp;<\/p>\n<\/div>\n<\/div>\n<\/div>\n<\/div>\n<div class=\"mt-6 pl-10 pb-accordion-item-body\" data-v-03afeed3=\"\">\n<div class=\"pb-markdown min-h-fit mv-type--body mt-4 md_pl-16 storyblok__outline\" data-v-03afeed3=\"\" data-blok-c=\"undefined\" data-blok-uid=\"undefined\">\n<p>Vous apprendrez comment une esp\u00e8ce \u00e9veill\u00e9e traite la justice et la punition et comment elles r\u00e9gulent leurs soci\u00e9t\u00e9s.<\/p>\n<\/div>\n<div class=\"pb-markdown min-h-fit mv-type--body1 mv-list__primary mt-4 md_pl-16 storyblok__outline\" data-v-03afeed3=\"\" data-blok-c=\"undefined\" data-blok-uid=\"undefined\">\n<p><strong>Les points saillants sont notamment les suivants:<\/strong><\/p>\n<ul>\n<li>Comprenez <strong>comment votre \u00ab Sain et faire de la congruence \u00bb influence massivement votre vie<\/strong> et comment vous pouvez la ma\u00eetriser.<\/li>\n<li>Transformer le monde en observant simplement ce qui fonctionne et ce qui ne fonctionne pas.<\/li>\n<\/ul>\n<h5>3 <span style=\"font-size: 16px;\">Accro\u00eetre l&#8217;abondance<\/span><\/h5>\n<p>&nbsp;<\/p>\n<div class=\"mt-6 pl-10 pb-accordion-item-body\" data-v-03afeed3=\"\">\n<div class=\"pb-markdown min-h-fit mv-type--body mt-4 md_pl-16 storyblok__outline\" data-v-03afeed3=\"\" data-blok-c=\"undefined\" data-blok-uid=\"undefined\">\n<p>Vous apprendrez qu&#8217;une esp\u00e8ce \u00e9veill\u00e9e n&#8217;adh\u00e8re pas un principe dans sa civilisation qui soit en corr\u00e9lation avec le concept que les humains appellent \u00ab insuffisance \u00bb.<\/p>\n<\/div>\n<div class=\"pb-markdown min-h-fit mv-type--body1 mv-list__primary mt-4 md_pl-16 storyblok__outline\" data-v-03afeed3=\"\" data-blok-c=\"undefined\" data-blok-uid=\"undefined\">\n<p><strong>Les points saillants sont notamment les suivants:<\/strong><\/p>\n<ul>\n<li>Surmontez l&#8217;\u00e9tat d&#8217;esprit de la raret\u00e9 et <strong>regardez l&#8217;abondance s&#8217;\u00e9couler \u00e0 tous les niveaux de votre vie<\/strong>.<\/li>\n<li><strong>D\u00e9tenons-nous nos biens ou sommes-nous les propri\u00e9taires ?<\/strong> Au-del\u00e0 de ce concept \u00e0 un niveau plus \u00e9lev\u00e9.<\/li>\n<\/ul>\n<p>&nbsp;<\/p>\n<div class=\"flex items-start justify-start\" data-v-03afeed3=\"\">\n<div class=\"pl-4\" data-v-03afeed3=\"\">\n<div id=\"\" class=\"w-full mv-grid__curriculum items-center min-h-fit storyblok__outline\" data-v-65686310=\"\" data-v-03afeed3=\"\" data-blok-c=\"undefined\" data-blok-uid=\"undefined\">\n<div class=\"pb-markdown min-h-fit mv-type--headline6 storyblok__outline\" data-v-65686310=\"\" data-blok-c=\"undefined\" data-blok-uid=\"undefined\">\n<h5>4 Arr\u00eat de la destruction<\/h5>\n<p>&nbsp;<\/p>\n<\/div>\n<\/div>\n<\/div>\n<\/div>\n<div class=\"mt-6 pl-10 pb-accordion-item-body\" data-v-03afeed3=\"\">\n<div class=\"pb-markdown min-h-fit mv-type--body mt-4 md_pl-16 storyblok__outline\" data-v-03afeed3=\"\" data-blok-c=\"undefined\" data-blok-uid=\"undefined\">\n<p>Comprendre comment vous vous d\u00e9truisez vous-m\u00eame et la vie autour de vous. Vous obtiendrez des informations pr\u00e9cieuses et apprendrez des exercices sur la fa\u00e7on d&#8217;arr\u00eater votre auto- destruction.<\/p>\n<\/div>\n<div class=\"pb-markdown min-h-fit mv-type--body1 mv-list__primary mt-4 md_pl-16 storyblok__outline\" data-v-03afeed3=\"\" data-blok-c=\"undefined\" data-blok-uid=\"undefined\">\n<p><strong>Les points saillants sont notamment les suivants:<\/strong><\/p>\n<ul>\n<li>D\u00e9couvrez le lien entre la fa\u00e7on dont nous nous traitons nous-m\u00eames et la fa\u00e7on dont nous traitons l&#8217;environnement.<\/li>\n<li><strong>Comprendre l&#8217;auto-empoisonnement<\/strong> : comprenez les poisons que vous absorbez du monde et comment les \u00e9teindre.<\/li>\n<li><strong>La concurrence alimente-t-elle ou <\/strong>emp\u00eache-t-elle <strong>la croissance?<\/strong> D\u00e9couvrez comment la concurrence doit \u00eatre remplac\u00e9e par une coop\u00e9ration pour cr\u00e9er un monde o\u00f9 tout le monde gagne.<\/li>\n<\/ul>\n<div class=\"flex items-start justify-start\" data-v-03afeed3=\"\">\n<div class=\"pl-4\" data-v-03afeed3=\"\">\n<div id=\"\" class=\"w-full mv-grid__curriculum items-center min-h-fit storyblok__outline\" data-v-65686310=\"\" data-v-03afeed3=\"\" data-blok-c=\"undefined\" data-blok-uid=\"undefined\">\n<div class=\"text-center hidden md_block min-h-fit storyblok__outline\" data-v-65686310=\"\" data-blok-c=\"undefined\" data-blok-uid=\"undefined\">\n<div class=\"pb-markdown min-h-fit mv-type--title3 leading-1 storyblok__outline\" data-v-65686310=\"\" data-blok-c=\"undefined\" data-blok-uid=\"undefined\">\n<p>&nbsp;<\/p>\n<\/div>\n<\/div>\n<div class=\"pb-markdown min-h-fit mv-type--headline6 storyblok__outline\" data-v-65686310=\"\" data-blok-c=\"undefined\" data-blok-uid=\"undefined\">\n<h4>5 L&#8217;\u00e9volution spirituelle<\/h4>\n<p>&nbsp;<\/p>\n<\/div>\n<\/div>\n<\/div>\n<\/div>\n<div class=\"mt-6 pl-10 pb-accordion-item-body\" data-v-03afeed3=\"\">\n<div class=\"pb-markdown min-h-fit mv-type--body mt-4 md_pl-16 storyblok__outline\" data-v-03afeed3=\"\" data-blok-c=\"undefined\" data-blok-uid=\"undefined\">\n<p>Rassemblez-le et donnez-vous une nouvelle vision de vous-m\u00eame et de votre r\u00f4le dans le monde.<\/p>\n<\/div>\n<div class=\"pb-markdown min-h-fit mv-type--body1 mv-list__primary mt-4 md_pl-16 storyblok__outline\" data-v-03afeed3=\"\" data-blok-c=\"undefined\" data-blok-uid=\"undefined\">\n<p><strong>Les points saillants sont notamment les suivants:<\/strong><\/p>\n<ul>\n<li>Alors que les chansons parlent d&#8217;amour tout le temps, la plupart des gens ne comprennent pas ce qu&#8217;est True Love. Vous apprendrez \u00e0 l&#8217;appliquer \u00e0 votre vie.<\/li>\n<li>Vous d\u00e9couvrirez le concept de m\u00e9taphysique. Vous apprendrez comment ce principe est l&#8217;un des passerelles pour travailler avec l&#8217;\u00e9nergie.<\/li>\n<li><strong>La connaissance de soi est l&#8217;objectif ultime<\/strong>. Que vous l&#8217;appeliez Lumi\u00e8res ou tout autre terme, obtenez les outils pour vous conna\u00eetre vous-m\u00eame.<\/li>\n<\/ul>\n<p>&nbsp;<\/p>\n<\/div>\n<\/div>\n<\/div>\n<\/div>\n<\/div>\n<\/div>\n<\/div>\n<\/div>\n<\/div>\n<\/div>\n","protected":false},"excerpt":{"rendered":"<section class=\"mx-auto w-full p-6 font-extralight text-gray-700 md:my-12 md:w-4\/5 md:p-0 md:text-center\" data-testid=\"quest-description\">\n<div class=\"mv-container\" data-v-aa593756=\"\">\n<div class=\"grid gap-4 lg_gap-6 lg_text-center text-left lg_w-5\/6 mx-auto\" data-v-aa593756=\"\">\n<div class=\"pb-markdown min-h-fit mv-type--titlebold3 storyblok__outline\" data-v-65686310=\"\" data-blok-c=\"undefined\" data-blok-uid=\"undefined\">\n<h4>Abraza una etapa superior de la conciencia espiritual en todas las \u00e1reas de tu vida<\/h4>\n<\/div>\n<\/div>\n<\/div>\n<\/section>\n<section class=\"flex flex-col items-center md:flex-row\" data-testid=\"author-info\">\n<div class=\"w-full p-6 pb-0 md:pb-6\">\n<p>\u2705 Le\u00e7on 36<\/p>\n<p>\u23f1 9 Heures 6 Minutes<\/p>\n<p>\ud83d\udc42\ud83c\udffbAudio en fran\u00e7ais<\/p>\n<p>Acc\u00e9der \u00e0 Google Drive<\/p>\n<\/div>\n<\/section>\n","protected":false},"featured_media":1760,"comment_status":"open","ping_status":"closed","template":"","meta":{"site-sidebar-layout":"default","site-content-layout":"","ast-site-content-layout":"default","site-content-style":"default","site-sidebar-style":"default","ast-global-header-display":"","ast-banner-title-visibility":"","ast-main-header-display":"","ast-hfb-above-header-display":"","ast-hfb-below-header-display":"","ast-hfb-mobile-header-display":"","site-post-title":"","ast-breadcrumbs-content":"","ast-featured-img":"","footer-sml-layout":"","theme-transparent-header-meta":"default","adv-header-id-meta":"","stick-header-meta":"","header-above-stick-meta":"","header-main-stick-meta":"","header-below-stick-meta":"","astra-migrate-meta-layouts":"set","ast-page-background-enabled":"default","ast-page-background-meta":{"desktop":{"background-color":"var(--ast-global-color-4)","background-image":"","background-repeat":"repeat","background-position":"center center","background-size":"auto","background-attachment":"scroll","background-type":"","background-media":"","overlay-type":"","overlay-color":"","overlay-gradient":""},"tablet":{"background-color":"","background-image":"","background-repeat":"repeat","background-position":"center center","background-size":"auto","background-attachment":"scroll","background-type":"","background-media":"","overlay-type":"","overlay-color":"","overlay-gradient":""},"mobile":{"background-color":"","background-image":"","background-repeat":"repeat","background-position":"center center","background-size":"auto","background-attachment":"scroll","background-type":"","background-media":"","overlay-type":"","overlay-color":"","overlay-gradient":""}},"ast-content-background-meta":{"desktop":{"background-color":"var(--ast-global-color-5)","background-image":"","background-repeat":"repeat","background-position":"center center","background-size":"auto","background-attachment":"scroll","background-type":"","background-media":"","overlay-type":"","overlay-color":"","overlay-gradient":""},"tablet":{"background-color":"var(--ast-global-color-5)","background-image":"","background-repeat":"repeat","background-position":"center center","background-size":"auto","background-attachment":"scroll","background-type":"","background-media":"","overlay-type":"","overlay-color":"","overlay-gradient":""},"mobile":{"background-color":"var(--ast-global-color-5)","background-image":"","background-repeat":"repeat","background-position":"center center","background-size":"auto","background-attachment":"scroll","background-type":"","background-media":"","overlay-type":"","overlay-color":"","overlay-gradient":""}},"_joinchat":[]},"product_cat":[22,21,20],"product_tag":[],"_links":{"self":[{"href":"https:\/\/karlydigitalworld.com\/index.php\/wp-json\/wp\/v2\/product\/1759"}],"collection":[{"href":"https:\/\/karlydigitalworld.com\/index.php\/wp-json\/wp\/v2\/product"}],"about":[{"href":"https:\/\/karlydigitalworld.com\/index.php\/wp-json\/wp\/v2\/types\/product"}],"replies":[{"embeddable":true,"href":"https:\/\/karlydigitalworld.com\/index.php\/wp-json\/wp\/v2\/comments?post=1759"}],"wp:featuredmedia":[{"embeddable":true,"href":"https:\/\/karlydigitalworld.com\/index.php\/wp-json\/wp\/v2\/media\/1760"}],"wp:attachment":[{"href":"https:\/\/karlydigitalworld.com\/index.php\/wp-json\/wp\/v2\/media?parent=1759"}],"wp:term":[{"taxonomy":"product_cat","embeddable":true,"href":"https:\/\/karlydigitalworld.com\/index.php\/wp-json\/wp\/v2\/product_cat?post=1759"},{"taxonomy":"product_tag","embeddable":true,"href":"https:\/\/karlydigitalworld.com\/index.php\/wp-json\/wp\/v2\/product_tag?post=1759"}],"curies":[{"name":"wp","href":"https:\/\/api.w.org\/{rel}","templated":true}]}}