{"id":1755,"date":"2025-04-17T04:16:05","date_gmt":"2025-04-17T04:16:05","guid":{"rendered":"https:\/\/karlydigitalworld.com\/?post_type=product&#038;p=1755"},"modified":"2025-04-18T01:24:46","modified_gmt":"2025-04-18T01:24:46","slug":"parler-pour-inspirer-lisa-nichols-en-francais","status":"publish","type":"product","link":"https:\/\/karlydigitalworld.com\/index.php\/product\/parler-pour-inspirer-lisa-nichols-en-francais\/","title":{"rendered":"Parler pour inspirer Lisa Nichols Mindvalley (En Fran\u00e7ais)"},"content":{"rendered":"<div class=\"w-full lg_w-2\/3 mx-auto mb-7 md_mb-9 min-h-fit storyblok__outline\" data-v-65686310=\"\" data-blok-c=\"undefined\" data-blok-uid=\"undefined\">\n<div class=\"pb-markdown min-h-fit mv-type--headline5 text-center storyblok__outline\" data-v-65686310=\"\" data-blok-c=\"undefined\" data-blok-uid=\"undefined\">\n<h3 style=\"text-align: center;\">Introduction au cours d\u2019art oratoire le plus avanc\u00e9 au monde.<\/h3>\n<p>&nbsp;<\/p>\n<\/div>\n<\/div>\n<div class=\"w-full md_w-5\/12 mb-8 md_mb-0 hidden md_block min-h-fit storyblok__outline\" data-v-65686310=\"\" data-blok-c=\"undefined\" data-blok-uid=\"undefined\">\n<p>La Qu\u00eate\u00a0<em>Parler pour inspirer<\/em>\u00a0avec Lisa Nichols est une aventure r\u00e9v\u00e9latrice qui \u00e9veillera le(la) communicateur(-trice) puissant(e) qui sommeille en vous.<\/p>\n<p>&nbsp;<\/p>\n<p>Lisa vous entra\u00eenera \u00e0 trouver et \u00e0 exprimer votre v\u00e9rit\u00e9 avec assurance, \u00e0 captiver n\u2019importe quelle personne ou public gr\u00e2ce \u00e0 votre charisme naturel et \u00e0 canaliser vos \u00e9motions pour inspirer, persuader et motiver les gens qui vous entourent. Et ce, en un total de 5 heures, r\u00e9parties sur 31 jours (\u00e0 raison d\u2019une moyenne de 10 minutes d\u2019entra\u00eenement par jour).<\/p>\n<p>&nbsp;<\/p>\n<p>Ce programme a \u00e9t\u00e9 con\u00e7u en suivant le mod\u00e8le des Qu\u00eates Mindvalley, rendant l\u2019apprentissage aussi amusant et addictif qu\u2019un jeu vid\u00e9o. Vous n\u2019aurez qu\u2019\u00e0 investir en moyenne 10 minutes de votre temps, chaque jour. Dans chaque le\u00e7on, une petite mais puissante nuance d\u2019expression magistrale vous sera enseign\u00e9e.<\/p>\n<p>&nbsp;<\/p>\n<p>\u00c0 mesure que les jours passent, vous accumulez de plus en plus de comp\u00e9tences et arriv\u00e9(e) au jour 31, vous serez probablement l\u2019un(e) des orateurs(trices) les plus charismatiques de votre entreprise.<\/p>\n<p>&nbsp;<\/p>\n<p>M\u00eame si vous \u00eates d\u2019un naturel stress\u00e9 ou introverti(e), m\u00eame si vous n\u2019avez aucune exp\u00e9rience ou que vous pensez que la communication n\u2019est pas votre point fort, laissez Lisa vous guider dans ce processus et vous gagnerez la capacit\u00e9 \u00e9poustouflante de parler pour inspirer.<\/p>\n<p>&nbsp;<\/p>\n<\/div>\n<div class=\"mv-container min-h-fit storyblok__outline\" data-v-65686310=\"\" data-blok-c=\"undefined\" data-blok-uid=\"undefined\">\n<div class=\"w-full text-center lg_w-2\/3 mx-auto min-h-fit storyblok__outline\" data-v-65686310=\"\" data-blok-c=\"undefined\" data-blok-uid=\"undefined\">\n<div class=\"pb-markdown min-h-fit mv-type--titlebold4 text-center mb-8 md_mb-10 lg_mb-12 storyblok__outline\" data-v-65686310=\"\" data-blok-c=\"undefined\" data-blok-uid=\"undefined\">\n<h2 style=\"text-align: center;\">Le programme<\/h2>\n<\/div>\n<\/div>\n<\/div>\n<div id=\"\" class=\"mv-container min-h-fit storyblok__outline\" data-v-65686310=\"\" data-blok-c=\"undefined\" data-blok-uid=\"undefined\">\n<div class=\"pb-markdown min-h-fit mv-type--titlebold5 text-center mb-8 md_mb-12 lg_mb-16 lg_w-2\/3 mx-auto storyblok__outline\" data-v-65686310=\"\" data-blok-c=\"undefined\" data-blok-uid=\"undefined\">\n<h3 style=\"text-align: center;\">Explorer le programme de Parler pour inspirer<\/h3>\n<p>&nbsp;<\/p>\n<p><img fetchpriority=\"high\" decoding=\"async\" class=\"aligncenter\" src=\"https:\/\/storyblok-cdn.mindvalley.com\/f\/60579\/2068x1110\/3a257eccec\/sai_sp_devices_curriculum_fr.png?quality=60&amp;auto=webp&amp;dpr=1&amp;width=auto\" alt=\"Speak &amp; Inspire on multiple devices\" width=\"769\" height=\"413\" \/><\/p>\n<p>Le programme de la Qu\u00eate Parler pour inspirer vous donne tout ce dont vous avez besoin pour devenir un(e) conf\u00e9rencier(-ci\u00e8re) et un(e) communicateur(-trice) remarquable.<\/p>\n<p>&nbsp;<\/p>\n<p>Vous profiterez des conseils attentionn\u00e9s de Lisa tous les jours du programme, \u00e0 travers toute une s\u00e9rie de principes, d\u2019outils et de techniques minutieusement concoct\u00e9s et con\u00e7us pour \u00e9veiller le(la) puissant(e) communicateur(-trice) qui sommeille en vous.<\/p>\n<p>&nbsp;<\/p>\n<p>En int\u00e9grant ces le\u00e7ons dans vos interactions quotidiennes, vous observerez rapidement vos comp\u00e9tences de communication monter en fl\u00e8che. Au bout de 31 jours seulement, vous exprimerez votre v\u00e9rit\u00e9 de mani\u00e8re puissante, naturelle et sans aucun effort.<\/p>\n<p>&nbsp;<\/p>\n<p>Mais vous constaterez aussi des r\u00e9sultats chaque jour.<\/p>\n<\/div>\n<p>&nbsp;<\/p>\n<\/div>\n<div class=\"flex items-start justify-start\" data-v-03afeed3=\"\">\n<div class=\"pl-4\" data-v-03afeed3=\"\">\n<div class=\"w-full mv-grid__curriculum items-center min-h-fit storyblok__outline\" data-v-65686310=\"\" data-v-03afeed3=\"\" data-blok-c=\"undefined\" data-blok-uid=\"undefined\">\n<div class=\"pb-markdown min-h-fit mv-type--headline6 storyblok__outline\" data-v-65686310=\"\" data-blok-c=\"undefined\" data-blok-uid=\"undefined\">\n<h2>1. Prendre conscience du pouvoir de votre voix et de votre message<\/h2>\n<p>&nbsp;<\/p>\n<\/div>\n<\/div>\n<\/div>\n<\/div>\n<div class=\"mt-6 pl-10 pb-accordion-item-body\" data-v-03afeed3=\"\">\n<div class=\"pb-markdown min-h-fit mv-type--body mt-4 md_pl-16 storyblok__outline\" data-v-03afeed3=\"\" data-blok-c=\"undefined\" data-blok-uid=\"undefined\">\n<p>Votre parcours dans la Qu\u00eate Parler pour inspirer commence par un travail d\u2019introspection, en vous connectant \u00e0 vos talents uniques de communication et en les exploitant pour vous approprier le pouvoir de votre voix.<\/p>\n<\/div>\n<div class=\"pb-markdown min-h-fit mv-type--body1 mv-list__primary mt-4 md_pl-16 storyblok__outline\" data-v-03afeed3=\"\" data-blok-c=\"undefined\" data-blok-uid=\"undefined\">\n<p><strong>Les points forts incluent :<\/strong><\/p>\n<ul>\n<li>La raison pour laquelle le langage est l\u2019un des moyens de connexion les plus puissants existants (mais aussi l\u2019un des plus rapides moyens de d\u00e9connexion), et comment votre voix constitue la\u00a0<strong>porte d\u2019entr\u00e9e vers vos plus profonds d\u00e9sirs et besoins.<\/strong><\/li>\n<li>D\u00e9couvrir un\u00a0<strong>outil simple pour mesurer le pouvoir de votre voix<\/strong>\u00a0et conna\u00eetre rapidement la puissance de votre impact sur les personnes auxquelles vous vous adressez.<\/li>\n<li>Devenir un(e) expert(e) dans l\u2019art de susciter l\u2019engagement et comprendre comment choisir soigneusement vos mots pour\u00a0<strong>cr\u00e9er de la valeur dans la vie de chaque personne que vous rencontrez.<\/strong><\/li>\n<li>Faire l&#8217;exercice du miroir pour d\u00e9couvrir votre voix authentique, et ainsi vous\u00a0<strong>connecter aux autres de mani\u00e8re plus profonde qu\u2019auparavant.<\/strong><\/li>\n<li>Comprendre l&#8217;essence d&#8217;une histoire v\u00e9ritablement palpitante et passionnante, et comment\u00a0<strong>construire un r\u00e9cit captivant<\/strong>\u00a0qui ira droit au c\u0153ur de tout auditeur (m\u00eame si vous ne pensez pas avoir de r\u00e9cit \u00e0 partager), en le laissant plus inspir\u00e9 et plus motiv\u00e9.<\/li>\n<li>Faire l&#8217;exp\u00e9rience d&#8217;une visualisation puissante, v\u00e9ritable tournant dans votre vie, qui vous aidera \u00e0\u00a0<strong>d\u00e9couvrir votre v\u00e9ritable mission<\/strong>\u00a0et vous donnera la force n\u00e9cessaire pour acc\u00e9l\u00e9rer votre voyage vers l\u2019\u00e9laboration de votre h\u00e9ritage.<\/li>\n<li>Et bien plus encore&#8230;<\/li>\n<\/ul>\n<p>&nbsp;<\/p>\n<div class=\"flex items-start justify-start\" data-v-03afeed3=\"\">\n<div class=\"pl-4\" data-v-03afeed3=\"\">\n<div class=\"w-full mv-grid__curriculum items-center min-h-fit storyblok__outline\" data-v-65686310=\"\" data-v-03afeed3=\"\" data-blok-c=\"undefined\" data-blok-uid=\"undefined\">\n<div class=\"pb-markdown min-h-fit mv-type--headline6 storyblok__outline\" data-v-65686310=\"\" data-blok-c=\"undefined\" data-blok-uid=\"undefined\">\n<h3>2 Identifier les besoins et les attentes de votre auditoire<\/h3>\n<p>&nbsp;<\/p>\n<\/div>\n<\/div>\n<\/div>\n<\/div>\n<div class=\"mt-6 pl-10 pb-accordion-item-body\" data-v-03afeed3=\"\">\n<div class=\"pb-markdown min-h-fit mv-type--body mt-4 md_pl-16 storyblok__outline\" data-v-03afeed3=\"\" data-blok-c=\"undefined\" data-blok-uid=\"undefined\">\n<p>Les mots que vous employez sont-ils bien accueillis par vos auditeurs ? Dans cette partie, Lisa partage une m\u00e9thode qui vous permettra de vous connecter aux autres en touchant leur c\u0153ur et de les inciter \u00e0 agir.<\/p>\n<\/div>\n<div class=\"pb-markdown min-h-fit mv-type--body1 mv-list__primary mt-4 md_pl-16 storyblok__outline\" data-v-03afeed3=\"\" data-blok-c=\"undefined\" data-blok-uid=\"undefined\">\n<p><strong>Les points forts incluent :<\/strong><\/p>\n<ul>\n<li>Une technique simple permettant de vous lib\u00e9rer de la peur, de l\u2019anxi\u00e9t\u00e9, de la confusion et des autres blocages qui vous emp\u00eachent de communiquer ais\u00e9ment, de mani\u00e8re claire et assur\u00e9e.<\/li>\n<li>Comment d\u00e9finir l&#8217;impact que vous voulez avoir sur les gens. Ce faisant, vous acc\u00e9derez automatiquement \u00e0 un nouveau degr\u00e9 de passion et de conviction pour les causes qui vous tiennent \u00e0 c\u0153ur.<\/li>\n<li>D\u00e9couvrir la diff\u00e9rence fondamentale entre la confrontation et la \u00ab c\u0153ur-frontation \u00bb et comment un l\u00e9ger changement dans votre intention peut dissiper et r\u00e9soudre toute tension dans votre communication avec vos \u00eatres chers..<\/li>\n<li>Faire l\u2019exp\u00e9rience d\u2019un exercice particuli\u00e8rement efficace pour identifier rapidement le type de communication \u00e0 \u00e9tablir &#8211; qu&#8217;il s&#8217;agisse d&#8217;information, de motivation ou de transformation.<\/li>\n<li>Apprendre \u00e0 d\u00e9passer le simple message \u00e9ducatif en motivant et en captivant vos auditeurs (c\u2019est ainsi que vous les inciterez \u00e0 vous accorder plus d&#8217;attention).<\/li>\n<li>Et bien plus encore&#8230;<\/li>\n<\/ul>\n<p>&nbsp;<\/p>\n<\/div>\n<div class=\"flex items-start justify-start\" data-v-03afeed3=\"\">\n<div class=\"pl-4\" data-v-03afeed3=\"\">\n<div class=\"w-full mv-grid__curriculum items-center min-h-fit storyblok__outline\" data-v-65686310=\"\" data-v-03afeed3=\"\" data-blok-c=\"undefined\" data-blok-uid=\"undefined\">\n<div class=\"pb-markdown min-h-fit mv-type--headline6 storyblok__outline\" data-v-65686310=\"\" data-blok-c=\"undefined\" data-blok-uid=\"undefined\">\n<h3>3 Passer \u00e0 l&#8217;action pour d\u00e9velopper le muscle de votre voix<\/h3>\n<p>&nbsp;<\/p>\n<\/div>\n<\/div>\n<\/div>\n<\/div>\n<div class=\"mt-6 pl-10 pb-accordion-item-body\" data-v-03afeed3=\"\">\n<div class=\"pb-markdown min-h-fit mv-type--body mt-4 md_pl-16 storyblok__outline\" data-v-03afeed3=\"\" data-blok-c=\"undefined\" data-blok-uid=\"undefined\">\n<p>Dans cette troisi\u00e8me partie, Lisa vous forme \u00e0 un large \u00e9ventail de ses techniques de communication les plus efficaces pour vous transformer en un(e) communicateur(-trice) plus persuasif-ve, charismatique et engageant(e).<\/p>\n<\/div>\n<div class=\"pb-markdown min-h-fit mv-type--body1 mv-list__primary mt-4 md_pl-16 storyblok__outline\" data-v-03afeed3=\"\" data-blok-c=\"undefined\" data-blok-uid=\"undefined\">\n<p><strong>Les points forts incluent :<\/strong><\/p>\n<ul>\n<li>Apprendre \u00e0 gagner la confiance de vos auditeurs pour qu\u2019ils s\u2019ouvrent \u00e0 vous, en cr\u00e9ant un \u00ab environnement s\u00fbr \u00bb, sans jugement ni cons\u00e9quences.<\/li>\n<li>Trois techniques qui transforment vos auditeurs passifs \u00e0 actifs, vous permettant de les plonger plus profond\u00e9ment dans votre discours et votre vision.<\/li>\n<li>Commencer \u00e0 utiliser votre langage corporel pour renforcer votre message et amplifier l\u2019impact de vos mots. Ce sont souvent les plus petits gestes qui font la plus grande diff\u00e9rence dans la fa\u00e7on dont votre message est per\u00e7u.<\/li>\n<li>Mettre en pratique la technique \u00ab \u00e9cho, r\u00e9p\u00e9tition, r\u00e9ponse \u00bb pour cr\u00e9er instantan\u00e9ment un environnement o\u00f9 vos auditeurs ont la sensation de participer activement \u00e0 votre conversation. C\u2019est la cl\u00e9 pour instaurer confiance et fid\u00e9lit\u00e9.<\/li>\n<li>Ma\u00eetriser l\u2019art des \u00ab points forts du discours \u00bb pour mettre l&#8217;accent sur les \u00e9l\u00e9ments vitaux de votre message, en attirant l&#8217;attention de vos auditeurs et en les maintenant captiv\u00e9s du d\u00e9but \u00e0 la fin. (Vous d\u00e9truirez \u00e9galement les clich\u00e9s utilis\u00e9s pour retenir l\u2019attention).<\/li>\n<li>Apprendre la technique de \u00ab la pause \u00e9loquente \u00bb et comprendre pourquoi un silence peut parfois \u00eatre beaucoup plus puissant qu\u2019un flot de mots bien choisis. (C\u2019est peut-\u00eatre l\u2019une des techniques les plus risqu\u00e9es que vous apprendrez, mais une fois domin\u00e9e, l\u2019impact de vos mots sera multipli\u00e9 par dix).<\/li>\n<li>Et bien plus encore&#8230;<\/li>\n<\/ul>\n<p>&nbsp;<\/p>\n<\/div>\n<div class=\"flex items-start justify-start\" data-v-03afeed3=\"\">\n<div class=\"pl-4\" data-v-03afeed3=\"\">\n<div class=\"w-full mv-grid__curriculum items-center min-h-fit storyblok__outline\" data-v-65686310=\"\" data-v-03afeed3=\"\" data-blok-c=\"undefined\" data-blok-uid=\"undefined\">\n<div class=\"pb-markdown min-h-fit mv-type--headline6 storyblok__outline\" data-v-65686310=\"\" data-blok-c=\"undefined\" data-blok-uid=\"undefined\">\n<h2>4 S\u2019adresser \u00e0 1 ou \u00e0 1 000 personnes.<\/h2>\n<p>&nbsp;<\/p>\n<\/div>\n<\/div>\n<\/div>\n<\/div>\n<div class=\"mt-6 pl-10 pb-accordion-item-body\" data-v-03afeed3=\"\">\n<div class=\"pb-markdown min-h-fit mv-type--body mt-4 md_pl-16 storyblok__outline\" data-v-03afeed3=\"\" data-blok-c=\"undefined\" data-blok-uid=\"undefined\">\n<p>Dans la derni\u00e8re partie de votre Qu\u00eate, vous verrez comment combiner les diff\u00e9rentes techniques apprises afin de briller dans toute conversation, discours ou pr\u00e9sentation et ainsi avoir un immense impact positif.<\/p>\n<\/div>\n<div class=\"pb-markdown min-h-fit mv-type--body1 mv-list__primary mt-4 md_pl-16 storyblok__outline\" data-v-03afeed3=\"\" data-blok-c=\"undefined\" data-blok-uid=\"undefined\">\n<p><strong>Les points forts incluent :<\/strong><\/p>\n<ul>\n<li>Comment engager et persuader vos auditeurs de faire ce que vous voulez (\u00e0 mettre en pratique de mani\u00e8re responsable ! ).<\/li>\n<li>D\u00e9couvrir 6 moyens simples de renforcer vos liens avec vos proches gr\u00e2ce au formidable pouvoir de la communication.<\/li>\n<li>Comment rester fid\u00e8le \u00e0 votre identit\u00e9 et \u00e0 votre authenticit\u00e9 tout en influen\u00e7ant des personnes de tous horizons.<\/li>\n<li>Comment augmenter consid\u00e9rablement votre impact et la puissance d\u2019accroche de votre communication gr\u00e2ce \u00e0 la musique et \u00e0 d&#8217;autres stimulations sensorielles (id\u00e9al pour les pr\u00e9sentations et les discours).<\/li>\n<li>Et bien plus encore \u2026<\/li>\n<\/ul>\n<\/div>\n<\/div>\n<h3>Bonus inclus en vous inscrivant d\u00e8s aujourd\u2019hui<\/h3>\n<p><img decoding=\"async\" class=\"\" src=\"https:\/\/storyblok-cdn.mindvalley.com\/f\/60579\/600x600\/69cc848e16\/sai_sp_bonus_01_fr.jpg?quality=60&amp;auto=webp&amp;dpr=1&amp;width=auto\" alt=\"Dreams Unlocked: You The Master Speaker\" width=\"243\" height=\"243\" \/><\/p>\n<div class=\"pb-markdown min-h-fit mv-type--title6 storyblok__outline\" data-v-65686310=\"\" data-blok-c=\"undefined\" data-blok-uid=\"undefined\">\n<p>Bonus :<\/p>\n<\/div>\n<div class=\"pb-markdown min-h-fit mv-type--titlebold7 capitalize storyblok__outline\" data-v-65686310=\"\" data-blok-c=\"undefined\" data-blok-uid=\"undefined\">\n<p>R\u00eaves lib\u00e9r\u00e9s : Vous \u00eates un grand orateur<\/p>\n<\/div>\n<div class=\"pb-markdown min-h-fit mv-type--body mt-4 storyblok__outline\" data-v-65686310=\"\" data-blok-c=\"undefined\" data-blok-uid=\"undefined\">\n<p>Cette visualisation cr\u00e9ative lue par Lisa fera voir et croire \u00e0 votre subconscient que vous \u00eates un(e) grand(e) orateur(-trice). \u00c9coutez-la avant de donner une pr\u00e9sentation importante, vous ressentirez davantage de pouvoir personnel et de confiance en vous.<\/p>\n<p>Cette visualisation sera incluse dans le programme parmi le \u00ab contenu de pr\u00e9paration \u00bb.<\/p>\n<\/div>\n<\/div>\n<\/div>\n<\/div>\n<\/div>\n","protected":false},"excerpt":{"rendered":"<section class=\"mx-auto w-full p-6 font-extralight text-gray-700 md:my-12 md:w-4\/5 md:p-0 md:text-center\" data-testid=\"quest-description\">\n<div class=\"mv-container\" data-v-aa593756=\"\">\n<div class=\"grid gap-4 lg_gap-6 lg_text-center text-left lg_w-5\/6 mx-auto\" data-v-aa593756=\"\">\n<div class=\"pb-markdown min-h-fit mv-type--titlebold8 storyblok__outline\" data-v-65686310=\"\" data-blok-c=\"undefined\" data-blok-uid=\"undefined\">\n<h4>Imaginez changer le monde avec le simple pouvoir de vos mots<\/h4>\n<\/div>\n<\/div>\n<\/div>\n<\/section>\n<section class=\"flex flex-col items-center md:flex-row\" data-testid=\"author-info\">\n<div class=\"w-full p-6 pb-0 md:pb-6\">\n<p>\u2705 Le\u00e7on 31<\/p>\n<p>\u23f1 5 Heures 49 Minutes<\/p>\n<p>+Bonus Meditation<\/p>\n<p>\ud83d\udc42\ud83c\udffbAudio en fran\u00e7ais<\/p>\n<p>Acc\u00e9der \u00e0 Google Drive<\/p>\n<\/div>\n<\/section>\n","protected":false},"featured_media":1756,"comment_status":"open","ping_status":"closed","template":"","meta":{"site-sidebar-layout":"default","site-content-layout":"","ast-site-content-layout":"default","site-content-style":"default","site-sidebar-style":"default","ast-global-header-display":"","ast-banner-title-visibility":"","ast-main-header-display":"","ast-hfb-above-header-display":"","ast-hfb-below-header-display":"","ast-hfb-mobile-header-display":"","site-post-title":"","ast-breadcrumbs-content":"","ast-featured-img":"","footer-sml-layout":"","theme-transparent-header-meta":"default","adv-header-id-meta":"","stick-header-meta":"","header-above-stick-meta":"","header-main-stick-meta":"","header-below-stick-meta":"","astra-migrate-meta-layouts":"set","ast-page-background-enabled":"default","ast-page-background-meta":{"desktop":{"background-color":"var(--ast-global-color-4)","background-image":"","background-repeat":"repeat","background-position":"center center","background-size":"auto","background-attachment":"scroll","background-type":"","background-media":"","overlay-type":"","overlay-color":"","overlay-gradient":""},"tablet":{"background-color":"","background-image":"","background-repeat":"repeat","background-position":"center center","background-size":"auto","background-attachment":"scroll","background-type":"","background-media":"","overlay-type":"","overlay-color":"","overlay-gradient":""},"mobile":{"background-color":"","background-image":"","background-repeat":"repeat","background-position":"center center","background-size":"auto","background-attachment":"scroll","background-type":"","background-media":"","overlay-type":"","overlay-color":"","overlay-gradient":""}},"ast-content-background-meta":{"desktop":{"background-color":"var(--ast-global-color-5)","background-image":"","background-repeat":"repeat","background-position":"center center","background-size":"auto","background-attachment":"scroll","background-type":"","background-media":"","overlay-type":"","overlay-color":"","overlay-gradient":""},"tablet":{"background-color":"var(--ast-global-color-5)","background-image":"","background-repeat":"repeat","background-position":"center center","background-size":"auto","background-attachment":"scroll","background-type":"","background-media":"","overlay-type":"","overlay-color":"","overlay-gradient":""},"mobile":{"background-color":"var(--ast-global-color-5)","background-image":"","background-repeat":"repeat","background-position":"center center","background-size":"auto","background-attachment":"scroll","background-type":"","background-media":"","overlay-type":"","overlay-color":"","overlay-gradient":""}},"_joinchat":[]},"product_cat":[22,21,20],"product_tag":[],"_links":{"self":[{"href":"https:\/\/karlydigitalworld.com\/index.php\/wp-json\/wp\/v2\/product\/1755"}],"collection":[{"href":"https:\/\/karlydigitalworld.com\/index.php\/wp-json\/wp\/v2\/product"}],"about":[{"href":"https:\/\/karlydigitalworld.com\/index.php\/wp-json\/wp\/v2\/types\/product"}],"replies":[{"embeddable":true,"href":"https:\/\/karlydigitalworld.com\/index.php\/wp-json\/wp\/v2\/comments?post=1755"}],"wp:featuredmedia":[{"embeddable":true,"href":"https:\/\/karlydigitalworld.com\/index.php\/wp-json\/wp\/v2\/media\/1756"}],"wp:attachment":[{"href":"https:\/\/karlydigitalworld.com\/index.php\/wp-json\/wp\/v2\/media?parent=1755"}],"wp:term":[{"taxonomy":"product_cat","embeddable":true,"href":"https:\/\/karlydigitalworld.com\/index.php\/wp-json\/wp\/v2\/product_cat?post=1755"},{"taxonomy":"product_tag","embeddable":true,"href":"https:\/\/karlydigitalworld.com\/index.php\/wp-json\/wp\/v2\/product_tag?post=1755"}],"curies":[{"name":"wp","href":"https:\/\/api.w.org\/{rel}","templated":true}]}}