{"id":1751,"date":"2025-04-13T16:20:59","date_gmt":"2025-04-13T16:20:59","guid":{"rendered":"https:\/\/karlydigitalworld.com\/?post_type=product&#038;p=1751"},"modified":"2025-04-17T04:15:34","modified_gmt":"2025-04-17T04:15:34","slug":"breathwork-niraj-naik-respiration-consciente-en-francais","status":"publish","type":"product","link":"https:\/\/karlydigitalworld.com\/index.php\/product\/breathwork-niraj-naik-respiration-consciente-en-francais\/","title":{"rendered":"Breathwork Niraj Naik: Respiration Consciente (En Fran\u00e7ais)"},"content":{"rendered":"<h2 class=\"mv-type--titlebold3 text-cool-grey-700\" style=\"text-align: center;\" data-v-aa593756=\"\">Respiration pour une vitalit\u00e9 et une<\/h2>\n<h2 class=\"mv-type--titlebold3 text-cool-grey-700\" style=\"text-align: center;\" data-v-aa593756=\"\">clart\u00e9 in\u00e9gal\u00e9es avec Niraj Naik<\/h2>\n<p>&nbsp;<\/p>\n<div class=\"mv-container\" data-v-aa593756=\"\">\n<div class=\"grid gap-4 lg_gap-6 lg_text-center text-left lg_w-5\/6 mx-auto\" data-v-aa593756=\"\">\n<p class=\"mv-type--title6 text-cool-grey-600\" data-v-aa593756=\"\">Un programme de 14 jours par Niraj Naik pour d\u00e9bloquer la gu\u00e9rison, le bonheur et les performances de pointe gr\u00e2ce aux techniques transformatrices de SOMA Breath.<\/p>\n<p data-v-aa593756=\"\">\n<\/div>\n<\/div>\n<div class=\"mv-container grid lg_grid-cols-3 gap-6 items-center\" data-v-aa593756=\"\">\n<div class=\"lg_col-span-2 hidden lg_block\" data-v-aa593756=\"\">\n<div data-v-b5aac44a=\"\" data-v-aa593756=\"\">\n<div id=\"\" class=\"grid grid-cols-12 min-h-fit storyblok__outline\" data-v-65686310=\"\" data-blok-c=\"undefined\" data-blok-uid=\"undefined\">\n<div id=\"\" class=\"col-span-12 lg_col-span-8 lg_col-start-3 min-h-fit storyblok__outline\" data-v-65686310=\"\" data-blok-c=\"undefined\" data-blok-uid=\"undefined\">\n<div class=\"pb-markdown min-h-fit mv-type--titlebold4 text-left mb-3 storyblok__outline\" data-v-65686310=\"\" data-blok-c=\"undefined\" data-blok-uid=\"undefined\">\n<h3 style=\"text-align: center;\">Pr\u00eat \u00e0 transformer votre respiration en<\/h3>\n<h3 style=\"text-align: center;\">votre outil de vitalit\u00e9 le plus puissant ?<\/h3>\n<p>&nbsp;<\/p>\n<\/div>\n<\/div>\n<\/div>\n<div id=\"\" class=\"grid grid-cols-12 min-h-fit storyblok__outline\" data-v-65686310=\"\" data-blok-c=\"undefined\" data-blok-uid=\"undefined\">\n<div id=\"\" class=\"col-span-12 lg_col-span-8 lg_col-start-3 min-h-fit storyblok__outline\" data-v-65686310=\"\" data-blok-c=\"undefined\" data-blok-uid=\"undefined\">\n<div class=\"pb-markdown min-h-fit mv-type--body text-left mb-3 storyblok__outline\" data-v-65686310=\"\" data-blok-c=\"undefined\" data-blok-uid=\"undefined\">\n<p>Beaucoup n\u00e9gligent l\u2019impact profond de la respiration sur la sant\u00e9, la performance et le bien-\u00eatre.<\/p>\n<p>Des habitudes respiratoires inconscientes peuvent nuire \u00e0 notre sant\u00e9, \u00e0 notre r\u00e9sistance au stress et m\u00eame \u00e0 notre esp\u00e9rance de vie. Pourtant, une respiration optimale, ancr\u00e9e \u00e0 la fois dans la science et dans des pratiques ancestrales, offre une gu\u00e9rison et une croissance in\u00e9gal\u00e9es.<\/p>\n<p>Avec SOMA Breath de Niraj Naik, embarquez pour un voyage de 14 jours pour r\u00e9volutionner votre fa\u00e7on de respirer, ouvrant ainsi un monde de bonheur spirituel, de performances de pointe et de gu\u00e9rison holistique.<\/p>\n<p>D\u00e9couvrez la transformation que plus de 1 700 instructeurs et d\u2019innombrables personnes dans le monde entier ont r\u00e9alis\u00e9e gr\u00e2ce \u00e0 ces techniques puissantes et accessibles.<\/p>\n<p>&nbsp;<\/p>\n<\/div>\n<div id=\"\" class=\"grid grid-cols-12 min-h-fit storyblok__outline\" data-v-65686310=\"\" data-blok-c=\"undefined\" data-blok-uid=\"undefined\">\n<div id=\"\" class=\"col-span-12 lg_col-span-8 lg_col-start-3 min-h-fit storyblok__outline\" data-v-65686310=\"\" data-blok-c=\"undefined\" data-blok-uid=\"undefined\">\n<div class=\"pb-markdown min-h-fit mv-type--titlebold5 text-left mb-6 lg_text-center storyblok__outline\" data-v-65686310=\"\" data-blok-c=\"undefined\" data-blok-uid=\"undefined\">\n<h2 style=\"text-align: center;\">Une formule \u00e9prouv\u00e9e pour d\u00e9bloquer une gu\u00e9rison holistique et des performances optimales avec SOMA Breath en seulement 14 jours, r\u00e9volutionnant votre bien-\u00eatre et vos capacit\u00e9s.<\/h2>\n<\/div>\n<p>&nbsp;<\/p>\n<\/div>\n<\/div>\n<div id=\"\" class=\"grid grid-cols-12 mb-6 min-h-fit storyblok__outline\" data-v-65686310=\"\" data-blok-c=\"undefined\" data-blok-uid=\"undefined\"><img fetchpriority=\"high\" decoding=\"async\" class=\"aligncenter\" src=\"https:\/\/storyblok-cdn.mindvalley.com\/f\/60579\/1920x1080\/b2bb276e81\/bw-solution.jpg?quality=60&amp;auto=webp&amp;dpr=1.100000023841858&amp;width=1000\" alt=\"Mettez une bonne description de la photo ici\" width=\"672\" height=\"378\" \/><\/div>\n<\/div>\n<div data-v-65686310=\"\" data-blok-c=\"undefined\" data-blok-uid=\"undefined\">\n<div id=\"\" class=\"col-span-12 lg_col-span-8 lg_col-start-3 min-h-fit storyblok__outline\" data-v-65686310=\"\" data-blok-c=\"undefined\" data-blok-uid=\"undefined\">\n<div class=\"pb-markdown min-h-fit mv-type--title6 text-left mb-3 storyblok__outline\" data-v-65686310=\"\" data-blok-c=\"undefined\" data-blok-uid=\"undefined\">\n<h4 style=\"text-align: center;\">D\u00e9couvrez la synergie unique de la science moderne et de la sagesse ancienne avec SOMA Breath, une m\u00e9thodologie compl\u00e8te de respiration con\u00e7ue pour un impact imm\u00e9diat.<\/h4>\n<p>&nbsp;<\/p>\n<\/div>\n<\/div>\n<div id=\"\" class=\"col-span-12 lg_col-span-8 lg_col-start-3 min-h-fit storyblok__outline\" data-v-65686310=\"\" data-blok-c=\"undefined\" data-blok-uid=\"undefined\">\n<div class=\"pb-markdown min-h-fit mv-type--body text-left mb-3 mv-list storyblok__outline\" data-v-65686310=\"\" data-blok-c=\"undefined\" data-blok-uid=\"undefined\">\n<p>Apprenez la respiration rythmique gr\u00e2ce \u00e0 une technologie musicale d&#8217;entra\u00eenement sp\u00e9ciale, rendant la m\u00e9ditation \u00e0 la fois agr\u00e9able et profonde.<\/p>\n<p>Lib\u00e9rez la pharmacie int\u00e9rieure de votre corps pour une gu\u00e9rison naturelle et sans effets secondaires, allant du soulagement du stress au sommeil profond et au regain d&#8217;\u00e9nergie. En seulement 14 jours, Niraj Naik vous guidera vers\u00a0:<\/p>\n<ul>\n<li>Respirez rythmiquement avec de la musique pour un bien-\u00eatre tout au long de la journ\u00e9e.<\/li>\n<li>M\u00e9ditez facilement avec des m\u00e9thodes musicales exclusives.<\/li>\n<li>Activez vos m\u00e9canismes de gu\u00e9rison naturels.<\/li>\n<li>Optimisez la respiration r\u00e9guli\u00e8re pour la vigilance et la concentration.<\/li>\n<\/ul>\n<p>&nbsp;<\/p>\n<div id=\"\" class=\"grid grid-cols-12 min-h-fit storyblok__outline\" data-v-65686310=\"\" data-blok-c=\"undefined\" data-blok-uid=\"undefined\">\n<div id=\"\" class=\"col-span-12 lg_col-span-8 lg_col-start-3 min-h-fit storyblok__outline\" data-v-65686310=\"\" data-blok-c=\"undefined\" data-blok-uid=\"undefined\">\n<div class=\"pb-markdown min-h-fit mv-type--titlebold3 lg_text-center mb-6 lg_mb-10 storyblok__outline\" data-v-65686310=\"\" data-blok-c=\"undefined\" data-blok-uid=\"undefined\">\n<h1 style=\"text-align: center;\">Ce que vous apprendrez<\/h1>\n<p>&nbsp;<\/p>\n<\/div>\n<\/div>\n<\/div>\n<div id=\"\" class=\"grid grid-cols-12 min-h-fit storyblok__outline\" data-v-65686310=\"\" data-blok-c=\"undefined\" data-blok-uid=\"undefined\">\n<div id=\"\" class=\"col-span-12 lg_col-span-8 lg_col-start-3 min-h-fit storyblok__outline\" data-v-65686310=\"\" data-blok-c=\"undefined\" data-blok-uid=\"undefined\">\n<div class=\"mv-list__number mv-type--body storyblok__outline\" data-v-65686310=\"\" data-blok-c=\"undefined\" data-blok-uid=\"undefined\">\n<ol>\n<li>\n<h3 class=\"mb-1 mv-type--title6\">Ma\u00eetrisez votre respiration \u00e0 chaque instant<\/h3>\n<p class=\"hidden lg_block\">En plus des exercices de respiration pour diff\u00e9rents r\u00e9sultats, SOMA Breath vous pr\u00e9pare \u00e0 optimiser la qualit\u00e9 de vos respirations habituelles. En adaptant le rythme, la vitesse et la profondeur de chacune de vos respirations, vous gagnerez en vivacit\u00e9, en \u00e9nergie et en concentration \u00e0 chaque instant.<\/p>\n<\/li>\n<li>\n<h3 class=\"mb-1 mv-type--title6\">Acc\u00e9dez \u00e0 des performances et un bien-\u00eatre de pointe<\/h3>\n<p class=\"hidden lg_block\">Vous b\u00e9n\u00e9ficierez d&#8217;exercices de respiration SOMA sp\u00e9cifiques qui vous propulseront instantan\u00e9ment vers des niveaux optimaux de concentration, de clart\u00e9, d&#8217;intuition et m\u00eame de cr\u00e9ativit\u00e9. Vous serez plus productif au travail, trouverez des solutions inspirantes aux probl\u00e8mes et donnerez le meilleur de vous-m\u00eame, simplement en respirant.<\/p>\n<\/li>\n<li>\n<h3 class=\"mb-1 mv-type--title6\">Allongez votre dur\u00e9e de vie<\/h3>\n<p class=\"hidden lg_block\">De mauvaises habitudes respiratoires peuvent r\u00e9duire votre esp\u00e9rance de vie. En revanche, SOMA Breath r\u00e9entra\u00eene votre corps \u00e0 optimiser son utilisation de l&#8217;oxyg\u00e8ne et \u00e0 inverser les effets du vieillissement pr\u00e9matur\u00e9 qui vous font para\u00eetre et vous sentir plus \u00e2g\u00e9 que vous ne l&#8217;\u00eates.<\/p>\n<\/li>\n<li>\n<h3 class=\"mb-1 mv-type--title6\">Acc\u00e9der \u00e0 des \u00e9tats de conscience modifi\u00e9s<\/h3>\n<p class=\"hidden lg_block\">La respiration est la voie royale vers la r\u00e9gulation de vos ondes c\u00e9r\u00e9brales et l&#8217;acc\u00e8s \u00e0 des \u00e9tats d&#8217;\u00eatre sup\u00e9rieurs. Avec SOMA Breath, vous ma\u00eetriserez le processus d&#8217;acc\u00e8s non seulement au niveau alpha, mais aussi aux niveaux th\u00eata et gamma, g\u00e9n\u00e9ralement r\u00e9serv\u00e9s aux m\u00e9ditateurs exp\u00e9riment\u00e9s.<\/p>\n<\/li>\n<li>\n<h3 class=\"mb-1 mv-type--title6\">Lib\u00e9rez le stress et devenez r\u00e9silient au stress<\/h3>\n<p class=\"hidden lg_block\">Vos exercices de respiration SOMA sont le rem\u00e8de id\u00e9al aux journ\u00e9es charg\u00e9es ou aux p\u00e9riodes stressantes de votre vie. Vous les utiliserez r\u00e9guli\u00e8rement pour \u00e9liminer les substances neurochimiques responsables du stress et de l&#8217;anxi\u00e9t\u00e9, et retrouver le calme en quelques minutes.<\/p>\n<\/li>\n<li>\n<h3 class=\"mb-1 mv-type--title6\">Atteindre la paix int\u00e9rieure<\/h3>\n<p class=\"hidden lg_block\">Lorsqu&#8217;un stress situationnel accumul\u00e9 n&#8217;est pas g\u00e9r\u00e9 trop longtemps, il peut engendrer un \u00e9tat de trouble int\u00e9rieur durable et difficile \u00e0 surmonter. Vos exercices de respiration SOMA vous aident \u00e0 renverser cet \u00e9tat et \u00e0 retrouver un \u00e9tat de paix int\u00e9rieure et d&#8217;\u00e9quilibre.<\/p>\n<\/li>\n<li>\n<h3 class=\"mb-1 mv-type--title6\">Gu\u00e9rir et retrouver une sant\u00e9 optimale<\/h3>\n<p class=\"hidden lg_block\">Il est scientifiquement prouv\u00e9 qu&#8217;une respiration efficace am\u00e9liore la digestion, l&#8217;endurance, la qualit\u00e9 du sommeil et de nombreux autres indicateurs cl\u00e9s de sant\u00e9. SOMA Breath vous entra\u00eene \u00e9galement \u00e0 vous r\u00e9g\u00e9n\u00e9rer au niveau cellulaire, vous permettant ainsi de gu\u00e9rir et de r\u00e9duire les sympt\u00f4mes de divers probl\u00e8mes de sant\u00e9.<\/p>\n<\/li>\n<li>\n<h3 class=\"mb-1 mv-type--title6\">Faites du bonheur votre \u00e9tat naturel par d\u00e9faut<\/h3>\n<p class=\"hidden lg_block\">Pratiqu\u00e9e r\u00e9guli\u00e8rement, la respiration SOMA aide \u00e0 r\u00e9guler votre humeur et vos \u00e9motions et augmente votre niveau de bonheur. Et m\u00eame si vous ressentirez toute la palette des \u00e9motions humaines \u00e0 diff\u00e9rents moments, vous retrouverez la f\u00e9licit\u00e9 bien plus rapidement qu&#8217;avant.<\/p>\n<\/li>\n<\/ol>\n<p>&nbsp;<\/p>\n<\/div>\n<\/div>\n<\/div>\n<div id=\"\" class=\"mv-container w-full lg_w-2\/3 mx-auto grid grid-cols-1 gap-4 md_gap-6 min-h-fit storyblok__outline\" data-v-65686310=\"\" data-blok-c=\"undefined\" data-blok-uid=\"undefined\">\n<div class=\"pb-markdown min-h-fit mv-type--titlebold3 text-left lg_text-center storyblok__outline\" data-v-65686310=\"\" data-blok-c=\"undefined\" data-blok-uid=\"undefined\">\n<h2 style=\"text-align: center;\">Le programme<\/h2>\n<p>&nbsp;<\/p>\n<\/div>\n<\/div>\n<div class=\"grid grid-cols-12 gap-6 mv-container\" data-v-6e1f6448=\"\" data-test=\"two-column\">\n<div class=\"m-auto col-span-12 lg_col-span-5\" data-v-6e1f6448=\"\" data-test=\"two-column-left\">\n<div class=\"grid grid-cols-1 gap-3\" data-v-6e1f6448=\"\">\n<div class=\"variant6\" data-v-6e1f6448=\"\">\n<div class=\"hidden md_block\" data-v-6e1f6448=\"\"><img decoding=\"async\" class=\"aligncenter\" src=\"https:\/\/storyblok-cdn.mindvalley.com\/f\/60579\/1920x1080\/b2607a8e44\/bw-curriculum.png?quality=60&amp;auto=webp&amp;dpr=1.100000023841858&amp;width=690\" alt=\"Breathwork for Life sur plusieurs appareils\" \/><\/div>\n<\/div>\n<div data-v-6e1f6448=\"\"><\/div>\n<div class=\"variant6\" data-v-6e1f6448=\"\">\n<div class=\"pb-markdown min-h-fit mv-type--body body-copy mx-auto text-left storyblok__outline\" data-v-6e1f6448=\"\" data-blok-c=\"undefined\" data-blok-uid=\"undefined\">\n<p>Breathwork for Life est un programme en ligne de 14 jours pour une sant\u00e9 extraordinaire, une long\u00e9vit\u00e9, des performances de pointe et un bonheur spirituel en ma\u00eetrisant la plus simple de toutes les fonctions corporelles.<\/p>\n<p>&nbsp;<\/p>\n<p>Chaque jour, vous rejoindrez le fondateur de SOMA Breath, Niraj Naik, pour une le\u00e7on immersive de la taille d&#8217;une bouch\u00e9e, alors qu&#8217;il vous guide \u00e0 travers les techniques de respiration, les m\u00e9ditations et les changements subtils de style de vie de SOMA qui transforment votre respiration en une source infinie de gu\u00e9rison et de bien-\u00eatre.<\/p>\n<p>&nbsp;<\/p>\n<p>Dans le programme, vous d\u00e9couvrirez rapidement qu&#8217;un\u00a0<strong>travail respiratoire optimal n&#8217;est pas difficile<\/strong>\u00a0: et qu&#8217;en suivant les bonnes \u00e9tapes progressives, il viendra \u00e0 vous aussi facilement et naturellement que la fa\u00e7on dont vous avez respir\u00e9 toute votre vie.<\/p>\n<p>&nbsp;<\/p>\n<p>\u00c0 la fin du programme, vous \u00e9mergerez avec une relation transform\u00e9e de fa\u00e7on permanente avec votre respiration : et une bo\u00eete \u00e0 outils de techniques et de pratiques que vous utiliserez toute votre vie pour respirer vers un meilleur vous.<\/p>\n<\/div>\n<\/div>\n<\/div>\n<\/div>\n<\/div>\n<\/div>\n<\/div>\n<\/div>\n<\/div>\n<\/div>\n<\/div>\n<\/div>\n","protected":false},"excerpt":{"rendered":"<section class=\"mx-auto w-full p-6 font-extralight text-gray-700 md:my-12 md:w-4\/5 md:p-0 md:text-center\" data-testid=\"quest-description\">\n<div class=\"mv-container\" data-v-aa593756=\"\">\n<div class=\"grid gap-4 lg_gap-6 lg_text-center text-left lg_w-5\/6 mx-auto\" data-v-aa593756=\"\">\n<h5 class=\"mv-type--title6 text-cool-grey-600\">Un programme de 14 jours par Niraj Naik pour d\u00e9bloquer la gu\u00e9rison, le bonheur et les performances de pointe gr\u00e2ce aux techniques transformatrices de SOMA Breath.<\/h5>\n<\/div>\n<\/div>\n<\/section>\n<section class=\"flex flex-col items-center md:flex-row\" data-testid=\"author-info\">\n<div class=\"w-full p-6 pb-0 md:pb-6\">\n<p>\u2705 Le\u00e7on 16<\/p>\n<p>\u23f1 4 Heures 33 Minutes<\/p>\n<p>+Bonus Meditations<\/p>\n<p>\ud83d\udc42\ud83c\udffbAudio en fran\u00e7ais<\/p>\n<p>Acc\u00e9der \u00e0 Google Drive<\/p>\n<\/div>\n<\/section>\n","protected":false},"featured_media":1752,"comment_status":"open","ping_status":"closed","template":"","meta":{"site-sidebar-layout":"default","site-content-layout":"","ast-site-content-layout":"default","site-content-style":"default","site-sidebar-style":"default","ast-global-header-display":"","ast-banner-title-visibility":"","ast-main-header-display":"","ast-hfb-above-header-display":"","ast-hfb-below-header-display":"","ast-hfb-mobile-header-display":"","site-post-title":"","ast-breadcrumbs-content":"","ast-featured-img":"","footer-sml-layout":"","theme-transparent-header-meta":"default","adv-header-id-meta":"","stick-header-meta":"","header-above-stick-meta":"","header-main-stick-meta":"","header-below-stick-meta":"","astra-migrate-meta-layouts":"set","ast-page-background-enabled":"default","ast-page-background-meta":{"desktop":{"background-color":"var(--ast-global-color-4)","background-image":"","background-repeat":"repeat","background-position":"center center","background-size":"auto","background-attachment":"scroll","background-type":"","background-media":"","overlay-type":"","overlay-color":"","overlay-gradient":""},"tablet":{"background-color":"","background-image":"","background-repeat":"repeat","background-position":"center center","background-size":"auto","background-attachment":"scroll","background-type":"","background-media":"","overlay-type":"","overlay-color":"","overlay-gradient":""},"mobile":{"background-color":"","background-image":"","background-repeat":"repeat","background-position":"center center","background-size":"auto","background-attachment":"scroll","background-type":"","background-media":"","overlay-type":"","overlay-color":"","overlay-gradient":""}},"ast-content-background-meta":{"desktop":{"background-color":"var(--ast-global-color-5)","background-image":"","background-repeat":"repeat","background-position":"center center","background-size":"auto","background-attachment":"scroll","background-type":"","background-media":"","overlay-type":"","overlay-color":"","overlay-gradient":""},"tablet":{"background-color":"var(--ast-global-color-5)","background-image":"","background-repeat":"repeat","background-position":"center center","background-size":"auto","background-attachment":"scroll","background-type":"","background-media":"","overlay-type":"","overlay-color":"","overlay-gradient":""},"mobile":{"background-color":"var(--ast-global-color-5)","background-image":"","background-repeat":"repeat","background-position":"center center","background-size":"auto","background-attachment":"scroll","background-type":"","background-media":"","overlay-type":"","overlay-color":"","overlay-gradient":""}},"_joinchat":[]},"product_cat":[22,21,20],"product_tag":[],"_links":{"self":[{"href":"https:\/\/karlydigitalworld.com\/index.php\/wp-json\/wp\/v2\/product\/1751"}],"collection":[{"href":"https:\/\/karlydigitalworld.com\/index.php\/wp-json\/wp\/v2\/product"}],"about":[{"href":"https:\/\/karlydigitalworld.com\/index.php\/wp-json\/wp\/v2\/types\/product"}],"replies":[{"embeddable":true,"href":"https:\/\/karlydigitalworld.com\/index.php\/wp-json\/wp\/v2\/comments?post=1751"}],"wp:featuredmedia":[{"embeddable":true,"href":"https:\/\/karlydigitalworld.com\/index.php\/wp-json\/wp\/v2\/media\/1752"}],"wp:attachment":[{"href":"https:\/\/karlydigitalworld.com\/index.php\/wp-json\/wp\/v2\/media?parent=1751"}],"wp:term":[{"taxonomy":"product_cat","embeddable":true,"href":"https:\/\/karlydigitalworld.com\/index.php\/wp-json\/wp\/v2\/product_cat?post=1751"},{"taxonomy":"product_tag","embeddable":true,"href":"https:\/\/karlydigitalworld.com\/index.php\/wp-json\/wp\/v2\/product_tag?post=1751"}],"curies":[{"name":"wp","href":"https:\/\/api.w.org\/{rel}","templated":true}]}}