{"id":1720,"date":"2024-12-27T17:19:17","date_gmt":"2024-12-27T17:19:17","guid":{"rendered":"https:\/\/karlydigitalworld.com\/?post_type=product&#038;p=1720"},"modified":"2024-12-27T17:19:17","modified_gmt":"2024-12-27T17:19:17","slug":"les-5-regles-de-vie-maye-musk-en-francais","status":"publish","type":"product","link":"https:\/\/karlydigitalworld.com\/index.php\/product\/les-5-regles-de-vie-maye-musk-en-francais\/","title":{"rendered":"Les 5 r\u00e8gles de vie Maye Musk (En Fran\u00e7ais)"},"content":{"rendered":"<div id=\"\" class=\"grid gap-y-4 lg_gap-y-6 w-full lg_w-5\/6 text-center mx-auto min-h-fit storyblok__outline\" data-v-65686310=\"\" data-blok-c=\"undefined\" data-blok-uid=\"undefined\">\n<div class=\"pb-markdown min-h-fit mv-type--title5 storyblok__outline\" data-v-65686310=\"\" data-blok-c=\"undefined\" data-blok-uid=\"undefined\">\n<div id=\"\" class=\"grid gap-y-4 lg_gap-y-6 w-full lg_w-5\/6 text-center mx-auto min-h-fit storyblok__outline\" data-v-65686310=\"\" data-blok-c=\"undefined\" data-blok-uid=\"undefined\">\n<div class=\"pb-markdown min-h-fit mv-type--title5 storyblok__outline\" data-v-65686310=\"\" data-blok-c=\"undefined\" data-blok-uid=\"undefined\">\n<h2 style=\"text-align: center;\">Rejoignez Maye Musk, le mannequin, entrepreneur et auteur \u00e0 succ\u00e8s le plus \u00e2g\u00e9 du monde, alors qu&#8217;elle partage ses plus grandes le\u00e7ons tir\u00e9es d&#8217;une vie v\u00e9cue au-del\u00e0 de l&#8217;ordinaire<\/h2>\n<p>&nbsp;<\/p>\n<\/div>\n<\/div>\n<div class=\"pb-markdown min-h-fit mv-type--titlebold8 storyblok__outline\" data-v-65686310=\"\" data-blok-c=\"undefined\" data-blok-uid=\"undefined\">\n<p><span>Si vous avez ressenti l\u2019appel de diriger, d\u2019influencer ou d\u2019apporter une contribution significative \u00e0 votre vie professionnelle, ce programme est fait pour vous.<\/span><\/p>\n<p>&nbsp;<\/p>\n<\/div>\n<div class=\"pb-markdown min-h-fit mv-type--body mt-4 storyblok__outline\" data-v-65686310=\"\" data-blok-c=\"undefined\" data-blok-uid=\"undefined\">\n<p><span>\u00c0 75 ans, Maye est d\u00e9sormais dans la fleur de l\u2019\u00e2ge.<\/span><\/p>\n<p>&nbsp;<\/p>\n<p><span>Elle est une force redoutable \u00e0 part enti\u00e8re : un mannequin \u00e0 succ\u00e8s qui fait la couverture de Vogue et d&#8217;Elle, une conf\u00e9renci\u00e8re recherch\u00e9e, une nutritionniste et un mod\u00e8le pour les femmes du monde entier.<\/span><\/p>\n<p>&nbsp;<\/p>\n<p><span>Son histoire incarne la r\u00e9silience, la force et le pouvoir de red\u00e9finir les normes soci\u00e9tales autour de l\u2019\u00e2ge et du succ\u00e8s.<\/span><\/p>\n<p><span>Et son message pour vous est que vous pouvez l\u2019\u00eatre aussi.<\/span><\/p>\n<p>&nbsp;<\/p>\n<p><span>Peu importe votre \u00e2ge, d&#8217;o\u00f9 vous venez, ce qui s&#8217;est pass\u00e9 ou ce qui vous retient.<\/span><\/p>\n<p>&nbsp;<\/p>\n<p><span>La cl\u00e9 de tout cela r\u00e9side dans cinq le\u00e7ons simples mais durement acquises que Maye a incarn\u00e9es tout au long de sa vie.<\/span><\/p>\n<p>&nbsp;<\/p>\n<p><span>Et gr\u00e2ce \u00e0 son tout premier programme avec Mindvalley, ces r\u00e8gles sont d\u00e9sormais \u00e0 votre port\u00e9e. Vous aussi, vous pouvez entrer dans une vie qui ne cesse de s&#8217;am\u00e9liorer, chaque jour et \u00e0 tous \u00e9gards.<\/span><\/p>\n<\/div>\n<p>&nbsp;<\/p>\n<div class=\"min-h-fit\" data-v-65686310=\"\">\n<div id=\"\" class=\"w-full lg_w-5\/6 xl_w-2\/3 mt-6 lg_mt-12 mx-auto min-h-fit storyblok__outline\" data-v-65686310=\"\" data-blok-c=\"undefined\" data-blok-uid=\"undefined\">\n<div data-v-b5aac44a=\"\" data-v-65686310=\"\">\n<div class=\"w-full lg_w-2\/3 mx-auto mb-7 md_mb-9 min-h-fit storyblok__outline\" data-v-65686310=\"\" data-blok-c=\"undefined\" data-blok-uid=\"undefined\">\n<div class=\"pb-markdown min-h-fit mv-type--titlebold5 text-center storyblok__outline\" data-v-65686310=\"\" data-blok-c=\"undefined\" data-blok-uid=\"undefined\">\n<h3 style=\"text-align: center;\">En 5 jours, d\u00e9couvrez pourquoi \u00eatre une femme de plus de 40 ans n&#8217;est pas un signe pour ralentir, mais pour aller plus loin dans votre pouvoir<\/h3>\n<p>&nbsp;<\/p>\n<\/div>\n<\/div>\n<div id=\"\" class=\"w-full lg_w-2\/3 mx-auto min-h-fit storyblok__outline\" data-v-65686310=\"\" data-blok-c=\"undefined\" data-blok-uid=\"undefined\">\n<div class=\"pb-markdown min-h-fit mv-type--body storyblok__outline\" data-v-65686310=\"\" data-blok-c=\"undefined\" data-blok-uid=\"undefined\">\n<p>\u00c0 premi\u00e8re vue, Maye Musk est un exemple de beaut\u00e9 durable, de succ\u00e8s et de gr\u00e2ce. Mais derri\u00e8re les projecteurs se cache une histoire qui r\u00e9sonne en chacun de nous.<\/p>\n<p>&nbsp;<\/p>\n<p>Un r\u00e9cit des premi\u00e8res difficult\u00e9s, des d\u00e9fis de la monoparentalit\u00e9 et des doutes qui accompagnent l\u2019\u00e2ge.<\/p>\n<p>&nbsp;<\/p>\n<p>Pourtant, malgr\u00e9 tout cela, Maye est devenue un symbole florissant du pouvoir intemporel de chaque femme.<\/p>\n<p>&nbsp;<\/p>\n<p>Le monde \u00e9volue rapidement et, aujourd\u2019hui plus que jamais, nous avons besoin que les femmes prennent leur pouvoir et apportent leurs pr\u00e9cieuses connaissances dans les affaires, au gouvernement et dans diverses sph\u00e8res professionnelles.<\/p>\n<p>&nbsp;<\/p>\n<p>Prendre soin de vous, de votre famille et de vos amis, avoir une apparence et une sensation fantastiques, r\u00e9ussir sa carri\u00e8re et vivre une vie aventureuse\u2026<\/p>\n<p>&nbsp;<\/p>\n<p>Cette qu\u00eate vous montre pourquoi vous m\u00e9ritez tout et comment vivre une vie au-del\u00e0 de l&#8217;ordinaire : avec Maye Musk comme guide et mentor.<\/p>\n<p>&nbsp;<\/p>\n<p>Dans cette qu\u00eate transformatrice, Maye partage ses strat\u00e9gies personnelles, ses changements d\u2019\u00e9tat d\u2019esprit et ses outils pratiques pour vous aider \u00e0 \u00e9crire votre histoire extraordinaire \u00e0 tout \u00e2ge.<\/p>\n<\/div>\n<p>&nbsp;<\/p>\n<\/div>\n<\/div>\n<\/div>\n<\/div>\n<\/div>\n<p>&nbsp;<\/p>\n<\/div>\n<div class=\"min-h-fit\" data-v-65686310=\"\">\n<div id=\"\" class=\"w-full lg_w-5\/6 xl_w-2\/3 mt-6 lg_mt-12 mx-auto min-h-fit storyblok__outline\" data-v-65686310=\"\" data-blok-c=\"undefined\" data-blok-uid=\"undefined\">\n<div data-v-b5aac44a=\"\" data-v-65686310=\"\">\n<div class=\"mv-container min-h-fit storyblok__outline\" data-v-65686310=\"\" data-blok-c=\"undefined\" data-blok-uid=\"undefined\">\n<div class=\"w-full text-center lg_w-2\/3 mx-auto min-h-fit storyblok__outline\" data-v-65686310=\"\" data-blok-c=\"undefined\" data-blok-uid=\"undefined\">\n<div class=\"pb-markdown min-h-fit mv-type--titlebold4 text-center mb-8 md_mb-12 storyblok__outline\" data-v-65686310=\"\" data-blok-c=\"undefined\" data-blok-uid=\"undefined\">\n<h2>Ce que vous gagnerez avec les 5 r\u00e8gles de vie de Maye Musk<\/h2>\n<p>&nbsp;<\/p>\n<\/div>\n<\/div>\n<\/div>\n<div class=\"mv-container min-h-fit storyblok__outline\" data-v-65686310=\"\" data-blok-c=\"undefined\" data-blok-uid=\"undefined\">\n<div class=\"pb-markdown min-h-fit lg_w-2\/3 mx-auto mv-type--title6 mv-list__number --spacious storyblok__outline\" data-v-65686310=\"\" data-blok-c=\"undefined\" data-blok-uid=\"undefined\">\n<ul>\n<li>Aimez-vous, enti\u00e8rement et inconditionnellement<\/li>\n<\/ul>\n<p class=\"mv-type--body\">Gr\u00e2ce \u00e0 une s\u00e9rie de r\u00e9flexions et de contemplations profondes avec Maye, vous apprendrez \u00e0 vous voir sous un nouveau jour. Vos forces et vos dons uniques vous appara\u00eetront plus clairement. Les faiblesses qui vous ont autrefois caus\u00e9 de l&#8217;anxi\u00e9t\u00e9 se transformeront en opportunit\u00e9s de croissance et d&#8217;apprentissage. Et \u00eatre \u00e0 l&#8217;aise avec vous-m\u00eame deviendra votre nouvelle seconde nature.<\/p>\n<p>&nbsp;<\/p>\n<ul>\n<li>D\u00e9velopper une r\u00e9silience et un courage in\u00e9branlables<\/li>\n<\/ul>\n<p class=\"mv-type--body\">Vous aurez une meilleure perspective sur l&#8217;adversit\u00e9 et sur la fa\u00e7on de naviguer m\u00eame dans les mers les plus agit\u00e9es avec force et courage. Les revers et les d\u00e9fis deviendront des aventures \u00e0 entreprendre : et au lieu de les \u00e9viter, Maye vous apprendra \u00e0 les affronter de front, pour en sortir toujours meilleur et plus sage.<\/p>\n<p>&nbsp;<\/p>\n<ul>\n<li>Reprogrammez vos sch\u00e9mas de pens\u00e9e<\/li>\n<\/ul>\n<p class=\"mv-type--body\">Vous deviendrez hyper conscient des situations et des d\u00e9clencheurs qui vous poussent \u00e0 fonctionner dans un espace de n\u00e9gativit\u00e9, de peur et d&#8217;\u00e9vitement. Ensuite, Maye vous aidera \u00e0 reprogrammer ces sch\u00e9mas afin que la positivit\u00e9, la possibilit\u00e9 et le courage deviennent vos \u00e9tats par d\u00e9faut : incarn\u00e9s de mani\u00e8re si puissante que m\u00eame les personnes qui vous entourent en sont soulag\u00e9es.<\/p>\n<p>&nbsp;<\/p>\n<ul>\n<li>Reprenez confiance en vous et votre pouvoir personnel<\/li>\n<\/ul>\n<p class=\"mv-type--body\">Si vous \u00eates comme la plupart des gens, votre confiance en vous est probablement min\u00e9e par des exp\u00e9riences pass\u00e9es et des croyances subconscientes limitantes. En suivant le chemin de vie de Maye, vous aurez l&#8217;occasion de retrouver cette confiance en vous en repensant \u00e0 tout ce qui s&#8217;est d\u00e9j\u00e0 produit et en imaginant tout ce qui peut arriver une fois que vous aurez atteint votre plein pouvoir personnel.<\/p>\n<p>&nbsp;<\/p>\n<ul>\n<li>Approfondissez vos relations sacr\u00e9es<\/li>\n<\/ul>\n<p class=\"mv-type--body\">La vie de Maye nous rappelle avec force que notre travail et notre mission peuvent et doivent s&#8217;\u00e9panouir en harmonie avec nos relations personnelles. Vous d\u00e9couvrirez comment \u00eatre un parent, un ami, un partenaire et un membre de la famille plus efficace et plus pr\u00e9sent, sans jamais perdre de vue l&#8217;impact et l&#8217;h\u00e9ritage que vous souhaitez laisser derri\u00e8re vous.<\/p>\n<p>&nbsp;<\/p>\n<ul>\n<li>Vieillir avec gr\u00e2ce et confiance<\/li>\n<\/ul>\n<p class=\"mv-type--body\">Les plus grands succ\u00e8s de Maye sont survenus au cours de ses derni\u00e8res ann\u00e9es : un fait qui d\u00e9fie l&#8217;id\u00e9e selon laquelle le vieillissement est une p\u00e9riode de ralentissement et de satisfaction de moins. Et quel que soit votre \u00e2ge actuel, vous serez invit\u00e9 \u00e0 adopter une nouvelle perspective sur le processus de vieillissement : une perspective qui vous lib\u00e8re, vous permet de grandir et d&#8217;explorer toute votre vie, et qui rend chaque ann\u00e9e qui passe meilleure que la pr\u00e9c\u00e9dente.<\/p>\n<p>&nbsp;<\/p>\n<\/div>\n<\/div>\n<div class=\"mv-container min-h-fit storyblok__outline\" data-v-65686310=\"\" data-blok-c=\"undefined\" data-blok-uid=\"undefined\">\n<div class=\"w-full text-center lg_w-2\/3 mx-auto min-h-fit storyblok__outline\" data-v-65686310=\"\" data-blok-c=\"undefined\" data-blok-uid=\"undefined\">\n<div class=\"pb-markdown min-h-fit mv-type--titlebold4 text-center mb-8 md_mb-10 lg_mb-12 storyblok__outline\" data-v-65686310=\"\" data-blok-c=\"undefined\" data-blok-uid=\"undefined\">\n<h2 style=\"text-align: center;\">Le programme<\/h2>\n<\/div>\n<\/div>\n<\/div>\n<div id=\"\" class=\"mv-container min-h-fit storyblok__outline\" data-v-65686310=\"\" data-blok-c=\"undefined\" data-blok-uid=\"undefined\">\n<div class=\"pb-markdown min-h-fit mv-type--titlebold5 text-center mb-8 md_mb-12 lg_mb-16 lg_w-2\/3 mx-auto storyblok__outline\" data-v-65686310=\"\" data-blok-c=\"undefined\" data-blok-uid=\"undefined\">\n<h3 style=\"text-align: center;\">D\u00e9couvrez le programme des 5 r\u00e8gles de vie de Maye Musk<\/h3>\n<p>&nbsp;<\/p>\n<p><img fetchpriority=\"high\" decoding=\"async\" class=\"aligncenter\" src=\"https:\/\/storyblok-cdn.mindvalley.com\/f\/60579\/2068x1110\/8ef37bc7d0\/5rol_sp_devices_curriculum.png?quality=60&amp;auto=webp&amp;dpr=1.100000023841858&amp;width=800\" alt=\"Les 5 r\u00e8gles de vie de Maye Musk sur plusieurs appareils\" width=\"749\" height=\"402\" \/><\/p>\n<div class=\"pb-markdown min-h-fit mv-type--body lg_w-1\/3 storyblok__outline\" data-v-65686310=\"\" data-blok-c=\"undefined\" data-blok-uid=\"undefined\">\n<p><span>Les 5 r\u00e8gles de vie de Maye Musk sont un voyage en ligne de cinq jours vers une vie v\u00e9cue pleinement : avec Maye elle-m\u00eame comme guide et mentor.<\/span><\/p>\n<p>&nbsp;<\/p>\n<p><span>Chaque jour, vous rejoindrez Maye pour une le\u00e7on vid\u00e9o intime : alors qu&#8217;elle vous donne la sagesse, les le\u00e7ons de vie et les \u00e9piphanies dont vous avez besoin pour incarner chacune d&#8217;entre elles toute votre vie.<\/span><\/p>\n<p>&nbsp;<\/p>\n<p><span>\u00c0 la fin du programme, vous aurez une perspective renouvel\u00e9e sur votre travail et vos passions. Un plan plus clair pour r\u00e9aliser vos r\u00eaves et votre objectif. Des relations plus profondes avec les autres et avec vous-m\u00eame. Et les cl\u00e9s d&#8217;une vie de r\u00e9ussite sans compromis dans tout ce qui compte pour vous.<\/span><\/p>\n<\/div>\n<\/div>\n<\/div>\n<\/div>\n<\/div>\n<\/div>\n","protected":false},"excerpt":{"rendered":"<div class=\"pb-markdown min-h-fit mv-type--titlebold3 storyblok__outline\" data-v-65686310=\"\" data-blok-c=\"undefined\" data-blok-uid=\"undefined\">\n<h1><span>Reprenez votre pouvoir en tant que femme avec Maye Musk<\/span><\/h1>\n<\/div>\n<div class=\"pb-markdown min-h-fit mv-type--title5 storyblok__outline\" data-v-65686310=\"\" data-blok-c=\"undefined\" data-blok-uid=\"undefined\"><\/div>\n<p>\u2705 Le\u00e7on 5<\/p>\n<p>\u23f1 1 Heures 18 Minutes<\/p>\n<p>\ud83d\udc42\ud83c\udffbAudio en fran\u00e7ais<\/p>\n<p>Acc\u00e9der \u00e0 Google Drive<\/p>\n","protected":false},"featured_media":1721,"comment_status":"open","ping_status":"closed","template":"","meta":{"site-sidebar-layout":"default","site-content-layout":"","ast-site-content-layout":"default","site-content-style":"default","site-sidebar-style":"default","ast-global-header-display":"","ast-banner-title-visibility":"","ast-main-header-display":"","ast-hfb-above-header-display":"","ast-hfb-below-header-display":"","ast-hfb-mobile-header-display":"","site-post-title":"","ast-breadcrumbs-content":"","ast-featured-img":"","footer-sml-layout":"","theme-transparent-header-meta":"default","adv-header-id-meta":"","stick-header-meta":"","header-above-stick-meta":"","header-main-stick-meta":"","header-below-stick-meta":"","astra-migrate-meta-layouts":"set","ast-page-background-enabled":"default","ast-page-background-meta":{"desktop":{"background-color":"var(--ast-global-color-4)","background-image":"","background-repeat":"repeat","background-position":"center center","background-size":"auto","background-attachment":"scroll","background-type":"","background-media":"","overlay-type":"","overlay-color":"","overlay-gradient":""},"tablet":{"background-color":"","background-image":"","background-repeat":"repeat","background-position":"center center","background-size":"auto","background-attachment":"scroll","background-type":"","background-media":"","overlay-type":"","overlay-color":"","overlay-gradient":""},"mobile":{"background-color":"","background-image":"","background-repeat":"repeat","background-position":"center center","background-size":"auto","background-attachment":"scroll","background-type":"","background-media":"","overlay-type":"","overlay-color":"","overlay-gradient":""}},"ast-content-background-meta":{"desktop":{"background-color":"var(--ast-global-color-5)","background-image":"","background-repeat":"repeat","background-position":"center center","background-size":"auto","background-attachment":"scroll","background-type":"","background-media":"","overlay-type":"","overlay-color":"","overlay-gradient":""},"tablet":{"background-color":"var(--ast-global-color-5)","background-image":"","background-repeat":"repeat","background-position":"center center","background-size":"auto","background-attachment":"scroll","background-type":"","background-media":"","overlay-type":"","overlay-color":"","overlay-gradient":""},"mobile":{"background-color":"var(--ast-global-color-5)","background-image":"","background-repeat":"repeat","background-position":"center center","background-size":"auto","background-attachment":"scroll","background-type":"","background-media":"","overlay-type":"","overlay-color":"","overlay-gradient":""}},"_joinchat":[]},"product_cat":[22,21,20],"product_tag":[],"_links":{"self":[{"href":"https:\/\/karlydigitalworld.com\/index.php\/wp-json\/wp\/v2\/product\/1720"}],"collection":[{"href":"https:\/\/karlydigitalworld.com\/index.php\/wp-json\/wp\/v2\/product"}],"about":[{"href":"https:\/\/karlydigitalworld.com\/index.php\/wp-json\/wp\/v2\/types\/product"}],"replies":[{"embeddable":true,"href":"https:\/\/karlydigitalworld.com\/index.php\/wp-json\/wp\/v2\/comments?post=1720"}],"wp:featuredmedia":[{"embeddable":true,"href":"https:\/\/karlydigitalworld.com\/index.php\/wp-json\/wp\/v2\/media\/1721"}],"wp:attachment":[{"href":"https:\/\/karlydigitalworld.com\/index.php\/wp-json\/wp\/v2\/media?parent=1720"}],"wp:term":[{"taxonomy":"product_cat","embeddable":true,"href":"https:\/\/karlydigitalworld.com\/index.php\/wp-json\/wp\/v2\/product_cat?post=1720"},{"taxonomy":"product_tag","embeddable":true,"href":"https:\/\/karlydigitalworld.com\/index.php\/wp-json\/wp\/v2\/product_tag?post=1720"}],"curies":[{"name":"wp","href":"https:\/\/api.w.org\/{rel}","templated":true}]}}