{"id":1711,"date":"2024-11-12T00:34:39","date_gmt":"2024-11-12T00:34:39","guid":{"rendered":"https:\/\/karlydigitalworld.com\/?post_type=product&#038;p=1711"},"modified":"2024-11-12T00:34:39","modified_gmt":"2024-11-12T00:34:39","slug":"7-figure-manifestation-workshop-regan-hillyer-sous-titres-francais","status":"publish","type":"product","link":"https:\/\/karlydigitalworld.com\/index.php\/product\/7-figure-manifestation-workshop-regan-hillyer-sous-titres-francais\/","title":{"rendered":"7-Figure Manifestation Workshop &#8211; Regan Hillyer (sous-titres fran\u00e7ais)"},"content":{"rendered":"<div class=\"pb-markdown min-h-fit mv-type--title6 mb-3 storyblok__outline\" data-v-65686310=\"\" data-blok-c=\"undefined\" data-blok-uid=\"undefined\">\n<h5 style=\"text-align: center;\">Faites monter en fl\u00e8che vos r\u00e9sultats dans tous les domaines de la vie, peu importe si vous cherchez \u00e0 faire appel \u00e0 la richesse, \u00e0 la sant\u00e9, au succ\u00e8s ou \u00e0 l&#8217;amour.<\/h5>\n<\/div>\n<div class=\"pb-markdown min-h-fit mv-type--body storyblok__outline\" data-v-65686310=\"\" data-blok-c=\"undefined\" data-blok-uid=\"undefined\"><\/div>\n<div data-v-65686310=\"\" data-blok-c=\"undefined\" data-blok-uid=\"undefined\"><\/div>\n<div data-v-65686310=\"\" data-blok-c=\"undefined\" data-blok-uid=\"undefined\">\n<div class=\"pb-markdown min-h-fit mv-type--titlebold4 lg_text-center storyblok__outline\" data-v-65686310=\"\" data-blok-c=\"undefined\" data-blok-uid=\"undefined\">\n<h2>\u00cates-vous pr\u00eat \u00e0 int\u00e9grer la prochaine couche de succ\u00e8s dans votre r\u00e9alit\u00e9 ?<\/h2>\n<p>&nbsp;<\/p>\n<\/div>\n<div class=\"pb-markdown min-h-fit mv-type--body mt-8 storyblok__outline\" data-v-65686310=\"\" data-blok-c=\"undefined\" data-blok-uid=\"undefined\">\n<p>Alors c&#8217;est le moment de changer d&#8217;\u00e9tat d&#8217;esprit pour \u00eatre plus, avoir plus et donner plus&#8230;<\/p>\n<p>Avez-vous essay\u00e9 de nombreuses strat\u00e9gies mais aucune n\u2019a fonctionn\u00e9 ?<\/p>\n<p>\u00cates-vous pr\u00eat \u00e0 avoir un impact significatif dans votre vie et dans le monde ?<\/p>\n<p>&nbsp;<\/p>\n<\/div>\n<div class=\"pb-markdown mv-type--title4 storyblok__outline\" data-v-65686310=\"\" data-blok-c=\"undefined\" data-blok-uid=\"undefined\">\n<blockquote class=\"my-8 mv-type--title4\">\n<p class=\"text-left text-cool-grey-700\">Pour obtenir cet impact, il faut en partie g\u00e9n\u00e9rer l\u2019abondance financi\u00e8re qui le soutient.<\/p>\n<\/blockquote>\n<p>Au cours de cette formation puissante de 3 heures, vous apprendrez \u00e0 devenir la version de vous-m\u00eame qui vaut un million de dollars afin que l&#8217;argent apparaisse comme le reflet de cela dans votre r\u00e9alit\u00e9 physique.<\/p>\n<p>Regan Hillyer d\u00e9couvrira les secrets pour manifester la vie et les revenus que vous d\u00e9sirez, vous aidant \u00e0 faire monter en fl\u00e8che vos r\u00e9sultats dans tous les domaines de la vie, que vous cherchiez \u00e0 faire appel \u00e0 la richesse, \u00e0 la sant\u00e9, au succ\u00e8s ou \u00e0 l&#8217;amour.<\/p>\n<p>&nbsp;<\/p>\n<\/div>\n<div class=\"pb-markdown min-h-fit mv-type--body storyblok__outline\" data-v-65686310=\"\" data-blok-c=\"undefined\" data-blok-uid=\"undefined\"><img fetchpriority=\"high\" decoding=\"async\" class=\"aligncenter\" src=\"https:\/\/storyblok-cdn.mindvalley.com\/f\/60579\/6720x3780\/3a1c1ed413\/regan_meditating_16x9.jpg?quality=60&amp;auto=webp&amp;dpr=1.25&amp;width=752\" alt=\"Regan meditating\" width=\"531\" height=\"299\" \/><\/div>\n<\/div>\n<div data-v-65686310=\"\" data-blok-c=\"undefined\" data-blok-uid=\"undefined\">\n<div class=\"pb-markdown min-h-fit mv-type--titlebold3 text-left lg_text-center mb-12 mv-container storyblok__outline\" data-blok-c=\"undefined\" data-blok-uid=\"undefined\">\n<h2>Points forts sp\u00e9ciaux<\/h2>\n<\/div>\n<div id=\"\" class=\"mb-10 lg_mb-20 min-h-fit storyblok__outline\" data-v-65686310=\"\" data-blok-c=\"undefined\" data-blok-uid=\"undefined\">\n<div class=\"grid grid-cols-12 gap-6 mv-container\" data-v-6e1f6448=\"\" data-v-65686310=\"\" data-test=\"two-column\">\n<div class=\"m-auto col-span-12 lg_col-span-5\" data-v-6e1f6448=\"\" data-test=\"two-column-left\">\n<div class=\"grid grid-cols-1 gap-3\" data-v-6e1f6448=\"\">\n<div class=\"variant6\" data-v-6e1f6448=\"\">\n<div class=\"hidden md_block\" data-v-6e1f6448=\"\"><\/div>\n<div class=\"pb-markdown min-h-fit mv-type--body body-copy mx-auto storyblok__outline\" data-v-6e1f6448=\"\" data-blok-c=\"undefined\" data-blok-uid=\"undefined\">\n<div class=\"pb-markdown min-h-fit mv-type--title5 text-cool-grey-700 mb-3 storyblok__outline\" data-v-6e1f6448=\"\" data-blok-c=\"undefined\" data-blok-uid=\"undefined\">\n<h3>1. R\u00e9alisez un alignement \u00e0 7 chiffres<\/h3>\n<\/div>\n<div class=\"pb-markdown min-h-fit mv-type--body storyblok__outline\" data-v-6e1f6448=\"\" data-blok-c=\"undefined\" data-blok-uid=\"undefined\">\n<p>Apprenez \u00e0 aligner votre \u00e9tat d&#8217;esprit et votre \u00e9nergie sur un succ\u00e8s \u00e0 7 chiffres, quel que soit votre point de d\u00e9part.<\/p>\n<\/div>\n<div class=\"pb-markdown min-h-fit mv-type--title5 text-cool-grey-700 mb-3 storyblok__outline\" data-v-6e1f6448=\"\" data-blok-c=\"undefined\" data-blok-uid=\"undefined\">\n<h3>2. Transformez votre r\u00e9alit\u00e9 financi\u00e8re<\/h3>\n<\/div>\n<div class=\"pb-markdown min-h-fit mv-type--body storyblok__outline\" data-v-6e1f6448=\"\" data-blok-c=\"undefined\" data-blok-uid=\"undefined\">\n<p>D\u00e9couvrez des outils puissants pour red\u00e9finir vos convictions et \u00e9voluer vers une identit\u00e9 ax\u00e9e sur la richesse qui attire l\u2019abondance.<\/p>\n<div class=\"pb-markdown min-h-fit mv-type--title5 text-cool-grey-700 mb-3 storyblok__outline\" data-v-6e1f6448=\"\" data-blok-c=\"undefined\" data-blok-uid=\"undefined\">\n<h3>3. Ma\u00eetriser les pratiques de manifestation<\/h3>\n<\/div>\n<div class=\"pb-markdown min-h-fit mv-type--body storyblok__outline\" data-v-6e1f6448=\"\" data-blok-c=\"undefined\" data-blok-uid=\"undefined\">\n<p>Acc\u00e9dez aux rituels et strat\u00e9gies \u00e9prouv\u00e9s de Regan Hillyer pour manifester syst\u00e9matiquement les r\u00e9sultats souhait\u00e9s dans tous les domaines de la vie.<\/p>\n<p>&nbsp;<\/p>\n<\/div>\n<\/div>\n<div id=\"\" class=\"mv-container min-h-fit storyblok__outline\" data-v-65686310=\"\" data-blok-c=\"undefined\" data-blok-uid=\"undefined\">\n<div class=\"pb-markdown min-h-fit mv-type--titlebold4 text-center mb-8 storyblok__outline\" data-v-65686310=\"\" data-blok-c=\"undefined\" data-blok-uid=\"undefined\">\n<h3 style=\"text-align: center;\">Que contient le paquet<\/h3>\n<p><img decoding=\"async\" class=\"\" src=\"https:\/\/storyblok-cdn.mindvalley.com\/f\/60579\/2048x2048\/847d9acf9a\/7fmw_2048x2048px_1.jpg?quality=60&amp;auto=webp&amp;dpr=1.25&amp;width=197\" alt=\"Unlock rapid income growth\" width=\"169\" height=\"169\" \/><\/p>\n<div class=\"pb-markdown min-h-fit mv-type--overline storyblok__outline\" data-v-65686310=\"\" data-blok-c=\"undefined\" data-blok-uid=\"undefined\">\n<p>Partie n\u00b01 :<\/p>\n<\/div>\n<div class=\"pb-markdown min-h-fit mv-type--title5 storyblok__outline\" data-v-65686310=\"\" data-blok-c=\"undefined\" data-blok-uid=\"undefined\">\n<p>D\u00e9bloquez une croissance rapide des revenus (d\u2019une valeur de 99 $)<\/p>\n<\/div>\n<div class=\"pb-markdown min-h-fit mv-type--body storyblok__outline\" data-v-65686310=\"\" data-blok-c=\"undefined\" data-blok-uid=\"undefined\">\n<p>D\u00e9couvrez des strat\u00e9gies pour augmenter de mani\u00e8re exponentielle vos revenus et cr\u00e9er une libert\u00e9 financi\u00e8re durable.<\/p>\n<p><img decoding=\"async\" class=\"\" src=\"https:\/\/storyblok-cdn.mindvalley.com\/f\/60579\/2048x2048\/c94834f336\/7fmw_2048x2048px_2.jpg?quality=60&amp;auto=webp&amp;dpr=1.25&amp;width=197\" alt=\"Transform into your highest self\" width=\"191\" height=\"191\" \/><\/p>\n<div class=\"pb-markdown min-h-fit mv-type--overline storyblok__outline\" data-v-65686310=\"\" data-blok-c=\"undefined\" data-blok-uid=\"undefined\">\n<p>Partie n\u00b02 :<\/p>\n<\/div>\n<div class=\"pb-markdown min-h-fit mv-type--title5 storyblok__outline\" data-v-65686310=\"\" data-blok-c=\"undefined\" data-blok-uid=\"undefined\">\n<p>Transformez-vous en votre moi le plus \u00e9lev\u00e9 (d&#8217;une valeur de 79 $)<\/p>\n<\/div>\n<div class=\"pb-markdown min-h-fit mv-type--body storyblok__outline\" data-v-65686310=\"\" data-blok-c=\"undefined\" data-blok-uid=\"undefined\">\n<p>Entrez dans votre version la plus puissante, en alignant votre \u00e9tat d&#8217;esprit sur vos objectifs pour un succ\u00e8s imparable.<\/p>\n<p><img loading=\"lazy\" decoding=\"async\" class=\"\" src=\"https:\/\/storyblok-cdn.mindvalley.com\/f\/60579\/2048x2048\/c985361653\/7fmw_2048x2048px_3.jpg?quality=60&amp;auto=webp&amp;dpr=1.25&amp;width=197\" alt=\"Harness abundance energy\" width=\"182\" height=\"182\" \/><\/p>\n<\/div>\n<\/div>\n<\/div>\n<\/div>\n<div id=\"\" class=\"mv-container min-h-fit storyblok__outline\" data-v-65686310=\"\" data-blok-c=\"undefined\" data-blok-uid=\"undefined\">\n<div id=\"\" class=\"w-full lg_w-5\/6 mx-auto flex flex-col gap-6 lg_gap-8 min-h-fit storyblok__outline\" data-v-65686310=\"\" data-blok-c=\"undefined\" data-blok-uid=\"undefined\">\n<div id=\"\" class=\"min-h-fit storyblok__outline\" data-v-65686310=\"\" data-blok-c=\"undefined\" data-blok-uid=\"undefined\">\n<div id=\"\" class=\"mv-card --small --no-shadow grid grid-cols-1 md_grid-cols-4 auto-rows-max gap-6 items-start lg_items-center min-h-fit storyblok__outline\" data-v-65686310=\"\" data-blok-c=\"undefined\" data-blok-uid=\"undefined\">\n<div class=\"pb-markdown min-h-fit mv-type--overline storyblok__outline\" data-v-65686310=\"\" data-blok-c=\"undefined\" data-blok-uid=\"undefined\">\n<p>Partie n\u00b03 :<\/p>\n<\/div>\n<div class=\"pb-markdown min-h-fit mv-type--title5 storyblok__outline\" data-v-65686310=\"\" data-blok-c=\"undefined\" data-blok-uid=\"undefined\">\n<p>Exploitez l\u2019\u00e9nergie d\u2019abondance (d\u2019une valeur de 79 $)<\/p>\n<\/div>\n<div class=\"pb-markdown min-h-fit mv-type--body storyblok__outline\" data-v-65686310=\"\" data-blok-c=\"undefined\" data-blok-uid=\"undefined\">\n<p>Activez et maintenez une connexion profonde et personnelle avec l\u2019\u00e9nergie de l\u2019abondance pour attirer la richesse sans effort.<\/p>\n<p><img loading=\"lazy\" decoding=\"async\" class=\"\" src=\"https:\/\/storyblok-cdn.mindvalley.com\/f\/60579\/2048x2048\/484f9addbc\/7fmw_2048x2048px_4.jpg?quality=60&amp;auto=webp&amp;dpr=1.25&amp;width=197\" alt=\"Reprogram money beliefs\" width=\"180\" height=\"180\" \/><\/p>\n<\/div>\n<\/div>\n<\/div>\n<\/div>\n<\/div>\n<\/div>\n<\/div>\n<div class=\"--full\" data-v-6e1f6448=\"\" data-test=\"body\">\n<div class=\"pb-markdown min-h-fit mv-type--title5 text-cool-grey-700 mb-3 storyblok__outline\" data-v-6e1f6448=\"\" data-blok-c=\"undefined\" data-blok-uid=\"undefined\">\n<div class=\"pb-markdown min-h-fit mv-type--overline storyblok__outline\" data-v-65686310=\"\" data-blok-c=\"undefined\" data-blok-uid=\"undefined\">\n<p>Partie n\u00b04 :<\/p>\n<\/div>\n<div class=\"pb-markdown min-h-fit mv-type--title5 storyblok__outline\" data-v-65686310=\"\" data-blok-c=\"undefined\" data-blok-uid=\"undefined\">\n<p>Reprogrammer les croyances mon\u00e9taires (d&#8217;une valeur de 59 $)<\/p>\n<\/div>\n<div class=\"pb-markdown min-h-fit mv-type--body storyblok__outline\" data-v-65686310=\"\" data-blok-c=\"undefined\" data-blok-uid=\"undefined\">\n<p>Identifiez et modifiez les croyances limitantes concernant l\u2019argent, en les rempla\u00e7ant par des croyances stimulantes qui soutiennent vos objectifs financiers.<\/p>\n<p><img loading=\"lazy\" decoding=\"async\" class=\"\" src=\"https:\/\/storyblok-cdn.mindvalley.com\/f\/60579\/2048x2048\/9449e8c62d\/7fmw_2048x2048px_5.jpg?quality=60&amp;auto=webp&amp;dpr=1.25&amp;width=197\" alt=\"Master 7-figure money tracking\" width=\"181\" height=\"181\" \/><\/p>\n<div class=\"pb-markdown min-h-fit mv-type--overline storyblok__outline\" data-v-65686310=\"\" data-blok-c=\"undefined\" data-blok-uid=\"undefined\">\n<p>Partie n\u00b05 :<\/p>\n<\/div>\n<div class=\"pb-markdown min-h-fit mv-type--title5 storyblok__outline\" data-v-65686310=\"\" data-blok-c=\"undefined\" data-blok-uid=\"undefined\">\n<p>Ma\u00eetrisez le suivi de l&#8217;argent \u00e0 7 chiffres (d&#8217;une valeur de 49 $)<\/p>\n<\/div>\n<div class=\"pb-markdown min-h-fit mv-type--body storyblok__outline\" data-v-65686310=\"\" data-blok-c=\"undefined\" data-blok-uid=\"undefined\">\n<p>Apprenez les techniques exclusives de Regan pour suivre et g\u00e9rer votre argent afin de maintenir et d&#8217;augmenter un revenu \u00e0 7 chiffres.<\/p>\n<p>&nbsp;<\/p>\n<\/div>\n<div class=\"pb-markdown min-h-fit mv-type--titlebold4 w-full lg_w-4\/6 mx-auto text-center mb-2 storyblok__outline\" data-v-65686310=\"\" data-blok-c=\"undefined\" data-blok-uid=\"undefined\">\n<h4 style=\"text-align: center;\">Lib\u00e9rez votre chemin vers l&#8217;abondance &#8211; Acc\u00e9dez \u00e0 l&#8217;atelier d\u00e8s aujourd&#8217;hui<\/h4>\n<p>&nbsp;<\/p>\n<\/div>\n<div class=\"pb-markdown min-h-fit mv-type--body mb-7 w-full lg_w-4\/6 mx-auto lg_mb-10 text-center storyblok__outline\" data-v-65686310=\"\" data-blok-c=\"undefined\" data-blok-uid=\"undefined\">\n<p>Ne manquez pas cette extraordinaire opportunit\u00e9 d\u2019acqu\u00e9rir des connaissances puissantes et des outils pratiques pour manifester l\u2019abondance. \u00c9quipez-vous des connaissances n\u00e9cessaires pour vous aligner sur votre moi le plus \u00e9lev\u00e9 et atteindre un succ\u00e8s \u00e0 7 chiffres.<\/p>\n<p>&nbsp;<\/p>\n<p><img loading=\"lazy\" decoding=\"async\" class=\"aligncenter\" src=\"https:\/\/storyblok-cdn.mindvalley.com\/f\/60579\/1920x1080\/7153981e77\/7fmw_curriculum.png?quality=60&amp;auto=webp&amp;dpr=1.25&amp;width=723\" alt=\"Mindvalley AI Summit on multiple devices\" width=\"648\" height=\"365\" \/><\/p>\n<\/div>\n<\/div>\n<\/div>\n<\/div>\n<\/div>\n<\/div>\n<\/div>\n<\/div>\n<\/div>\n","protected":false},"excerpt":{"rendered":"<div class=\"pb-markdown min-h-fit mv-type--title6 mb-3 storyblok__outline\" data-v-65686310=\"\" data-blok-c=\"undefined\" data-blok-uid=\"undefined\">\n<h5>Faites monter en fl\u00e8che vos r\u00e9sultats dans tous les domaines de la vie, peu importe si vous cherchez \u00e0 faire appel \u00e0 la richesse, \u00e0 la sant\u00e9, au succ\u00e8s ou \u00e0 l&#8217;amour.<\/h5>\n<\/div>\n<div class=\"pb-markdown min-h-fit mv-type--body storyblok__outline\" data-v-65686310=\"\" data-blok-c=\"undefined\" data-blok-uid=\"undefined\"><\/div>\n<div data-v-65686310=\"\" data-blok-c=\"undefined\" data-blok-uid=\"undefined\">\n<p>\u23f1 2 heures 52 minutes<\/p>\n<p>\ud83d\udc42\ud83c\udffbAudio in English<\/p>\n<p>\u270d\ud83c\udffb\ufe0f sous-titres fran\u00e7ais<\/p>\n<p>Acc\u00e9der \u00e0 Google Drive<\/p>\n<\/div>\n","protected":false},"featured_media":1712,"comment_status":"open","ping_status":"closed","template":"","meta":{"site-sidebar-layout":"default","site-content-layout":"","ast-site-content-layout":"default","site-content-style":"default","site-sidebar-style":"default","ast-global-header-display":"","ast-banner-title-visibility":"","ast-main-header-display":"","ast-hfb-above-header-display":"","ast-hfb-below-header-display":"","ast-hfb-mobile-header-display":"","site-post-title":"","ast-breadcrumbs-content":"","ast-featured-img":"","footer-sml-layout":"","theme-transparent-header-meta":"default","adv-header-id-meta":"","stick-header-meta":"","header-above-stick-meta":"","header-main-stick-meta":"","header-below-stick-meta":"","astra-migrate-meta-layouts":"set","ast-page-background-enabled":"default","ast-page-background-meta":{"desktop":{"background-color":"var(--ast-global-color-4)","background-image":"","background-repeat":"repeat","background-position":"center center","background-size":"auto","background-attachment":"scroll","background-type":"","background-media":"","overlay-type":"","overlay-color":"","overlay-gradient":""},"tablet":{"background-color":"","background-image":"","background-repeat":"repeat","background-position":"center center","background-size":"auto","background-attachment":"scroll","background-type":"","background-media":"","overlay-type":"","overlay-color":"","overlay-gradient":""},"mobile":{"background-color":"","background-image":"","background-repeat":"repeat","background-position":"center center","background-size":"auto","background-attachment":"scroll","background-type":"","background-media":"","overlay-type":"","overlay-color":"","overlay-gradient":""}},"ast-content-background-meta":{"desktop":{"background-color":"var(--ast-global-color-5)","background-image":"","background-repeat":"repeat","background-position":"center center","background-size":"auto","background-attachment":"scroll","background-type":"","background-media":"","overlay-type":"","overlay-color":"","overlay-gradient":""},"tablet":{"background-color":"var(--ast-global-color-5)","background-image":"","background-repeat":"repeat","background-position":"center center","background-size":"auto","background-attachment":"scroll","background-type":"","background-media":"","overlay-type":"","overlay-color":"","overlay-gradient":""},"mobile":{"background-color":"var(--ast-global-color-5)","background-image":"","background-repeat":"repeat","background-position":"center center","background-size":"auto","background-attachment":"scroll","background-type":"","background-media":"","overlay-type":"","overlay-color":"","overlay-gradient":""}},"_joinchat":[]},"product_cat":[22,20],"product_tag":[],"_links":{"self":[{"href":"https:\/\/karlydigitalworld.com\/index.php\/wp-json\/wp\/v2\/product\/1711"}],"collection":[{"href":"https:\/\/karlydigitalworld.com\/index.php\/wp-json\/wp\/v2\/product"}],"about":[{"href":"https:\/\/karlydigitalworld.com\/index.php\/wp-json\/wp\/v2\/types\/product"}],"replies":[{"embeddable":true,"href":"https:\/\/karlydigitalworld.com\/index.php\/wp-json\/wp\/v2\/comments?post=1711"}],"wp:featuredmedia":[{"embeddable":true,"href":"https:\/\/karlydigitalworld.com\/index.php\/wp-json\/wp\/v2\/media\/1712"}],"wp:attachment":[{"href":"https:\/\/karlydigitalworld.com\/index.php\/wp-json\/wp\/v2\/media?parent=1711"}],"wp:term":[{"taxonomy":"product_cat","embeddable":true,"href":"https:\/\/karlydigitalworld.com\/index.php\/wp-json\/wp\/v2\/product_cat?post=1711"},{"taxonomy":"product_tag","embeddable":true,"href":"https:\/\/karlydigitalworld.com\/index.php\/wp-json\/wp\/v2\/product_tag?post=1711"}],"curies":[{"name":"wp","href":"https:\/\/api.w.org\/{rel}","templated":true}]}}