{"id":1706,"date":"2024-10-31T19:39:10","date_gmt":"2024-10-31T19:39:10","guid":{"rendered":"https:\/\/karlydigitalworld.com\/?post_type=product&#038;p=1706"},"modified":"2024-10-31T19:39:10","modified_gmt":"2024-10-31T19:39:10","slug":"super-productivite-vishen-en-francais","status":"publish","type":"product","link":"https:\/\/karlydigitalworld.com\/index.php\/product\/super-productivite-vishen-en-francais\/","title":{"rendered":"Super productivit\u00e9 Vishen (En Fran\u00e7ais)"},"content":{"rendered":"<h3 style=\"text-align: center;\">En 6 jours, boostez vos niveaux de productivit\u00e9 avec une approche holistique qui int\u00e8gre l&#8217;esprit, corps et esprit<\/h3>\n<p>&nbsp;<\/p>\n<p>La plupart des gens passent leurs journ\u00e9es dans un tourbillon fr\u00e9n\u00e9tique d\u2019e-mails et de r\u00e9seaux sociaux. \u00catre capable de se concentrer profond\u00e9ment et de performer \u00e0 un niveau d\u2019\u00e9lite pendant de longues p\u00e9riodes est un super pouvoir.<\/p>\n<p>&nbsp;<\/p>\n<p>Avec seulement quelques minutes d&#8217;entra\u00eenement par jour, Super Productivity vous transformera en un joueur de niveau \u00e9lite plus performant en tirant parti des 3 plus grands aspects qui ont le plus d&#8217;influence sur votre productivit\u00e9 :<\/p>\n<p>&nbsp;<\/p>\n<ol>\n<li>Mind<\/li>\n<li>Body<\/li>\n<li>Soul<\/li>\n<\/ol>\n<p>\u00c0 la fin du programme, vous accomplirez sans effort des t\u00e2ches qui semblaient autrefois accablantes, accomplissant plus en une seule journ\u00e9e que vous n&#8217;auriez jamais cru possible.<\/p>\n<p>&nbsp;<\/p>\n<p>The skills you acquire will become an integral part of your daily life, as you take your newfound ability to achieve even greater milestones. As a result, you\u2019ll quickly start to hit your wildest professional goals while reclaiming the time, space, and freedom you deserve in your life.<\/p>\n<p>&nbsp;<\/p>\n<h3 style=\"text-align: center;\">Le programme<\/h3>\n<h3 style=\"text-align: center;\">Explorez le programme Super Productivit\u00e9<\/h3>\n<p>&nbsp;<\/p>\n<p><img decoding=\"async\" class=\"aligncenter\" src=\"https:\/\/storyblok-cdn.mindvalley.com\/f\/60579\/2068x1110\/3958a97aee\/sp_sp_devices_curriculum_en.png?trans?quality=60&amp;auto=webp&amp;dpr=1.125&amp;width=800\" alt=\"Super Productivity on multiple devices\" \/><\/p>\n<p>&nbsp;<\/p>\n<p>Super Productivit\u00e9 est une qu\u00eate de 6 jours con\u00e7ue pour optimiser en permanence votre \u00e9tat d&#8217;esprit, vos habitudes et vos routines pour atteindre des niveaux surhumains de productivit\u00e9, de flux et de performances.<\/p>\n<p>&nbsp;<\/p>\n<p>En quelques minutes d&#8217;entra\u00eenement par jour, vous rejoindrez Vishen, fondateur de Mindvalley, qui vous montrera comment ma\u00eetriser votre esprit, votre corps et votre bien-\u00eatre pour une vie de productivit\u00e9 maximale.<\/p>\n<p>&nbsp;<\/p>\n<p>\u00c0 la fin du programme, vous accomplirez sans effort des t\u00e2ches qui vous paraissaient autrefois accablantes et accomplirez plus en une seule journ\u00e9e que vous n&#8217;auriez jamais cru possible.<\/p>\n<p>&nbsp;<\/p>\n","protected":false},"excerpt":{"rendered":"<section class=\"mx-auto w-full p-6 font-extralight text-gray-700 md:my-12 md:w-4\/5 md:p-0 md:text-center\" data-testid=\"quest-description\">\n<h6>Lib\u00e9rez votre potentiel avec Super productivit\u00e9, une Qu\u00eate en 6 le\u00e7ons par Vishen, le fondateur de Mindvalley. Maximisez votre concentration, surmontez les distractions et atteignez vos objectifs \u00e0 la vitesse de l&#8217;\u00e9clair gr\u00e2ce \u00e0 des techniques simples. Transformez votre productivit\u00e9 et votre r\u00e9ussite comme jamais auparavant.<\/h6>\n<\/section>\n<section class=\"flex flex-col items-center md:flex-row\" data-testid=\"author-info\">\n<div class=\"w-full p-6 pb-0 md:pb-6\">\n<p>\u2705 Le\u00e7on 6<\/p>\n<p>\u23f1 1 Heures 18 Minutes<\/p>\n<p>\ud83d\udc42\ud83c\udffbAudio en fran\u00e7ais<\/p>\n<p>Acc\u00e9der \u00e0 Google Drive<\/p>\n<\/div>\n<\/section>\n","protected":false},"featured_media":1707,"comment_status":"open","ping_status":"closed","template":"","meta":{"site-sidebar-layout":"default","site-content-layout":"","ast-site-content-layout":"default","site-content-style":"default","site-sidebar-style":"default","ast-global-header-display":"","ast-banner-title-visibility":"","ast-main-header-display":"","ast-hfb-above-header-display":"","ast-hfb-below-header-display":"","ast-hfb-mobile-header-display":"","site-post-title":"","ast-breadcrumbs-content":"","ast-featured-img":"","footer-sml-layout":"","theme-transparent-header-meta":"default","adv-header-id-meta":"","stick-header-meta":"","header-above-stick-meta":"","header-main-stick-meta":"","header-below-stick-meta":"","astra-migrate-meta-layouts":"set","ast-page-background-enabled":"default","ast-page-background-meta":{"desktop":{"background-color":"var(--ast-global-color-4)","background-image":"","background-repeat":"repeat","background-position":"center center","background-size":"auto","background-attachment":"scroll","background-type":"","background-media":"","overlay-type":"","overlay-color":"","overlay-gradient":""},"tablet":{"background-color":"","background-image":"","background-repeat":"repeat","background-position":"center center","background-size":"auto","background-attachment":"scroll","background-type":"","background-media":"","overlay-type":"","overlay-color":"","overlay-gradient":""},"mobile":{"background-color":"","background-image":"","background-repeat":"repeat","background-position":"center center","background-size":"auto","background-attachment":"scroll","background-type":"","background-media":"","overlay-type":"","overlay-color":"","overlay-gradient":""}},"ast-content-background-meta":{"desktop":{"background-color":"var(--ast-global-color-5)","background-image":"","background-repeat":"repeat","background-position":"center center","background-size":"auto","background-attachment":"scroll","background-type":"","background-media":"","overlay-type":"","overlay-color":"","overlay-gradient":""},"tablet":{"background-color":"var(--ast-global-color-5)","background-image":"","background-repeat":"repeat","background-position":"center center","background-size":"auto","background-attachment":"scroll","background-type":"","background-media":"","overlay-type":"","overlay-color":"","overlay-gradient":""},"mobile":{"background-color":"var(--ast-global-color-5)","background-image":"","background-repeat":"repeat","background-position":"center center","background-size":"auto","background-attachment":"scroll","background-type":"","background-media":"","overlay-type":"","overlay-color":"","overlay-gradient":""}},"_joinchat":[]},"product_cat":[22,21,20],"product_tag":[],"_links":{"self":[{"href":"https:\/\/karlydigitalworld.com\/index.php\/wp-json\/wp\/v2\/product\/1706"}],"collection":[{"href":"https:\/\/karlydigitalworld.com\/index.php\/wp-json\/wp\/v2\/product"}],"about":[{"href":"https:\/\/karlydigitalworld.com\/index.php\/wp-json\/wp\/v2\/types\/product"}],"replies":[{"embeddable":true,"href":"https:\/\/karlydigitalworld.com\/index.php\/wp-json\/wp\/v2\/comments?post=1706"}],"wp:featuredmedia":[{"embeddable":true,"href":"https:\/\/karlydigitalworld.com\/index.php\/wp-json\/wp\/v2\/media\/1707"}],"wp:attachment":[{"href":"https:\/\/karlydigitalworld.com\/index.php\/wp-json\/wp\/v2\/media?parent=1706"}],"wp:term":[{"taxonomy":"product_cat","embeddable":true,"href":"https:\/\/karlydigitalworld.com\/index.php\/wp-json\/wp\/v2\/product_cat?post=1706"},{"taxonomy":"product_tag","embeddable":true,"href":"https:\/\/karlydigitalworld.com\/index.php\/wp-json\/wp\/v2\/product_tag?post=1706"}],"curies":[{"name":"wp","href":"https:\/\/api.w.org\/{rel}","templated":true}]}}