{"id":1704,"date":"2024-10-31T18:53:41","date_gmt":"2024-10-31T18:53:41","guid":{"rendered":"https:\/\/karlydigitalworld.com\/?post_type=product&#038;p=1704"},"modified":"2024-10-31T18:53:41","modified_gmt":"2024-10-31T18:53:41","slug":"maitriser-letat-desprit-de-croissance-vishen-en-francais","status":"publish","type":"product","link":"https:\/\/karlydigitalworld.com\/index.php\/product\/maitriser-letat-desprit-de-croissance-vishen-en-francais\/","title":{"rendered":"Ma\u00eetriser l&#8217;\u00e9tat d&#8217;esprit de croissance Vishen (En Fran\u00e7ais)"},"content":{"rendered":"<h3 style=\"text-align: center;\">Reconfigurez en permanence votre programmation int\u00e9rieure pour atteindre des niveaux de r\u00e9ussite extraordinaires en seulement 6 jours<\/h3>\n<p>&nbsp;<\/p>\n<p>Ce programme est une feuille de route transformatrice pour puiser dans les r\u00e9servoirs les plus profonds de votre v\u00e9ritable potentiel et lib\u00e9rer une vie pleine de possibilit\u00e9s illimit\u00e9es.<\/p>\n<p>&nbsp;<\/p>\n<p>En seulement 6 jours, vous obtiendrez les outils puissants et les mod\u00e8les mentaux n\u00e9cessaires pour adopter et ma\u00eetriser pleinement l&#8217;\u00e9tat d&#8217;esprit de croissance :<\/p>\n<p>&nbsp;<\/p>\n<p><img fetchpriority=\"high\" decoding=\"async\" class=\"aligncenter\" src=\"https:\/\/storyblok-cdn.mindvalley.com\/f\/60579\/1584x892\/2e82f504c3\/mgm_pp_infographic_d.png?trans?quality=60&amp;auto=webp&amp;dpr=1.25&amp;width=auto\" alt=\"The power of transformation in Growth, Creating a vision for your life, Accelerating your transformation\" width=\"745\" height=\"419\" \/><\/p>\n<p>1 : Le pouvoir de la transformation dans la croissance : La plupart des exp\u00e9riences de croissance que connaissent les personnes sont \u00e9ph\u00e9m\u00e8res et temporaires. Avec la transformation, le changement est permanent.<\/p>\n<p>&nbsp;<\/p>\n<p>2 : Cr\u00e9er une vision pour votre vie : Cr\u00e9ez une vision convaincante avec des objectifs qui correspondent \u00e0 vos aspirations et valeurs les plus profondes dans tous les domaines de votre vie.<\/p>\n<p>&nbsp;<\/p>\n<p>3 : Acc\u00e9l\u00e9rer votre transformation : optimisez votre parcours de croissance pour atteindre vos objectifs plus rapidement que vous ne le pensiez possible.<\/p>\n<p>&nbsp;<\/p>\n<p>\u00c0 la fin du programme, vous r\u00e9\u00e9crirez compl\u00e8tement les croyances limitantes que vous aviez autrefois et briserez les doutes que vous aviez sur ce que vous pouvez r\u00e9ellement r\u00e9aliser.<\/p>\n<p>N&#8217;\u00e9tant plus limit\u00e9 par des limites, vous oserez r\u00eaver grand et commencerez \u00e0 cr\u00e9er une vie d\u00e9finie par le progr\u00e8s, la croissance et la r\u00e9ussite continus.<\/p>\n<p>&nbsp;<\/p>\n<h3 style=\"text-align: center;\">Le programme<\/h3>\n<h3 style=\"text-align: center;\">Explorez le programme Ma\u00eetriser la mentalit\u00e9 de croissance<\/h3>\n<p>&nbsp;<\/p>\n<p><img decoding=\"async\" class=\"aligncenter\" src=\"https:\/\/storyblok-cdn.mindvalley.com\/f\/60579\/2068x1110\/b278f11973\/mtgm_sp_devices_curriculum_en.png?trans?quality=60&amp;auto=webp&amp;dpr=1.25&amp;width=auto\" alt=\"Mastering the Growth Mindset on multiple devices\" width=\"714\" height=\"383\" \/><\/p>\n<p>Ma\u00eetriser l&#8217;\u00e9tat d&#8217;esprit de croissance est une qu\u00eate de 6 jours con\u00e7ue pour transformer profond\u00e9ment votre programmation int\u00e9rieure afin de lib\u00e9rer une vie pleine de possibilit\u00e9s illimit\u00e9es.<\/p>\n<p>&nbsp;<\/p>\n<p>En quelques minutes d&#8217;entra\u00eenement par jour, vous rejoindrez Vishen, fondateur de Mindvalley, qui vous montrera comment adopter et ma\u00eetriser pleinement l&#8217;\u00e9tat d&#8217;esprit de croissance.<\/p>\n<p>&nbsp;<\/p>\n<p>\u00c0 la fin du programme, vous aurez compl\u00e8tement r\u00e9\u00e9crit les croyances limitantes que vous aviez autrefois. N&#8217;\u00e9tant plus limit\u00e9 par des limites, vous commencerez \u00e0 cr\u00e9er une vie d\u00e9finie par des progr\u00e8s continus et un succ\u00e8s extraordinaire.<\/p>\n<p>&nbsp;<\/p>\n","protected":false},"excerpt":{"rendered":"<section class=\"mx-auto w-full p-6 font-extralight text-gray-700 md:my-12 md:w-4\/5 md:p-0 md:text-center\" data-testid=\"quest-description\">\n<h6>Embarquez dans un voyage de transformation extraordinaire avec la Qu\u00eate de Vishen Ma\u00eetriser l&#8217;\u00e9tat d&#8217;esprit de croissance. Lib\u00e9rez votre potentiel sans limites, red\u00e9finissez vos croyances et amorcez une croissance exponentielle sans \u00e9gale.<\/h6>\n<p>&nbsp;<\/p>\n<\/section>\n<section class=\"flex flex-col items-center md:flex-row\" data-testid=\"author-info\">\n<div class=\"w-full p-6 pb-0 md:pb-6\">\n<p>\u2705 Le\u00e7on 6<\/p>\n<p>\u23f1 1 Heures 21 Minutes<\/p>\n<p>\ud83d\udc42\ud83c\udffbAudio en fran\u00e7ais<\/p>\n<p>Acc\u00e9der \u00e0 Google Drive<\/p>\n<\/div>\n<\/section>\n","protected":false},"featured_media":1705,"comment_status":"open","ping_status":"closed","template":"","meta":{"site-sidebar-layout":"default","site-content-layout":"","ast-site-content-layout":"default","site-content-style":"default","site-sidebar-style":"default","ast-global-header-display":"","ast-banner-title-visibility":"","ast-main-header-display":"","ast-hfb-above-header-display":"","ast-hfb-below-header-display":"","ast-hfb-mobile-header-display":"","site-post-title":"","ast-breadcrumbs-content":"","ast-featured-img":"","footer-sml-layout":"","theme-transparent-header-meta":"default","adv-header-id-meta":"","stick-header-meta":"","header-above-stick-meta":"","header-main-stick-meta":"","header-below-stick-meta":"","astra-migrate-meta-layouts":"set","ast-page-background-enabled":"default","ast-page-background-meta":{"desktop":{"background-color":"var(--ast-global-color-4)","background-image":"","background-repeat":"repeat","background-position":"center center","background-size":"auto","background-attachment":"scroll","background-type":"","background-media":"","overlay-type":"","overlay-color":"","overlay-gradient":""},"tablet":{"background-color":"","background-image":"","background-repeat":"repeat","background-position":"center center","background-size":"auto","background-attachment":"scroll","background-type":"","background-media":"","overlay-type":"","overlay-color":"","overlay-gradient":""},"mobile":{"background-color":"","background-image":"","background-repeat":"repeat","background-position":"center center","background-size":"auto","background-attachment":"scroll","background-type":"","background-media":"","overlay-type":"","overlay-color":"","overlay-gradient":""}},"ast-content-background-meta":{"desktop":{"background-color":"var(--ast-global-color-5)","background-image":"","background-repeat":"repeat","background-position":"center center","background-size":"auto","background-attachment":"scroll","background-type":"","background-media":"","overlay-type":"","overlay-color":"","overlay-gradient":""},"tablet":{"background-color":"var(--ast-global-color-5)","background-image":"","background-repeat":"repeat","background-position":"center center","background-size":"auto","background-attachment":"scroll","background-type":"","background-media":"","overlay-type":"","overlay-color":"","overlay-gradient":""},"mobile":{"background-color":"var(--ast-global-color-5)","background-image":"","background-repeat":"repeat","background-position":"center center","background-size":"auto","background-attachment":"scroll","background-type":"","background-media":"","overlay-type":"","overlay-color":"","overlay-gradient":""}},"_joinchat":[]},"product_cat":[22,21,20],"product_tag":[],"_links":{"self":[{"href":"https:\/\/karlydigitalworld.com\/index.php\/wp-json\/wp\/v2\/product\/1704"}],"collection":[{"href":"https:\/\/karlydigitalworld.com\/index.php\/wp-json\/wp\/v2\/product"}],"about":[{"href":"https:\/\/karlydigitalworld.com\/index.php\/wp-json\/wp\/v2\/types\/product"}],"replies":[{"embeddable":true,"href":"https:\/\/karlydigitalworld.com\/index.php\/wp-json\/wp\/v2\/comments?post=1704"}],"wp:featuredmedia":[{"embeddable":true,"href":"https:\/\/karlydigitalworld.com\/index.php\/wp-json\/wp\/v2\/media\/1705"}],"wp:attachment":[{"href":"https:\/\/karlydigitalworld.com\/index.php\/wp-json\/wp\/v2\/media?parent=1704"}],"wp:term":[{"taxonomy":"product_cat","embeddable":true,"href":"https:\/\/karlydigitalworld.com\/index.php\/wp-json\/wp\/v2\/product_cat?post=1704"},{"taxonomy":"product_tag","embeddable":true,"href":"https:\/\/karlydigitalworld.com\/index.php\/wp-json\/wp\/v2\/product_tag?post=1704"}],"curies":[{"name":"wp","href":"https:\/\/api.w.org\/{rel}","templated":true}]}}