{"id":1633,"date":"2024-09-19T15:55:48","date_gmt":"2024-09-19T15:55:48","guid":{"rendered":"https:\/\/karlydigitalworld.com\/?post_type=product&#038;p=1633"},"modified":"2024-10-21T18:36:01","modified_gmt":"2024-10-21T18:36:01","slug":"le-guide-de-la-joie-selon-un-yogi-sadhguru-en-francais","status":"publish","type":"product","link":"https:\/\/karlydigitalworld.com\/index.php\/product\/le-guide-de-la-joie-selon-un-yogi-sadhguru-en-francais\/","title":{"rendered":"Le guide de la joie selon un yogi &#8211; Sadhguru (En Fran\u00e7ais)"},"content":{"rendered":"<div class=\"pb-markdown min-h-fit mv-type--titlebold8 storyblok__outline\" data-v-65686310=\"\" data-blok-c=\"undefined\" data-blok-uid=\"undefined\">\n<p><strong>\u00ab Pourquoi dois-je souffrir ? \u00bb<\/strong><\/p>\n<p>&nbsp;<\/p>\n<\/div>\n<div class=\"pb-markdown min-h-fit mv-type--body mt-4 storyblok__outline\" data-v-65686310=\"\" data-blok-c=\"undefined\" data-blok-uid=\"undefined\">\n<p>Il vous arrive probablement de vous poser cette question lorsqu&#8217;un nouveau revers de fortune vous fait battre de l\u2019aile.<\/p>\n<p>Ou lorsque le poids de votre tourmente int\u00e9rieure vous fait trembler de stress et d&#8217;anxi\u00e9t\u00e9.<\/p>\n<p>La douleur et la souffrance peuvent souvent sembler in\u00e9vitables.<\/p>\n<p>Et les rem\u00e8des qui vous sont prescrits &#8211; comme la th\u00e9rapie, la m\u00e9ditation, l&#8217;exercice physique et les compl\u00e9ments alimentaires &#8211; ont souvent pour but de vous aider \u00e0 vivre avec.<\/p>\n<p>&nbsp;<\/p>\n<p><strong>Et si, au lieu de vous contenter de supporter votre souffrance, vous pouviez la transcender compl\u00e8tement \u00e0 chaque instant de votre vie ?<\/strong><\/p>\n<p>&nbsp;<\/p>\n<p>Tel est le message de Sadhguru, le yogi et visionnaire exalt\u00e9 dont les enseignements ont lib\u00e9r\u00e9 des millions de personnes dans le monde.<\/p>\n<p>Selon Sadhguru, il existe un meilleur chemin sur lequel vous pouvez choisir de vous engager d\u00e8s maintenant.<\/p>\n<p>Un chemin qui vous r\u00e9compense avec une joie de vivre revigor\u00e9e, un amour inconditionnel pour vous-m\u00eame, un sourire et une pens\u00e9e bienveillante pour chaque instant.<\/p>\n<p>M\u00eame au c\u0153ur de la plus violente des temp\u00eates.<\/p>\n<\/div>\n<p>&nbsp;<\/p>\n<div class=\"w-full lg_w-2\/3 mx-auto mb-7 md_mb-9 min-h-fit storyblok__outline\" data-v-65686310=\"\" data-blok-c=\"undefined\" data-blok-uid=\"undefined\">\n<div class=\"pb-markdown min-h-fit mv-type--headline5 text-center storyblok__outline\" data-v-65686310=\"\" data-blok-c=\"undefined\" data-blok-uid=\"undefined\">\n<h4 style=\"text-align: center;\">Vivre dans la f\u00e9licit\u00e9 et la joie perp\u00e9tuelles<\/h4>\n<p>&nbsp;<\/p>\n<\/div>\n<p><em>Le guide de la joie selon un yogi<\/em>, issu de la sagesse de Sadhguru, est un voyage de 15 jours vers une vie exempte de souffrance, la ma\u00eetrise de vos pens\u00e9es et de vos \u00e9motions, et la f\u00e9licit\u00e9 \u00e9ternelle.<\/p>\n<p>&nbsp;<\/p>\n<p>Guid\u00e9(e) par Sadhguru, vous vous lancerez dans une grande aventure riche en d\u00e9couvertes qui vous r\u00e9v\u00e9lera :<\/p>\n<ul>\n<li>Votre v\u00e9ritable \u00ab Moi \u00bb et votre place dans le cosmos ~<\/li>\n<li>La mani\u00e8re la plus productive de diriger vos pens\u00e9es et vos \u00e9motions ~<\/li>\n<li>D&#8217;o\u00f9 vient vraiment la souffrance (et pourquoi elle est un choix, et pas une n\u00e9cessit\u00e9) ~<\/li>\n<li>Comment vivre dans la joie perp\u00e9tuelle et l\u2019enjouement enfantin ~<\/li>\n<li>La cl\u00e9 pour atteindre un v\u00e9ritable \u00e9quilibre et une stabilit\u00e9 dans tous les domaines de votre vie ~<\/li>\n<li>Et comment d\u00e9finir et adopter votre d\u00e9finition personnelle de la libert\u00e9 et de l&#8217;\u00e9panouissement ~<\/li>\n<\/ul>\n<p>&nbsp;<\/p>\n<p><em>Le guide de la joie selon un yogi<\/em>\u00a0n\u2019est pas qu\u2019une simple r\u00e9flexion spirituelle.<\/p>\n<p>C&#8217;est l&#8217;occasion de vous connecter intimement avec l&#8217;un des yogis et visionnaires les plus exalt\u00e9s du monde moderne, qui s&#8217;adresse \u00e0 toutes les dimensions de votre \u00eatre\u2026<\/p>\n<p>afin de provoquer une profonde transformation dans votre fa\u00e7on de penser, de ressentir et de vous r\u00e9v\u00e9ler au monde.<\/p>\n<p>&nbsp;<\/p>\n<\/div>\n<div class=\"pb-markdown min-h-fit mv-type--body storyblok__outline\" data-v-65686310=\"\" data-blok-c=\"undefined\" data-blok-uid=\"undefined\">\n<div id=\"\" class=\"mv-container min-h-fit storyblok__outline\" data-v-65686310=\"\" data-blok-c=\"undefined\" data-blok-uid=\"undefined\">\n<div class=\"w-full text-center lg_w-2\/3 mx-auto min-h-fit storyblok__outline\" data-v-65686310=\"\" data-blok-c=\"undefined\" data-blok-uid=\"undefined\">\n<div class=\"pb-markdown min-h-fit mv-type--titlebold4 text-center storyblok__outline\" data-v-65686310=\"\" data-blok-c=\"undefined\" data-blok-uid=\"undefined\">\n<h2 style=\"text-align: center;\">Le programme<\/h2>\n<\/div>\n<\/div>\n<\/div>\n<div id=\"\" class=\"mv-container mv-section__gutter--small min-h-fit storyblok__outline\" data-v-65686310=\"\" data-blok-c=\"undefined\" data-blok-uid=\"undefined\">\n<div class=\"pb-markdown min-h-fit mv-type--titlebold5 text-center mb-8 md_mb-12 lg_mb-16 lg_w-2\/3 mx-auto storyblok__outline\" data-v-65686310=\"\" data-blok-c=\"undefined\" data-blok-uid=\"undefined\">\n<h3 style=\"text-align: center;\">Explorer le programme de la Qu\u00eate, Le guide de la joie selon un yogi<\/h3>\n<p>&nbsp;<\/p>\n<\/div>\n<p><img decoding=\"async\" class=\"aligncenter\" src=\"https:\/\/storyblok-cdn.mindvalley.com\/f\/60579\/2068x1110\/5f71d3fc1b\/ygtj_sp_devices_curriculum_fr.png?quality=60&amp;auto=webp&amp;dpr=1&amp;width=800\" alt=\"Le guide de la joie selon un yogi sur plusieurs appareils\" \/><\/p>\n<p>&nbsp;<\/p>\n<p>Au cours des 15 jours du programme\u00a0<em>Le guide de la joie selon un yogi<\/em>, vous accompagnerez Sadhguru dans une profonde exploration quotidienne du fonctionnement interne de vos \u00e9motions, de votre disposition et de votre \u00e2me.<\/p>\n<p>&nbsp;<\/p>\n<p>Le programme est divis\u00e9 en trois parties : chacune comprend des le\u00e7ons vid\u00e9os quotidiennes qui ne durent que quelques minutes, mais vous munissent de nouveaux outils et de nouvelles perspectives qui vous serviront toute votre vie.<\/p>\n<p>&nbsp;<\/p>\n<p>Le programme est con\u00e7u pour simuler le fait d&#8217;avoir Sadhguru lui-m\u00eame comme mentor personnel. Ce moment de qualit\u00e9 avec Sadhguru (et avec vous-m\u00eame) deviendra le meilleur de votre journ\u00e9e tout au long de votre voyage.<\/p>\n<p>&nbsp;<\/p>\n<p>Et une fois arriv\u00e9(e) au bout, vous \u00e9mergerez comme une toute nouvelle personne, brillant \u00e0 chaque instant d\u2019une lumi\u00e8re de joie, d&#8217;amour et de paix inconditionnels.<\/p>\n<\/div>\n<\/div>\n","protected":false},"excerpt":{"rendered":"<div class=\"w-full lg_w-2\/3 mx-auto mb-7 md_mb-9 min-h-fit storyblok__outline\" data-v-199920cb=\"\" data-blok-c=\"undefined\" data-blok-uid=\"undefined\">\n<div class=\"pb-markdown min-h-fit mv-type--headline5 text-center storyblok__outline\" data-v-199920cb=\"\" data-blok-c=\"undefined\" data-blok-uid=\"undefined\">\n<div class=\"w-full lg_w-2\/3 mx-auto mb-7 md_mb-9 min-h-fit storyblok__outline\" data-v-199920cb=\"\" data-blok-c=\"undefined\" data-blok-uid=\"undefined\">\n<div class=\"pb-markdown min-h-fit mv-type--headline5 text-center storyblok__outline\" data-v-199920cb=\"\" data-blok-c=\"undefined\" data-blok-uid=\"undefined\">\n<div id=\"\" class=\"w-full lg_w-2\/3 mx-auto mb-7 md_mb-9 min-h-fit storyblok__outline\" data-v-199920cb=\"\" data-blok-c=\"undefined\" data-blok-uid=\"undefined\">\n<div class=\"pb-markdown min-h-fit mv-type--headline5 text-center storyblok__outline\" data-v-199920cb=\"\" data-blok-c=\"undefined\" data-blok-uid=\"undefined\">\n<div class=\"w-full lg_w-2\/3 mx-auto mb-7 md_mb-9 min-h-fit storyblok__outline\" data-v-65686310=\"\" data-blok-c=\"undefined\" data-blok-uid=\"undefined\">\n<div class=\"pb-markdown min-h-fit mv-type--headline5 text-center storyblok__outline\" data-v-65686310=\"\" data-blok-c=\"undefined\" data-blok-uid=\"undefined\">\n<div class=\"w-full lg_w-2\/3 mx-auto mb-7 md_mb-9 min-h-fit storyblok__outline\" data-v-65686310=\"\" data-blok-c=\"undefined\" data-blok-uid=\"undefined\">\n<div class=\"pb-markdown min-h-fit mv-type--headline5 text-center storyblok__outline\" data-v-65686310=\"\" data-blok-c=\"undefined\" data-blok-uid=\"undefined\">\n<h3>Vivre dans la f\u00e9licit\u00e9 et la joie perp\u00e9tuelles<\/h3>\n<\/div>\n<\/div>\n<\/div>\n<\/div>\n<\/div>\n<\/div>\n<\/div>\n<\/div>\n<\/div>\n<\/div>\n<p>\u2705 Le\u00e7on 15<\/p>\n<p>\u23f1 3 Heures 13 Minutes<\/p>\n<p>+ Bonus extra<\/p>\n<p>\ud83d\udc42\ud83c\udffbAudio en fran\u00e7ais<\/p>\n<p>Acc\u00e9der \u00e0 Google Drive<\/p>\n","protected":false},"featured_media":1634,"comment_status":"open","ping_status":"closed","template":"","meta":{"site-sidebar-layout":"default","site-content-layout":"","ast-site-content-layout":"default","site-content-style":"default","site-sidebar-style":"default","ast-global-header-display":"","ast-banner-title-visibility":"","ast-main-header-display":"","ast-hfb-above-header-display":"","ast-hfb-below-header-display":"","ast-hfb-mobile-header-display":"","site-post-title":"","ast-breadcrumbs-content":"","ast-featured-img":"","footer-sml-layout":"","theme-transparent-header-meta":"default","adv-header-id-meta":"","stick-header-meta":"","header-above-stick-meta":"","header-main-stick-meta":"","header-below-stick-meta":"","astra-migrate-meta-layouts":"set","ast-page-background-enabled":"default","ast-page-background-meta":{"desktop":{"background-color":"var(--ast-global-color-4)","background-image":"","background-repeat":"repeat","background-position":"center center","background-size":"auto","background-attachment":"scroll","background-type":"","background-media":"","overlay-type":"","overlay-color":"","overlay-gradient":""},"tablet":{"background-color":"","background-image":"","background-repeat":"repeat","background-position":"center center","background-size":"auto","background-attachment":"scroll","background-type":"","background-media":"","overlay-type":"","overlay-color":"","overlay-gradient":""},"mobile":{"background-color":"","background-image":"","background-repeat":"repeat","background-position":"center center","background-size":"auto","background-attachment":"scroll","background-type":"","background-media":"","overlay-type":"","overlay-color":"","overlay-gradient":""}},"ast-content-background-meta":{"desktop":{"background-color":"var(--ast-global-color-5)","background-image":"","background-repeat":"repeat","background-position":"center center","background-size":"auto","background-attachment":"scroll","background-type":"","background-media":"","overlay-type":"","overlay-color":"","overlay-gradient":""},"tablet":{"background-color":"var(--ast-global-color-5)","background-image":"","background-repeat":"repeat","background-position":"center center","background-size":"auto","background-attachment":"scroll","background-type":"","background-media":"","overlay-type":"","overlay-color":"","overlay-gradient":""},"mobile":{"background-color":"var(--ast-global-color-5)","background-image":"","background-repeat":"repeat","background-position":"center center","background-size":"auto","background-attachment":"scroll","background-type":"","background-media":"","overlay-type":"","overlay-color":"","overlay-gradient":""}},"_joinchat":[]},"product_cat":[22,21,20],"product_tag":[],"_links":{"self":[{"href":"https:\/\/karlydigitalworld.com\/index.php\/wp-json\/wp\/v2\/product\/1633"}],"collection":[{"href":"https:\/\/karlydigitalworld.com\/index.php\/wp-json\/wp\/v2\/product"}],"about":[{"href":"https:\/\/karlydigitalworld.com\/index.php\/wp-json\/wp\/v2\/types\/product"}],"replies":[{"embeddable":true,"href":"https:\/\/karlydigitalworld.com\/index.php\/wp-json\/wp\/v2\/comments?post=1633"}],"wp:featuredmedia":[{"embeddable":true,"href":"https:\/\/karlydigitalworld.com\/index.php\/wp-json\/wp\/v2\/media\/1634"}],"wp:attachment":[{"href":"https:\/\/karlydigitalworld.com\/index.php\/wp-json\/wp\/v2\/media?parent=1633"}],"wp:term":[{"taxonomy":"product_cat","embeddable":true,"href":"https:\/\/karlydigitalworld.com\/index.php\/wp-json\/wp\/v2\/product_cat?post=1633"},{"taxonomy":"product_tag","embeddable":true,"href":"https:\/\/karlydigitalworld.com\/index.php\/wp-json\/wp\/v2\/product_tag?post=1633"}],"curies":[{"name":"wp","href":"https:\/\/api.w.org\/{rel}","templated":true}]}}