{"id":1631,"date":"2024-09-19T15:38:59","date_gmt":"2024-09-19T15:38:59","guid":{"rendered":"https:\/\/karlydigitalworld.com\/?post_type=product&#038;p=1631"},"modified":"2024-09-19T15:38:59","modified_gmt":"2024-09-19T15:38:59","slug":"rewired-joe-dispenza-en-francais","status":"publish","type":"product","link":"https:\/\/karlydigitalworld.com\/index.php\/product\/rewired-joe-dispenza-en-francais\/","title":{"rendered":"Rewired Joe Dispenza (En Fran\u00e7ais)"},"content":{"rendered":"<p>Nous sommes des merveilles du changement !<\/p>\n<p>&nbsp;<\/p>\n<p>Joe Dispenza rassemble ses nombreuses ann\u00e9es de recherche sur le cerveau et la biologie humaine pour pr\u00e9senter les derni\u00e8res d\u00e9couvertes sur ce qui est humainement possible afin de cr\u00e9er une transformation importante dans nos vies. En effet, vous avez la capacit\u00e9 surnaturelle de cr\u00e9er un nouvel avenir \u00e0 votre image.<\/p>\n<p>&nbsp;<\/p>\n<p>Nous ne sommes pas programm\u00e9s pour vivre d&#8217;une certaine mani\u00e8re pour le reste de notre vie, et nous ne sommes pas non plus condamn\u00e9s par nos g\u00e8nes. \u200b&#8221;Rewired&#8221; fait r\u00e9f\u00e9rence \u00e0 la reprogrammation du cerveau dont nous sommes tous capables pour atteindre notre plein potentiel.<\/p>\n<p>&nbsp;<\/p>\n<p>\u200bD\u00e9couvrez cette s\u00e9rie \u00e9pique dans laquelle Dispenza r\u00e9v\u00e8le ses formules secr\u00e8tes pour reprogrammer votre cerveau et \u00e9tablir une coh\u00e9sion avec votre \u00e2me, afin que vous puissiez passer de la pens\u00e9e \u00e0 l&#8217;action et \u00e0 l&#8217;\u00eatre, en tant que nouvelle personne dans un nouvel avenir que vous aurez intentionnellement cr\u00e9\u00e9.<\/p>\n<p>&nbsp;<\/p>\n<p><strong>PROGRAMME:\u00a0<\/strong><\/p>\n<p>&nbsp;<\/p>\n<h6 class=\"heading detail-video-list__item-title\">1. Pr\u00e9sentation de Votre Cerveau<\/h6>\n<div class=\"detail-video-list__item-meta\">\n<div class=\"detail-video-list__item-meta-duration\"><\/div>\n<\/div>\n<div class=\"detail-video-list__item-description\">Vous avez la capacit\u00e9 de devenir surnaturel, c&#8217;est-\u00e0-dire \u00eatre capable de modifier votre corps et votre univers par la seule pens\u00e9e. Le Dr Joe Dispenza r\u00e9v\u00e8le la formule pour reprogrammer votre cerveau et vous changer la vie.<\/div>\n<div><\/div>\n<div>\n<h6 class=\"heading detail-video-list__item-title\">2. Qu&#8217;est-ce Que le Changement ?<\/h6>\n<div class=\"detail-video-list__item-meta\">\n<div class=\"detail-video-list__item-meta-duration\"><\/div>\n<\/div>\n<div class=\"detail-video-list__item-description\">Comment passer de la douleur d&#8217;hier aux joies d&#8217;un nouvel avenir ? En corrigeant les habitudes de l&#8217;ancien moi et en cr\u00e9ant un nouveau moi. Joe Dispenza explique comment nous pouvons sortir du cercle vicieux de la pens\u00e9e redondante.<\/div>\n<div><\/div>\n<div>\n<h6 class=\"heading detail-video-list__item-title\">3. M\u00e9ditation D\u00e9mystifiante<\/h6>\n<div class=\"detail-video-list__item-meta\">\n<div class=\"detail-video-list__item-meta-duration\"><\/div>\n<\/div>\n<div class=\"detail-video-list__item-description\">Le Dr Joe Dispenza propose une nouvelle vision scientifique de la m\u00e9ditation comme moyen de transcender le corps, l&#8217;environnement et le temps, pour atteindre le point id\u00e9al o\u00f9 l&#8217;on vit dans le moment pr\u00e9sent. Cela vous donne le pouvoir de former une coh\u00e9sion entre votre corps et votre esprit.<\/div>\n<div><\/div>\n<div>\n<h6 class=\"heading detail-video-list__item-title\">4. Survie vs Cr\u00e9ation<\/h6>\n<div class=\"detail-video-list__item-meta\">\n<div class=\"detail-video-list__item-meta-duration\"><\/div>\n<\/div>\n<div class=\"detail-video-list__item-description\">Il est possible de surmonter les cons\u00e9quences n\u00e9gatives du stress chronique. Il s&#8217;agit d&#8217;apprendre \u00e0 passer d&#8217;un \u00e9tat o\u00f9 nous luttons constamment pour notre survie, \u00e0 un mode de vie o\u00f9 nous sommes les cr\u00e9ateurs de notre propre r\u00e9alit\u00e9.<\/div>\n<div><\/div>\n<div>\n<h6 class=\"heading detail-video-list__item-title\">5. Modifier Vos Ondes C\u00e9r\u00e9brales<\/h6>\n<div class=\"detail-video-list__item-meta\">\n<div class=\"detail-video-list__item-meta-duration\"><\/div>\n<\/div>\n<div class=\"detail-video-list__item-description\">Joe Dispenza propose une formule pour cr\u00e9er un \u00e9tat d&#8217;ondes c\u00e9r\u00e9brales plus coh\u00e9rent, int\u00e9gr\u00e9 et synchronis\u00e9 afin que vous puissiez influer sur votre capacit\u00e9 \u00e0 reprogrammer votre destin g\u00e9n\u00e9tique. Tout d&#8217;abord, nous examinons les \u00e9tats des ondes c\u00e9r\u00e9brales et ce qu&#8217;ils signifient pour nous.<\/div>\n<div><\/div>\n<div>\n<h6 class=\"heading detail-video-list__item-title\">6. Reprogrammer Vos G\u00e8nes<\/h6>\n<div class=\"detail-video-list__item-meta\">\n<div class=\"detail-video-list__item-meta-duration\"><\/div>\n<\/div>\n<div class=\"detail-video-list__item-description\">Vous avez la capacit\u00e9 surnaturelle de reprogrammer vos g\u00e8nes \u00e0 votre gr\u00e9. Joe Dispenza nous introduit \u00e0 la science de l&#8217;\u00e9pig\u00e9n\u00e9tique, qui a prouv\u00e9 que les \u00e9tats \u00e9motionnels affectent l&#8217;expression g\u00e9n\u00e9tique.<\/div>\n<div><\/div>\n<div>\n<h6 class=\"heading detail-video-list__item-title\">7. Le Pouvoir Gu\u00e9risseur de l&#8217;Alignement<\/h6>\n<div class=\"detail-video-list__item-meta\">\n<div class=\"detail-video-list__item-meta-duration\"><\/div>\n<\/div>\n<div class=\"detail-video-list__item-description\">Votre syst\u00e8me nerveux peut \u00eatre la plus grande pharmacie qui existe, il a juste besoin des bonnes indications. Joe Dispenza r\u00e9v\u00e8le que l&#8217;esprit est l&#8217;\u00e9l\u00e9ment le plus important dans la sant\u00e9 du corps, en utilisant l&#8217;effet placebo.<\/div>\n<div><\/div>\n<div>\n<h6 class=\"heading detail-video-list__item-title\">8. D\u00e9velopper la Coh\u00e9sion Quantique<\/h6>\n<div class=\"detail-video-list__item-meta\">\n<div class=\"detail-video-list__item-meta-duration\"><\/div>\n<\/div>\n<div class=\"detail-video-list__item-description\">Le Dr Joe Dispenza nous introduit au mod\u00e8le de la r\u00e9alit\u00e9 quantique, o\u00f9 nos pens\u00e9es affectent directement la mati\u00e8re. Il propose une formule pour cr\u00e9er une coh\u00e9sion, avec une intention claire et une \u00e9motion \u00e9lev\u00e9e, afin que vous puissiez vous connecter avec le champ quantique et cr\u00e9er votre nouvelle r\u00e9alit\u00e9.<\/div>\n<div><\/div>\n<div>\n<h6 class=\"heading detail-video-list__item-title\">9. Cr\u00e9er avec le Champ<\/h6>\n<div class=\"detail-video-list__item-meta\">\n<div class=\"detail-video-list__item-meta-duration\"><\/div>\n<\/div>\n<div class=\"detail-video-list__item-description\">Joe Dispenza r\u00e9v\u00e8le le secret pour transcender l&#8217;espace-temps et se d\u00e9placer dans le temps-espace. Un univers qui n&#8217;est autre qu&#8217;un long moment pr\u00e9sent ne pouvant \u00eatre per\u00e7u que par la conscience.<\/div>\n<div><\/div>\n<div>\n<h6 class=\"heading detail-video-list__item-title\">10. La Glande Pin\u00e9ale et le Champ Quantique<\/h6>\n<div class=\"detail-video-list__item-meta\">\n<div class=\"detail-video-list__item-meta-duration\"><\/div>\n<\/div>\n<div class=\"detail-video-list__item-description\">Joe Dispenza d\u00e9crit les mesures que nous pouvons prendre pour explorer le monde transcendantal qui existe au-del\u00e0 des sens, en exploitant la puissance de la glande pin\u00e9ale.<\/div>\n<div><\/div>\n<div>\n<h6 class=\"heading detail-video-list__item-title\">11. Transcendance et Glande Pin\u00e9ale<\/h6>\n<div class=\"detail-video-list__item-meta\">\n<div class=\"detail-video-list__item-meta-duration\"><\/div>\n<\/div>\n<div class=\"detail-video-list__item-description\">Comment la glande pin\u00e9ale peut-elle d\u00e9clencher une exp\u00e9rience transcendantale ? Le Dr Joe Dispenza explique comment le travail que nous faisons pour cr\u00e9er une coh\u00e9sion entre le cerveau et le c\u0153ur se traduit par des moments de transcendance.<\/div>\n<div><\/div>\n<div>\n<h6 class=\"heading detail-video-list__item-title\">12. Le Passage dans l&#8217;Espace-Temps<\/h6>\n<div class=\"detail-video-list__item-meta\">\n<div class=\"detail-video-list__item-meta-duration\"><\/div>\n<\/div>\n<div class=\"detail-video-list__item-description\">Comment devenir des cr\u00e9ateurs de la r\u00e9alit\u00e9, au lieu d&#8217;\u00eatre des victimes de nos vies ? Le Dr Joe Dispenza explique comment nous pouvons passer d&#8217;une focalisation \u00e9troite \u00e0 une focalisation divergente o\u00f9 nous pouvons cr\u00e9er une coh\u00e9sion entre le c\u0153ur et le cerveau.<\/div>\n<div><\/div>\n<div class=\"detail-video-list__item-description\">\n<h6 class=\"heading detail-video-list__item-title\">13. La B\u00e9n\u00e9diction des Centres \u00c9nerg\u00e9tiques<\/h6>\n<div class=\"detail-video-list__item-meta\">\n<div class=\"detail-video-list__item-meta-duration\"><\/div>\n<\/div>\n<div class=\"detail-video-list__item-description\">Le Dr Joe Dispenza nous guide \u00e0 travers une m\u00e9ditation qu&#8217;il appelle la B\u00e9n\u00e9diction des Centres \u00c9nerg\u00e9tiques. Cela nous donne un moyen d&#8217;\u00eatre \u00e0 l&#8217;\u00e9coute de notre propre \u00e9nergie, de cr\u00e9er une coh\u00e9sion et de d\u00e9clencher la gu\u00e9rison dans tout le corps.<\/div>\n<div><\/div>\n<\/div>\n<\/div>\n<\/div>\n<\/div>\n<\/div>\n<\/div>\n<\/div>\n<\/div>\n<\/div>\n<\/div>\n<\/div>\n<\/div>\n","protected":false},"excerpt":{"rendered":"<div class=\"w-full lg_w-2\/3 mx-auto mb-7 md_mb-9 min-h-fit storyblok__outline\" data-v-199920cb=\"\" data-blok-c=\"undefined\" data-blok-uid=\"undefined\">\n<div class=\"pb-markdown min-h-fit mv-type--headline5 text-center storyblok__outline\" data-v-199920cb=\"\" data-blok-c=\"undefined\" data-blok-uid=\"undefined\">\n<div class=\"w-full lg_w-2\/3 mx-auto mb-7 md_mb-9 min-h-fit storyblok__outline\" data-v-199920cb=\"\" data-blok-c=\"undefined\" data-blok-uid=\"undefined\">\n<div class=\"pb-markdown min-h-fit mv-type--headline5 text-center storyblok__outline\" data-v-199920cb=\"\" data-blok-c=\"undefined\" data-blok-uid=\"undefined\">\n<div id=\"\" class=\"w-full lg_w-2\/3 mx-auto mb-7 md_mb-9 min-h-fit storyblok__outline\" data-v-199920cb=\"\" data-blok-c=\"undefined\" data-blok-uid=\"undefined\">\n<div class=\"pb-markdown min-h-fit mv-type--headline5 text-center storyblok__outline\" data-v-199920cb=\"\" data-blok-c=\"undefined\" data-blok-uid=\"undefined\">\n<div class=\"w-full lg_w-2\/3 mx-auto mb-7 md_mb-9 min-h-fit storyblok__outline\" data-v-65686310=\"\" data-blok-c=\"undefined\" data-blok-uid=\"undefined\">\n<div class=\"pb-markdown min-h-fit mv-type--headline5 text-center storyblok__outline\" data-v-65686310=\"\" data-blok-c=\"undefined\" data-blok-uid=\"undefined\">\n<h3>Le Dr Joe Dispenza r\u00e9v\u00e8le la formule pour reprogrammer votre cerveau et vous changer la vie.<\/h3>\n<\/div>\n<\/div>\n<\/div>\n<\/div>\n<div id=\"\" class=\"w-full lg_w-2\/3 mx-auto min-h-fit storyblok__outline\" data-v-199920cb=\"\" data-blok-c=\"undefined\" data-blok-uid=\"undefined\">\n<div class=\"pb-markdown min-h-fit mv-type--body storyblok__outline\" data-v-199920cb=\"\" data-blok-c=\"undefined\" data-blok-uid=\"undefined\"><\/div>\n<\/div>\n<\/div>\n<\/div>\n<\/div>\n<\/div>\n<p>\u2705 Le\u00e7on 13<\/p>\n<p>\u23f1 6 Heures<\/p>\n<p>\ud83d\udc42\ud83c\udffbAudio en fran\u00e7ais<\/p>\n<p>Acc\u00e9der \u00e0 Google Drive<\/p>\n","protected":false},"featured_media":1632,"comment_status":"open","ping_status":"closed","template":"","meta":{"site-sidebar-layout":"default","site-content-layout":"","ast-site-content-layout":"default","site-content-style":"default","site-sidebar-style":"default","ast-global-header-display":"","ast-banner-title-visibility":"","ast-main-header-display":"","ast-hfb-above-header-display":"","ast-hfb-below-header-display":"","ast-hfb-mobile-header-display":"","site-post-title":"","ast-breadcrumbs-content":"","ast-featured-img":"","footer-sml-layout":"","theme-transparent-header-meta":"default","adv-header-id-meta":"","stick-header-meta":"","header-above-stick-meta":"","header-main-stick-meta":"","header-below-stick-meta":"","astra-migrate-meta-layouts":"set","ast-page-background-enabled":"default","ast-page-background-meta":{"desktop":{"background-color":"var(--ast-global-color-4)","background-image":"","background-repeat":"repeat","background-position":"center center","background-size":"auto","background-attachment":"scroll","background-type":"","background-media":"","overlay-type":"","overlay-color":"","overlay-gradient":""},"tablet":{"background-color":"","background-image":"","background-repeat":"repeat","background-position":"center center","background-size":"auto","background-attachment":"scroll","background-type":"","background-media":"","overlay-type":"","overlay-color":"","overlay-gradient":""},"mobile":{"background-color":"","background-image":"","background-repeat":"repeat","background-position":"center center","background-size":"auto","background-attachment":"scroll","background-type":"","background-media":"","overlay-type":"","overlay-color":"","overlay-gradient":""}},"ast-content-background-meta":{"desktop":{"background-color":"var(--ast-global-color-5)","background-image":"","background-repeat":"repeat","background-position":"center center","background-size":"auto","background-attachment":"scroll","background-type":"","background-media":"","overlay-type":"","overlay-color":"","overlay-gradient":""},"tablet":{"background-color":"var(--ast-global-color-5)","background-image":"","background-repeat":"repeat","background-position":"center center","background-size":"auto","background-attachment":"scroll","background-type":"","background-media":"","overlay-type":"","overlay-color":"","overlay-gradient":""},"mobile":{"background-color":"var(--ast-global-color-5)","background-image":"","background-repeat":"repeat","background-position":"center center","background-size":"auto","background-attachment":"scroll","background-type":"","background-media":"","overlay-type":"","overlay-color":"","overlay-gradient":""}},"_joinchat":[]},"product_cat":[22,30],"product_tag":[],"_links":{"self":[{"href":"https:\/\/karlydigitalworld.com\/index.php\/wp-json\/wp\/v2\/product\/1631"}],"collection":[{"href":"https:\/\/karlydigitalworld.com\/index.php\/wp-json\/wp\/v2\/product"}],"about":[{"href":"https:\/\/karlydigitalworld.com\/index.php\/wp-json\/wp\/v2\/types\/product"}],"replies":[{"embeddable":true,"href":"https:\/\/karlydigitalworld.com\/index.php\/wp-json\/wp\/v2\/comments?post=1631"}],"wp:featuredmedia":[{"embeddable":true,"href":"https:\/\/karlydigitalworld.com\/index.php\/wp-json\/wp\/v2\/media\/1632"}],"wp:attachment":[{"href":"https:\/\/karlydigitalworld.com\/index.php\/wp-json\/wp\/v2\/media?parent=1631"}],"wp:term":[{"taxonomy":"product_cat","embeddable":true,"href":"https:\/\/karlydigitalworld.com\/index.php\/wp-json\/wp\/v2\/product_cat?post=1631"},{"taxonomy":"product_tag","embeddable":true,"href":"https:\/\/karlydigitalworld.com\/index.php\/wp-json\/wp\/v2\/product_tag?post=1631"}],"curies":[{"name":"wp","href":"https:\/\/api.w.org\/{rel}","templated":true}]}}