{"id":1629,"date":"2024-09-19T15:30:33","date_gmt":"2024-09-19T15:30:33","guid":{"rendered":"https:\/\/karlydigitalworld.com\/?post_type=product&#038;p=1629"},"modified":"2024-09-19T15:30:33","modified_gmt":"2024-09-19T15:30:33","slug":"devenir-supernaturel-seminaire-avec-joe-dispenza-en-francais","status":"publish","type":"product","link":"https:\/\/karlydigitalworld.com\/index.php\/product\/devenir-supernaturel-seminaire-avec-joe-dispenza-en-francais\/","title":{"rendered":"Devenir Supernaturel : s\u00e9minaire avec Joe Dispenza (En Fran\u00e7ais)"},"content":{"rendered":"<p>Reprogrammez votre cerveau avec Joe Dispenza. Au cours d\u2019une formation exclusive, Gaia vous propose de b\u00e9n\u00e9ficier de l\u2019expertise unique de Joe Dispenza, chercheur et expert en neurosciences.<\/p>\n<p>&nbsp;<\/p>\n<p>A la crois\u00e9e de la physique quantique et des nouvelles compr\u00e9hensions de la connexion esprit-corps, ce programme vous donnera les outils de compr\u00e9hension &#8211; et d\u2019action &#8211; pour pleinement ma\u00eetriser ce qui est naturellement en votre pouvoir.<\/p>\n<p>&nbsp;<\/p>\n<p>Vous y apprendrez :<\/p>\n<p>&#8211; Comment p\u00e9n\u00e9trer dans votre subconscient pour apprendre \u00e0 devenir votre propre placebo<br \/>\n&#8211; Comment lib\u00e9rer l&#8217;\u00e9nergie \u00e9motionnelle accumul\u00e9e dans votre corps et l&#8217;utiliser pour cr\u00e9er une nouvelle destin\u00e9e<br \/>\n&#8211; Comment \u00e9mettre de nouvelles signatures \u00e9lectromagn\u00e9tiques afin de cr\u00e9er de nouvelles opportunit\u00e9s dans votre vie<br \/>\n&#8211; Comment ouvrir votre coeur et renforcer votre syst\u00e8me immunitaire en changeant votre attitude<br \/>\n&#8211; Comment utiliser vos pens\u00e9es pour \u00e9quilibrer votre syst\u00e8me nerveux autonome<\/p>\n<p>&nbsp;<\/p>\n<p><strong>PROGRAMME:\u00a0<\/strong><\/p>\n<p>&nbsp;<\/p>\n<h6 class=\"heading detail-video-list__item-title\">1. Engagement essentiel<\/h6>\n<div class=\"detail-video-list__item-meta\">\n<div class=\"detail-video-list__item-meta-duration\"><\/div>\n<\/div>\n<div class=\"detail-video-list__item-description\">Comment toujours donner le meilleur de soi-m\u00eame ? Joe Dispenza explique l\u2019importance de se d\u00e9tacher de son pass\u00e9, des \u00e9motions du pass\u00e9 pour pouvoir enfin avancer dans l\u2019univers de tout les possibles. Comment rompre avec soi-m\u00eame pour se r\u00e9inventer.<\/div>\n<div><\/div>\n<div>\n<h6 class=\"heading detail-video-list__item-title\">2. Plein potentiel<\/h6>\n<div class=\"detail-video-list__item-meta\">\n<div class=\"detail-video-list__item-meta-duration\"><\/div>\n<\/div>\n<div class=\"detail-video-list__item-description\">Comment atteindre votre plein potentiel ? Avec Joe Dispenza, apprenez \u00e0 concentrer votre \u00e9nergie sur l\u2019instant pr\u00e9sent et sur l&#8217;infinit\u00e9 de possibilit\u00e9s qui s\u2019offrent \u00e0 vous.<\/div>\n<div><\/div>\n<div><\/div>\n<div>\n<h6 class=\"heading detail-video-list__item-title\">3. Gratitude inconditionnelle<\/h6>\n<div class=\"detail-video-list__item-meta\">\n<div class=\"detail-video-list__item-meta-duration\"><\/div>\n<\/div>\n<div class=\"detail-video-list__item-description\">Nous savons que des changements sont possibles. Joe Dispenza d\u00e9voile ici que la cl\u00e9 pour changer est la gratitude inconditionnelle, une tournure d&#8217;esprit et des \u00e9motions positives. Il explique la connection corps-esprit.<\/div>\n<div><\/div>\n<div>\n<h6 class=\"heading detail-video-list__item-title\">4. \u00c9ternel N\u00e9ant (M\u00e9ditation)<\/h6>\n<div class=\"detail-video-list__item-meta\">\n<div class=\"detail-video-list__item-meta-duration\"><\/div>\n<\/div>\n<div class=\"detail-video-list__item-description\">Joe Dispenza nous guide dans cette m\u00e9ditation guid\u00e9e \u00e0 travers l\u2019espace infini du champ quantique. Lib\u00e9rez vous de vos associations au monde mat\u00e9riel, \u00e0 vous dissocier de tout ce qui est connu dans votre vie et \u00e0 \u00eatre plus connect\u00e9 au champ unifi\u00e9.<\/div>\n<div><\/div>\n<div>\n<h6 class=\"heading detail-video-list__item-title\">5. \u00catre pr\u00e9sent<\/h6>\n<div class=\"detail-video-list__item-meta\">\n<div class=\"detail-video-list__item-meta-duration\"><\/div>\n<\/div>\n<div class=\"detail-video-list__item-description\">Pourquoi s\u2019abandonner au moment pr\u00e9sent ? Joe Dispenza nous offre un expos\u00e9 clair et percutant sur l\u2019importance de porter toute notre attention \u00e0 l\u2019instant pr\u00e9sent pour ouvrir le champs de tout les possibles. D\u00e9couvrez le pouvoir de la pens\u00e9e.<\/div>\n<div><\/div>\n<div>\n<h6 class=\"heading detail-video-list__item-title\">6. Au-del\u00e0 des habitudes<\/h6>\n<div class=\"detail-video-list__item-meta\">\n<div class=\"detail-video-list__item-meta-duration\"><\/div>\n<\/div>\n<div class=\"detail-video-list__item-description\">Le stress, pour de nombreuses personnes, est cr\u00e9\u00e9 par l&#8217;incapacit\u00e9 de pr\u00e9dire le moment suivant. Joe Dispenza explique que si nous nous pr\u00e9parons toujours au pire, nous programmons la peur dans notre corps.<\/div>\n<div><\/div>\n<div>\n<h6 class=\"heading detail-video-list__item-title\">7. Cr\u00e9ateur pas victime<\/h6>\n<div class=\"detail-video-list__item-meta\">\n<div class=\"detail-video-list__item-meta-duration\"><\/div>\n<\/div>\n<div class=\"detail-video-list__item-description\">Et si vous commenciez chaque jour avec les questions \u00ab Qui est-ce que je veux \u00eatre aujourd&#8217;hui, comment est-ce que je veux me comporter et qu&#8217;est-ce que je veux accomplir ? \u00bb &#8211; vous cr\u00e9ez donc une m\u00e9moire du futur.<\/div>\n<div><\/div>\n<div>\n<h6 class=\"heading detail-video-list__item-title\">8. Le pouvoir du moment pr\u00e9sent<\/h6>\n<div class=\"detail-video-list__item-meta\">\n<div class=\"detail-video-list__item-meta-duration\"><\/div>\n<\/div>\n<div class=\"detail-video-list__item-description\">Est-il possible de gu\u00e9rir par le seul pouvoir de la pens\u00e9e ? Joe Dispenza nous explique comment changer notre vie en arr\u00eatant de vivre dans le pass\u00e9. Le vrai changement se produit dans des moments impr\u00e9vus et spontan\u00e9s.<\/div>\n<div><\/div>\n<div>\n<h6 class=\"heading detail-video-list__item-title\">9. L&#8217;effet t\u00e9moin<\/h6>\n<div class=\"detail-video-list__item-meta\">\n<div class=\"detail-video-list__item-meta-duration\"><\/div>\n<\/div>\n<div class=\"detail-video-list__item-description\">\u201cPourquoi ne suis-je pas gu\u00e9ri ? Pourquoi ne suis-je toujours pas amoureux ?\u201d Joe Dispenza nous conseille de ne pas essayer d\u2019attirer une experience \u00e0 nous, nous ne pouvons pas la chercher. Nous devons la devenir et avancer vers l\u2019inconnu.<\/div>\n<div><\/div>\n<div>\n<h6 class=\"heading detail-video-list__item-title\">10. La magie de la n\u00e9guentropie (M\u00e9ditation)<\/h6>\n<div class=\"detail-video-list__item-meta\">\n<div class=\"detail-video-list__item-meta-duration\"><\/div>\n<\/div>\n<div class=\"detail-video-list__item-description\">Comment peut-on atteindre le bonheur ? Dans cette m\u00e9ditation, Joe Dispenza nous guide vers le fameux \u00e9tat de \u201cn\u00e9guentropie psychique\u201d. Cet \u00e9tat est atteint lorsque nous ressentons des \u00e9motions comme le bonheur, la pl\u00e9nitude, une \u00e9nergie positive.<\/div>\n<div><\/div>\n<div>\n<h6 class=\"heading detail-video-list__item-title\">11. Possibilit\u00e9s illimit\u00e9es<\/h6>\n<div class=\"detail-video-list__item-meta\">\n<div class=\"detail-video-list__item-meta-duration\"><\/div>\n<\/div>\n<div class=\"detail-video-list__item-description\">Comment le champ quantique peut refl\u00e9ter notre \u00e9nergie ? Joe Dispenza nous explique que nous avons le potentiel d\u2019\u00eatre heureux et de gu\u00e9rir parce que tous les potentiels existent dans le champ quantique sous forme de fr\u00e9quences \u00e9lectromagn\u00e9tiques.<\/div>\n<div><\/div>\n<div>\n<h6 class=\"heading detail-video-list__item-title\">12. Exp\u00e9rimenter le destin<\/h6>\n<div class=\"detail-video-list__item-meta\">\n<div class=\"detail-video-list__item-meta-duration\"><\/div>\n<\/div>\n<div class=\"detail-video-list__item-description\">Comment manifester vos r\u00eaves ? \u201cSi vous ne changez pas votre \u00e9nergie, votre vie ne changera pas.\u201d Joe Dispenza explique l\u2019importance d\u2019avoir une intention claire et une \u00e9motion positive, ainsi que la coh\u00e9rence entre le cerveau et le coeur.<\/div>\n<div><\/div>\n<div>\n<h6 class=\"heading detail-video-list__item-title\">13. L\u2019espace infini (M\u00e9ditation)<\/h6>\n<div class=\"detail-video-list__item-meta\">\n<div class=\"detail-video-list__item-meta-duration\"><\/div>\n<\/div>\n<div class=\"detail-video-list__item-description\">Voulez-vous changer de vie ? Dans cette m\u00e9ditation Joe Dispenza vous guide vers un \u00e9tat m\u00e9ditatif profond, plongez \u00e0 nouveau dans l\u2019espace infini du vide car toutes les variantes imaginables du future s\u2019offrent \u00e0 vous.<\/div>\n<div><\/div>\n<div>\n<h6 class=\"heading detail-video-list__item-title\">14. La glande pin\u00e9ale &#8211; faiseuse de miracles<\/h6>\n<div class=\"detail-video-list__item-meta\">\n<div class=\"detail-video-list__item-meta-duration\"><\/div>\n<\/div>\n<div class=\"detail-video-list__item-description\">Comment atteindre ce fameux \u00e9tat de \u201cn\u00e9guentropie psychique\u201d ? Cette \u00e9nergie qui gu\u00e9rit le corps et l\u2019esprit. Joe Dispenza nous explique l\u2019importance d\u2019activer notre glande pin\u00e9ale. Le chakra dit du \u201ctroisi\u00e8me oeil\u201d.<\/div>\n<div><\/div>\n<div>\n<h6 class=\"heading detail-video-list__item-title\">15. Coh\u00e9rence cardiaque (M\u00e9ditation)<\/h6>\n<div class=\"detail-video-list__item-meta\">\n<div class=\"detail-video-list__item-meta-duration\"><\/div>\n<\/div>\n<div class=\"detail-video-list__item-description\">Joe Dispenza commence cette m\u00e9ditation guid\u00e9e avec une premi\u00e8re partie d\u00e9di\u00e9e \u00e0 la notion d\u2019espace, agissant comme un pr\u00e9lude. L\u2019objectif est de se laisser guider pour que notre esprit, notre corps et notre coeur se nourrissent d\u2019\u00e9nergie positive.<\/div>\n<div><\/div>\n<div>\n<h6 class=\"heading detail-video-list__item-title\">16. Connectivit\u00e9 quantique<\/h6>\n<div class=\"detail-video-list__item-meta\">\n<div class=\"detail-video-list__item-meta-duration\"><\/div>\n<\/div>\n<div class=\"detail-video-list__item-description\">Si notre corps est conditionn\u00e9 \u00e0 vivre dans le pass\u00e9 alors comment pouvons-nous transcender le temps ? Pour changer notre vie, Joe Dispenza nous invite \u00e0 \u00eatre plus grand que notre corps, notre environnement et le temps !<\/div>\n<div><\/div>\n<div>\n<h6 class=\"heading detail-video-list__item-title\">17. Non-lin\u00e9arit\u00e9 temporelle<\/h6>\n<div class=\"detail-video-list__item-meta\">\n<div class=\"detail-video-list__item-meta-duration\"><\/div>\n<\/div>\n<div class=\"detail-video-list__item-description\">Comment voyager dans le temps ? Ici Joe Dispenza nous parle de la r\u00e9alit\u00e9 de la 5\u00e8me dimension qui est le royaume de l&#8217;espace-temps, un royaume o\u00f9 toutes les possibilit\u00e9s existent en tant que potentiels dans le champ quantique.<\/div>\n<div><\/div>\n<div>\n<h6 class=\"heading detail-video-list__item-title\">18. Changement de paradigme<\/h6>\n<div class=\"detail-video-list__item-meta\">\n<div class=\"detail-video-list__item-meta-duration\"><\/div>\n<\/div>\n<div class=\"detail-video-list__item-description\">Et si on vous disait que vos pens\u00e9es et vos \u00e9motions influencent votre vie ? Joe Dispenza, il est important de devenir conscient de nos comportements inconscients, il faut rompre avec soi-m\u00eame pour pouvoir se r\u00e9-inventer.<\/div>\n<div><\/div>\n<div>\n<h6 class=\"heading detail-video-list__item-title\">19. Unit\u00e9 parfaite (M\u00e9ditation)<\/h6>\n<div class=\"detail-video-list__item-meta\">\n<div class=\"detail-video-list__item-meta-duration\"><\/div>\n<\/div>\n<div class=\"detail-video-list__item-description\">\u201cLe cerveau pense, mais le coeur sait.\u201d Laissez-vous guider par Joe Dispenza dans cette m\u00e9ditation de la coh\u00e9rence cardiaque. Visualisez une porte derri\u00e8re laquelle toutes les possibilit\u00e9s, tous vos r\u00eaves et vos chronologies alternatives existent.<\/div>\n<div><\/div>\n<div>\n<h6 class=\"heading detail-video-list__item-title\">20. R\u00e9alit\u00e9 kal\u00e9idoscopique<\/h6>\n<div class=\"detail-video-list__item-meta\">\n<div class=\"detail-video-list__item-meta-duration\"><\/div>\n<\/div>\n<div class=\"detail-video-list__item-description\">Comment ralentir notre activit\u00e9 c\u00e9r\u00e9brale ? Joe Dispenza nous offre un expos\u00e9 clair et pr\u00e9cis sur le fonctionnement de notre cerveau et l\u2019importance d\u2019auto-r\u00e9guler nos ondes c\u00e9r\u00e9brales pour ouvrir la porte entre l\u2019esprit conscient et l\u2019esprit subconscient.<\/div>\n<div><\/div>\n<div>\n<h6 class=\"heading detail-video-list__item-title\">21. Cr\u00e9er une nouvelle vision de la vie<\/h6>\n<div class=\"detail-video-list__item-meta\">\n<div class=\"detail-video-list__item-meta-duration\"><\/div>\n<\/div>\n<div class=\"detail-video-list__item-description\">Comment cr\u00e9er une nouvelle vision de la vie ? Joe Dispenza nous explique l\u2019importance de la visualization. Lorsque nous imaginons notre avenir, nous cr\u00e9ons notre film mental, nous programmons donc dans la r\u00e9alit\u00e9 ce dont nous r\u00eavons.<\/div>\n<div><\/div>\n<div>\n<h6 class=\"heading detail-video-list__item-title\">22. Activer la glande pin\u00e9ale (M\u00e9ditation)<\/h6>\n<div class=\"detail-video-list__item-meta\">\n<div class=\"detail-video-list__item-meta-duration\"><\/div>\n<\/div>\n<div class=\"detail-video-list__item-description\">Joe Dispenza nous guide dans cette m\u00e9ditation pour nous aider \u00e0 nous connecter \u00e0 notre glande pin\u00e9ale et \u00e0 l\u2019\u00e9nergie mystique dans le but d\u2019am\u00e9liorer et transformer notre vie.<\/div>\n<div><\/div>\n<div>\n<h6 class=\"heading detail-video-list__item-title\">23. L&#8217;esprit surnaturel (M\u00e9ditation)<\/h6>\n<div class=\"detail-video-list__item-meta\">\n<div class=\"detail-video-list__item-meta-duration\"><\/div>\n<\/div>\n<div class=\"detail-video-list__item-description\">Comment reprogrammer son subconscient pour manifester la loi de l\u2019attraction ? Commencez \u00e0 changer vos ondes c\u00e9r\u00e9brales gr\u00e2ce \u00e0 cette m\u00e9ditation kal\u00e9idoscopique, guid\u00e9e par la voix de Joe Dispenza qui nous emm\u00e8ne dans un \u00e9tat de transe hypnotique.<\/div>\n<div><\/div>\n<div>\n<h6 class=\"heading detail-video-list__item-title\">24. En conclusion &#8211; Devenez surnaturel<\/h6>\n<div class=\"detail-video-list__item-meta\">\n<div class=\"detail-video-list__item-meta-duration\"><\/div>\n<\/div>\n<div class=\"detail-video-list__item-description\">Comment passer de l&#8217;ordinaire \u00e0 l&#8217;extra-ordinaire ? \u201cSoyez le cr\u00e9ateur conscient de votre vie. La seule fa\u00e7on dont nous pouvons changer nos vies est de changer notre fa\u00e7on de penser et ce que nous ressentons.\u201d\u201d dit Joe Dispenza.<\/div>\n<div><\/div>\n<\/div>\n<\/div>\n<\/div>\n<\/div>\n<\/div>\n<\/div>\n<\/div>\n<\/div>\n<\/div>\n<\/div>\n<\/div>\n<\/div>\n<\/div>\n<\/div>\n<\/div>\n<\/div>\n<\/div>\n<\/div>\n<\/div>\n<\/div>\n<\/div>\n<\/div>\n<\/div>\n","protected":false},"excerpt":{"rendered":"<div class=\"w-full lg_w-2\/3 mx-auto mb-7 md_mb-9 min-h-fit storyblok__outline\" data-v-199920cb=\"\" data-blok-c=\"undefined\" data-blok-uid=\"undefined\">\n<div class=\"pb-markdown min-h-fit mv-type--headline5 text-center storyblok__outline\" data-v-199920cb=\"\" data-blok-c=\"undefined\" data-blok-uid=\"undefined\">\n<div class=\"w-full lg_w-2\/3 mx-auto mb-7 md_mb-9 min-h-fit storyblok__outline\" data-v-199920cb=\"\" data-blok-c=\"undefined\" data-blok-uid=\"undefined\">\n<div class=\"pb-markdown min-h-fit mv-type--headline5 text-center storyblok__outline\" data-v-199920cb=\"\" data-blok-c=\"undefined\" data-blok-uid=\"undefined\">\n<div id=\"\" class=\"w-full lg_w-2\/3 mx-auto mb-7 md_mb-9 min-h-fit storyblok__outline\" data-v-199920cb=\"\" data-blok-c=\"undefined\" data-blok-uid=\"undefined\">\n<div class=\"pb-markdown min-h-fit mv-type--headline5 text-center storyblok__outline\" data-v-199920cb=\"\" data-blok-c=\"undefined\" data-blok-uid=\"undefined\">\n<div class=\"w-full lg_w-2\/3 mx-auto mb-7 md_mb-9 min-h-fit storyblok__outline\" data-v-65686310=\"\" data-blok-c=\"undefined\" data-blok-uid=\"undefined\">\n<div class=\"pb-markdown min-h-fit mv-type--headline5 text-center storyblok__outline\" data-v-65686310=\"\" data-blok-c=\"undefined\" data-blok-uid=\"undefined\">\n<h3>Reprogrammez votre cerveau avec Joe Dispenza.<\/h3>\n<\/div>\n<\/div>\n<\/div>\n<\/div>\n<div id=\"\" class=\"w-full lg_w-2\/3 mx-auto min-h-fit storyblok__outline\" data-v-199920cb=\"\" data-blok-c=\"undefined\" data-blok-uid=\"undefined\">\n<div class=\"pb-markdown min-h-fit mv-type--body storyblok__outline\" data-v-199920cb=\"\" data-blok-c=\"undefined\" data-blok-uid=\"undefined\"><\/div>\n<\/div>\n<\/div>\n<\/div>\n<\/div>\n<\/div>\n<p>\u2705 Le\u00e7on 24<\/p>\n<p>\u23f1 12 Heures<\/p>\n<p>\ud83d\udc42\ud83c\udffbAudio en fran\u00e7ais<\/p>\n<p>Acc\u00e9der \u00e0 Google Drive<\/p>\n","protected":false},"featured_media":1630,"comment_status":"open","ping_status":"closed","template":"","meta":{"site-sidebar-layout":"default","site-content-layout":"","ast-site-content-layout":"default","site-content-style":"default","site-sidebar-style":"default","ast-global-header-display":"","ast-banner-title-visibility":"","ast-main-header-display":"","ast-hfb-above-header-display":"","ast-hfb-below-header-display":"","ast-hfb-mobile-header-display":"","site-post-title":"","ast-breadcrumbs-content":"","ast-featured-img":"","footer-sml-layout":"","theme-transparent-header-meta":"default","adv-header-id-meta":"","stick-header-meta":"","header-above-stick-meta":"","header-main-stick-meta":"","header-below-stick-meta":"","astra-migrate-meta-layouts":"set","ast-page-background-enabled":"default","ast-page-background-meta":{"desktop":{"background-color":"var(--ast-global-color-4)","background-image":"","background-repeat":"repeat","background-position":"center center","background-size":"auto","background-attachment":"scroll","background-type":"","background-media":"","overlay-type":"","overlay-color":"","overlay-gradient":""},"tablet":{"background-color":"","background-image":"","background-repeat":"repeat","background-position":"center center","background-size":"auto","background-attachment":"scroll","background-type":"","background-media":"","overlay-type":"","overlay-color":"","overlay-gradient":""},"mobile":{"background-color":"","background-image":"","background-repeat":"repeat","background-position":"center center","background-size":"auto","background-attachment":"scroll","background-type":"","background-media":"","overlay-type":"","overlay-color":"","overlay-gradient":""}},"ast-content-background-meta":{"desktop":{"background-color":"var(--ast-global-color-5)","background-image":"","background-repeat":"repeat","background-position":"center center","background-size":"auto","background-attachment":"scroll","background-type":"","background-media":"","overlay-type":"","overlay-color":"","overlay-gradient":""},"tablet":{"background-color":"var(--ast-global-color-5)","background-image":"","background-repeat":"repeat","background-position":"center center","background-size":"auto","background-attachment":"scroll","background-type":"","background-media":"","overlay-type":"","overlay-color":"","overlay-gradient":""},"mobile":{"background-color":"var(--ast-global-color-5)","background-image":"","background-repeat":"repeat","background-position":"center center","background-size":"auto","background-attachment":"scroll","background-type":"","background-media":"","overlay-type":"","overlay-color":"","overlay-gradient":""}},"_joinchat":[]},"product_cat":[22,30],"product_tag":[31],"_links":{"self":[{"href":"https:\/\/karlydigitalworld.com\/index.php\/wp-json\/wp\/v2\/product\/1629"}],"collection":[{"href":"https:\/\/karlydigitalworld.com\/index.php\/wp-json\/wp\/v2\/product"}],"about":[{"href":"https:\/\/karlydigitalworld.com\/index.php\/wp-json\/wp\/v2\/types\/product"}],"replies":[{"embeddable":true,"href":"https:\/\/karlydigitalworld.com\/index.php\/wp-json\/wp\/v2\/comments?post=1629"}],"wp:featuredmedia":[{"embeddable":true,"href":"https:\/\/karlydigitalworld.com\/index.php\/wp-json\/wp\/v2\/media\/1630"}],"wp:attachment":[{"href":"https:\/\/karlydigitalworld.com\/index.php\/wp-json\/wp\/v2\/media?parent=1629"}],"wp:term":[{"taxonomy":"product_cat","embeddable":true,"href":"https:\/\/karlydigitalworld.com\/index.php\/wp-json\/wp\/v2\/product_cat?post=1629"},{"taxonomy":"product_tag","embeddable":true,"href":"https:\/\/karlydigitalworld.com\/index.php\/wp-json\/wp\/v2\/product_tag?post=1629"}],"curies":[{"name":"wp","href":"https:\/\/api.w.org\/{rel}","templated":true}]}}