{"id":1597,"date":"2024-07-26T00:13:14","date_gmt":"2024-07-26T00:13:14","guid":{"rendered":"https:\/\/karlydigitalworld.com\/?post_type=product&#038;p=1597"},"modified":"2024-07-26T00:13:14","modified_gmt":"2024-07-26T00:13:14","slug":"maitriser-sa-vision-de-vie-michael-beckwith-en-francais","status":"publish","type":"product","link":"https:\/\/karlydigitalworld.com\/index.php\/product\/maitriser-sa-vision-de-vie-michael-beckwith-en-francais\/","title":{"rendered":"Ma\u00eetriser sa Vision de Vie Michael Beckwith (En Fran\u00e7ais)"},"content":{"rendered":"<div class=\"w-full lg_w-2\/3 mx-auto mb-7 md_mb-9 min-h-fit storyblok__outline\" data-v-65686310=\"\" data-blok-c=\"undefined\" data-blok-uid=\"undefined\">\n<div class=\"pb-markdown min-h-fit mv-type--headline5 text-center storyblok__outline\" data-v-65686310=\"\" data-blok-c=\"undefined\" data-blok-uid=\"undefined\">\n<h3 style=\"text-align: center;\">Explorez les plus hauts niveaux de conscience spirituelle.<\/h3>\n<h3 style=\"text-align: center;\">Et manifestez votre vraie vision de vie.<\/h3>\n<\/div>\n<p>&nbsp;<\/p>\n<\/div>\n<div id=\"\" class=\"w-full lg_w-2\/3 mx-auto min-h-fit storyblok__outline\" data-v-65686310=\"\" data-blok-c=\"undefined\" data-blok-uid=\"undefined\">\n<div class=\"pb-markdown min-h-fit mv-type--body storyblok__outline\" data-v-65686310=\"\" data-blok-c=\"undefined\" data-blok-uid=\"undefined\">\n<p>La Qu\u00eate\u00a0<em>Ma\u00eetriser sa Vision de Vie<\/em>\u00a0par le Dr Michael Beckwith est con\u00e7ue pour vous aider \u00e0 gravir les 4 niveaux de conscience spirituelle &#8211; chaque \u00e9tape suscitant de profonds r\u00e9veils \u00e0 mesure que vous devenez plus align\u00e9 avec votre v\u00e9ritable essence.<\/p>\n<p>&nbsp;<\/p>\n<p>Ce processus va bien au-del\u00e0 des m\u00e9thodes traditionnelles d&#8217;\u00e9tablissement d&#8217;objectifs ou de visualisation que vous avez peut-\u00eatre essay\u00e9es dans le pass\u00e9. Au lieu d&#8217;intellectualiser votre chemin vers la clart\u00e9, vous vous retrouvez \u00e0 partir d&#8217;un lieu de pur instinct et d&#8217;inspiration.<\/p>\n<p>&nbsp;<\/p>\n<p>C\u2019est ici que vous obtenez une clart\u00e9 compl\u00e8te de ce que le succ\u00e8s et la r\u00e9alisation signifient vraiment pour vous &#8211; afin que vous puissiez vous \u00e9panouir dans l\u2019expression divine de qui vous \u00eates vraiment.<\/p>\n<p>&nbsp;<\/p>\n<p>C&#8217;est ainsi que vous vous \u00e9l\u00e8vez au-dessus des objectifs et des activit\u00e9s qui ne vous servent pas. Et lib\u00e9rez le sentiment d&#8217;insatisfaction ou de vide qui accompagne une vie spirituellement d\u00e9salign\u00e9e.<\/p>\n<p>&nbsp;<\/p>\n<p>Au lieu de cela, vous \u00eates enfin libre de cr\u00e9er une vie qui chante \u00e0 votre \u00e2me.<\/p>\n<\/div>\n<\/div>\n<p>&nbsp;<\/p>\n<div class=\"mv-container min-h-fit storyblok__outline\" data-v-65686310=\"\" data-blok-c=\"undefined\" data-blok-uid=\"undefined\">\n<div class=\"w-full text-center lg_w-2\/3 mx-auto min-h-fit storyblok__outline\" data-v-65686310=\"\" data-blok-c=\"undefined\" data-blok-uid=\"undefined\">\n<div class=\"pb-markdown min-h-fit mv-type--titlebold4 text-center mb-8 md_mb-10 lg_mb-12 storyblok__outline\" data-v-65686310=\"\" data-blok-c=\"undefined\" data-blok-uid=\"undefined\">\n<h2 style=\"text-align: center;\">Le programme (en Fran\u00e7ais)<\/h2>\n<\/div>\n<\/div>\n<\/div>\n<div class=\"mv-container min-h-fit storyblok__outline\" data-v-65686310=\"\" data-blok-c=\"undefined\" data-blok-uid=\"undefined\">\n<div class=\"pb-markdown min-h-fit mv-type--titlebold5 text-center mb-8 md_mb-12 lg_mb-16 lg_w-2\/3 mx-auto storyblok__outline\" data-v-65686310=\"\" data-blok-c=\"undefined\" data-blok-uid=\"undefined\">\n<h3 style=\"text-align: center;\">Explorez le Curriculum de Ma\u00eetriser sa Vision de Vie<\/h3>\n<p>&nbsp;<\/p>\n<\/div>\n<p><img fetchpriority=\"high\" decoding=\"async\" class=\"aligncenter\" src=\"https:\/\/storyblok-cdn.mindvalley.com\/f\/60579\/2068x1110\/4ef677ac8e\/lvm_sp_devices_curriculum_fr.png?trans?quality=60&amp;auto=webp&amp;dpr=1&amp;width=auto\" alt=\"Life Visioning Mastery in various devices\" width=\"772\" height=\"414\" \/><\/p>\n<\/div>\n<p>La Qu\u00eate Ma\u00eetriser sa Vision de Vie est un voyage spirituel de 35 jours pour d\u00e9couvrir votre but. Chaque jour, vous rejoindrez le Dr Michael Beckwith et des milliers d\u2019\u00e9tudiants dans le monde pour vous reconnecter avec qui vous \u00eates vraiment.<\/p>\n<p>&nbsp;<\/p>\n<p>Le Dr Beckwith est l&#8217;un des professeurs spirituels les plus \u00e9minents de notre temps &#8211; et cette Qu\u00eate est la meilleure chose \u00e0 faire apr\u00e8s une consultation individuelle avec lui. En seulement 15 \u00e0 20 minutes par jour, vous monterez \u00e0 travers les quatre \u00e9tapes de la conscience spirituelle, acqu\u00e9rant une plus grande clart\u00e9 sur votre vision et votre but de vie chaque jour qui passe.<\/p>\n<p>&nbsp;<\/p>\n<p>\u00c0 la fin de la Qu\u00eate, le besoin de lutter et de viser des objectifs devient une chose du pass\u00e9, et est plut\u00f4t remplac\u00e9 par une vie remplie de synchronicit\u00e9s &#8211; alors que vous devenez pleinement align\u00e9 avec votre objectif le plus authentique.<\/p>\n","protected":false},"excerpt":{"rendered":"<div class=\"w-full lg_w-2\/3 mx-auto mb-7 md_mb-9 min-h-fit storyblok__outline\" data-v-199920cb=\"\" data-blok-c=\"undefined\" data-blok-uid=\"undefined\">\n<div class=\"pb-markdown min-h-fit mv-type--headline5 text-center storyblok__outline\" data-v-199920cb=\"\" data-blok-c=\"undefined\" data-blok-uid=\"undefined\">\n<div class=\"w-full lg_w-2\/3 mx-auto mb-7 md_mb-9 min-h-fit storyblok__outline\" data-v-199920cb=\"\" data-blok-c=\"undefined\" data-blok-uid=\"undefined\">\n<div class=\"pb-markdown min-h-fit mv-type--headline5 text-center storyblok__outline\" data-v-199920cb=\"\" data-blok-c=\"undefined\" data-blok-uid=\"undefined\">\n<div id=\"\" class=\"w-full lg_w-2\/3 mx-auto mb-7 md_mb-9 min-h-fit storyblok__outline\" data-v-199920cb=\"\" data-blok-c=\"undefined\" data-blok-uid=\"undefined\">\n<div class=\"pb-markdown min-h-fit mv-type--headline5 text-center storyblok__outline\" data-v-199920cb=\"\" data-blok-c=\"undefined\" data-blok-uid=\"undefined\">\n<div class=\"w-full lg_w-2\/3 mx-auto mb-7 md_mb-9 min-h-fit storyblok__outline\" data-v-65686310=\"\" data-blok-c=\"undefined\" data-blok-uid=\"undefined\">\n<div class=\"pb-markdown min-h-fit mv-type--headline5 text-center storyblok__outline\" data-v-65686310=\"\" data-blok-c=\"undefined\" data-blok-uid=\"undefined\">\n<h3>Explorez les plus hauts niveaux de conscience spirituelle. Et manifestez votre vraie vision de vie.<\/h3>\n<\/div>\n<\/div>\n<\/div>\n<\/div>\n<div id=\"\" class=\"w-full lg_w-2\/3 mx-auto min-h-fit storyblok__outline\" data-v-199920cb=\"\" data-blok-c=\"undefined\" data-blok-uid=\"undefined\">\n<div class=\"pb-markdown min-h-fit mv-type--body storyblok__outline\" data-v-199920cb=\"\" data-blok-c=\"undefined\" data-blok-uid=\"undefined\"><\/div>\n<\/div>\n<\/div>\n<\/div>\n<\/div>\n<\/div>\n<p>\u2705 Le\u00e7on 35<\/p>\n<p>\u23f1 8 Heures 25 Minutes<\/p>\n<p>+ Bonus extra<\/p>\n<p>\ud83d\udc42\ud83c\udffbAudio en fran\u00e7ais<\/p>\n<p>Acc\u00e9der \u00e0 Google Drive<\/p>\n","protected":false},"featured_media":1598,"comment_status":"open","ping_status":"closed","template":"","meta":{"site-sidebar-layout":"default","site-content-layout":"","ast-site-content-layout":"default","site-content-style":"default","site-sidebar-style":"default","ast-global-header-display":"","ast-banner-title-visibility":"","ast-main-header-display":"","ast-hfb-above-header-display":"","ast-hfb-below-header-display":"","ast-hfb-mobile-header-display":"","site-post-title":"","ast-breadcrumbs-content":"","ast-featured-img":"","footer-sml-layout":"","theme-transparent-header-meta":"default","adv-header-id-meta":"","stick-header-meta":"","header-above-stick-meta":"","header-main-stick-meta":"","header-below-stick-meta":"","astra-migrate-meta-layouts":"set","ast-page-background-enabled":"default","ast-page-background-meta":{"desktop":{"background-color":"var(--ast-global-color-4)","background-image":"","background-repeat":"repeat","background-position":"center center","background-size":"auto","background-attachment":"scroll","background-type":"","background-media":"","overlay-type":"","overlay-color":"","overlay-gradient":""},"tablet":{"background-color":"","background-image":"","background-repeat":"repeat","background-position":"center center","background-size":"auto","background-attachment":"scroll","background-type":"","background-media":"","overlay-type":"","overlay-color":"","overlay-gradient":""},"mobile":{"background-color":"","background-image":"","background-repeat":"repeat","background-position":"center center","background-size":"auto","background-attachment":"scroll","background-type":"","background-media":"","overlay-type":"","overlay-color":"","overlay-gradient":""}},"ast-content-background-meta":{"desktop":{"background-color":"var(--ast-global-color-5)","background-image":"","background-repeat":"repeat","background-position":"center center","background-size":"auto","background-attachment":"scroll","background-type":"","background-media":"","overlay-type":"","overlay-color":"","overlay-gradient":""},"tablet":{"background-color":"var(--ast-global-color-5)","background-image":"","background-repeat":"repeat","background-position":"center center","background-size":"auto","background-attachment":"scroll","background-type":"","background-media":"","overlay-type":"","overlay-color":"","overlay-gradient":""},"mobile":{"background-color":"var(--ast-global-color-5)","background-image":"","background-repeat":"repeat","background-position":"center center","background-size":"auto","background-attachment":"scroll","background-type":"","background-media":"","overlay-type":"","overlay-color":"","overlay-gradient":""}},"_joinchat":[]},"product_cat":[22,21,20],"product_tag":[],"_links":{"self":[{"href":"https:\/\/karlydigitalworld.com\/index.php\/wp-json\/wp\/v2\/product\/1597"}],"collection":[{"href":"https:\/\/karlydigitalworld.com\/index.php\/wp-json\/wp\/v2\/product"}],"about":[{"href":"https:\/\/karlydigitalworld.com\/index.php\/wp-json\/wp\/v2\/types\/product"}],"replies":[{"embeddable":true,"href":"https:\/\/karlydigitalworld.com\/index.php\/wp-json\/wp\/v2\/comments?post=1597"}],"wp:featuredmedia":[{"embeddable":true,"href":"https:\/\/karlydigitalworld.com\/index.php\/wp-json\/wp\/v2\/media\/1598"}],"wp:attachment":[{"href":"https:\/\/karlydigitalworld.com\/index.php\/wp-json\/wp\/v2\/media?parent=1597"}],"wp:term":[{"taxonomy":"product_cat","embeddable":true,"href":"https:\/\/karlydigitalworld.com\/index.php\/wp-json\/wp\/v2\/product_cat?post=1597"},{"taxonomy":"product_tag","embeddable":true,"href":"https:\/\/karlydigitalworld.com\/index.php\/wp-json\/wp\/v2\/product_tag?post=1597"}],"curies":[{"name":"wp","href":"https:\/\/api.w.org\/{rel}","templated":true}]}}