{"id":1595,"date":"2024-07-26T00:09:10","date_gmt":"2024-07-26T00:09:10","guid":{"rendered":"https:\/\/karlydigitalworld.com\/?post_type=product&#038;p=1595"},"modified":"2024-07-26T00:09:11","modified_gmt":"2024-07-26T00:09:11","slug":"medecine-energetique-donna-eden-en-francais","status":"publish","type":"product","link":"https:\/\/karlydigitalworld.com\/index.php\/product\/medecine-energetique-donna-eden-en-francais\/","title":{"rendered":"M\u00e9decine \u00e9nerg\u00e9tique Donna Eden (En Fran\u00e7ais)"},"content":{"rendered":"<div class=\"w-full lg_w-2\/3 mx-auto mb-7 md_mb-9 min-h-fit storyblok__outline\" data-v-65686310=\"\" data-blok-c=\"undefined\" data-blok-uid=\"undefined\">\n<div class=\"pb-markdown min-h-fit mv-type--headline5 text-center storyblok__outline\" data-v-65686310=\"\" data-blok-c=\"undefined\" data-blok-uid=\"undefined\">\n<h3 style=\"text-align: center;\">Le chemin le plus rapide et le plus simple pour \u00e9veiller les syst\u00e8mes de gu\u00e9rison naturels de votre corps<\/h3>\n<\/div>\n<\/div>\n<p>&nbsp;<\/p>\n<p>Le programme M\u00e9decine \u00e9nerg\u00e9tique de Donna Eden vous guide \u00e0 travers le cadre de gu\u00e9rison \u00e9nerg\u00e9tique le plus complet, le plus accessible et le plus transformateur disponible aujourd&#8217;hui.<\/p>\n<p>Donna est une gu\u00e9risseuse surdou\u00e9e. Elle est n\u00e9e avec la rare capacit\u00e9 de voir les 9 syst\u00e8mes \u00e9nerg\u00e9tiques du corps. Alors que certaines personnes peuvent voir les chakras, Donna peut voir 8 autres syst\u00e8mes.<\/p>\n<p>Gr\u00e2ce \u00e0 cette capacit\u00e9, elle est en mesure de d\u00e9finir la pratique concr\u00e8te de la m\u00e9decine \u00e9nerg\u00e9tique avec la pr\u00e9cision qui correspond au paradigme biochimique de la m\u00e9decine occidentale moderne.<\/p>\n<p>Les syst\u00e8mes \u00e9nerg\u00e9tiques du corps :<\/p>\n<ol>\n<li>M\u00e9ridiens<\/li>\n<li>Chakras<\/li>\n<li>Aura<\/li>\n<li>R\u00e9seau de base<\/li>\n<li>Vaisseaux merveilleux<\/li>\n<li>Triple r\u00e9chauffeur<\/li>\n<li>Entrelacs celtique<\/li>\n<li>Cinq rythmes<\/li>\n<li>\u00c9lectriques<\/li>\n<\/ol>\n<p>&nbsp;<\/p>\n<div id=\"\" class=\"w-full lg_w-2\/3 mx-auto min-h-fit storyblok__outline\" data-v-65686310=\"\" data-blok-c=\"undefined\" data-blok-uid=\"undefined\">\n<div class=\"pb-markdown min-h-fit mv-type--body storyblok__outline\" data-v-65686310=\"\" data-blok-c=\"undefined\" data-blok-uid=\"undefined\">\n<div class=\"mv-container min-h-fit storyblok__outline\" data-v-65686310=\"\" data-blok-c=\"undefined\" data-blok-uid=\"undefined\">\n<div class=\"w-full text-center lg_w-2\/3 mx-auto min-h-fit storyblok__outline\" data-v-65686310=\"\" data-blok-c=\"undefined\" data-blok-uid=\"undefined\">\n<div class=\"pb-markdown min-h-fit mv-type--titlebold4 text-center mb-8 md_mb-10 lg_mb-12 storyblok__outline\" data-v-65686310=\"\" data-blok-c=\"undefined\" data-blok-uid=\"undefined\">\n<h2 style=\"text-align: center;\">Le programme<\/h2>\n<\/div>\n<\/div>\n<\/div>\n<div id=\"\" class=\"mv-container min-h-fit storyblok__outline\" data-v-65686310=\"\" data-blok-c=\"undefined\" data-blok-uid=\"undefined\">\n<div class=\"pb-markdown min-h-fit mv-type--titlebold5 text-center mb-8 md_mb-12 lg_mb-16 lg_w-2\/3 mx-auto storyblok__outline\" data-v-65686310=\"\" data-blok-c=\"undefined\" data-blok-uid=\"undefined\">\n<h3 style=\"text-align: center;\">D\u00e9couvrez le curriculum de &#8220;M\u00e9decine \u00c9n\u00e9rg\u00e9tique&#8221;<\/h3>\n<\/div>\n<\/div>\n<\/div>\n<\/div>\n<p>&nbsp;<\/p>\n<p><img fetchpriority=\"high\" decoding=\"async\" class=\"aligncenter\" src=\"https:\/\/storyblok-cdn.mindvalley.com\/f\/60579\/2068x1110\/ec60dd91a0\/emed_sp_devices_curriculum_fr.png?trans?quality=60&amp;auto=webp&amp;dpr=1&amp;width=auto\" width=\"753\" height=\"404\" \/><\/p>\n<p>Le programme\u00a0<em>M\u00e9decine \u00c9nerg\u00e9tique<\/em>\u00a0est un voyage transformationnel visant \u00e0 \u00e9veiller la capacit\u00e9 de gu\u00e9rison naturelle de votre corps.<\/p>\n<p>&nbsp;<\/p>\n<p>Avec Donna Eden comme guide, vous d\u00e9couvrirez comment ma\u00eetriser les syst\u00e8mes \u00e9nerg\u00e9tiques de votre corps, corriger les blocages et faiblesses \u00e9nerg\u00e9tiques et devenir un praticien efficace de la m\u00e9decine \u00e9nerg\u00e9tique en seulement huit semaines &#8211; m\u00eame si vous n&#8217;avez jamais pratiqu\u00e9 la gu\u00e9rison \u00e9nerg\u00e9tique de votre vie.<\/p>\n<p>&nbsp;<\/p>\n<p>Le programme comprend un ensemble de le\u00e7ons vid\u00e9o immersives et de questions-r\u00e9ponses avec Donna, ainsi que plus de 50 outils \u00e9nerg\u00e9tiques exclusifs que Donna et son mari David n&#8217;enseignent que lors de leurs ateliers en direct : tous r\u00e9partis sur huit chapitres faciles \u00e0 suivre qui ne prennent que quelques minutes par jour.<\/p>\n<p>&nbsp;<\/p>\n","protected":false},"excerpt":{"rendered":"<div class=\"w-full lg_w-2\/3 mx-auto mb-7 md_mb-9 min-h-fit storyblok__outline\" data-v-199920cb=\"\" data-blok-c=\"undefined\" data-blok-uid=\"undefined\">\n<div class=\"pb-markdown min-h-fit mv-type--headline5 text-center storyblok__outline\" data-v-199920cb=\"\" data-blok-c=\"undefined\" data-blok-uid=\"undefined\">\n<div class=\"w-full lg_w-2\/3 mx-auto mb-7 md_mb-9 min-h-fit storyblok__outline\" data-v-199920cb=\"\" data-blok-c=\"undefined\" data-blok-uid=\"undefined\">\n<div class=\"pb-markdown min-h-fit mv-type--headline5 text-center storyblok__outline\" data-v-199920cb=\"\" data-blok-c=\"undefined\" data-blok-uid=\"undefined\">\n<div id=\"\" class=\"w-full lg_w-2\/3 mx-auto mb-7 md_mb-9 min-h-fit storyblok__outline\" data-v-199920cb=\"\" data-blok-c=\"undefined\" data-blok-uid=\"undefined\">\n<div class=\"pb-markdown min-h-fit mv-type--headline5 text-center storyblok__outline\" data-v-199920cb=\"\" data-blok-c=\"undefined\" data-blok-uid=\"undefined\">\n<div class=\"w-full lg_w-2\/3 mx-auto mb-7 md_mb-9 min-h-fit storyblok__outline\" data-v-65686310=\"\" data-blok-c=\"undefined\" data-blok-uid=\"undefined\">\n<div class=\"pb-markdown min-h-fit mv-type--headline5 text-center storyblok__outline\" data-v-65686310=\"\" data-blok-c=\"undefined\" data-blok-uid=\"undefined\">\n<h3>Le chemin le plus rapide et le plus simple pour \u00e9veiller les syst\u00e8mes de gu\u00e9rison naturels de votre corps<\/h3>\n<\/div>\n<\/div>\n<\/div>\n<\/div>\n<div id=\"\" class=\"w-full lg_w-2\/3 mx-auto min-h-fit storyblok__outline\" data-v-199920cb=\"\" data-blok-c=\"undefined\" data-blok-uid=\"undefined\">\n<div class=\"pb-markdown min-h-fit mv-type--body storyblok__outline\" data-v-199920cb=\"\" data-blok-c=\"undefined\" data-blok-uid=\"undefined\"><\/div>\n<\/div>\n<\/div>\n<\/div>\n<\/div>\n<\/div>\n<p>\u2705 Le\u00e7on 25<\/p>\n<p>\u23f1 11 Heures 25 Minutes<\/p>\n<p>\ud83d\udc42\ud83c\udffbAudio en fran\u00e7ais<\/p>\n<p>Acc\u00e9der \u00e0 Google Drive<\/p>\n","protected":false},"featured_media":1596,"comment_status":"open","ping_status":"closed","template":"","meta":{"site-sidebar-layout":"default","site-content-layout":"","ast-site-content-layout":"default","site-content-style":"default","site-sidebar-style":"default","ast-global-header-display":"","ast-banner-title-visibility":"","ast-main-header-display":"","ast-hfb-above-header-display":"","ast-hfb-below-header-display":"","ast-hfb-mobile-header-display":"","site-post-title":"","ast-breadcrumbs-content":"","ast-featured-img":"","footer-sml-layout":"","theme-transparent-header-meta":"default","adv-header-id-meta":"","stick-header-meta":"","header-above-stick-meta":"","header-main-stick-meta":"","header-below-stick-meta":"","astra-migrate-meta-layouts":"set","ast-page-background-enabled":"default","ast-page-background-meta":{"desktop":{"background-color":"var(--ast-global-color-4)","background-image":"","background-repeat":"repeat","background-position":"center center","background-size":"auto","background-attachment":"scroll","background-type":"","background-media":"","overlay-type":"","overlay-color":"","overlay-gradient":""},"tablet":{"background-color":"","background-image":"","background-repeat":"repeat","background-position":"center center","background-size":"auto","background-attachment":"scroll","background-type":"","background-media":"","overlay-type":"","overlay-color":"","overlay-gradient":""},"mobile":{"background-color":"","background-image":"","background-repeat":"repeat","background-position":"center center","background-size":"auto","background-attachment":"scroll","background-type":"","background-media":"","overlay-type":"","overlay-color":"","overlay-gradient":""}},"ast-content-background-meta":{"desktop":{"background-color":"var(--ast-global-color-5)","background-image":"","background-repeat":"repeat","background-position":"center center","background-size":"auto","background-attachment":"scroll","background-type":"","background-media":"","overlay-type":"","overlay-color":"","overlay-gradient":""},"tablet":{"background-color":"var(--ast-global-color-5)","background-image":"","background-repeat":"repeat","background-position":"center center","background-size":"auto","background-attachment":"scroll","background-type":"","background-media":"","overlay-type":"","overlay-color":"","overlay-gradient":""},"mobile":{"background-color":"var(--ast-global-color-5)","background-image":"","background-repeat":"repeat","background-position":"center center","background-size":"auto","background-attachment":"scroll","background-type":"","background-media":"","overlay-type":"","overlay-color":"","overlay-gradient":""}},"_joinchat":[]},"product_cat":[22,21,20],"product_tag":[],"_links":{"self":[{"href":"https:\/\/karlydigitalworld.com\/index.php\/wp-json\/wp\/v2\/product\/1595"}],"collection":[{"href":"https:\/\/karlydigitalworld.com\/index.php\/wp-json\/wp\/v2\/product"}],"about":[{"href":"https:\/\/karlydigitalworld.com\/index.php\/wp-json\/wp\/v2\/types\/product"}],"replies":[{"embeddable":true,"href":"https:\/\/karlydigitalworld.com\/index.php\/wp-json\/wp\/v2\/comments?post=1595"}],"wp:featuredmedia":[{"embeddable":true,"href":"https:\/\/karlydigitalworld.com\/index.php\/wp-json\/wp\/v2\/media\/1596"}],"wp:attachment":[{"href":"https:\/\/karlydigitalworld.com\/index.php\/wp-json\/wp\/v2\/media?parent=1595"}],"wp:term":[{"taxonomy":"product_cat","embeddable":true,"href":"https:\/\/karlydigitalworld.com\/index.php\/wp-json\/wp\/v2\/product_cat?post=1595"},{"taxonomy":"product_tag","embeddable":true,"href":"https:\/\/karlydigitalworld.com\/index.php\/wp-json\/wp\/v2\/product_tag?post=1595"}],"curies":[{"name":"wp","href":"https:\/\/api.w.org\/{rel}","templated":true}]}}