{"id":1586,"date":"2024-07-19T15:48:19","date_gmt":"2024-07-19T15:48:19","guid":{"rendered":"https:\/\/karlydigitalworld.com\/?post_type=product&#038;p=1586"},"modified":"2025-05-24T18:13:08","modified_gmt":"2025-05-24T18:13:08","slug":"pack-5-cours-mindvalley-en-francais-votre-choix","status":"publish","type":"product","link":"https:\/\/karlydigitalworld.com\/index.php\/product\/pack-5-cours-mindvalley-en-francais-votre-choix\/","title":{"rendered":"Pack 5 Cours Mindvalley En Fran\u00e7ais Votre Choix"},"content":{"rendered":"<p>\u2705\u00a0 Chaque cours est complet, bien organis\u00e9 pour la meilleure exp\u00e9rience d&#8217;apprentissage, ils ne sont pas compress\u00e9s, vous pouvez les consulter en ligne depuis n&#8217;importe quel appareil via Google Drive<\/p>\n<p>&nbsp;<\/p>\n<p>\u2705\u00a0 Construisez votre liste en choisissant les cours que vous pr\u00e9f\u00e9rez dans votre pack de 5 cours Mindvalley en fran\u00e7ais<\/p>\n<p>&nbsp;<\/p>\n<p>\u2705\u00a0 La liste des cours est remise par \u00e9crit dans le bon de commande ou capture d&#8217;\u00e9cran via notre chat WhatsApp vous pouvez envoyer les noms ou num\u00e9ros des coursz<\/p>\n<p>&nbsp;<\/p>\n<p>&nbsp;<\/p>\n<ol>\n<li>Abondance Illimit\u00e9e frances<\/li>\n<li>Une Vie Sans Limites<\/li>\n<li>L&#8217;Art de la Manifestation<\/li>\n<li>M comme M\u00e9ditation<\/li>\n<li>La f\u00e9licit\u00e9 au quotidien<\/li>\n<li>Lifebook en fran\u00e7ais<\/li>\n<li>Hypnoth\u00e9rapie pour l&#8217;Abondance<\/li>\n<li>La M\u00e9ditation en 6 Phases<\/li>\n<li>Les 3 Questions les Plus Importantes<\/li>\n<li>Argent Zen<\/li>\n<li>Supercerveau<\/li>\n<li>Devenir concentr\u00e9 et imperturbable<\/li>\n<li>Le guide de la joie selon un yogi<\/li>\n<li>L&#8217;art de la projection astrale<\/li>\n<li>Dualit\u00e9<\/li>\n<li>5 jours pour une m\u00e9moire infaillible<\/li>\n<li>La M\u00e9thode Silva pour un Ultra Mental<\/li>\n<li>Super Lecture<\/li>\n<\/ol>\n<p>19. Soyez Extraordinaire<\/p>\n<p>20. M\u00e9decine \u00e9nerg\u00e9tique<\/p>\n<p>21. Ma\u00eetriser sa Vision de Vie<\/p>\n<p>22. \u00c9veil de l&#8217;esp\u00e8ce<\/p>\n<p>23. Le Super-pouvoir du Sixi\u00e8me Sens<\/p>\n<p>24. Parler pour inspirer<\/p>\n<p>25. Breathwork Niraj Naik: Respiration Consciente<\/p>\n<p>26. Les 5 r\u00e8gles de vie Maye Musk<\/p>\n<p>27. WildFit En Fran\u00e7ais<\/p>\n","protected":false},"excerpt":{"rendered":"<p>\ud83e\udd33\ud83c\udffb Acc\u00e8s illimit\u00e9 apr\u00e8s votre achat<\/p>\n<p>\u2705 5 cours Mindvalley en fran\u00e7ais au choix<\/p>\n<p>\u2705 La liste des cours est envoy\u00e9e dans le message au moment de l&#8217;achat.<\/p>\n<p>\u2705 Cours complets, en fran\u00e7ais et mis \u00e0 jour<\/p>\n","protected":false},"featured_media":1587,"comment_status":"open","ping_status":"closed","template":"","meta":{"site-sidebar-layout":"default","site-content-layout":"","ast-site-content-layout":"default","site-content-style":"default","site-sidebar-style":"default","ast-global-header-display":"","ast-banner-title-visibility":"","ast-main-header-display":"","ast-hfb-above-header-display":"","ast-hfb-below-header-display":"","ast-hfb-mobile-header-display":"","site-post-title":"","ast-breadcrumbs-content":"","ast-featured-img":"","footer-sml-layout":"","theme-transparent-header-meta":"default","adv-header-id-meta":"","stick-header-meta":"","header-above-stick-meta":"","header-main-stick-meta":"","header-below-stick-meta":"","astra-migrate-meta-layouts":"set","ast-page-background-enabled":"default","ast-page-background-meta":{"desktop":{"background-color":"var(--ast-global-color-4)","background-image":"","background-repeat":"repeat","background-position":"center center","background-size":"auto","background-attachment":"scroll","background-type":"","background-media":"","overlay-type":"","overlay-color":"","overlay-gradient":""},"tablet":{"background-color":"","background-image":"","background-repeat":"repeat","background-position":"center center","background-size":"auto","background-attachment":"scroll","background-type":"","background-media":"","overlay-type":"","overlay-color":"","overlay-gradient":""},"mobile":{"background-color":"","background-image":"","background-repeat":"repeat","background-position":"center center","background-size":"auto","background-attachment":"scroll","background-type":"","background-media":"","overlay-type":"","overlay-color":"","overlay-gradient":""}},"ast-content-background-meta":{"desktop":{"background-color":"var(--ast-global-color-5)","background-image":"","background-repeat":"repeat","background-position":"center center","background-size":"auto","background-attachment":"scroll","background-type":"","background-media":"","overlay-type":"","overlay-color":"","overlay-gradient":""},"tablet":{"background-color":"var(--ast-global-color-5)","background-image":"","background-repeat":"repeat","background-position":"center center","background-size":"auto","background-attachment":"scroll","background-type":"","background-media":"","overlay-type":"","overlay-color":"","overlay-gradient":""},"mobile":{"background-color":"var(--ast-global-color-5)","background-image":"","background-repeat":"repeat","background-position":"center center","background-size":"auto","background-attachment":"scroll","background-type":"","background-media":"","overlay-type":"","overlay-color":"","overlay-gradient":""}},"_joinchat":[]},"product_cat":[36,28],"product_tag":[],"_links":{"self":[{"href":"https:\/\/karlydigitalworld.com\/index.php\/wp-json\/wp\/v2\/product\/1586"}],"collection":[{"href":"https:\/\/karlydigitalworld.com\/index.php\/wp-json\/wp\/v2\/product"}],"about":[{"href":"https:\/\/karlydigitalworld.com\/index.php\/wp-json\/wp\/v2\/types\/product"}],"replies":[{"embeddable":true,"href":"https:\/\/karlydigitalworld.com\/index.php\/wp-json\/wp\/v2\/comments?post=1586"}],"wp:featuredmedia":[{"embeddable":true,"href":"https:\/\/karlydigitalworld.com\/index.php\/wp-json\/wp\/v2\/media\/1587"}],"wp:attachment":[{"href":"https:\/\/karlydigitalworld.com\/index.php\/wp-json\/wp\/v2\/media?parent=1586"}],"wp:term":[{"taxonomy":"product_cat","embeddable":true,"href":"https:\/\/karlydigitalworld.com\/index.php\/wp-json\/wp\/v2\/product_cat?post=1586"},{"taxonomy":"product_tag","embeddable":true,"href":"https:\/\/karlydigitalworld.com\/index.php\/wp-json\/wp\/v2\/product_tag?post=1586"}],"curies":[{"name":"wp","href":"https:\/\/api.w.org\/{rel}","templated":true}]}}