{"id":1556,"date":"2024-06-13T23:22:19","date_gmt":"2024-06-13T23:22:19","guid":{"rendered":"https:\/\/karlydigitalworld.com\/?post_type=product&#038;p=1556"},"modified":"2024-10-21T18:35:17","modified_gmt":"2024-10-21T18:35:17","slug":"la-felicite-au-quotidien-paul-mckenna-en-francais","status":"publish","type":"product","link":"https:\/\/karlydigitalworld.com\/index.php\/product\/la-felicite-au-quotidien-paul-mckenna-en-francais\/","title":{"rendered":"La f\u00e9licit\u00e9 au quotidien Paul McKenna (En Fran\u00e7ais)"},"content":{"rendered":"<p style=\"text-align: center;\"><strong>Si vous pouviez \u00e9changer votre anxi\u00e9t\u00e9 et votre stress quotidiens pour une f\u00e9licit\u00e9 <\/strong><\/p>\n<p style=\"text-align: center;\"><strong>et un calme in\u00e9branlables, le feriez-vous ?<\/strong><\/p>\n<p>&nbsp;<\/p>\n<p>Et si votre bien-\u00eatre mental n&#8217;\u00e9tait plus li\u00e9 au chaos et \u00e0 l&#8217;incertitude qui vous entourent chaque jour ?<\/p>\n<p>&nbsp;<\/p>\n<p>Et si vous pouviez incarner sans effort la paix et la joie comme votre \u00e9tat par d\u00e9faut, sans avoir \u00e0 sacrifier vos performances ni votre productivit\u00e9 ? Beaucoup pensent que le stress paralysant est un effet secondaire in\u00e9vitable de leur vie moderne, au rythme effr\u00e9n\u00e9. Certains le consid\u00e8rent m\u00eame comme un \u00ab mal \u00bb n\u00e9cessaire pour atteindre leurs objectifs professionnels et personnels.<\/p>\n<p>&nbsp;<\/p>\n<p>Mais \u00eatre calme, heureux(-se) et joyeux(-se) ne devrait pas \u00eatre n\u00e9gociable. En fait, cela peut et devrait vous venir aussi naturellement que votre respiration.<\/p>\n<p>&nbsp;<\/p>\n<p>Le programme La f\u00e9licit\u00e9 au quotidien de Paul McKenna, hypnoth\u00e9rapeute de renom, vous permet de reprogrammer la r\u00e9ponse que votre corps et votre esprit ont face au stress, afin qu&#8217;un esprit inconditionnellement positif, un corps d\u00e9tendu et une vie plus heureuse et plus productive deviennent votre nouvelle normalit\u00e9.<\/p>\n<p>&nbsp;<\/p>\n<div class=\"mv-container min-h-fit storyblok__outline\" data-v-199920cb=\"\" data-blok-c=\"undefined\" data-blok-uid=\"undefined\">\n<div class=\"w-full text-center lg_w-2\/3 mx-auto min-h-fit storyblok__outline\" data-v-199920cb=\"\" data-blok-c=\"undefined\" data-blok-uid=\"undefined\">\n<div class=\"pb-markdown min-h-fit mv-type--titlebold4 text-center mb-8 md_mb-10 lg_mb-12 storyblok__outline\" data-v-199920cb=\"\" data-blok-c=\"undefined\" data-blok-uid=\"undefined\">\n<h2 style=\"text-align: center;\">Le programme<\/h2>\n<\/div>\n<\/div>\n<\/div>\n<div class=\"mv-container min-h-fit storyblok__outline\" data-v-199920cb=\"\" data-blok-c=\"undefined\" data-blok-uid=\"undefined\">\n<div class=\"pb-markdown min-h-fit mv-type--titlebold5 text-center mb-8 md_mb-12 lg_mb-16 lg_w-2\/3 mx-auto storyblok__outline\" data-v-199920cb=\"\" data-blok-c=\"undefined\" data-blok-uid=\"undefined\">\n<h3 style=\"text-align: center;\">Le programme La f\u00e9licit\u00e9 au quotidien<\/h3>\n<p>&nbsp;<\/p>\n<\/div>\n<p><img fetchpriority=\"high\" decoding=\"async\" class=\"aligncenter\" src=\"https:\/\/storyblok-cdn.mindvalley.com\/f\/60579\/2068x1110\/1c95970ead\/eb_sp_devices_curriculum_fr.png?trans?quality=60&amp;auto=webp&amp;dpr=1&amp;width=800\" alt=\"Everyday Bliss on multiple devices\" width=\"660\" height=\"354\" \/><\/p>\n<\/div>\n<p>Le programme La f\u00e9licit\u00e9 au quotidien, h\u00e9berg\u00e9 sur la plateforme d&#8217;apprentissage de Qu\u00eate de Mindvalley, est un voyage de 21 jours vers une lib\u00e9ration \u00e0 vie du stress. En seulement 15 minutes ou moins par jour, vous d\u00e9couvrirez des outils et techniques de Paul McKenna pour reprogrammer la r\u00e9ponse que votre esprit et votre corps ont face au stress.<\/p>\n<p>&nbsp;<\/p>\n<p>La beaut\u00e9 de ses techniques est qu&#8217;elles fonctionnent instantan\u00e9ment et sont efficaces contre toute forme de stress, qu&#8217;il provienne du travail, des relations ou de toute autre source. Suivez simplement la guidance quotidienne de Paul McKenna pour vous immuniser contre le stress momentan\u00e9 et vous donner les moyens de le surmonter \u00e0 l&#8217;avenir.<\/p>\n<p>&nbsp;<\/p>\n<p>L&#8217;objectif ultime de Paul McKenna \u00e0 travers ce programme est d\u2019am\u00e9liorer consid\u00e9rablement votre qualit\u00e9 de vie. Apr\u00e8s ces 21 jours, votre perspective sera transform\u00e9e, non seulement \u00e0 propos du stress, mais aussi de la vie dans son ensemble.<\/p>\n<p>&nbsp;<\/p>\n<p>Les situations qui vous frustraient ou vous contrariaient jusqu\u2019alors deviendront des occasions de croissance et de r\u00e9ussite. Ce qui vous accablait auparavant vous enthousiasmera d\u00e9sormais. Et au lieu de c\u00e9der \u00e0 la peur ou \u00e0 l&#8217;anxi\u00e9t\u00e9, vous aurez enfin les bons outils pour concevoir une vie d\u00e9finie par le bien-\u00eatre et le bonheur.<\/p>\n","protected":false},"excerpt":{"rendered":"<div class=\"w-full lg_w-2\/3 mx-auto mb-7 md_mb-9 min-h-fit storyblok__outline\" data-v-199920cb=\"\" data-blok-c=\"undefined\" data-blok-uid=\"undefined\">\n<div class=\"pb-markdown min-h-fit mv-type--headline5 text-center storyblok__outline\" data-v-199920cb=\"\" data-blok-c=\"undefined\" data-blok-uid=\"undefined\">\n<div class=\"w-full lg_w-2\/3 mx-auto mb-7 md_mb-9 min-h-fit storyblok__outline\" data-v-199920cb=\"\" data-blok-c=\"undefined\" data-blok-uid=\"undefined\">\n<div class=\"pb-markdown min-h-fit mv-type--headline5 text-center storyblok__outline\" data-v-199920cb=\"\" data-blok-c=\"undefined\" data-blok-uid=\"undefined\">\n<div id=\"\" class=\"w-full lg_w-2\/3 mx-auto mb-7 md_mb-9 min-h-fit storyblok__outline\" data-v-199920cb=\"\" data-blok-c=\"undefined\" data-blok-uid=\"undefined\">\n<div class=\"pb-markdown min-h-fit mv-type--headline5 text-center storyblok__outline\" data-v-199920cb=\"\" data-blok-c=\"undefined\" data-blok-uid=\"undefined\">\n<h3>Si vous pouviez \u00e9changer votre anxi\u00e9t\u00e9 et votre stress quotidiens pour une f\u00e9licit\u00e9 et un calme in\u00e9branlables, le feriez-vous ?<\/h3>\n<\/div>\n<\/div>\n<div id=\"\" class=\"w-full lg_w-2\/3 mx-auto min-h-fit storyblok__outline\" data-v-199920cb=\"\" data-blok-c=\"undefined\" data-blok-uid=\"undefined\">\n<div class=\"pb-markdown min-h-fit mv-type--body storyblok__outline\" data-v-199920cb=\"\" data-blok-c=\"undefined\" data-blok-uid=\"undefined\"><\/div>\n<\/div>\n<\/div>\n<\/div>\n<\/div>\n<\/div>\n<p>\u2705 Le\u00e7on 21<\/p>\n<p>\u23f1 4 Heures 20 Minutes<\/p>\n<p>+ Bonus extra<\/p>\n<p>\ud83d\udc42\ud83c\udffbAudio en fran\u00e7ais<\/p>\n<p>Acc\u00e9der \u00e0 Google Drive<\/p>\n","protected":false},"featured_media":1557,"comment_status":"open","ping_status":"closed","template":"","meta":{"site-sidebar-layout":"default","site-content-layout":"","ast-site-content-layout":"default","site-content-style":"default","site-sidebar-style":"default","ast-global-header-display":"","ast-banner-title-visibility":"","ast-main-header-display":"","ast-hfb-above-header-display":"","ast-hfb-below-header-display":"","ast-hfb-mobile-header-display":"","site-post-title":"","ast-breadcrumbs-content":"","ast-featured-img":"","footer-sml-layout":"","theme-transparent-header-meta":"default","adv-header-id-meta":"","stick-header-meta":"","header-above-stick-meta":"","header-main-stick-meta":"","header-below-stick-meta":"","astra-migrate-meta-layouts":"set","ast-page-background-enabled":"default","ast-page-background-meta":{"desktop":{"background-color":"var(--ast-global-color-4)","background-image":"","background-repeat":"repeat","background-position":"center center","background-size":"auto","background-attachment":"scroll","background-type":"","background-media":"","overlay-type":"","overlay-color":"","overlay-gradient":""},"tablet":{"background-color":"","background-image":"","background-repeat":"repeat","background-position":"center center","background-size":"auto","background-attachment":"scroll","background-type":"","background-media":"","overlay-type":"","overlay-color":"","overlay-gradient":""},"mobile":{"background-color":"","background-image":"","background-repeat":"repeat","background-position":"center center","background-size":"auto","background-attachment":"scroll","background-type":"","background-media":"","overlay-type":"","overlay-color":"","overlay-gradient":""}},"ast-content-background-meta":{"desktop":{"background-color":"var(--ast-global-color-5)","background-image":"","background-repeat":"repeat","background-position":"center center","background-size":"auto","background-attachment":"scroll","background-type":"","background-media":"","overlay-type":"","overlay-color":"","overlay-gradient":""},"tablet":{"background-color":"var(--ast-global-color-5)","background-image":"","background-repeat":"repeat","background-position":"center center","background-size":"auto","background-attachment":"scroll","background-type":"","background-media":"","overlay-type":"","overlay-color":"","overlay-gradient":""},"mobile":{"background-color":"var(--ast-global-color-5)","background-image":"","background-repeat":"repeat","background-position":"center center","background-size":"auto","background-attachment":"scroll","background-type":"","background-media":"","overlay-type":"","overlay-color":"","overlay-gradient":""}},"_joinchat":[]},"product_cat":[22,21,20],"product_tag":[],"_links":{"self":[{"href":"https:\/\/karlydigitalworld.com\/index.php\/wp-json\/wp\/v2\/product\/1556"}],"collection":[{"href":"https:\/\/karlydigitalworld.com\/index.php\/wp-json\/wp\/v2\/product"}],"about":[{"href":"https:\/\/karlydigitalworld.com\/index.php\/wp-json\/wp\/v2\/types\/product"}],"replies":[{"embeddable":true,"href":"https:\/\/karlydigitalworld.com\/index.php\/wp-json\/wp\/v2\/comments?post=1556"}],"wp:featuredmedia":[{"embeddable":true,"href":"https:\/\/karlydigitalworld.com\/index.php\/wp-json\/wp\/v2\/media\/1557"}],"wp:attachment":[{"href":"https:\/\/karlydigitalworld.com\/index.php\/wp-json\/wp\/v2\/media?parent=1556"}],"wp:term":[{"taxonomy":"product_cat","embeddable":true,"href":"https:\/\/karlydigitalworld.com\/index.php\/wp-json\/wp\/v2\/product_cat?post=1556"},{"taxonomy":"product_tag","embeddable":true,"href":"https:\/\/karlydigitalworld.com\/index.php\/wp-json\/wp\/v2\/product_tag?post=1556"}],"curies":[{"name":"wp","href":"https:\/\/api.w.org\/{rel}","templated":true}]}}