{"id":1551,"date":"2024-06-12T20:50:09","date_gmt":"2024-06-12T20:50:09","guid":{"rendered":"https:\/\/karlydigitalworld.com\/?post_type=product&#038;p=1551"},"modified":"2025-11-02T10:24:47","modified_gmt":"2025-11-02T10:24:47","slug":"lifebook-en-ligne-jon-and-missy-butcher-en-francais","status":"publish","type":"product","link":"https:\/\/karlydigitalworld.com\/index.php\/product\/lifebook-en-ligne-jon-and-missy-butcher-en-francais\/","title":{"rendered":"Lifebook En Ligne Jon And Missy Butcher En Fran\u00e7ais"},"content":{"rendered":"<div class=\"pb-markdown min-h-fit mv-type--titlebold8 storyblok__outline\" data-v-199920cb=\"\" data-blok-c=\"undefined\" data-blok-uid=\"undefined\">\n<h4 style=\"text-align: center;\">Et si cette ann\u00e9e, vous faisiez le choix de PRENDRE PLEINEMENT EN CHARGE votre vie ?<\/h4>\n<\/div>\n<p>&nbsp;<\/p>\n<div class=\"pb-markdown min-h-fit mv-type--body mt-4 storyblok__outline\" data-v-199920cb=\"\" data-blok-c=\"undefined\" data-blok-uid=\"undefined\">\n<p>Plus question de sacrifier ce que vous voulez vraiment\u2026<\/p>\n<p>Ou de se contenter du deuxi\u00e8me choix\u2026<\/p>\n<p>Ou encore de souffrir d\u2019un manque de clart\u00e9 ou de direction&#8230;<\/p>\n<p>Et plus question de laisser d\u2019autres personnes dicter vos r\u00eaves ou votre destin \u00e0 votre place.<\/p>\n<p>Voici la v\u00e9rit\u00e9 : peu importe \u00e0 quoi ressemble votre vie actuellement, vous avez le pouvoir de la transformer en un CHEF-D\u2019\u0152UVRE \u00e0 votre image.<\/p>\n<p>Le chef-d\u2019\u0153uvre d\u2019une vie v\u00e9cue selon vos propres conditions. Une vie o\u00f9 vos r\u00eaves et votre potentiel sont r\u00e9alis\u00e9s magnifiquement. Une vie dont vous tombez chaque jour amoureux, et que vous contemplerez des d\u00e9cennies plus tard en pensant :<\/p>\n<p>Waouh, je n\u2019arrive pas \u00e0 croire que j\u2019ai fait tout cela !<\/p>\n<p>Et y\u2019a-t-il un meilleur moment que celui-ci pour vous offrir ce cadeau inestimable ?<\/p>\n<p>Mais une vie pareille ne viendra pas \u00e0 vous par hasard. C\u2019est par un processus conscient que seule une infime portion des personnes les plus \u00e9panouies et connaissant le plus de succ\u00e8s au monde ont ma\u00eetris\u00e9.<\/p>\n<p>Lifebook vous pr\u00e9sente ce processus en \u00e9tapes simples et faciles \u00e0 suivre.<\/p>\n<p>Recevez les cl\u00e9 du succ\u00e8s, de la richesse, de l\u2019amour, de la croissance, du bien-\u00eatre et de la mission dont vous avez toujours r\u00eav\u00e9.<\/p>\n<p>Ce processus vous motivera \u00e9galement \u00e0 \u00eatre l\u2019auteur de votre vie plut\u00f4t que la subir.<\/p>\n<\/div>\n<p>&nbsp;<\/p>\n<div class=\"pb-markdown min-h-fit mv-type--titlebold4 text-center mb-6 md_mb-10 storyblok__outline\" data-v-199920cb=\"\" data-blok-c=\"undefined\" data-blok-uid=\"undefined\">\n<h4 style=\"text-align: center;\">Vivez une transformation dans chacune des 12 dimensions de votre vie:<\/h4>\n<p>&nbsp;<\/p>\n<\/div>\n<div class=\"pb-markdown min-h-fit mv-type--body md_text-center storyblok__outline\" data-v-199920cb=\"\" data-blok-c=\"undefined\" data-blok-uid=\"undefined\">\n<p>La plupart des gens ne se concentrent que sur l\u2019am\u00e9lioration de leur carri\u00e8re, de leur richesse et de leurs relations, mais il existe en r\u00e9alit\u00e9 beaucoup plus de domaines dans votre vie qui fa\u00e7onnent votre succ\u00e8s, votre bonheur et votre v\u00e9ritable \u00e9panouissement.<\/p>\n<p>Lifebook vous offre une immersion profond\u00e9ment r\u00e9v\u00e9latrice au sein des 12 dimensions de votre vie, et vous motive \u00e0 exceller dans chacune d\u2019elles sans sacrifier ou compromettre un domaine pour un autre.<\/p>\n<p>&nbsp;<\/p>\n<\/div>\n<div id=\"\" class=\"min-h-fit storyblok__outline\" data-v-199920cb=\"\" data-blok-c=\"undefined\" data-blok-uid=\"undefined\">\n<div class=\"pb-markdown min-h-fit mv-type--title6 text-center mt-1 storyblok__outline\" data-v-199920cb=\"\" data-blok-c=\"undefined\" data-blok-uid=\"undefined\">\n<h4>Sant\u00e9 &amp; Fitness<\/h4>\n<\/div>\n<\/div>\n<div id=\"\" class=\"min-h-fit storyblok__outline\" data-v-199920cb=\"\" data-blok-c=\"undefined\" data-blok-uid=\"undefined\">\n<h4>Mental<\/h4>\n<div id=\"\" class=\"min-h-fit storyblok__outline\" data-v-199920cb=\"\" data-blok-c=\"undefined\" data-blok-uid=\"undefined\">\n<div class=\"pb-markdown min-h-fit mv-type--title6 text-center mt-1 storyblok__outline\" data-v-199920cb=\"\" data-blok-c=\"undefined\" data-blok-uid=\"undefined\">\n<h4>Emotions<\/h4>\n<\/div>\n<\/div>\n<div id=\"\" class=\"min-h-fit storyblok__outline\" data-v-199920cb=\"\" data-blok-c=\"undefined\" data-blok-uid=\"undefined\">\n<div id=\"\" class=\"min-h-fit storyblok__outline\" data-v-199920cb=\"\" data-blok-c=\"undefined\" data-blok-uid=\"undefined\">\n<div class=\"pb-markdown min-h-fit mv-type--title6 text-center mt-1 storyblok__outline\" data-v-199920cb=\"\" data-blok-c=\"undefined\" data-blok-uid=\"undefined\">\n<h4>Caract\u00e8re<\/h4>\n<\/div>\n<\/div>\n<div id=\"\" class=\"min-h-fit storyblok__outline\" data-v-199920cb=\"\" data-blok-c=\"undefined\" data-blok-uid=\"undefined\">\n<h4>Spiritualit\u00e9<\/h4>\n<div id=\"\" class=\"min-h-fit storyblok__outline\" data-v-199920cb=\"\" data-blok-c=\"undefined\" data-blok-uid=\"undefined\">\n<div class=\"pb-markdown min-h-fit mv-type--title6 text-center mt-1 storyblok__outline\" data-v-199920cb=\"\" data-blok-c=\"undefined\" data-blok-uid=\"undefined\">\n<h4>Relations Amoureuses<\/h4>\n<h4>Parentalit\u00e9<\/h4>\n<div id=\"\" class=\"min-h-fit storyblok__outline\" data-v-199920cb=\"\" data-blok-c=\"undefined\" data-blok-uid=\"undefined\">\n<div class=\"pb-markdown min-h-fit mv-type--title6 text-center mt-1 storyblok__outline\" data-v-199920cb=\"\" data-blok-c=\"undefined\" data-blok-uid=\"undefined\">\n<h4>Social<\/h4>\n<div id=\"\" class=\"min-h-fit storyblok__outline\" data-v-199920cb=\"\" data-blok-c=\"undefined\" data-blok-uid=\"undefined\">\n<div class=\"pb-markdown min-h-fit mv-type--title6 text-center mt-1 storyblok__outline\" data-v-199920cb=\"\" data-blok-c=\"undefined\" data-blok-uid=\"undefined\">\n<h4>Carri\u00e8re<\/h4>\n<\/div>\n<\/div>\n<div id=\"\" class=\"min-h-fit storyblok__outline\" data-v-199920cb=\"\" data-blok-c=\"undefined\" data-blok-uid=\"undefined\">\n<div id=\"\" class=\"min-h-fit storyblok__outline\" data-v-199920cb=\"\" data-blok-c=\"undefined\" data-blok-uid=\"undefined\">\n<div class=\"pb-markdown min-h-fit mv-type--title6 text-center mt-1 storyblok__outline\" data-v-199920cb=\"\" data-blok-c=\"undefined\" data-blok-uid=\"undefined\">\n<h4>Finances<\/h4>\n<\/div>\n<\/div>\n<div id=\"\" class=\"min-h-fit storyblok__outline\" data-v-199920cb=\"\" data-blok-c=\"undefined\" data-blok-uid=\"undefined\"><span style=\"font-size: 1.3em; font-weight: bold;\">Qualit\u00e9 de vie<\/span><\/div>\n<\/div>\n<\/div>\n<\/div>\n<div id=\"\" class=\"min-h-fit storyblok__outline\" data-v-199920cb=\"\" data-blok-c=\"undefined\" data-blok-uid=\"undefined\">\n<div id=\"\" class=\"min-h-fit storyblok__outline\" data-v-199920cb=\"\" data-blok-c=\"undefined\" data-blok-uid=\"undefined\">\n<section id=\"why-this-program\" class=\"pb-Container why-this-program min-h-fit my-12 pb-navigable storyblok__outline\" data-name=\"Why This Program\" data-blok-c=\"undefined\" data-blok-uid=\"undefined\">\n<div class=\"mv-section__gutter min-h-fit\">\n<section id=\"111\" class=\"pb-Container 12-category-grid min-h-fit mv-section__gutter--medium storyblok__outline\" data-name=\"12 Category grid\" data-blok-c=\"undefined\" data-blok-uid=\"undefined\">\n<div id=\"\" class=\"mv-container min-h-fit storyblok__outline\" data-v-199920cb=\"\" data-blok-c=\"undefined\" data-blok-uid=\"undefined\">\n<div class=\"min-h-fit\" data-v-199920cb=\"\">\n<section id=\"117\" class=\"pb-Container 12-category-grid min-h-fit storyblok__outline\" data-name=\"12 Category grid\" data-blok-c=\"undefined\" data-blok-uid=\"undefined\">\n<article id=\"\" class=\"mt-6 md_mt-10 lb-grid-4col min-h-fit storyblok__outline\" data-v-199920cb=\"\" data-blok-c=\"undefined\" data-blok-uid=\"undefined\">\n<div id=\"\" class=\"min-h-fit storyblok__outline\" data-v-199920cb=\"\" data-blok-c=\"undefined\" data-blok-uid=\"undefined\">\n<div class=\"pb-markdown min-h-fit mv-type--title6 text-center mt-1 storyblok__outline\" data-v-199920cb=\"\" data-blok-c=\"undefined\" data-blok-uid=\"undefined\">\n<h4>Vision de la Vie<\/h4>\n<\/div>\n<p>&nbsp;<\/p>\n<\/div>\n<\/article>\n<\/section>\n<\/div>\n<\/div>\n<\/section>\n<\/div>\n<\/section>\n<\/div>\n<div class=\"pb-markdown min-h-fit mv-type--titlebold4 text-center mb-8 md_mb-12 hidden md_block storyblok__outline\" data-v-199920cb=\"\" data-blok-c=\"undefined\" data-blok-uid=\"undefined\">\n<div class=\"mv-container min-h-fit storyblok__outline\" data-v-199920cb=\"\" data-blok-c=\"undefined\" data-blok-uid=\"undefined\">\n<div class=\"w-full text-center lg_w-2\/3 mx-auto min-h-fit storyblok__outline\" data-v-199920cb=\"\" data-blok-c=\"undefined\" data-blok-uid=\"undefined\">\n<div class=\"pb-markdown min-h-fit mv-type--titlebold4 text-center mb-8 md_mb-12 storyblok__outline\" data-v-199920cb=\"\" data-blok-c=\"undefined\" data-blok-uid=\"undefined\">\n<h2>Vous apprendrez \u00e0&#8230;<\/h2>\n<p>&nbsp;<\/p>\n<\/div>\n<\/div>\n<\/div>\n<div class=\"mv-container min-h-fit storyblok__outline\" data-v-199920cb=\"\" data-blok-c=\"undefined\" data-blok-uid=\"undefined\">\n<div class=\"pb-markdown min-h-fit lg_w-2\/3 mx-auto mv-type--titlebold8 mv-list__number --spacious storyblok__outline\" data-v-199920cb=\"\" data-blok-c=\"undefined\" data-blok-uid=\"undefined\">\n<ol>\n<li>Avoir une vision de la vie claire comme de l\u2019eau de roche\n<p class=\"mv-type--body\">D\u00e9couvrez vos forces et vos faiblesses dans les 12 dimensions de votre vie, \u00e9tablissez vos buts et vos objectifs pour chacune d\u2019elles, et harmonisez le tout au sein d\u2019une vision de vie homog\u00e8ne qui vous inspire et vous propulse en avant.<\/p>\n<\/li>\n<li>Concevoir une vie authentique\n<p class=\"mv-type--body\">Lib\u00e9rez-vous des r\u00e8gles et des attentes que les autres vous ont impos\u00e9es, et alignez-vous magnifiquement avec la personne que vous souhaitez \u00eatre et la vie que vous souhaitez vivre.<\/p>\n<\/li>\n<li>D\u00e9velopper une r\u00e9sistance in\u00e9branlable\n<p class=\"mv-type--body\">Ma\u00eetrisez votre but limpide et votre pouvoir personnel pour surmonter les obstacles. Vous pourrez m\u00eame vous r\u00e9inventer lorsque vous ferez face \u00e0 des situations difficiles ou des p\u00e9riodes de transition telles qu\u2019un divorce, un changement de carri\u00e8re, un probl\u00e8me de sant\u00e9 ou une crise spirituelle.<\/p>\n<\/li>\n<li>Renforcez votre mentalit\u00e9 de croissance\n<p class=\"mv-type--body\">Utilisez votre Lifebook comme un syst\u00e8me qui unifie tous vos outils de croissance personnelle et vos apprentissages en un seul plan d&#8217;action pour chacune de vos 12 dimensions de la vie : vous permettant de vivre dans un rythme perp\u00e9tuel croissance et auto-\u00e9volution.<\/p>\n<\/li>\n<li>Trouver l\u2019\u00e9quilibre entre vie professionnelle et personnelle\n<p class=\"mv-type--body\">Vous ne vous sentirez plus jamais oblig\u00e9 de sacrifier une forme de succ\u00e8s pour une autre, ou de n\u00e9gliger votre \u00e9volution professionnelle, votre famille ou vos passions. Au lieu de cela, vous allez concevoir une vie dans laquelle toutes les dimensions de votre \u00eatre se d\u00e9veloppent en parfaite harmonie.<\/p>\n<\/li>\n<li>Faire plus en moins de temps\n<p class=\"mv-type--body\">Vous surmonterez les habitudes, \u00e9motions et sch\u00e9mas qui alt\u00e8rent votre productivit\u00e9. Vous utiliserez votre Lifebook pour rester align\u00e9 \u00e0 votre \u00e9toile polaire et ne plus perdre de temps sur des t\u00e2ches qui ne vous rapprochent pas de votre Vision de Vie.<\/p>\n<\/li>\n<li>D\u00e9couvrir et honorer vos passions\n<p class=\"mv-type--body\">Lib\u00e9rez-vous de tout travail, relation et choix de mode de vie qui ne vous apportent pas de joie. D\u00e9veloppez la clart\u00e9 et le courage de faire le grand saut et de suivre vos passions, de d\u00e9dier du temps sur ce que vous aimez et m\u00eame de vous r\u00e9inventer.<\/p>\n<\/li>\n<li>Acc\u00e9l\u00e9rer la concr\u00e9tisation de vos objectifs\n<p class=\"mv-type--body\">Allez bien au del\u00e0 des m\u00e9thodes traditionnelles d\u2019\u00e9tablissement d\u2019objectifs en cr\u00e9ant une Vision de Vie homog\u00e8ne qui vous maintiendra motiv\u00e9 et constamment en mouvement vers vos objectifs. Vous utiliserez m\u00eame des outils tels que l\u2019\u00c9valuation Lifebook pour mesurer vos progr\u00e8s et rester concentr\u00e9 sur les dimensions de votre vie les plus importantes pour votre \u00e9volution.<\/p>\n<\/li>\n<\/ol>\n<\/div>\n<\/div>\n<\/div>\n<\/div>\n<\/div>\n<\/div>\n<div id=\"\" class=\"min-h-fit storyblok__outline\" data-v-199920cb=\"\" data-blok-c=\"undefined\" data-blok-uid=\"undefined\"><\/div>\n<div data-v-199920cb=\"\" data-blok-c=\"undefined\" data-blok-uid=\"undefined\">\n<div class=\"mv-container min-h-fit storyblok__outline\" data-v-199920cb=\"\" data-blok-c=\"undefined\" data-blok-uid=\"undefined\">\n<div class=\"w-full text-center lg_w-2\/3 mx-auto min-h-fit storyblok__outline\" data-v-199920cb=\"\" data-blok-c=\"undefined\" data-blok-uid=\"undefined\">\n<div class=\"pb-markdown min-h-fit mv-type--titlebold4 text-center mb-8 md_mb-10 lg_mb-12 storyblok__outline\" data-v-199920cb=\"\" data-blok-c=\"undefined\" data-blok-uid=\"undefined\">\n<h2 style=\"text-align: center;\">Le Programme<\/h2>\n<\/div>\n<\/div>\n<\/div>\n<div class=\"mv-container min-h-fit storyblok__outline\" data-v-199920cb=\"\" data-blok-c=\"undefined\" data-blok-uid=\"undefined\">\n<div class=\"pb-markdown min-h-fit mv-type--titlebold5 text-center mb-8 md_mb-12 lg_mb-16 lg_w-2\/3 mx-auto storyblok__outline\" data-v-199920cb=\"\" data-blok-c=\"undefined\" data-blok-uid=\"undefined\">\n<h3 style=\"text-align: center;\">Explorez le programme de Lifebook en ligne<\/h3>\n<p>&nbsp;<\/p>\n<\/div>\n<p><img fetchpriority=\"high\" decoding=\"async\" class=\"aligncenter\" src=\"https:\/\/storyblok-cdn.mindvalley.com\/f\/60579\/2068x1110\/f986c9e037\/lbo_sp_devices_curriculum_fr.jpg?trans?quality=60&amp;auto=webp&amp;dpr=1.25&amp;width=752\" alt=\"Disponible sur votre ordinateur personnel, tablette, smartphone et Apple TV\" width=\"791\" height=\"425\" \/><\/p>\n<\/div>\n<p>Lifebook en ligne est un programme \u00e9tape par \u00e9tape visant \u00e0 vous faire cr\u00e9er, planifier et atteindre votre meilleure vie gr\u00e2ce \u00e0 votre Lifebook personnel.<\/p>\n<p>&nbsp;<\/p>\n<p>Par le biais d\u2019un programme d\u2019entra\u00eenements vid\u00e9o et d\u2019appels de coaching magnifiquement con\u00e7us, Jon et Missy Butcher vous guideront \u00e0 travers les 12 dimensions de votre vie et vous aideront \u00e0 cr\u00e9er une vision homog\u00e8ne pour chacune d\u2019elles.<\/p>\n<p>&nbsp;<\/p>\n<p>Tout au long de ce processus, vous r\u00e9v\u00e9lerez toutes les croyances cach\u00e9es et sch\u00e9mas subconscients qui vous \u00e9loignent de votre plus grand potentiel et de la version la plus authentique de vous-m\u00eame. Ensuite, vous plongerez profond\u00e9ment au c\u0153ur de votre identit\u00e9 et de vos d\u00e9sirs, \u00e0 mesure que vous gagnerez une clart\u00e9 inestimable sur ce que vous voulez vraiment dans la vie, pourquoi vous le voulez et comment vous allez l\u2019obtenir.<\/p>\n<p>&nbsp;<\/p>\n<p>L\u2019int\u00e9gralit\u00e9 du processus entier requiert 3 \u00e0 6 heures par semaine, pendant 6 semaines : un investissement qui en vaut largement la peine puisque ce programme changera pour toujours votre perception et votre approche de votre vie et vos objectifs.<\/p>\n<\/div>\n<\/div>\n<\/div>\n<\/div>\n","protected":false},"excerpt":{"rendered":"<section id=\"16\" class=\"pb-Container header min-h-fit mv-top__nonav storyblok__outline\" data-name=\"Header\" data-blok-c=\"undefined\" data-blok-uid=\"undefined\">\n<div id=\"\" class=\"mv-container min-h-fit storyblok__outline\" data-v-199920cb=\"\" data-blok-c=\"undefined\" data-blok-uid=\"undefined\">\n<div id=\"\" class=\"w-full lg_w-5\/6 text-center mx-auto min-h-fit storyblok__outline\" data-v-199920cb=\"\" data-blok-c=\"undefined\" data-blok-uid=\"undefined\">\n<div class=\"pb-markdown min-h-fit mv-type--titlebold5 hidden md_block mt-4 lg_mt-10 storyblok__outline\" data-v-199920cb=\"\" data-blok-c=\"undefined\" data-blok-uid=\"undefined\">\n<h2>Rejoignez Lifebook en ligne et soyez l\u2019auteur de la vie de vos r\u00eaves<\/h2>\n<\/div>\n<\/div>\n<div id=\"\" class=\"w-full lg_w-5\/6 xl_w-2\/3 mt-6 lg_mt-12 mx-auto min-h-fit storyblok__outline\" data-v-199920cb=\"\" data-blok-c=\"undefined\" data-blok-uid=\"undefined\">\n<div data-v-2ba13b18=\"\" data-v-199920cb=\"\">\n<div class=\"video-thumb videoWrapper rounded storyblok__outline lazyloaded\" data-v-2ba13b18=\"\" data-bgset=\"https:\/\/img.youtube.com\/vi\/3mBrj2c3b44\/hqdefault.jpg\" data-blok-c=\"undefined\" data-blok-uid=\"undefined\">\n<div class=\"w-full lg_w-2\/3 mx-auto mb-7 md_mb-9 min-h-fit storyblok__outline\" data-v-199920cb=\"\" data-blok-c=\"undefined\" data-blok-uid=\"undefined\">\n<div class=\"pb-markdown min-h-fit mv-type--headline5 text-center storyblok__outline\" data-v-199920cb=\"\" data-blok-c=\"undefined\" data-blok-uid=\"undefined\">\n<div class=\"w-full lg_w-2\/3 mx-auto mb-7 md_mb-9 min-h-fit storyblok__outline\" data-v-199920cb=\"\" data-blok-c=\"undefined\" data-blok-uid=\"undefined\">\n<div class=\"pb-markdown min-h-fit mv-type--headline5 text-center storyblok__outline\" data-v-199920cb=\"\" data-blok-c=\"undefined\" data-blok-uid=\"undefined\">\n<div id=\"\" class=\"w-full lg_w-2\/3 mx-auto mb-7 md_mb-9 min-h-fit storyblok__outline\" data-v-199920cb=\"\" data-blok-c=\"undefined\" data-blok-uid=\"undefined\">\n<div class=\"pb-markdown min-h-fit mv-type--headline5 text-center storyblok__outline\" data-v-199920cb=\"\" data-blok-c=\"undefined\" data-blok-uid=\"undefined\">\n<div class=\"pb-markdown min-h-fit mv-type--body mt-4 storyblok__outline\" data-v-199920cb=\"\" data-blok-c=\"undefined\" data-blok-uid=\"undefined\"><span style=\"font-size: 16px;\">\u2705 Le\u00e7on 14<\/span><\/div>\n<\/div>\n<\/div>\n<\/div>\n<\/div>\n<\/div>\n<\/div>\n<p>\u23f1 18 Heures 30 Minutes<\/p>\n<p>\ud83d\udc42\ud83c\udffbAudio en fran\u00e7ais<\/p>\n<p>Acc\u00e9der \u00e0 Google Drive<\/p>\n<\/div>\n<\/div>\n<\/div>\n<\/div>\n<\/section>\n","protected":false},"featured_media":1552,"comment_status":"open","ping_status":"closed","template":"","meta":{"site-sidebar-layout":"default","site-content-layout":"","ast-site-content-layout":"default","site-content-style":"default","site-sidebar-style":"default","ast-global-header-display":"","ast-banner-title-visibility":"","ast-main-header-display":"","ast-hfb-above-header-display":"","ast-hfb-below-header-display":"","ast-hfb-mobile-header-display":"","site-post-title":"","ast-breadcrumbs-content":"","ast-featured-img":"","footer-sml-layout":"","theme-transparent-header-meta":"default","adv-header-id-meta":"","stick-header-meta":"","header-above-stick-meta":"","header-main-stick-meta":"","header-below-stick-meta":"","astra-migrate-meta-layouts":"set","ast-page-background-enabled":"default","ast-page-background-meta":{"desktop":{"background-color":"var(--ast-global-color-4)","background-image":"","background-repeat":"repeat","background-position":"center center","background-size":"auto","background-attachment":"scroll","background-type":"","background-media":"","overlay-type":"","overlay-color":"","overlay-gradient":""},"tablet":{"background-color":"","background-image":"","background-repeat":"repeat","background-position":"center center","background-size":"auto","background-attachment":"scroll","background-type":"","background-media":"","overlay-type":"","overlay-color":"","overlay-gradient":""},"mobile":{"background-color":"","background-image":"","background-repeat":"repeat","background-position":"center center","background-size":"auto","background-attachment":"scroll","background-type":"","background-media":"","overlay-type":"","overlay-color":"","overlay-gradient":""}},"ast-content-background-meta":{"desktop":{"background-color":"var(--ast-global-color-5)","background-image":"","background-repeat":"repeat","background-position":"center center","background-size":"auto","background-attachment":"scroll","background-type":"","background-media":"","overlay-type":"","overlay-color":"","overlay-gradient":""},"tablet":{"background-color":"var(--ast-global-color-5)","background-image":"","background-repeat":"repeat","background-position":"center center","background-size":"auto","background-attachment":"scroll","background-type":"","background-media":"","overlay-type":"","overlay-color":"","overlay-gradient":""},"mobile":{"background-color":"var(--ast-global-color-5)","background-image":"","background-repeat":"repeat","background-position":"center center","background-size":"auto","background-attachment":"scroll","background-type":"","background-media":"","overlay-type":"","overlay-color":"","overlay-gradient":""}},"_joinchat":[]},"product_cat":[22,21,20],"product_tag":[],"_links":{"self":[{"href":"https:\/\/karlydigitalworld.com\/index.php\/wp-json\/wp\/v2\/product\/1551"}],"collection":[{"href":"https:\/\/karlydigitalworld.com\/index.php\/wp-json\/wp\/v2\/product"}],"about":[{"href":"https:\/\/karlydigitalworld.com\/index.php\/wp-json\/wp\/v2\/types\/product"}],"replies":[{"embeddable":true,"href":"https:\/\/karlydigitalworld.com\/index.php\/wp-json\/wp\/v2\/comments?post=1551"}],"wp:featuredmedia":[{"embeddable":true,"href":"https:\/\/karlydigitalworld.com\/index.php\/wp-json\/wp\/v2\/media\/1552"}],"wp:attachment":[{"href":"https:\/\/karlydigitalworld.com\/index.php\/wp-json\/wp\/v2\/media?parent=1551"}],"wp:term":[{"taxonomy":"product_cat","embeddable":true,"href":"https:\/\/karlydigitalworld.com\/index.php\/wp-json\/wp\/v2\/product_cat?post=1551"},{"taxonomy":"product_tag","embeddable":true,"href":"https:\/\/karlydigitalworld.com\/index.php\/wp-json\/wp\/v2\/product_tag?post=1551"}],"curies":[{"name":"wp","href":"https:\/\/api.w.org\/{rel}","templated":true}]}}