{"id":1547,"date":"2024-06-09T01:06:16","date_gmt":"2024-06-09T01:06:16","guid":{"rendered":"https:\/\/karlydigitalworld.com\/?post_type=product&#038;p=1547"},"modified":"2025-10-30T21:01:52","modified_gmt":"2025-10-30T21:01:52","slug":"la-meditation-en-6-phases-vishen-en-francais","status":"publish","type":"product","link":"https:\/\/karlydigitalworld.com\/index.php\/product\/la-meditation-en-6-phases-vishen-en-francais\/","title":{"rendered":"La M\u00e9ditation en 6 Phases Vishen &#8211; (En Fran\u00e7ais)"},"content":{"rendered":"<div class=\"pb-markdown min-h-fit mv-type--titlebold8 storyblok__outline\" data-v-199920cb=\"\" data-blok-c=\"undefined\" data-blok-uid=\"undefined\">\n<h5 style=\"text-align: center;\">\u00c0 la personne qui cherche \u00e0 mieux m\u00e9diter (ou qui veut juste commencer):<\/h5>\n<\/div>\n<p>&nbsp;<\/p>\n<div class=\"pb-markdown min-h-fit mv-type--body mt-4 storyblok__outline\" data-v-199920cb=\"\" data-blok-c=\"undefined\" data-blok-uid=\"undefined\">\n<p>Des scientifiques aux gourous spirituels en passant par les milliardaires et les athl\u00e8tes de haut niveau: pratiquement tout le monde convient que la m\u00e9ditation est la pratique de croissance personnelle la plus efficace.<\/p>\n<p>&nbsp;<\/p>\n<p>Et pourtant, que vous soyez un m\u00e9ditant chevronn\u00e9 ou un d\u00e9butant, vous avez peut-\u00eatre remarqu\u00e9 \u00e0 quel point la m\u00e9ditation peut \u00eatre difficile \u00e0 ma\u00eetriser.<\/p>\n<p>&nbsp;<\/p>\n<p>L&#8217;agitation. La lutte pour la coh\u00e9rence. Les doutes : \u00abest-ce que je fais les choses correctement?\u00bb. Les anciennes r\u00e8gles et directives qui parfois ne correspondent plus \u00e0 votre vie et \u00e0 votre esprit d&#8217;aujourd&#8217;hui.<\/p>\n<p>&nbsp;<\/p>\n<p>Mais que se passerait-il s&#8217;il y avait un moyen plus simple et beaucoup plus efficace de profiter des bienfaits profonds de la m\u00e9ditation?<\/p>\n<p>&nbsp;<\/p>\n<p>La m\u00e9ditation en 6 phases est un cadre r\u00e9volutionnaire pour la m\u00e9ditation: con\u00e7u par le fondateur de Mindvalley Vishen Lakhiani sur base de sa propre pratique quotidienne.<\/p>\n<p>&nbsp;<\/p>\n<p>C\u2019est un condens\u00e9 de centaines de livres sur la croissance personnelle les plus puissants au monde. Ainsi que d&#8217;innombrables \u00e9tudes neuroscientifiques qui d\u00e9montrent que la m\u00e9ditation peut apporter un changement r\u00e9el et durable dans notre vie.<\/p>\n<p>&nbsp;<\/p>\n<p>Le r\u00e9sultat est l&#8217;un des syst\u00e8mes de m\u00e9ditation les plus efficaces et les plus faciles \u00e0 utiliser d\u00e8s aujourd&#8217;hui: un syst\u00e8me droit au but qui vous r\u00e9compense avec d&#8217;innombrables transformations positives que vous pouvez ressentir dans tous les domaines de votre vie.<\/p>\n<p>&nbsp;<\/p>\n<p>En seulement sept jours, le programme de m\u00e9ditation en 6 phases vous aidera \u00e0:<\/p>\n<ul>\n<li>Augmenter votre bonheur de 20% ou plus<\/li>\n<li>R\u00e9duire votre stress et anxi\u00e9t\u00e9<\/li>\n<li>Amplifier votre cr\u00e9ativit\u00e9 et votre intuition<\/li>\n<li>Conditionner votre cerveau pour qu&#8217;il \u00e9prouve plus de compassion<\/li>\n<li>Multiplier votre concentration et votre productivit\u00e9<\/li>\n<li>Recharger votre vitalit\u00e9 et acc\u00e9l\u00e9rez la gu\u00e9rison<\/li>\n<li>Et beaucoup plus<\/li>\n<\/ul>\n<p>D\u00e9couvrez une m\u00e9ditation profonde avec le programme de m\u00e9ditation en 6 phases: inscription GRATUITE d\u00e8s maintenant.<\/p>\n<\/div>\n<p>&nbsp;<\/p>\n<p><img fetchpriority=\"high\" decoding=\"async\" class=\"aligncenter\" src=\"https:\/\/storyblok-cdn.mindvalley.com\/f\/60579\/2068x1110\/3657fac140\/6pm_sp_devices_curriculum.png?trans?quality=60&amp;auto=webp&amp;dpr=1.125&amp;width=708\" alt=\"The 6 Phase Meditation on various devices\" width=\"568\" height=\"305\" \/><\/p>\n<p>&nbsp;<\/p>\n<p>Le programme de m\u00e9ditation en 6 phases est un programme en ligne de sept jours qui vous guide \u00e0 chaque \u00e9tape de l&#8217;approche r\u00e9volutionnaire de la m\u00e9ditation de Vishen Lakhiani.<\/p>\n<p>&nbsp;<\/p>\n<p>Vous n&#8217;avez besoin que de 15 \u00e0 20 minutes ou plus par jour pour suivre les micro-le\u00e7ons quotidiennes. Vishen lui-m\u00eame vous guide \u00e0 travers une s\u00e9rie de vid\u00e9o captivantes et de m\u00e9ditations guid\u00e9es immersives.<\/p>\n<p>&nbsp;<\/p>\n<p>\u00c0 la fin du programme, vous aurez une base solide de m\u00e9ditation &#8211; et un outil que vous utiliserez \u00e0 vie.<\/p>\n","protected":false},"excerpt":{"rendered":"<div class=\"w-full lg_w-2\/3 mx-auto mb-7 md_mb-9 min-h-fit storyblok__outline\" data-v-199920cb=\"\" data-blok-c=\"undefined\" data-blok-uid=\"undefined\">\n<div class=\"pb-markdown min-h-fit mv-type--headline5 text-center storyblok__outline\" data-v-199920cb=\"\" data-blok-c=\"undefined\" data-blok-uid=\"undefined\">\n<div class=\"w-full lg_w-2\/3 mx-auto mb-7 md_mb-9 min-h-fit storyblok__outline\" data-v-199920cb=\"\" data-blok-c=\"undefined\" data-blok-uid=\"undefined\">\n<div class=\"pb-markdown min-h-fit mv-type--headline5 text-center storyblok__outline\" data-v-199920cb=\"\" data-blok-c=\"undefined\" data-blok-uid=\"undefined\">\n<div id=\"\" class=\"w-full lg_w-2\/3 mx-auto mb-7 md_mb-9 min-h-fit storyblok__outline\" data-v-199920cb=\"\" data-blok-c=\"undefined\" data-blok-uid=\"undefined\">\n<div class=\"pb-markdown min-h-fit mv-type--headline5 text-center storyblok__outline\" data-v-199920cb=\"\" data-blok-c=\"undefined\" data-blok-uid=\"undefined\">\n<div class=\"pb-markdown min-h-fit mv-type--titlebold8 storyblok__outline\" data-v-199920cb=\"\" data-blok-c=\"undefined\" data-blok-uid=\"undefined\">\n<h5>\u00c0 la personne qui cherche \u00e0 mieux m\u00e9diter (ou qui veut juste commencer):<\/h5>\n<\/div>\n<div class=\"pb-markdown min-h-fit mv-type--body mt-4 storyblok__outline\" data-v-199920cb=\"\" data-blok-c=\"undefined\" data-blok-uid=\"undefined\"><span style=\"font-size: 16px;\">\u2705 Le\u00e7on 7<\/span><\/div>\n<\/div>\n<\/div>\n<\/div>\n<\/div>\n<\/div>\n<\/div>\n<p>\u23f1 2 Heures 7 Minutes<\/p>\n<p>\ud83d\udc42\ud83c\udffbAudio en fran\u00e7ais<\/p>\n<p>Acc\u00e9der \u00e0 Google Drive<\/p>\n","protected":false},"featured_media":1548,"comment_status":"open","ping_status":"closed","template":"","meta":{"site-sidebar-layout":"default","site-content-layout":"","ast-site-content-layout":"default","site-content-style":"default","site-sidebar-style":"default","ast-global-header-display":"","ast-banner-title-visibility":"","ast-main-header-display":"","ast-hfb-above-header-display":"","ast-hfb-below-header-display":"","ast-hfb-mobile-header-display":"","site-post-title":"","ast-breadcrumbs-content":"","ast-featured-img":"","footer-sml-layout":"","theme-transparent-header-meta":"default","adv-header-id-meta":"","stick-header-meta":"","header-above-stick-meta":"","header-main-stick-meta":"","header-below-stick-meta":"","astra-migrate-meta-layouts":"set","ast-page-background-enabled":"default","ast-page-background-meta":{"desktop":{"background-color":"var(--ast-global-color-4)","background-image":"","background-repeat":"repeat","background-position":"center center","background-size":"auto","background-attachment":"scroll","background-type":"","background-media":"","overlay-type":"","overlay-color":"","overlay-gradient":""},"tablet":{"background-color":"","background-image":"","background-repeat":"repeat","background-position":"center center","background-size":"auto","background-attachment":"scroll","background-type":"","background-media":"","overlay-type":"","overlay-color":"","overlay-gradient":""},"mobile":{"background-color":"","background-image":"","background-repeat":"repeat","background-position":"center center","background-size":"auto","background-attachment":"scroll","background-type":"","background-media":"","overlay-type":"","overlay-color":"","overlay-gradient":""}},"ast-content-background-meta":{"desktop":{"background-color":"var(--ast-global-color-5)","background-image":"","background-repeat":"repeat","background-position":"center center","background-size":"auto","background-attachment":"scroll","background-type":"","background-media":"","overlay-type":"","overlay-color":"","overlay-gradient":""},"tablet":{"background-color":"var(--ast-global-color-5)","background-image":"","background-repeat":"repeat","background-position":"center center","background-size":"auto","background-attachment":"scroll","background-type":"","background-media":"","overlay-type":"","overlay-color":"","overlay-gradient":""},"mobile":{"background-color":"var(--ast-global-color-5)","background-image":"","background-repeat":"repeat","background-position":"center center","background-size":"auto","background-attachment":"scroll","background-type":"","background-media":"","overlay-type":"","overlay-color":"","overlay-gradient":""}},"_joinchat":[]},"product_cat":[22,21,20],"product_tag":[],"_links":{"self":[{"href":"https:\/\/karlydigitalworld.com\/index.php\/wp-json\/wp\/v2\/product\/1547"}],"collection":[{"href":"https:\/\/karlydigitalworld.com\/index.php\/wp-json\/wp\/v2\/product"}],"about":[{"href":"https:\/\/karlydigitalworld.com\/index.php\/wp-json\/wp\/v2\/types\/product"}],"replies":[{"embeddable":true,"href":"https:\/\/karlydigitalworld.com\/index.php\/wp-json\/wp\/v2\/comments?post=1547"}],"wp:featuredmedia":[{"embeddable":true,"href":"https:\/\/karlydigitalworld.com\/index.php\/wp-json\/wp\/v2\/media\/1548"}],"wp:attachment":[{"href":"https:\/\/karlydigitalworld.com\/index.php\/wp-json\/wp\/v2\/media?parent=1547"}],"wp:term":[{"taxonomy":"product_cat","embeddable":true,"href":"https:\/\/karlydigitalworld.com\/index.php\/wp-json\/wp\/v2\/product_cat?post=1547"},{"taxonomy":"product_tag","embeddable":true,"href":"https:\/\/karlydigitalworld.com\/index.php\/wp-json\/wp\/v2\/product_tag?post=1547"}],"curies":[{"name":"wp","href":"https:\/\/api.w.org\/{rel}","templated":true}]}}