{"id":1537,"date":"2024-05-24T14:47:32","date_gmt":"2024-05-24T14:47:32","guid":{"rendered":"https:\/\/karlydigitalworld.com\/?post_type=product&#038;p=1537"},"modified":"2025-11-02T10:23:18","modified_gmt":"2025-11-02T10:23:18","slug":"argent-zen-ken-honda-en-francais","status":"publish","type":"product","link":"https:\/\/karlydigitalworld.com\/index.php\/product\/argent-zen-ken-honda-en-francais\/","title":{"rendered":"Argent Zen &#8211; Ken Honda (En Fran\u00e7ais)"},"content":{"rendered":"<div id=\"\" class=\"w-full lg_w-2\/3 mx-auto mb-7 md_mb-9 min-h-fit storyblok__outline\" data-v-199920cb=\"\" data-blok-c=\"undefined\" data-blok-uid=\"undefined\">\n<div class=\"pb-markdown min-h-fit mv-type--headline5 text-center storyblok__outline\" data-v-199920cb=\"\" data-blok-c=\"undefined\" data-blok-uid=\"undefined\">\n<h2 style=\"text-align: center;\">Le QE financier : le secret bien gard\u00e9 pour une vie d&#8217;abondance et de prosp\u00e9rit\u00e9<\/h2>\n<\/div>\n<p>&nbsp;<\/p>\n<\/div>\n<div id=\"\" class=\"w-full lg_w-2\/3 mx-auto min-h-fit storyblok__outline\" data-v-199920cb=\"\" data-blok-c=\"undefined\" data-blok-uid=\"undefined\">\n<div class=\"pb-markdown min-h-fit mv-type--body storyblok__outline\" data-v-199920cb=\"\" data-blok-c=\"undefined\" data-blok-uid=\"undefined\">\n<p>Votre QE financier refl\u00e8te vos pens\u00e9es et croyances personnelles sur l&#8217;argent, vos ressentis face \u00e0 lui et la fa\u00e7on dont votre inconscient vous fait prendre des d\u00e9cisions financi\u00e8res en pilote automatique.<\/p>\n<p>&nbsp;<\/p>\n<p>Tout comme une personne n\u00e9gligeant son intelligence \u00e9motionnelle a du mal \u00e0 utiliser tout son potentiel, ceux n\u00e9gligeant leur QE financier ne peuvent pas \u00eatre riche de fa\u00e7on durable et \u00e9panouie. Cela vaut m\u00eame s\u2019ils travaillent dur, font de bons investissements et ont un QI financier \u00e9lev\u00e9.<\/p>\n<p>&nbsp;<\/p>\n<p>Ken a mis au point un processus graduel que chacun peut suivre pour \u00e9lever son QE financier et ainsi augmenter de fa\u00e7on permanente sa r\u00e9ussite financi\u00e8re, mais aussi sublimer sa vie.<\/p>\n<p>&nbsp;<\/p>\n<p>Ce processus a d\u00e9j\u00e0 permis la transformation d&#8217;un nombre incalculable de personnes dans le monde entier. \u00c0 pr\u00e9sent, pour la toute premi\u00e8re fois, Ken fait part de ce processus sur Mindvalley gr\u00e2ce au programme\u00a0<em>Argent Zen<\/em>.<\/p>\n<p>&nbsp;<\/p>\n<p>Apr\u00e8s avoir commenc\u00e9 ce programme, vous d\u00e9couvrirez qu&#8217;avoir un QE financier \u00e9lev\u00e9 n&#8217;est pas un don ou un talent. C&#8217;est une comp\u00e9tence que chacun peut acqu\u00e9rir en suivant les bonnes \u00e9tapes pour reprogrammer son cerveau. En le faisant, votre perception de l\u2019argent et de la vie changera instantan\u00e9ment.<\/p>\n<p>&nbsp;<\/p>\n<div class=\"mv-container min-h-fit storyblok__outline\" data-v-199920cb=\"\" data-blok-c=\"undefined\" data-blok-uid=\"undefined\">\n<div class=\"w-full text-center lg_w-2\/3 mx-auto min-h-fit storyblok__outline\" data-v-199920cb=\"\" data-blok-c=\"undefined\" data-blok-uid=\"undefined\">\n<div class=\"pb-markdown min-h-fit mv-type--titlebold4 text-center mb-8 md_mb-10 lg_mb-12 storyblok__outline\" data-v-199920cb=\"\" data-blok-c=\"undefined\" data-blok-uid=\"undefined\">\n<h2 style=\"text-align: center;\">Le programme<\/h2>\n<\/div>\n<\/div>\n<\/div>\n<div id=\"\" class=\"mv-container min-h-fit storyblok__outline\" data-v-199920cb=\"\" data-blok-c=\"undefined\" data-blok-uid=\"undefined\">\n<div class=\"pb-markdown min-h-fit mv-type--titlebold5 text-center mb-8 md_mb-12 lg_mb-16 lg_w-2\/3 mx-auto storyblok__outline\" data-v-199920cb=\"\" data-blok-c=\"undefined\" data-blok-uid=\"undefined\">\n<h3 style=\"text-align: center;\">Explorez Argent Zen<\/h3>\n<p>&nbsp;<\/p>\n<p><img fetchpriority=\"high\" decoding=\"async\" class=\"aligncenter\" src=\"https:\/\/storyblok-cdn.mindvalley.com\/f\/60579\/2068x1110\/e4767ce529\/meq_sp_devices_curriculum_fr.png?trans?quality=60&amp;auto=webp&amp;dpr=1&amp;width=auto\" alt=\"Money EQ on multiple devices\" width=\"783\" height=\"420\" \/><\/p>\n<\/div>\n<p>La Qu\u00eate Argent Zen vous emm\u00e8ne dans un voyage de 21 jours pour d\u00e9velopper votre QE financier, vos finances et par la m\u00eame occasion, votre vie.<\/p>\n<p>&nbsp;<\/p>\n<p>R\u00e9partie sur 3 semaines, la Qu\u00eate propose des conseils quotidiens donn\u00e9s par Ken Honda lui-m\u00eame. Vous serez guid\u00e9(e) dans une s\u00e9rie de vid\u00e9os d&#8217;entra\u00eenement et d&#8217;exercices quotidiens con\u00e7us pour transformer votre relation \u00e0 l&#8217;argent.<\/p>\n<p>&nbsp;<\/p>\n<p>\u00c0 la fin de ce programme, vous aurez chang\u00e9 pour toujours votre fa\u00e7on de percevoir l&#8217;argent et votre capacit\u00e9 \u00e0 en gagner, le faire fructifier, l\u2019investir et le redistribuer. Finalement, vous apprendrez \u00e0 l\u2019utiliser pour atteindre une prosp\u00e9rit\u00e9 et une tranquillit\u00e9 d\u2019esprit \u00e0 toute \u00e9preuve.<\/p>\n<\/div>\n<\/div>\n<\/div>\n","protected":false},"excerpt":{"rendered":"<div class=\"w-full lg_w-2\/3 mx-auto mb-7 md_mb-9 min-h-fit storyblok__outline\" data-v-199920cb=\"\" data-blok-c=\"undefined\" data-blok-uid=\"undefined\">\n<div class=\"pb-markdown min-h-fit mv-type--headline5 text-center storyblok__outline\" data-v-199920cb=\"\" data-blok-c=\"undefined\" data-blok-uid=\"undefined\">\n<div class=\"w-full lg_w-2\/3 mx-auto mb-7 md_mb-9 min-h-fit storyblok__outline\" data-v-199920cb=\"\" data-blok-c=\"undefined\" data-blok-uid=\"undefined\">\n<div class=\"pb-markdown min-h-fit mv-type--headline5 text-center storyblok__outline\" data-v-199920cb=\"\" data-blok-c=\"undefined\" data-blok-uid=\"undefined\">\n<div id=\"\" class=\"w-full lg_w-2\/3 mx-auto mb-7 md_mb-9 min-h-fit storyblok__outline\" data-v-199920cb=\"\" data-blok-c=\"undefined\" data-blok-uid=\"undefined\">\n<div class=\"pb-markdown min-h-fit mv-type--headline5 text-center storyblok__outline\" data-v-199920cb=\"\" data-blok-c=\"undefined\" data-blok-uid=\"undefined\">\n<h3>Le QE financier : le secret bien gard\u00e9 pour une vie d&#8217;abondance et de prosp\u00e9rit\u00e9<\/h3>\n<\/div>\n<\/div>\n<div id=\"\" class=\"w-full lg_w-2\/3 mx-auto min-h-fit storyblok__outline\" data-v-199920cb=\"\" data-blok-c=\"undefined\" data-blok-uid=\"undefined\">\n<div class=\"pb-markdown min-h-fit mv-type--body storyblok__outline\" data-v-199920cb=\"\" data-blok-c=\"undefined\" data-blok-uid=\"undefined\"><\/div>\n<\/div>\n<\/div>\n<\/div>\n<\/div>\n<\/div>\n<p>\u2705 Le\u00e7on 21<\/p>\n<p>\u23f1 3 Heures 59 Minutes<\/p>\n<p>+ Bonus extra<\/p>\n<p>\ud83d\udc42\ud83c\udffbAudio en fran\u00e7ais<\/p>\n<p>Acc\u00e9der \u00e0 Google Drive<\/p>\n","protected":false},"featured_media":1538,"comment_status":"open","ping_status":"closed","template":"","meta":{"site-sidebar-layout":"default","site-content-layout":"","ast-site-content-layout":"default","site-content-style":"default","site-sidebar-style":"default","ast-global-header-display":"","ast-banner-title-visibility":"","ast-main-header-display":"","ast-hfb-above-header-display":"","ast-hfb-below-header-display":"","ast-hfb-mobile-header-display":"","site-post-title":"","ast-breadcrumbs-content":"","ast-featured-img":"","footer-sml-layout":"","theme-transparent-header-meta":"default","adv-header-id-meta":"","stick-header-meta":"","header-above-stick-meta":"","header-main-stick-meta":"","header-below-stick-meta":"","astra-migrate-meta-layouts":"set","ast-page-background-enabled":"default","ast-page-background-meta":{"desktop":{"background-color":"var(--ast-global-color-4)","background-image":"","background-repeat":"repeat","background-position":"center center","background-size":"auto","background-attachment":"scroll","background-type":"","background-media":"","overlay-type":"","overlay-color":"","overlay-gradient":""},"tablet":{"background-color":"","background-image":"","background-repeat":"repeat","background-position":"center center","background-size":"auto","background-attachment":"scroll","background-type":"","background-media":"","overlay-type":"","overlay-color":"","overlay-gradient":""},"mobile":{"background-color":"","background-image":"","background-repeat":"repeat","background-position":"center center","background-size":"auto","background-attachment":"scroll","background-type":"","background-media":"","overlay-type":"","overlay-color":"","overlay-gradient":""}},"ast-content-background-meta":{"desktop":{"background-color":"var(--ast-global-color-5)","background-image":"","background-repeat":"repeat","background-position":"center center","background-size":"auto","background-attachment":"scroll","background-type":"","background-media":"","overlay-type":"","overlay-color":"","overlay-gradient":""},"tablet":{"background-color":"var(--ast-global-color-5)","background-image":"","background-repeat":"repeat","background-position":"center center","background-size":"auto","background-attachment":"scroll","background-type":"","background-media":"","overlay-type":"","overlay-color":"","overlay-gradient":""},"mobile":{"background-color":"var(--ast-global-color-5)","background-image":"","background-repeat":"repeat","background-position":"center center","background-size":"auto","background-attachment":"scroll","background-type":"","background-media":"","overlay-type":"","overlay-color":"","overlay-gradient":""}},"_joinchat":[]},"product_cat":[22,21,20],"product_tag":[],"_links":{"self":[{"href":"https:\/\/karlydigitalworld.com\/index.php\/wp-json\/wp\/v2\/product\/1537"}],"collection":[{"href":"https:\/\/karlydigitalworld.com\/index.php\/wp-json\/wp\/v2\/product"}],"about":[{"href":"https:\/\/karlydigitalworld.com\/index.php\/wp-json\/wp\/v2\/types\/product"}],"replies":[{"embeddable":true,"href":"https:\/\/karlydigitalworld.com\/index.php\/wp-json\/wp\/v2\/comments?post=1537"}],"wp:featuredmedia":[{"embeddable":true,"href":"https:\/\/karlydigitalworld.com\/index.php\/wp-json\/wp\/v2\/media\/1538"}],"wp:attachment":[{"href":"https:\/\/karlydigitalworld.com\/index.php\/wp-json\/wp\/v2\/media?parent=1537"}],"wp:term":[{"taxonomy":"product_cat","embeddable":true,"href":"https:\/\/karlydigitalworld.com\/index.php\/wp-json\/wp\/v2\/product_cat?post=1537"},{"taxonomy":"product_tag","embeddable":true,"href":"https:\/\/karlydigitalworld.com\/index.php\/wp-json\/wp\/v2\/product_tag?post=1537"}],"curies":[{"name":"wp","href":"https:\/\/api.w.org\/{rel}","templated":true}]}}