{"id":1535,"date":"2024-05-24T04:15:14","date_gmt":"2024-05-24T04:15:14","guid":{"rendered":"https:\/\/karlydigitalworld.com\/?post_type=product&#038;p=1535"},"modified":"2024-05-24T04:15:14","modified_gmt":"2024-05-24T04:15:14","slug":"super-cerveau-jim-kwik-en-francais","status":"publish","type":"product","link":"https:\/\/karlydigitalworld.com\/index.php\/product\/super-cerveau-jim-kwik-en-francais\/","title":{"rendered":"Super cerveau &#8211; Jim Kwik (En Fran\u00e7ais)"},"content":{"rendered":"<div class=\"w-full lg_w-2\/3 mx-auto mb-7 md_mb-9 min-h-fit storyblok__outline\" data-v-199920cb=\"\" data-blok-c=\"undefined\" data-blok-uid=\"undefined\">\n<div class=\"pb-markdown min-h-fit mv-type--headline5 text-center storyblok__outline\" data-v-199920cb=\"\" data-blok-c=\"undefined\" data-blok-uid=\"undefined\">\n<h3 style=\"text-align: center;\">Il est temps de lib\u00e9rer votre Super Cerveau<\/h3>\n<p>&nbsp;<\/p>\n<\/div>\n<\/div>\n<div id=\"\" class=\"w-full lg_w-2\/3 mx-auto min-h-fit storyblok__outline\" data-v-199920cb=\"\" data-blok-c=\"undefined\" data-blok-uid=\"undefined\">\n<div class=\"pb-markdown min-h-fit mv-type--body storyblok__outline\" data-v-199920cb=\"\" data-blok-c=\"undefined\" data-blok-uid=\"undefined\">\n<p>La Qu\u00eate Super Cerveau vous guide \u00e0 travers le processus magnifiquement optimis\u00e9 de Jim Kwik pour lib\u00e9rer votre m\u00e9moire, votre concentration et votre vitesse d&#8217;apprentissage surhumaines.<\/p>\n<p>&nbsp;<\/p>\n<p>Il utilise exactement le m\u00eame programme pour entra\u00eener les c\u00e9l\u00e9brit\u00e9s d&#8217;Hollywood \u00e0 se souvenir de leurs r\u00e9pliques, des professionnels et des entrepreneurs de renomm\u00e9e internationale \u00e0 dynamiser leur carri\u00e8re, ainsi que des dirigeants d\u2019entreprises de haut vol \u00e0 traiter l&#8217;information et \u00e0 mener leurs entreprises \u00e0 la victoire.<\/p>\n<p>&nbsp;<\/p>\n<p>Gr\u00e2ce \u00e0 une s\u00e9rie d&#8217;outils et de techniques ancr\u00e9s dans des domaines comme les performances de pointe, la lecture rapide et les neurosciences, Jim va rapidement r\u00e9veiller tout le potentiel de votre cerveau, le tout gr\u00e2ce \u00e0 une m\u00e9thodologie facile \u00e0 suivre que litt\u00e9ralement n&#8217;importe qui peut suivre pour b\u00e9n\u00e9ficier de r\u00e9sultats transformationnels.<\/p>\n<p>&nbsp;<\/p>\n<p>La grande majorit\u00e9 des personnes coach\u00e9es par Jim sont stup\u00e9faites de voir \u00e0 quel point les outils de Super Cerveau \u00e9l\u00e8vent leur pouvoir mental, et par cons\u00e9quent leur vie.<\/p>\n<p>&nbsp;<\/p>\n<p>Gr\u00e2ce \u00e0 cette toute premi\u00e8re Qu\u00eate de Mindvalley avec Jim, vous disposez d\u00e9sormais exactement de la m\u00eame opportunit\u00e9.<\/p>\n<p>&nbsp;<\/p>\n<\/div>\n<div class=\"mv-container min-h-fit storyblok__outline\" data-v-199920cb=\"\" data-blok-c=\"undefined\" data-blok-uid=\"undefined\">\n<div class=\"w-full text-center lg_w-2\/3 mx-auto min-h-fit storyblok__outline\" data-v-199920cb=\"\" data-blok-c=\"undefined\" data-blok-uid=\"undefined\">\n<div class=\"pb-markdown min-h-fit mv-type--titlebold4 text-center mb-8 md_mb-10 lg_mb-12 storyblok__outline\" data-v-199920cb=\"\" data-blok-c=\"undefined\" data-blok-uid=\"undefined\">\n<h3 style=\"text-align: center;\">Le programme<\/h3>\n<\/div>\n<\/div>\n<\/div>\n<div id=\"\" class=\"mv-container min-h-fit storyblok__outline\" data-v-199920cb=\"\" data-blok-c=\"undefined\" data-blok-uid=\"undefined\">\n<div class=\"pb-markdown min-h-fit mv-type--titlebold5 text-center mb-8 md_mb-12 lg_mb-16 lg_w-2\/3 mx-auto storyblok__outline\" data-v-199920cb=\"\" data-blok-c=\"undefined\" data-blok-uid=\"undefined\">\n<h3 style=\"text-align: center;\">La Qu\u00eate Super Cerveau<\/h3>\n<p>&nbsp;<\/p>\n<\/div>\n<p><img fetchpriority=\"high\" decoding=\"async\" class=\"aligncenter\" src=\"https:\/\/storyblok-cdn.mindvalley.com\/f\/60579\/2068x1110\/320d3f495a\/sb_sp_devices_curriculum_fr.png?trans?quality=60&amp;auto=webp&amp;dpr=1&amp;width=auto\" alt=\"Super Cerveau sur diff\u00e9rents appareils\" width=\"679\" height=\"364\" \/><\/p>\n<\/div>\n<p>La Qu\u00eate Super Cerveau est un programme d&#8217;entra\u00eenement quotidien de 30 jours en compagnie du coach d&#8217;apprentissage acc\u00e9l\u00e9r\u00e9, Jim Kwik. En seulement 15 \u00e0 20 minutes par jour, Jim vous guidera \u00e0 travers ses outils et techniques pour stimuler votre m\u00e9moire, votre concentration et votre capacit\u00e9 d&#8217;apprentissage.<\/p>\n<p>&nbsp;<\/p>\n<p>Le programme est con\u00e7u pour \u00eatre \u00e0 la fois facile \u00e0 suivre et instantan\u00e9ment transformationnel ! Au fil des jours, vous constaterez rapidement des changements tangibles dans votre m\u00e9moire et vos capacit\u00e9s mentales. Croyez-nous, les personnes qui vous entourent le remarqueront \u00e9galement.<\/p>\n<p>&nbsp;<\/p>\n<p>\u00c0 la fin du programme, les nouvelles capacit\u00e9s de votre \u00ab Super Cerveau \u00bb seront ancr\u00e9es en vous de fa\u00e7on permanente, ce qui vous permettra d&#8217;acc\u00e9der \u00e0 vos nouveaux dons int\u00e9rieurs o\u00f9 vous voulez et quand vous voulez.<\/p>\n<\/div>\n","protected":false},"excerpt":{"rendered":"<div class=\"w-full lg_w-2\/3 mx-auto mb-7 md_mb-9 min-h-fit storyblok__outline\" data-v-199920cb=\"\" data-blok-c=\"undefined\" data-blok-uid=\"undefined\">\n<div class=\"pb-markdown min-h-fit mv-type--headline5 text-center storyblok__outline\" data-v-199920cb=\"\" data-blok-c=\"undefined\" data-blok-uid=\"undefined\">\n<div class=\"w-full lg_w-2\/3 mx-auto mb-7 md_mb-9 min-h-fit storyblok__outline\" data-v-199920cb=\"\" data-blok-c=\"undefined\" data-blok-uid=\"undefined\">\n<div class=\"pb-markdown min-h-fit mv-type--headline5 text-center storyblok__outline\" data-v-199920cb=\"\" data-blok-c=\"undefined\" data-blok-uid=\"undefined\">\n<div class=\"w-full lg_w-2\/3 mx-auto mb-7 md_mb-9 min-h-fit storyblok__outline\" data-v-199920cb=\"\" data-blok-c=\"undefined\" data-blok-uid=\"undefined\">\n<div class=\"pb-markdown min-h-fit mv-type--headline5 text-center storyblok__outline\" data-v-199920cb=\"\" data-blok-c=\"undefined\" data-blok-uid=\"undefined\">\n<h3>Il est temps de lib\u00e9rer votre Super Cerveau<\/h3>\n<\/div>\n<\/div>\n<\/div>\n<\/div>\n<\/div>\n<\/div>\n<div id=\"\" class=\"w-full lg_w-2\/3 mx-auto min-h-fit storyblok__outline\" data-v-199920cb=\"\" data-blok-c=\"undefined\" data-blok-uid=\"undefined\">\n<div class=\"pb-markdown min-h-fit mv-type--body storyblok__outline\" data-v-199920cb=\"\" data-blok-c=\"undefined\" data-blok-uid=\"undefined\"><\/div>\n<\/div>\n<p>\u2705 Le\u00e7on 28<\/p>\n<p>\u23f1 7 Heures 58 Minutes<\/p>\n<p>\ud83d\udc42\ud83c\udffbAudio en fran\u00e7ais<\/p>\n<p>Acc\u00e9der \u00e0 Google Drive<\/p>\n","protected":false},"featured_media":1536,"comment_status":"open","ping_status":"closed","template":"","meta":{"site-sidebar-layout":"default","site-content-layout":"","ast-site-content-layout":"default","site-content-style":"default","site-sidebar-style":"default","ast-global-header-display":"","ast-banner-title-visibility":"","ast-main-header-display":"","ast-hfb-above-header-display":"","ast-hfb-below-header-display":"","ast-hfb-mobile-header-display":"","site-post-title":"","ast-breadcrumbs-content":"","ast-featured-img":"","footer-sml-layout":"","theme-transparent-header-meta":"default","adv-header-id-meta":"","stick-header-meta":"","header-above-stick-meta":"","header-main-stick-meta":"","header-below-stick-meta":"","astra-migrate-meta-layouts":"set","ast-page-background-enabled":"default","ast-page-background-meta":{"desktop":{"background-color":"var(--ast-global-color-4)","background-image":"","background-repeat":"repeat","background-position":"center center","background-size":"auto","background-attachment":"scroll","background-type":"","background-media":"","overlay-type":"","overlay-color":"","overlay-gradient":""},"tablet":{"background-color":"","background-image":"","background-repeat":"repeat","background-position":"center center","background-size":"auto","background-attachment":"scroll","background-type":"","background-media":"","overlay-type":"","overlay-color":"","overlay-gradient":""},"mobile":{"background-color":"","background-image":"","background-repeat":"repeat","background-position":"center center","background-size":"auto","background-attachment":"scroll","background-type":"","background-media":"","overlay-type":"","overlay-color":"","overlay-gradient":""}},"ast-content-background-meta":{"desktop":{"background-color":"var(--ast-global-color-5)","background-image":"","background-repeat":"repeat","background-position":"center center","background-size":"auto","background-attachment":"scroll","background-type":"","background-media":"","overlay-type":"","overlay-color":"","overlay-gradient":""},"tablet":{"background-color":"var(--ast-global-color-5)","background-image":"","background-repeat":"repeat","background-position":"center center","background-size":"auto","background-attachment":"scroll","background-type":"","background-media":"","overlay-type":"","overlay-color":"","overlay-gradient":""},"mobile":{"background-color":"var(--ast-global-color-5)","background-image":"","background-repeat":"repeat","background-position":"center center","background-size":"auto","background-attachment":"scroll","background-type":"","background-media":"","overlay-type":"","overlay-color":"","overlay-gradient":""}},"_joinchat":[]},"product_cat":[22,21,20],"product_tag":[],"_links":{"self":[{"href":"https:\/\/karlydigitalworld.com\/index.php\/wp-json\/wp\/v2\/product\/1535"}],"collection":[{"href":"https:\/\/karlydigitalworld.com\/index.php\/wp-json\/wp\/v2\/product"}],"about":[{"href":"https:\/\/karlydigitalworld.com\/index.php\/wp-json\/wp\/v2\/types\/product"}],"replies":[{"embeddable":true,"href":"https:\/\/karlydigitalworld.com\/index.php\/wp-json\/wp\/v2\/comments?post=1535"}],"wp:featuredmedia":[{"embeddable":true,"href":"https:\/\/karlydigitalworld.com\/index.php\/wp-json\/wp\/v2\/media\/1536"}],"wp:attachment":[{"href":"https:\/\/karlydigitalworld.com\/index.php\/wp-json\/wp\/v2\/media?parent=1535"}],"wp:term":[{"taxonomy":"product_cat","embeddable":true,"href":"https:\/\/karlydigitalworld.com\/index.php\/wp-json\/wp\/v2\/product_cat?post=1535"},{"taxonomy":"product_tag","embeddable":true,"href":"https:\/\/karlydigitalworld.com\/index.php\/wp-json\/wp\/v2\/product_tag?post=1535"}],"curies":[{"name":"wp","href":"https:\/\/api.w.org\/{rel}","templated":true}]}}