{"id":1533,"date":"2024-05-24T04:06:42","date_gmt":"2024-05-24T04:06:42","guid":{"rendered":"https:\/\/karlydigitalworld.com\/?post_type=product&#038;p=1533"},"modified":"2024-05-24T04:06:42","modified_gmt":"2024-05-24T04:06:42","slug":"dualite-jeffrey-allen-en-francais","status":"publish","type":"product","link":"https:\/\/karlydigitalworld.com\/index.php\/product\/dualite-jeffrey-allen-en-francais\/","title":{"rendered":"Dualit\u00e9 &#8211; Jeffrey Allen (En Fran\u00e7ais)"},"content":{"rendered":"<div class=\"w-full lg_w-2\/3 mx-auto mb-7 md_mb-9 min-h-fit storyblok__outline\" data-v-199920cb=\"\" data-blok-c=\"undefined\" data-blok-uid=\"undefined\">\n<div class=\"pb-markdown min-h-fit mv-type--headline5 text-center storyblok__outline\" data-v-199920cb=\"\" data-blok-c=\"undefined\" data-blok-uid=\"undefined\">\n<h3 style=\"text-align: center;\">Comment se reconnecter \u00e0 votre syst\u00e8me \u00e9nerg\u00e9tique et l&#8217;exploiter afin de cr\u00e9er une vie extraordinaire<\/h3>\n<\/div>\n<p>&nbsp;<\/p>\n<\/div>\n<div class=\"w-full md_w-5\/12 mb-8 md_mb-0 hidden md_block min-h-fit storyblok__outline\" data-v-199920cb=\"\" data-blok-c=\"undefined\" data-blok-uid=\"undefined\">\n<p>Le programme\u00a0<em>Dualit\u00e9<\/em>\u00a0avec le th\u00e9rapeute \u00e9nerg\u00e9tique de renom Jeffrey Allen, vous guide \u00e0 travers un processus intuitif \u00e9tape par \u00e9tape visant \u00e0 vous reconnecter \u00e0 votre syst\u00e8me \u00e9nerg\u00e9tique naturel.<\/p>\n<p>&nbsp;<\/p>\n<p>La beaut\u00e9 de ce processus r\u00e9side dans sa simplicit\u00e9 : vous n&#8217;avez besoin d&#8217;aucun don, talent ou exp\u00e9rience sp\u00e9cifique en gu\u00e9rison \u00e9nerg\u00e9tique. Au lieu de cela, laissez simplement Jeffrey vous guider en personne tout au long de ce processus, car il \u00e9veillera m\u00e9thodiquement votre v\u00e9ritable nature et votre plus haut potentiel.<\/p>\n<p>&nbsp;<\/p>\n<p>Le programme\u00a0<em>Dualit\u00e9<\/em>\u00a0regorge d&#8217;outils agr\u00e9ables et faciles d\u2019utilisation. Ils vous aligneront instantan\u00e9ment sur votre nature \u00e9nerg\u00e9tique, et \u00e9l\u00e8veront en cons\u00e9quence tous les domaines de votre vie.<\/p>\n<p>&nbsp;<\/p>\n<p>Leurs applications vont de l&#8217;\u00e9limination des blocages \u00e9nerg\u00e9tiques \u00e0 la d\u00e9couverte de votre boussole int\u00e9rieure, en passant par la communication \u00e9nerg\u00e9tique avec vous-m\u00eame et autrui, et bien plus encore.<\/p>\n<p>&nbsp;<\/p>\n<p>En seulement 8 petites semaines, vous serez magnifiquement en phase avec votre double nature la plus authentique : une parfaite harmonie entre le physique et l&#8217;\u00e9nerg\u00e9tique. Une ma\u00eetrise \u00e0 couper le souffle de capacit\u00e9s et pouvoirs que vous ignoriez poss\u00e9der jusque l\u00e0. Et un sentiment de pl\u00e9nitude et d&#8217;unit\u00e9 qui ne s\u2019explique pas par des mots.<\/p>\n<p style=\"text-align: center;\">\n<\/div>\n<div class=\"mv-container min-h-fit storyblok__outline\" style=\"text-align: center;\" data-v-199920cb=\"\" data-blok-c=\"undefined\" data-blok-uid=\"undefined\">\n<div class=\"w-full text-center lg_w-2\/3 mx-auto min-h-fit storyblok__outline\" data-v-199920cb=\"\" data-blok-c=\"undefined\" data-blok-uid=\"undefined\">\n<div class=\"pb-markdown min-h-fit mv-type--titlebold4 text-center mb-8 md_mb-10 lg_mb-12 storyblok__outline\" data-v-199920cb=\"\" data-blok-c=\"undefined\" data-blok-uid=\"undefined\">\n<h4>Le Programme<\/h4>\n<\/div>\n<\/div>\n<\/div>\n<div id=\"\" class=\"mv-container min-h-fit storyblok__outline\" data-v-199920cb=\"\" data-blok-c=\"undefined\" data-blok-uid=\"undefined\">\n<div class=\"pb-markdown min-h-fit mv-type--titlebold5 text-center mb-8 md_mb-12 lg_mb-16 lg_w-2\/3 mx-auto storyblok__outline\" data-v-199920cb=\"\" data-blok-c=\"undefined\" data-blok-uid=\"undefined\">\n<h4 style=\"text-align: center;\">Explorez le programme de\u00a0<em>Dualit\u00e9<\/em><\/h4>\n<p>&nbsp;<\/p>\n<\/div>\n<p><img fetchpriority=\"high\" decoding=\"async\" class=\"aligncenter\" src=\"https:\/\/storyblok-cdn.mindvalley.com\/f\/60579\/2068x1110\/90c656e8fe\/du_sp_devices_curriculum_fr.png?trans?quality=60&amp;auto=webp&amp;dpr=1&amp;width=auto\" alt=\"Disponible sur votre ordinateur personnel, tablette, smartphone et Apple TV\" width=\"669\" height=\"359\" \/><\/p>\n<\/div>\n<p>Le programme\u00a0<em>Dualit\u00e9<\/em>\u00a0est un voyage en ligne de 8 semaines qui vous permettra de ma\u00eetriser votre syst\u00e8me \u00e9nerg\u00e9tique personnel.<\/p>\n<p>&nbsp;<\/p>\n<p>Gr\u00e2ce \u00e0 un programme soigneusement con\u00e7u d&#8217;exercices guid\u00e9s et de m\u00e9ditations, Jeffrey vous \u00e9veillera en personne et m\u00e9thodiquement \u00e0 vos capacit\u00e9s \u00e9nerg\u00e9tiques : ce qui comprend l&#8217;obtention de r\u00e9ponses de votre intuition, devenir plus pr\u00e9sent, \u00e9liminer les blocages \u00e9nerg\u00e9tiques, vous gu\u00e9rir vous-m\u00eame et les autres, vous connecter avec vos guides, renforcer vos chakras et bien plus encore.<\/p>\n<p>&nbsp;<\/p>\n<p>\u00c0 la fin de votre voyage, vous aurez \u00e9volu\u00e9 vers votre \u00e9tat naturel en tant que travailleur \u00e9nerg\u00e9tique comp\u00e9tent : avec la capacit\u00e9 d&#8217;exploiter votre syst\u00e8me \u00e9nerg\u00e9tique et de manifester davantage de lucidit\u00e9, de gu\u00e9rison, d\u2019abondance et d\u2019amour dans votre monde int\u00e9rieur et ext\u00e9rieur.<\/p>\n","protected":false},"excerpt":{"rendered":"<div class=\"w-full lg_w-2\/3 mx-auto mb-7 md_mb-9 min-h-fit storyblok__outline\" data-v-199920cb=\"\" data-blok-c=\"undefined\" data-blok-uid=\"undefined\">\n<div class=\"pb-markdown min-h-fit mv-type--headline5 text-center storyblok__outline\" data-v-199920cb=\"\" data-blok-c=\"undefined\" data-blok-uid=\"undefined\">\n<div class=\"w-full lg_w-2\/3 mx-auto mb-7 md_mb-9 min-h-fit storyblok__outline\" data-v-199920cb=\"\" data-blok-c=\"undefined\" data-blok-uid=\"undefined\">\n<div class=\"pb-markdown min-h-fit mv-type--headline5 text-center storyblok__outline\" data-v-199920cb=\"\" data-blok-c=\"undefined\" data-blok-uid=\"undefined\">\n<div class=\"w-full lg_w-2\/3 mx-auto mb-7 md_mb-9 min-h-fit storyblok__outline\" data-v-199920cb=\"\" data-blok-c=\"undefined\" data-blok-uid=\"undefined\">\n<div class=\"pb-markdown min-h-fit mv-type--headline5 text-center storyblok__outline\" data-v-199920cb=\"\" data-blok-c=\"undefined\" data-blok-uid=\"undefined\">\n<h3>Comment se reconnecter \u00e0 votre syst\u00e8me \u00e9nerg\u00e9tique et l&#8217;exploiter afin de cr\u00e9er une vie extraordinaire<\/h3>\n<\/div>\n<\/div>\n<div class=\"w-full md_w-5\/12 mb-8 md_mb-0 hidden md_block min-h-fit storyblok__outline\" data-v-199920cb=\"\" data-blok-c=\"undefined\" data-blok-uid=\"undefined\"><\/div>\n<\/div>\n<\/div>\n<\/div>\n<\/div>\n<p>\u2705 Le\u00e7on 28<\/p>\n<p>\u23f1 19 Heures 17 Minutes<\/p>\n<p>\ud83d\udc42\ud83c\udffbAudio en fran\u00e7ais<\/p>\n<p>Acc\u00e9der \u00e0 Google Drive<\/p>\n","protected":false},"featured_media":1534,"comment_status":"open","ping_status":"closed","template":"","meta":{"site-sidebar-layout":"default","site-content-layout":"","ast-site-content-layout":"default","site-content-style":"default","site-sidebar-style":"default","ast-global-header-display":"","ast-banner-title-visibility":"","ast-main-header-display":"","ast-hfb-above-header-display":"","ast-hfb-below-header-display":"","ast-hfb-mobile-header-display":"","site-post-title":"","ast-breadcrumbs-content":"","ast-featured-img":"","footer-sml-layout":"","theme-transparent-header-meta":"default","adv-header-id-meta":"","stick-header-meta":"","header-above-stick-meta":"","header-main-stick-meta":"","header-below-stick-meta":"","astra-migrate-meta-layouts":"set","ast-page-background-enabled":"default","ast-page-background-meta":{"desktop":{"background-color":"var(--ast-global-color-4)","background-image":"","background-repeat":"repeat","background-position":"center center","background-size":"auto","background-attachment":"scroll","background-type":"","background-media":"","overlay-type":"","overlay-color":"","overlay-gradient":""},"tablet":{"background-color":"","background-image":"","background-repeat":"repeat","background-position":"center center","background-size":"auto","background-attachment":"scroll","background-type":"","background-media":"","overlay-type":"","overlay-color":"","overlay-gradient":""},"mobile":{"background-color":"","background-image":"","background-repeat":"repeat","background-position":"center center","background-size":"auto","background-attachment":"scroll","background-type":"","background-media":"","overlay-type":"","overlay-color":"","overlay-gradient":""}},"ast-content-background-meta":{"desktop":{"background-color":"var(--ast-global-color-5)","background-image":"","background-repeat":"repeat","background-position":"center center","background-size":"auto","background-attachment":"scroll","background-type":"","background-media":"","overlay-type":"","overlay-color":"","overlay-gradient":""},"tablet":{"background-color":"var(--ast-global-color-5)","background-image":"","background-repeat":"repeat","background-position":"center center","background-size":"auto","background-attachment":"scroll","background-type":"","background-media":"","overlay-type":"","overlay-color":"","overlay-gradient":""},"mobile":{"background-color":"var(--ast-global-color-5)","background-image":"","background-repeat":"repeat","background-position":"center center","background-size":"auto","background-attachment":"scroll","background-type":"","background-media":"","overlay-type":"","overlay-color":"","overlay-gradient":""}},"_joinchat":[]},"product_cat":[22,21,20],"product_tag":[],"_links":{"self":[{"href":"https:\/\/karlydigitalworld.com\/index.php\/wp-json\/wp\/v2\/product\/1533"}],"collection":[{"href":"https:\/\/karlydigitalworld.com\/index.php\/wp-json\/wp\/v2\/product"}],"about":[{"href":"https:\/\/karlydigitalworld.com\/index.php\/wp-json\/wp\/v2\/types\/product"}],"replies":[{"embeddable":true,"href":"https:\/\/karlydigitalworld.com\/index.php\/wp-json\/wp\/v2\/comments?post=1533"}],"wp:featuredmedia":[{"embeddable":true,"href":"https:\/\/karlydigitalworld.com\/index.php\/wp-json\/wp\/v2\/media\/1534"}],"wp:attachment":[{"href":"https:\/\/karlydigitalworld.com\/index.php\/wp-json\/wp\/v2\/media?parent=1533"}],"wp:term":[{"taxonomy":"product_cat","embeddable":true,"href":"https:\/\/karlydigitalworld.com\/index.php\/wp-json\/wp\/v2\/product_cat?post=1533"},{"taxonomy":"product_tag","embeddable":true,"href":"https:\/\/karlydigitalworld.com\/index.php\/wp-json\/wp\/v2\/product_tag?post=1533"}],"curies":[{"name":"wp","href":"https:\/\/api.w.org\/{rel}","templated":true}]}}