{"id":1531,"date":"2024-05-24T03:59:53","date_gmt":"2024-05-24T03:59:53","guid":{"rendered":"https:\/\/karlydigitalworld.com\/?post_type=product&#038;p=1531"},"modified":"2025-10-16T21:58:31","modified_gmt":"2025-10-16T21:58:31","slug":"devenir-concentre-et-imperturbable-nir-eyal-en-francais","status":"publish","type":"product","link":"https:\/\/karlydigitalworld.com\/index.php\/product\/devenir-concentre-et-imperturbable-nir-eyal-en-francais\/","title":{"rendered":"Devenir concentr\u00e9 et imperturbable &#8211; Nir Eyal (En Fran\u00e7ais)"},"content":{"rendered":"<h3 style=\"text-align: center;\">La m\u00e9thode la plus efficace au monde pour devenir imperturbable<\/h3>\n<p>&nbsp;<\/p>\n<p>Le programme Devenir concentr\u00e9 et imperturbable vous guide \u00e0 travers chacun de ces fondements, et vous montre comment les ma\u00eetriser en appliquant des changements simples \u00e0 votre programmation int\u00e9rieure et \u00e0 vos habitudes.<\/p>\n<p><img fetchpriority=\"high\" decoding=\"async\" class=\"aligncenter\" src=\"https:\/\/storyblok-cdn.mindvalley.com\/f\/60579\/1000x1100\/7f24be025c\/bfai_sp_solution-d_fr.jpg?trans?quality=60&amp;auto=webp&amp;dpr=1&amp;width=auto\" alt=\"Les 4 fondements de l\u2019imperturbabilit\u00e9\" width=\"666\" height=\"732\" \/><\/p>\n<p><em>Devenir concentr\u00e9 et imperturbable<\/em>\u00a0est un programme en ligne qui vous permettra d\u2019atteindre un niveau surhumain de concentration, de clart\u00e9 et de productivit\u00e9.<\/p>\n<p>&nbsp;<\/p>\n<p>Pendant 27 jours, Nir Eyal, un expert pionnier dans le domaine de la formation des habitudes, vous guidera \u00e0 travers son processus en quatre \u00e9tapes vers l\u2019imperturbabilit\u00e9 \u00e0 vie : tout cela en appliquant les meilleures approches actuelles en neuroscience, en psychologie et en technologie de formation des habitudes.<\/p>\n<p>&nbsp;<\/p>\n<p>\u00c0 mesure que vos distractions et sch\u00e9mas ind\u00e9sirables perdent leur emprise, vous allez enfin acqu\u00e9rir le pouvoir personnel de diriger votre attention et votre \u00e9nergie l\u00e0 o\u00f9 elles comptent le plus pour vous.<\/p>\n<p>&nbsp;<\/p>\n<p>Vous observerez un impact consid\u00e9rable dans tous les domaines de votre vie, qu&#8217;il s&#8217;agisse de vos performances professionnelles et de votre productivit\u00e9, de votre sant\u00e9 mentale et de votre bien-\u00eatre, ou m\u00eame de vos relations et de votre vie amoureuse.<\/p>\n<p>&nbsp;<\/p>\n<div class=\"mv-container min-h-fit storyblok__outline\" data-v-199920cb=\"\" data-blok-c=\"undefined\" data-blok-uid=\"undefined\">\n<div class=\"w-full text-center lg_w-2\/3 mx-auto min-h-fit storyblok__outline\" data-v-199920cb=\"\" data-blok-c=\"undefined\" data-blok-uid=\"undefined\">\n<div class=\"pb-markdown min-h-fit mv-type--titlebold4 text-center mb-8 md_mb-10 lg_mb-12 storyblok__outline\" data-v-199920cb=\"\" data-blok-c=\"undefined\" data-blok-uid=\"undefined\">\n<h2 style=\"text-align: center;\">Le programme<\/h2>\n<\/div>\n<\/div>\n<\/div>\n<div id=\"\" class=\"mv-container min-h-fit storyblok__outline\" data-v-199920cb=\"\" data-blok-c=\"undefined\" data-blok-uid=\"undefined\">\n<div class=\"pb-markdown min-h-fit mv-type--titlebold5 text-center mb-8 md_mb-12 lg_mb-16 lg_w-2\/3 mx-auto storyblok__outline\" data-v-199920cb=\"\" data-blok-c=\"undefined\" data-blok-uid=\"undefined\">\n<h3 style=\"text-align: center;\">Explorez le programme de\u00a0<em>Devenir concentr\u00e9 et imperturbable<\/em><\/h3>\n<p>&nbsp;<\/p>\n<\/div>\n<p><img decoding=\"async\" class=\"aligncenter\" src=\"https:\/\/storyblok-cdn.mindvalley.com\/f\/60579\/2068x1110\/c5ac1d4305\/bfi_sp_devices_curriculum_fr.png?trans?quality=60&amp;auto=webp&amp;dpr=1&amp;width=auto\" alt=\"Devenir concentr\u00e9 et imperturbable sur divers appareils\" width=\"667\" height=\"358\" \/><\/p>\n<\/div>\n<p><em>Devenir concentr\u00e9 et imperturbable<\/em>\u00a0est un programme de 27 jours comprenant une formation immersive, des outils de transformation et un coaching quotidien avec Nir Eyal en personne.<\/p>\n<p>&nbsp;<\/p>\n<p>En seulement 5 \u00e0 15 minutes par jour, vous examinerez en profondeur vos croyances subconscientes, vos habitudes et routines quotidiennes, ainsi que toutes les dimensions de votre vie qui ont un impact sur votre capacit\u00e9 \u00e0 vous concentrer et \u00e0 donner le meilleur de vous-m\u00eame.<\/p>\n<p>&nbsp;<\/p>\n<p>Vous d\u00e9couvrirez des sch\u00e9mas et des angles morts dont vous ne soup\u00e7onniez pas l&#8217;existence. Vous apprendrez des strat\u00e9gies puissantes pour g\u00e9rer les distractions provenant de votre for int\u00e9rieur et du monde qui vous entoure.<\/p>\n<p>&nbsp;<\/p>\n<p>Et surtout, vous obtiendrez la libert\u00e9 de choisir une vie beaucoup plus productive, \u00e9panouissante et calme.<\/p>\n","protected":false},"excerpt":{"rendered":"<div class=\"w-full lg_w-2\/3 mx-auto mb-7 md_mb-9 min-h-fit storyblok__outline\" data-v-199920cb=\"\" data-blok-c=\"undefined\" data-blok-uid=\"undefined\">\n<div class=\"pb-markdown min-h-fit mv-type--headline5 text-center storyblok__outline\" data-v-199920cb=\"\" data-blok-c=\"undefined\" data-blok-uid=\"undefined\">\n<div class=\"w-full lg_w-2\/3 mx-auto mb-7 md_mb-9 min-h-fit storyblok__outline\" data-v-199920cb=\"\" data-blok-c=\"undefined\" data-blok-uid=\"undefined\">\n<div class=\"pb-markdown min-h-fit mv-type--headline5 text-center storyblok__outline\" data-v-199920cb=\"\" data-blok-c=\"undefined\" data-blok-uid=\"undefined\">\n<div class=\"w-full lg_w-2\/3 mx-auto mb-7 md_mb-9 min-h-fit storyblok__outline\" data-v-199920cb=\"\" data-blok-c=\"undefined\" data-blok-uid=\"undefined\">\n<div class=\"pb-markdown min-h-fit mv-type--headline5 text-center storyblok__outline\" data-v-199920cb=\"\" data-blok-c=\"undefined\" data-blok-uid=\"undefined\">\n<h3>La m\u00e9thode la plus efficace au monde pour devenir imperturbable<\/h3>\n<\/div>\n<\/div>\n<div class=\"w-full md_w-5\/12 mb-8 md_mb-0 hidden md_block min-h-fit storyblok__outline\" data-v-199920cb=\"\" data-blok-c=\"undefined\" data-blok-uid=\"undefined\"><\/div>\n<\/div>\n<\/div>\n<\/div>\n<\/div>\n<p>\u2705 Le\u00e7on 27<\/p>\n<p>\u23f1 3 Heures 45 Minutes<\/p>\n<p>\ud83d\udc42\ud83c\udffbAudio en fran\u00e7ais<\/p>\n<p>Acc\u00e9der \u00e0 Google Drive<\/p>\n","protected":false},"featured_media":1532,"comment_status":"open","ping_status":"closed","template":"","meta":{"site-sidebar-layout":"default","site-content-layout":"","ast-site-content-layout":"default","site-content-style":"default","site-sidebar-style":"default","ast-global-header-display":"","ast-banner-title-visibility":"","ast-main-header-display":"","ast-hfb-above-header-display":"","ast-hfb-below-header-display":"","ast-hfb-mobile-header-display":"","site-post-title":"","ast-breadcrumbs-content":"","ast-featured-img":"","footer-sml-layout":"","theme-transparent-header-meta":"default","adv-header-id-meta":"","stick-header-meta":"","header-above-stick-meta":"","header-main-stick-meta":"","header-below-stick-meta":"","astra-migrate-meta-layouts":"set","ast-page-background-enabled":"default","ast-page-background-meta":{"desktop":{"background-color":"var(--ast-global-color-4)","background-image":"","background-repeat":"repeat","background-position":"center center","background-size":"auto","background-attachment":"scroll","background-type":"","background-media":"","overlay-type":"","overlay-color":"","overlay-gradient":""},"tablet":{"background-color":"","background-image":"","background-repeat":"repeat","background-position":"center center","background-size":"auto","background-attachment":"scroll","background-type":"","background-media":"","overlay-type":"","overlay-color":"","overlay-gradient":""},"mobile":{"background-color":"","background-image":"","background-repeat":"repeat","background-position":"center center","background-size":"auto","background-attachment":"scroll","background-type":"","background-media":"","overlay-type":"","overlay-color":"","overlay-gradient":""}},"ast-content-background-meta":{"desktop":{"background-color":"var(--ast-global-color-5)","background-image":"","background-repeat":"repeat","background-position":"center center","background-size":"auto","background-attachment":"scroll","background-type":"","background-media":"","overlay-type":"","overlay-color":"","overlay-gradient":""},"tablet":{"background-color":"var(--ast-global-color-5)","background-image":"","background-repeat":"repeat","background-position":"center center","background-size":"auto","background-attachment":"scroll","background-type":"","background-media":"","overlay-type":"","overlay-color":"","overlay-gradient":""},"mobile":{"background-color":"var(--ast-global-color-5)","background-image":"","background-repeat":"repeat","background-position":"center center","background-size":"auto","background-attachment":"scroll","background-type":"","background-media":"","overlay-type":"","overlay-color":"","overlay-gradient":""}},"_joinchat":[]},"product_cat":[22,21,20],"product_tag":[],"_links":{"self":[{"href":"https:\/\/karlydigitalworld.com\/index.php\/wp-json\/wp\/v2\/product\/1531"}],"collection":[{"href":"https:\/\/karlydigitalworld.com\/index.php\/wp-json\/wp\/v2\/product"}],"about":[{"href":"https:\/\/karlydigitalworld.com\/index.php\/wp-json\/wp\/v2\/types\/product"}],"replies":[{"embeddable":true,"href":"https:\/\/karlydigitalworld.com\/index.php\/wp-json\/wp\/v2\/comments?post=1531"}],"wp:featuredmedia":[{"embeddable":true,"href":"https:\/\/karlydigitalworld.com\/index.php\/wp-json\/wp\/v2\/media\/1532"}],"wp:attachment":[{"href":"https:\/\/karlydigitalworld.com\/index.php\/wp-json\/wp\/v2\/media?parent=1531"}],"wp:term":[{"taxonomy":"product_cat","embeddable":true,"href":"https:\/\/karlydigitalworld.com\/index.php\/wp-json\/wp\/v2\/product_cat?post=1531"},{"taxonomy":"product_tag","embeddable":true,"href":"https:\/\/karlydigitalworld.com\/index.php\/wp-json\/wp\/v2\/product_tag?post=1531"}],"curies":[{"name":"wp","href":"https:\/\/api.w.org\/{rel}","templated":true}]}}