{"id":1523,"date":"2024-05-17T15:39:23","date_gmt":"2024-05-17T15:39:23","guid":{"rendered":"https:\/\/karlydigitalworld.com\/?post_type=product&#038;p=1523"},"modified":"2025-11-02T10:23:33","modified_gmt":"2025-11-02T10:23:33","slug":"hypnotherapie-de-transformation-rapide-pour-labondance-marisa-peer-en-francais","status":"publish","type":"product","link":"https:\/\/karlydigitalworld.com\/index.php\/product\/hypnotherapie-de-transformation-rapide-pour-labondance-marisa-peer-en-francais\/","title":{"rendered":"Hypnoth\u00e9rapie de Transformation Rapide pour l&#8217;Abondance Marisa Peer (En Fran\u00e7ais)"},"content":{"rendered":"<div class=\"w-full lg_w-2\/3 mx-auto mb-7 md_mb-9 min-h-fit storyblok__outline\" data-v-199920cb=\"\" data-blok-c=\"undefined\" data-blok-uid=\"undefined\">\n<div class=\"pb-markdown min-h-fit mv-type--headline5 text-center storyblok__outline\" data-v-199920cb=\"\" data-blok-c=\"undefined\" data-blok-uid=\"undefined\">\n<h3 style=\"text-align: center;\">Transformez votre vie gr\u00e2ce \u00e0 l\u2019Hypnoth\u00e9rapie de Transformation Rapide<\/h3>\n<\/div>\n<p>&nbsp;<\/p>\n<\/div>\n<div id=\"\" class=\"w-full lg_w-2\/3 mx-auto min-h-fit storyblok__outline\" data-v-199920cb=\"\" data-blok-c=\"undefined\" data-blok-uid=\"undefined\">\n<div class=\"pb-markdown min-h-fit mv-type--body storyblok__outline\" data-v-199920cb=\"\" data-blok-c=\"undefined\" data-blok-uid=\"undefined\">\n<p>Le programme Hypnoth\u00e9rapie de Transformation Rapide pour l\u2019Abondance vous fait profiter de tous les b\u00e9n\u00e9fices de cette remarquable m\u00e9thode de reprogrammation subconsciente, le tout avec la guidance de sa cr\u00e9atrice elle-m\u00eame, Marisa Peer.<\/p>\n<p>&nbsp;<\/p>\n<p>Son programme de 35 jours hautement optimis\u00e9 vous r\u00e9compense avec des r\u00e9sultats presque instantan\u00e9s, comparables \u00e0 ceux qui demanderaient en temps normal des ann\u00e9es (et des dizaines de milliers de dollars) de s\u00e9ances priv\u00e9es de th\u00e9rapie personnelle.<\/p>\n<p>&nbsp;<\/p>\n<p>Vous vivrez une profonde transformation personnelle au niveau cellulaire, ce qui signifie que Marisa d\u00e9clenchera r\u00e9ellement la cr\u00e9ation de nouvelles voies neuronales lib\u00e9ratrices dans votre esprit.<\/p>\n<p>&nbsp;<\/p>\n<p>Celles-ci, en retour, vous permettront de canaliser automatiquement de nouvelles habitudes, de nouvelles pens\u00e9es et de nouvelles \u00e9motions positives qui vous fa\u00e7onneront \u00e0 l\u2019image de la personne que vous voulez \u00eatre..<\/p>\n<p>&nbsp;<\/p>\n<p>M\u00eame les traumatismes pass\u00e9s et les influences externes non-d\u00e9sir\u00e9s seront effac\u00e9s, vous offrant la v\u00e9ritable libert\u00e9 de cr\u00e9er une vie de joie, d\u2019accomplissement et de bien-\u00eatre abondants.<\/p>\n<\/div>\n<\/div>\n<p>&nbsp;<\/p>\n<div id=\"\" class=\"mv-container min-h-fit storyblok__outline\" data-v-199920cb=\"\" data-blok-c=\"undefined\" data-blok-uid=\"undefined\">\n<div class=\"w-full text-center lg_w-2\/3 mx-auto min-h-fit storyblok__outline\" data-v-199920cb=\"\" data-blok-c=\"undefined\" data-blok-uid=\"undefined\">\n<div class=\"pb-markdown min-h-fit mv-type--titlebold4 text-center mb-8 md_mb-10 lg_mb-12 storyblok__outline\" data-v-199920cb=\"\" data-blok-c=\"undefined\" data-blok-uid=\"undefined\">\n<h2 style=\"text-align: center;\">Le programme<\/h2>\n<\/div>\n<\/div>\n<\/div>\n<div id=\"\" class=\"mv-container min-h-fit storyblok__outline\" data-v-199920cb=\"\" data-blok-c=\"undefined\" data-blok-uid=\"undefined\">\n<div class=\"pb-markdown min-h-fit mv-type--titlebold5 text-center mb-8 md_mb-12 lg_mb-16 lg_w-2\/3 mx-auto storyblok__outline\" data-v-199920cb=\"\" data-blok-c=\"undefined\" data-blok-uid=\"undefined\">\n<h3 style=\"text-align: center;\">Explorez le programme d\u2019Hypnoth\u00e9rapie de Transformation Rapide pour l\u2019Abondance<\/h3>\n<p>&nbsp;<\/p>\n<\/div>\n<\/div>\n<p><img fetchpriority=\"high\" decoding=\"async\" class=\"aligncenter\" src=\"https:\/\/storyblok-cdn.mindvalley.com\/f\/60579\/2068x1110\/9172eefd62\/rtha_sp_devices_curriculum_fr.png?trans?quality=60&amp;auto=webp&amp;dpr=1&amp;width=auto\" alt=\"Hypnoth\u00e9rapie de Transformation Rapide pour l'Abondance sur diff\u00e9rents appareils\" width=\"830\" height=\"445\" \/><\/p>\n<p>&nbsp;<\/p>\n<p>La Qu\u00eate Hypnoth\u00e9rapie de Transformation Rapide pour l&#8217;Abondance est un processus facile \u00e0 suivre pour reprogrammer vos croyances subconscientes. Elle vous permettra \u00e9galement de cr\u00e9er une transformation rapide, profonde et durable dans les domaines les plus importants de votre vie.<\/p>\n<p>&nbsp;<\/p>\n<p>Vous aurez rendez-vous avec votre hypnoth\u00e9rapeute, Marisa Peer, pendant 35 jours. Vous la retrouverez dans une s\u00e9rie de s\u00e9ances quotidiennes de seulement 20 \u00e0 40 minutes. Chacune est con\u00e7ue pour simuler une s\u00e9ance de th\u00e9rapie priv\u00e9e (qui co\u00fbte normalement des milliers de dollars et doit \u00eatre r\u00e9serv\u00e9e des mois \u00e0 l&#8217;avance).<\/p>\n<p>&nbsp;<\/p>\n<p>Vous aurez enfin le pouvoir de briser les croyances d&#8217;auto-sabotage et les blocages mentaux vous obligeant \u00e0 rejeter sans le savoir la richesse, le bien-\u00eatre et l&#8217;amour.<\/p>\n<p>&nbsp;<\/p>\n<p>Que vous vous accrochiez \u00e0 des croyances financi\u00e8res issues de votre enfance, que vous ayez du mal \u00e0 surmonter des probl\u00e8mes de sant\u00e9 ou que vous essayiez de briser des cycles malsains de dysfonctionnement relationnel, vous vous affranchirez enfin de toutes les luttes internes se dressant entre vous et une abondance illimit\u00e9e.<\/p>\n","protected":false},"excerpt":{"rendered":"<div class=\"w-full lg_w-2\/3 mx-auto mb-7 md_mb-9 min-h-fit storyblok__outline\" data-v-199920cb=\"\" data-blok-c=\"undefined\" data-blok-uid=\"undefined\">\n<div class=\"pb-markdown min-h-fit mv-type--headline5 text-center storyblok__outline\" data-v-199920cb=\"\" data-blok-c=\"undefined\" data-blok-uid=\"undefined\">\n<div class=\"w-full lg_w-2\/3 mx-auto mb-7 md_mb-9 min-h-fit storyblok__outline\" data-v-199920cb=\"\" data-blok-c=\"undefined\" data-blok-uid=\"undefined\">\n<div class=\"pb-markdown min-h-fit mv-type--headline5 text-center storyblok__outline\" data-v-199920cb=\"\" data-blok-c=\"undefined\" data-blok-uid=\"undefined\">\n<h3>Transformez votre vie gr\u00e2ce \u00e0 l\u2019Hypnoth\u00e9rapie de Transformation Rapide<\/h3>\n<\/div>\n<\/div>\n<\/div>\n<\/div>\n<div id=\"\" class=\"w-full lg_w-2\/3 mx-auto min-h-fit storyblok__outline\" data-v-199920cb=\"\" data-blok-c=\"undefined\" data-blok-uid=\"undefined\">\n<div class=\"pb-markdown min-h-fit mv-type--body storyblok__outline\" data-v-199920cb=\"\" data-blok-c=\"undefined\" data-blok-uid=\"undefined\"><\/div>\n<\/div>\n<p>\u2705 Le\u00e7on 35<\/p>\n<p>\u23f1 10 Heures 38 Minutes<\/p>\n<p>\ud83d\udc42\ud83c\udffbAudio en fran\u00e7ais<\/p>\n<p>Acc\u00e9der \u00e0 Google Drive<\/p>\n","protected":false},"featured_media":1524,"comment_status":"open","ping_status":"closed","template":"","meta":{"site-sidebar-layout":"default","site-content-layout":"","ast-site-content-layout":"default","site-content-style":"default","site-sidebar-style":"default","ast-global-header-display":"","ast-banner-title-visibility":"","ast-main-header-display":"","ast-hfb-above-header-display":"","ast-hfb-below-header-display":"","ast-hfb-mobile-header-display":"","site-post-title":"","ast-breadcrumbs-content":"","ast-featured-img":"","footer-sml-layout":"","theme-transparent-header-meta":"default","adv-header-id-meta":"","stick-header-meta":"","header-above-stick-meta":"","header-main-stick-meta":"","header-below-stick-meta":"","astra-migrate-meta-layouts":"set","ast-page-background-enabled":"default","ast-page-background-meta":{"desktop":{"background-color":"var(--ast-global-color-4)","background-image":"","background-repeat":"repeat","background-position":"center center","background-size":"auto","background-attachment":"scroll","background-type":"","background-media":"","overlay-type":"","overlay-color":"","overlay-gradient":""},"tablet":{"background-color":"","background-image":"","background-repeat":"repeat","background-position":"center center","background-size":"auto","background-attachment":"scroll","background-type":"","background-media":"","overlay-type":"","overlay-color":"","overlay-gradient":""},"mobile":{"background-color":"","background-image":"","background-repeat":"repeat","background-position":"center center","background-size":"auto","background-attachment":"scroll","background-type":"","background-media":"","overlay-type":"","overlay-color":"","overlay-gradient":""}},"ast-content-background-meta":{"desktop":{"background-color":"var(--ast-global-color-5)","background-image":"","background-repeat":"repeat","background-position":"center center","background-size":"auto","background-attachment":"scroll","background-type":"","background-media":"","overlay-type":"","overlay-color":"","overlay-gradient":""},"tablet":{"background-color":"var(--ast-global-color-5)","background-image":"","background-repeat":"repeat","background-position":"center center","background-size":"auto","background-attachment":"scroll","background-type":"","background-media":"","overlay-type":"","overlay-color":"","overlay-gradient":""},"mobile":{"background-color":"var(--ast-global-color-5)","background-image":"","background-repeat":"repeat","background-position":"center center","background-size":"auto","background-attachment":"scroll","background-type":"","background-media":"","overlay-type":"","overlay-color":"","overlay-gradient":""}},"_joinchat":[]},"product_cat":[22,21,20],"product_tag":[],"_links":{"self":[{"href":"https:\/\/karlydigitalworld.com\/index.php\/wp-json\/wp\/v2\/product\/1523"}],"collection":[{"href":"https:\/\/karlydigitalworld.com\/index.php\/wp-json\/wp\/v2\/product"}],"about":[{"href":"https:\/\/karlydigitalworld.com\/index.php\/wp-json\/wp\/v2\/types\/product"}],"replies":[{"embeddable":true,"href":"https:\/\/karlydigitalworld.com\/index.php\/wp-json\/wp\/v2\/comments?post=1523"}],"wp:featuredmedia":[{"embeddable":true,"href":"https:\/\/karlydigitalworld.com\/index.php\/wp-json\/wp\/v2\/media\/1524"}],"wp:attachment":[{"href":"https:\/\/karlydigitalworld.com\/index.php\/wp-json\/wp\/v2\/media?parent=1523"}],"wp:term":[{"taxonomy":"product_cat","embeddable":true,"href":"https:\/\/karlydigitalworld.com\/index.php\/wp-json\/wp\/v2\/product_cat?post=1523"},{"taxonomy":"product_tag","embeddable":true,"href":"https:\/\/karlydigitalworld.com\/index.php\/wp-json\/wp\/v2\/product_tag?post=1523"}],"curies":[{"name":"wp","href":"https:\/\/api.w.org\/{rel}","templated":true}]}}