{"id":1509,"date":"2024-05-04T04:10:44","date_gmt":"2024-05-04T04:10:44","guid":{"rendered":"https:\/\/karlydigitalworld.com\/?post_type=product&#038;p=1509"},"modified":"2025-10-14T12:01:54","modified_gmt":"2025-10-14T12:01:54","slug":"super-lecture-jim-kwik-en-francais","status":"publish","type":"product","link":"https:\/\/karlydigitalworld.com\/index.php\/product\/super-lecture-jim-kwik-en-francais\/","title":{"rendered":"Super Lecture &#8211; Jim Kwik (En Fran\u00e7ais)"},"content":{"rendered":"<div class=\"w-full lg_w-2\/3 mx-auto mb-7 md_mb-9 min-h-fit storyblok__outline\" data-v-199920cb=\"\" data-blok-c=\"undefined\" data-blok-uid=\"undefined\">\n<div class=\"pb-markdown min-h-fit mv-type--headline5 text-center storyblok__outline\" data-v-199920cb=\"\" data-blok-c=\"undefined\" data-blok-uid=\"undefined\">\n<h3 style=\"text-align: center;\">Doublez votre vitesse de lecture et de d\u00e9veloppement gr\u00e2ce \u00e0 Super Lecture, le programme de lecture rapide le plus puissant au monde<\/h3>\n<p>&nbsp;<\/p>\n<\/div>\n<\/div>\n<div id=\"\" class=\"w-full lg_w-2\/3 mx-auto min-h-fit storyblok__outline\" data-v-199920cb=\"\" data-blok-c=\"undefined\" data-blok-uid=\"undefined\">\n<div class=\"pb-markdown min-h-fit mv-type--body storyblok__outline\" data-v-199920cb=\"\" data-blok-c=\"undefined\" data-blok-uid=\"undefined\">\n<p>Le programme\u00a0<em>Super Lecture<\/em>\u00a0est une m\u00e9thodologie de lecture rapide hautement optimis\u00e9e cr\u00e9\u00e9e par Jim Kwik, le coach c\u00e9r\u00e9bral n\u00b0 1 mondial des c\u00e9l\u00e9brit\u00e9s, professionnels de premier plan et autres personnes connaissant un succ\u00e8s ph\u00e9nom\u00e9nal.<\/p>\n<p>&nbsp;<\/p>\n<p>Le g\u00e9nie du programme\u00a0<em>Super Lecture<\/em>\u00a0r\u00e9side dans la combinaison de techniques de neurostimulation r\u00e9volutionnaires avec des m\u00e9thodes mn\u00e9motechniques de r\u00e9tention et de lecture rapide \u00e9prouv\u00e9es. Par cons\u00e9quent, les h\u00e9misph\u00e8res gauche et droit de votre cerveau sont stimul\u00e9s en m\u00eame temps, cr\u00e9ant en lui le d\u00e9sir de recevoir davantage d\u2019informations la n\u00e9cessit\u00e9 de leur r\u00e9server un nouvel espace.<\/p>\n<p>&nbsp;<\/p>\n<p>Votre cerveau commence alors \u00e0 absorber de nouvelles informations \u00e0 une vitesse \u00e9tonnante. Vous ne vous contentez alors plus de lire davantage&#8230;<\/p>\n<p>&nbsp;<\/p>\n<p><strong>Vous apprenez plus, vous comprenez plus et vous retenez plus d&#8217;informations en moins de temps.<\/strong>\u00a0Tout cela gr\u00e2ce \u00e0 un processus simple, \u00e9tape par \u00e9tape, que chacun peut suivre facilement en seulement quelques minutes par jour.<\/p>\n<p>&nbsp;<\/p>\n<p>Le programme\u00a0<em>Super Lecture<\/em>\u00a0vous permettra d\u2019au moins\u00a0<strong>doubler<\/strong>\u00a0votre vitesse de lecture et d&#8217;apprentissage en seulement 21 jours. Nous vous le garantissons.<\/p>\n<\/div>\n<\/div>\n<p>&nbsp;<\/p>\n<div id=\"\" class=\"mv-container min-h-fit storyblok__outline\" data-v-199920cb=\"\" data-blok-c=\"undefined\" data-blok-uid=\"undefined\">\n<div class=\"w-full text-center lg_w-2\/3 mx-auto min-h-fit storyblok__outline\" data-v-199920cb=\"\" data-blok-c=\"undefined\" data-blok-uid=\"undefined\">\n<div class=\"pb-markdown min-h-fit mv-type--titlebold4 text-center mb-8 md_mb-10 lg_mb-12 storyblok__outline\" data-v-199920cb=\"\" data-blok-c=\"undefined\" data-blok-uid=\"undefined\">\n<h2 style=\"text-align: center;\">Le programme<\/h2>\n<\/div>\n<\/div>\n<\/div>\n<div id=\"\" class=\"mv-container min-h-fit storyblok__outline\" data-v-199920cb=\"\" data-blok-c=\"undefined\" data-blok-uid=\"undefined\">\n<div class=\"pb-markdown min-h-fit mv-type--titlebold5 text-center mb-8 md_mb-12 lg_mb-16 lg_w-2\/3 mx-auto storyblok__outline\" data-v-199920cb=\"\" data-blok-c=\"undefined\" data-blok-uid=\"undefined\">\n<h3 style=\"text-align: center;\">Explorez le programme de Super Lecture<\/h3>\n<p>&nbsp;<\/p>\n<\/div>\n<p><img fetchpriority=\"high\" decoding=\"async\" class=\"aligncenter\" src=\"https:\/\/storyblok-cdn.mindvalley.com\/f\/60579\/2068x1110\/34ed83bd34\/sr_sp_devices_curriculum_fr.png?trans?quality=60&amp;auto=webp&amp;dpr=1&amp;width=auto\" alt=\"Super Lecture sur plusieurs appareils\" width=\"746\" height=\"400\" \/><\/p>\n<\/div>\n<p>La Qu\u00eate\u00a0<em>Super Lecture<\/em>\u00a0est un programme en ligne de 21 jours qui active votre potentiel de lecture et d&#8217;apprentissage acc\u00e9l\u00e9r\u00e9. Chaque jour, vous passerez 10 \u00e0 20 petites minutes avec Jim Kwik en personne, qui vous pr\u00e9sentera ses propres techniques de lecture rapide et de neurostimulation, afin de vous permettre de vous d\u00e9faire des m\u00e9thodes de lecture ind\u00e9sirables auxquelles vous avez \u00e9t\u00e9 conditionn\u00e9 dans votre enfance.<\/p>\n<p>&nbsp;<\/p>\n<p>Certains jours, vous apprendrez des strat\u00e9gies pour aider votre cerveau \u00e0 traiter les informations \u00e0 une vitesse qui semble \u00eatre celle de la lumi\u00e8re.<\/p>\n<p>&nbsp;<\/p>\n<p>D&#8217;autres, vous d\u00e9velopperez la capacit\u00e9 de votre esprit \u00e0 apprendre de nouvelles informations en mettant en pratique les nouvelles comp\u00e9tences que vous aurez acquises.<\/p>\n<p>&nbsp;<\/p>\n<p>\u00c0 la fin du programme, Jim vous garantit que vous aurez au moins doubl\u00e9 votre vitesse de lecture et d&#8217;apprentissage, et que vous serez pr\u00eat \u00e0 \u00e9voluer et \u00e0 atteindre votre rythme le plus rapide possible.<\/p>\n","protected":false},"excerpt":{"rendered":"<div class=\"w-full lg_w-2\/3 mx-auto mb-7 md_mb-9 min-h-fit storyblok__outline\" data-v-199920cb=\"\" data-blok-c=\"undefined\" data-blok-uid=\"undefined\">\n<div class=\"pb-markdown min-h-fit mv-type--headline5 text-center storyblok__outline\" data-v-199920cb=\"\" data-blok-c=\"undefined\" data-blok-uid=\"undefined\">\n<h3>Doublez votre vitesse de lecture et de d\u00e9veloppement gr\u00e2ce \u00e0 Super Lecture, le programme de lecture rapide le plus puissant au monde<\/h3>\n<\/div>\n<\/div>\n<div id=\"\" class=\"w-full lg_w-2\/3 mx-auto min-h-fit storyblok__outline\" data-v-199920cb=\"\" data-blok-c=\"undefined\" data-blok-uid=\"undefined\">\n<div class=\"pb-markdown min-h-fit mv-type--body storyblok__outline\" data-v-199920cb=\"\" data-blok-c=\"undefined\" data-blok-uid=\"undefined\"><\/div>\n<\/div>\n<p>\u2705 Le\u00e7on 21<\/p>\n<p>\u23f1 5 Heures 43 Minutes<\/p>\n<p>\ud83d\udc42\ud83c\udffbAudio en fran\u00e7ais<\/p>\n<p>Acc\u00e9der \u00e0 Google Drive<\/p>\n","protected":false},"featured_media":1510,"comment_status":"open","ping_status":"closed","template":"","meta":{"site-sidebar-layout":"default","site-content-layout":"","ast-site-content-layout":"default","site-content-style":"default","site-sidebar-style":"default","ast-global-header-display":"","ast-banner-title-visibility":"","ast-main-header-display":"","ast-hfb-above-header-display":"","ast-hfb-below-header-display":"","ast-hfb-mobile-header-display":"","site-post-title":"","ast-breadcrumbs-content":"","ast-featured-img":"","footer-sml-layout":"","theme-transparent-header-meta":"default","adv-header-id-meta":"","stick-header-meta":"","header-above-stick-meta":"","header-main-stick-meta":"","header-below-stick-meta":"","astra-migrate-meta-layouts":"set","ast-page-background-enabled":"default","ast-page-background-meta":{"desktop":{"background-color":"var(--ast-global-color-4)","background-image":"","background-repeat":"repeat","background-position":"center center","background-size":"auto","background-attachment":"scroll","background-type":"","background-media":"","overlay-type":"","overlay-color":"","overlay-gradient":""},"tablet":{"background-color":"","background-image":"","background-repeat":"repeat","background-position":"center center","background-size":"auto","background-attachment":"scroll","background-type":"","background-media":"","overlay-type":"","overlay-color":"","overlay-gradient":""},"mobile":{"background-color":"","background-image":"","background-repeat":"repeat","background-position":"center center","background-size":"auto","background-attachment":"scroll","background-type":"","background-media":"","overlay-type":"","overlay-color":"","overlay-gradient":""}},"ast-content-background-meta":{"desktop":{"background-color":"var(--ast-global-color-5)","background-image":"","background-repeat":"repeat","background-position":"center center","background-size":"auto","background-attachment":"scroll","background-type":"","background-media":"","overlay-type":"","overlay-color":"","overlay-gradient":""},"tablet":{"background-color":"var(--ast-global-color-5)","background-image":"","background-repeat":"repeat","background-position":"center center","background-size":"auto","background-attachment":"scroll","background-type":"","background-media":"","overlay-type":"","overlay-color":"","overlay-gradient":""},"mobile":{"background-color":"var(--ast-global-color-5)","background-image":"","background-repeat":"repeat","background-position":"center center","background-size":"auto","background-attachment":"scroll","background-type":"","background-media":"","overlay-type":"","overlay-color":"","overlay-gradient":""}},"_joinchat":[]},"product_cat":[22,24,20],"product_tag":[],"_links":{"self":[{"href":"https:\/\/karlydigitalworld.com\/index.php\/wp-json\/wp\/v2\/product\/1509"}],"collection":[{"href":"https:\/\/karlydigitalworld.com\/index.php\/wp-json\/wp\/v2\/product"}],"about":[{"href":"https:\/\/karlydigitalworld.com\/index.php\/wp-json\/wp\/v2\/types\/product"}],"replies":[{"embeddable":true,"href":"https:\/\/karlydigitalworld.com\/index.php\/wp-json\/wp\/v2\/comments?post=1509"}],"wp:featuredmedia":[{"embeddable":true,"href":"https:\/\/karlydigitalworld.com\/index.php\/wp-json\/wp\/v2\/media\/1510"}],"wp:attachment":[{"href":"https:\/\/karlydigitalworld.com\/index.php\/wp-json\/wp\/v2\/media?parent=1509"}],"wp:term":[{"taxonomy":"product_cat","embeddable":true,"href":"https:\/\/karlydigitalworld.com\/index.php\/wp-json\/wp\/v2\/product_cat?post=1509"},{"taxonomy":"product_tag","embeddable":true,"href":"https:\/\/karlydigitalworld.com\/index.php\/wp-json\/wp\/v2\/product_tag?post=1509"}],"curies":[{"name":"wp","href":"https:\/\/api.w.org\/{rel}","templated":true}]}}