{"id":1394,"date":"2024-04-15T23:44:59","date_gmt":"2024-04-15T23:44:59","guid":{"rendered":"https:\/\/karlydigitalworld.com\/?post_type=product&#038;p=1394"},"modified":"2025-11-02T10:24:19","modified_gmt":"2025-11-02T10:24:19","slug":"la-methode-silva-pour-un-ultra-mental-vishen-en-francais","status":"publish","type":"product","link":"https:\/\/karlydigitalworld.com\/index.php\/product\/la-methode-silva-pour-un-ultra-mental-vishen-en-francais\/","title":{"rendered":"La M\u00e9thode Silva pour un Ultra Mental Vishen (En Fran\u00e7ais)"},"content":{"rendered":"<h3 style=\"text-align: center;\">Lib\u00e9rez votre esprit avec la M\u00e9thode Silva pour un Ultra Mental<\/h3>\n<p>&nbsp;<\/p>\n<p>La M\u00e9thode Silva pour un Ultra Mental est une m\u00e9thode hautement optimis\u00e9e pour \u00e9veiller le plein potentiel de votre esprit.<\/p>\n<p>Elle est bas\u00e9e sur la M\u00e9thode Silva, m\u00e9thodologie pionni\u00e8re de d\u00e9veloppement mental fond\u00e9e en 1960 par l&#8217;ing\u00e9nieur radio texan Jos\u00e9 Silva, comptant plus de 6 millions d&#8217;\u00e9tudiants \u00e0 travers 110 pays.<\/p>\n<p>Gr\u00e2ce \u00e0 un processus facile \u00e0 suivre, vous obtiendrez une compr\u00e9hension instinctive des quatre principaux \u00e9tats de conscience dans lesquels l&#8217;esprit humain op\u00e8re, et comment les utiliser pour r\u00e9ussir, \u00e9voluer et vivre votre plein potentiel :<\/p>\n<p>&nbsp;<\/p>\n<ol>\n<li style=\"list-style-type: none;\">\n<ol>\n<li><strong>LE NIVEAU B\u00caTA<\/strong><br \/>\nCet \u00e9tat est le niveau de conscience par d\u00e9faut lorsque vous \u00eates \u00e9veill\u00e9 et en alerte.<\/li>\n<\/ol>\n<\/li>\n<\/ol>\n<p>&nbsp;<\/p>\n<ol>\n<li><strong>LE NIVEAU ALPHA<\/strong><br \/>\nCet \u00e9tat calme et r\u00e9ceptif ressenti pendant la relaxation et le sommeil l\u00e9ger est le niveau optimal d&#8217;apprentissage, de croissance et de conscience de soi.<\/li>\n<li><strong>LE NIVEAU TH\u00caTA<\/strong><br \/>\nCet \u00e9tat m\u00e9ditatif et du sommeil profond permet une meilleure introspection, l&#8217;auto-hypnose, la gu\u00e9rison corps-esprit et bien plus encore.<\/li>\n<li><strong>LE NIVEAU DELTA<\/strong><br \/>\nCet \u00e9tat est le niveau le plus profond d&#8217;inconscience et de sommeil sans r\u00eave.<\/li>\n<\/ol>\n<p>&nbsp;<\/p>\n<p>Apr\u00e8s des d\u00e9cennies d\u2019\u00e9tudes de cas et de recherches rigoureuses, la M\u00e9thode Silva a r\u00e9v\u00e9l\u00e9 que les niveaux de conscience\u00a0<strong>Alpha<\/strong>\u00a0et\u00a0<strong>Th\u00eata<\/strong>\u00a0jouent le plus grand r\u00f4le dans le d\u00e9veloppement personnel d\u2019une personne.<\/p>\n<p>Cette observation a \u00e9t\u00e9 confirm\u00e9e par d&#8217;innombrables \u00e9tudes sp\u00e9cialis\u00e9es, y compris des \u00e9tudes aupr\u00e8s de communaut\u00e9s indig\u00e8nes. Ces personnes exploitent la compr\u00e9hension \u00ab polyphasique \u00bb de la conscience pour \u00e9veiller des capacit\u00e9s qui restent inconnues au commun des mortels.<\/p>\n<p>La M\u00e9thode Silva pour un Ultra Mental vous donne les outils pour acc\u00e9der \u00e0 souhait \u00e0 ces capacit\u00e9s. Vous pourrez ainsi les utiliser pour transformer votre vie, et ce aussi facilement et naturellement que l\u2019est le fait de respirer.<\/p>\n<p>&nbsp;<\/p>\n<div class=\"mv-container storyblok__outline\" data-blok-c=\"undefined\" data-blok-uid=\"undefined\">\n<div class=\"w-full text-center lg_w-2\/3 mx-auto storyblok__outline\" data-blok-c=\"undefined\" data-blok-uid=\"undefined\">\n<div class=\"pb-markdown mv-type--titlebold4 text-center mb-8 md_mb-10 lg_mb-12 storyblok__outline\" data-blok-c=\"undefined\" data-blok-uid=\"undefined\">\n<h2 style=\"text-align: center;\">Le programme<\/h2>\n<\/div>\n<\/div>\n<\/div>\n<div id=\"\" class=\"mv-container storyblok__outline\" data-blok-c=\"undefined\" data-blok-uid=\"undefined\">\n<div class=\"pb-markdown mv-type--titlebold5 text-center mb-8 md_mb-12 lg_mb-16 lg_w-2\/3 mx-auto storyblok__outline\" data-blok-c=\"undefined\" data-blok-uid=\"undefined\">\n<h3 style=\"text-align: center;\">Explorez le programme de la Qu\u00eate La M\u00e9thode<\/h3>\n<h3 style=\"text-align: center;\">Silva pour un Ultra Mental<\/h3>\n<\/div>\n<p>&nbsp;<\/p>\n<\/div>\n<p><img fetchpriority=\"high\" decoding=\"async\" class=\"aligncenter\" src=\"https:\/\/storyblok-cdn.mindvalley.com\/f\/60579\/2068x1110\/832b4b662a\/sums_fr_sp_devices_curriculum.jpg?trans?quality=60&amp;auto=webp&amp;dpr=1.25&amp;width=752\" alt=\"La M\u00e9thode Silva pour un Ultra Mental\" width=\"733\" height=\"394\" \/><\/p>\n<p>&nbsp;<\/p>\n<p>La M\u00e9thode Silva pour un Ultra Mental est un programme en ligne de 28 jours con\u00e7u par le fondateur de Mindvalley et instructeur de la M\u00e9thode Silva, Vishen Lakhiani. En seulement 15 \u00e0 20 minutes par jour, vous serez guid\u00e9 gr\u00e2ce aux outils et \u00e0 l\u2019entra\u00eenement caract\u00e9ristiques de la M\u00e9thode Silva pour exploiter les \u00e9tats modifi\u00e9s de votre conscience.<\/p>\n<p>&nbsp;<\/p>\n<p>\u00c0 mesure que vous progressez, vous commencerez \u00e0 d\u00e9velopper vos pouvoirs int\u00e9rieurs de mani\u00e8re souvent surprenante. Par exemple, votre intuition et votre cr\u00e9ativit\u00e9 s&#8217;\u00e9panouiront. Des solutions ing\u00e9nieuses et des d\u00e9clics se pr\u00e9cipiteront dans votre esprit. Vous aurez m\u00eame plus d\u2019assurance et d\u2019amour-propre.<\/p>\n<p>&nbsp;<\/p>\n<p>Une fois le programme termin\u00e9, vous aurez une ma\u00eetrise totale de l&#8217;ensemble des capacit\u00e9s de votre esprit et par cons\u00e9quent, un chemin clair vers votre plein potentiel humain.<\/p>\n","protected":false},"excerpt":{"rendered":"<h3>Lib\u00e9rez votre esprit avec la M\u00e9thode Silva pour un Ultra Mental<\/h3>\n<p>\u2705 Le\u00e7on 28 + bonus call<\/p>\n<p>\u23f1 12 Heures 17 Minutes<\/p>\n<p>\ud83d\udc42\ud83c\udffbAudio en fran\u00e7ais<\/p>\n<p>Acc\u00e9der \u00e0 Google Drive<\/p>\n","protected":false},"featured_media":1395,"comment_status":"open","ping_status":"closed","template":"","meta":{"site-sidebar-layout":"default","site-content-layout":"","ast-site-content-layout":"default","site-content-style":"default","site-sidebar-style":"default","ast-global-header-display":"","ast-banner-title-visibility":"","ast-main-header-display":"","ast-hfb-above-header-display":"","ast-hfb-below-header-display":"","ast-hfb-mobile-header-display":"","site-post-title":"","ast-breadcrumbs-content":"","ast-featured-img":"","footer-sml-layout":"","theme-transparent-header-meta":"default","adv-header-id-meta":"","stick-header-meta":"","header-above-stick-meta":"","header-main-stick-meta":"","header-below-stick-meta":"","astra-migrate-meta-layouts":"set","ast-page-background-enabled":"default","ast-page-background-meta":{"desktop":{"background-color":"var(--ast-global-color-4)","background-image":"","background-repeat":"repeat","background-position":"center center","background-size":"auto","background-attachment":"scroll","background-type":"","background-media":"","overlay-type":"","overlay-color":"","overlay-gradient":""},"tablet":{"background-color":"","background-image":"","background-repeat":"repeat","background-position":"center center","background-size":"auto","background-attachment":"scroll","background-type":"","background-media":"","overlay-type":"","overlay-color":"","overlay-gradient":""},"mobile":{"background-color":"","background-image":"","background-repeat":"repeat","background-position":"center center","background-size":"auto","background-attachment":"scroll","background-type":"","background-media":"","overlay-type":"","overlay-color":"","overlay-gradient":""}},"ast-content-background-meta":{"desktop":{"background-color":"var(--ast-global-color-5)","background-image":"","background-repeat":"repeat","background-position":"center center","background-size":"auto","background-attachment":"scroll","background-type":"","background-media":"","overlay-type":"","overlay-color":"","overlay-gradient":""},"tablet":{"background-color":"var(--ast-global-color-5)","background-image":"","background-repeat":"repeat","background-position":"center center","background-size":"auto","background-attachment":"scroll","background-type":"","background-media":"","overlay-type":"","overlay-color":"","overlay-gradient":""},"mobile":{"background-color":"var(--ast-global-color-5)","background-image":"","background-repeat":"repeat","background-position":"center center","background-size":"auto","background-attachment":"scroll","background-type":"","background-media":"","overlay-type":"","overlay-color":"","overlay-gradient":""}},"_joinchat":[]},"product_cat":[22,21,20],"product_tag":[],"_links":{"self":[{"href":"https:\/\/karlydigitalworld.com\/index.php\/wp-json\/wp\/v2\/product\/1394"}],"collection":[{"href":"https:\/\/karlydigitalworld.com\/index.php\/wp-json\/wp\/v2\/product"}],"about":[{"href":"https:\/\/karlydigitalworld.com\/index.php\/wp-json\/wp\/v2\/types\/product"}],"replies":[{"embeddable":true,"href":"https:\/\/karlydigitalworld.com\/index.php\/wp-json\/wp\/v2\/comments?post=1394"}],"wp:featuredmedia":[{"embeddable":true,"href":"https:\/\/karlydigitalworld.com\/index.php\/wp-json\/wp\/v2\/media\/1395"}],"wp:attachment":[{"href":"https:\/\/karlydigitalworld.com\/index.php\/wp-json\/wp\/v2\/media?parent=1394"}],"wp:term":[{"taxonomy":"product_cat","embeddable":true,"href":"https:\/\/karlydigitalworld.com\/index.php\/wp-json\/wp\/v2\/product_cat?post=1394"},{"taxonomy":"product_tag","embeddable":true,"href":"https:\/\/karlydigitalworld.com\/index.php\/wp-json\/wp\/v2\/product_tag?post=1394"}],"curies":[{"name":"wp","href":"https:\/\/api.w.org\/{rel}","templated":true}]}}