{"id":1363,"date":"2024-04-13T20:50:31","date_gmt":"2024-04-13T20:50:31","guid":{"rendered":"https:\/\/karlydigitalworld.com\/?post_type=product&#038;p=1363"},"modified":"2025-10-14T12:01:20","modified_gmt":"2025-10-14T12:01:20","slug":"lart-de-la-manifestation-regan-hillyer-francais","status":"publish","type":"product","link":"https:\/\/karlydigitalworld.com\/index.php\/product\/lart-de-la-manifestation-regan-hillyer-francais\/","title":{"rendered":"L&#8217;Art De La Manifestation Regan Hillyer (En Fran\u00e7ais)"},"content":{"rendered":"<h4 style=\"text-align: center;\">En vous se trouvent 5 superpouvoirs de cr\u00e9ation uniques : et avec les conseils de Regan, vous les r\u00e9veillerez tous en seulement 27 jours.<\/h4>\n<p>&nbsp;<\/p>\n<p>Imaginez pouvoir cr\u00e9er des visions si claires et si puissantes qu\u2019elles deviennent in\u00e9vitables. Savoir plier la trame du temps et de l&#8217;espace au gr\u00e9 de ses envies. Et ressentez une pure joie et une libert\u00e9 \u00e0 chaque instant, car vous savez que vous \u00eates le grand architecte de votre propre vie.<\/p>\n<p>&nbsp;<\/p>\n<p>Des perc\u00e9es comme celles-ci sont ce que vous exp\u00e9rimentez lorsque vous commencez \u00e0 appliquer les outils de manifestation optimis\u00e9s de Regan dans votre vie, et la plupart d&#8217;entre elles ne prennent pas plus de 5 \u00e0 15 minutes par jour.<\/p>\n<p>&nbsp;<\/p>\n<p>Le syst\u00e8me de Regan transforme tout le monde : que vous soyez un professionnel chevronn\u00e9 ou m\u00eame si vous n&#8217;avez jamais lu The Secret.<\/p>\n<p>&nbsp;<\/p>\n<p>La cl\u00e9 de ce syst\u00e8me r\u00e9side dans la fa\u00e7on dont il \u00e9veille cinq superpuissances de cr\u00e9ation fondamentales en vous, qui vont bien au-del\u00e0 de ce que vous apprendrez dans les approches de manifestation les plus courantes :<\/p>\n<p>&nbsp;<\/p>\n<p><strong>1. Vision<\/strong> : Votre capacit\u00e9 \u00e0 traverser le brouillard, \u00e0 vous connecter \u00e0 ce que veut votre \u00e2me, \u00e0 le voir avec une clart\u00e9 absolue et \u00e0 le laisser entrer dans votre r\u00e9alit\u00e9.<\/p>\n<p>&nbsp;<\/p>\n<p><strong>2. Expansion<\/strong> : L\u2019acte d\u2019augmenter votre capacit\u00e9 \u00e9nerg\u00e9tique et de faire de la place pour que vos plus grands d\u00e9sirs et visions affluent vers vous.<\/p>\n<p>&nbsp;<\/p>\n<p><strong>3. D\u00e9passer<\/strong> : savoir identifier ses limites personnelles, les embrasser, danser avec elles et les transcender \u00e0 travers l&#8217;alchimie de la manifestation.<\/p>\n<p>&nbsp;<\/p>\n<p><strong>4. Piratage d&#8217;identit\u00e9<\/strong> : entrer dans une nouvelle et meilleure version de vous-m\u00eame en recodant votre propre identit\u00e9 et m\u00eame vos structures de r\u00e9alit\u00e9.<\/p>\n<p>&nbsp;<\/p>\n<p><strong> 5. Acc\u00e9l\u00e9ration de la manifestation<\/strong> : r\u00e9duisez vos d\u00e9lais, d\u00e9mantelez l&#8217;illusion du temps et des frictions, et demandez \u00e0 vos r\u00eaves et \u00e0 vos d\u00e9sirs d&#8217;appara\u00eetre en un instant.<\/p>\n<p>&nbsp;<\/p>\n<h4 style=\"text-align: center;\">Ce que vous gagnerez avec The Art of Manifesting<\/h4>\n<p>&nbsp;<\/p>\n<p>1. R\u00e9alisez vos r\u00eaves en un temps record<\/p>\n<p>2. Acqu\u00e9rez un profond sentiment de confiance en vous et en votre chemin de vie.<\/p>\n<p>3. Augmentez votre qualit\u00e9 de vie et votre joie \u00e0 chaque instant<\/p>\n<p>4. Incarner un \u00e9tat d\u2019esprit de r\u00e9ussite in\u00e9branlable<\/p>\n<p>5. Devenez ma\u00eetre dans l\u2019art de fixer et d\u2019atteindre des objectifs<\/p>\n<p>6. Vivez votre vie avec une intention, un but et une pr\u00e9sence puissants.<\/p>\n<p>&nbsp;<\/p>\n<p><img fetchpriority=\"high\" decoding=\"async\" class=\"aligncenter\" src=\"https:\/\/assets.mindvalley.com\/api\/v1\/assets\/42875496-f948-42a3-831a-595370c70cd4.jpg\" width=\"431\" height=\"242\" \/><\/p>\n<p>&nbsp;<\/p>\n<h5 style=\"text-align: center;\">Le cursus<\/h5>\n<h5 style=\"text-align: center;\">Explorez le programme d&#8217;\u00e9tudes sur l&#8217;art de manifester<\/h5>\n<p>&nbsp;<\/p>\n<p>L&#8217;Art de Manifester est un programme de 27 jours qui \u00e9veille votre capacit\u00e9 maximale \u00e0 visualiser vos d\u00e9sirs, \u00e0 les r\u00e9aliser \u00e0 la vitesse de l&#8217;\u00e9clair et \u00e0 accepter votre r\u00f4le d&#8217;architecte de vos r\u00eaves et de votre vie.<\/p>\n<p>&nbsp;<\/p>\n<p>Chaque jour, vous rejoindrez Regan Hillyer pour une le\u00e7on vid\u00e9o de 15 \u00e0 20 minutes qui vous guidera \u00e0 travers ses exercices de manifestation embl\u00e9matiques, ses outils d&#8217;\u00e9tat d&#8217;esprit et son travail d&#8217;\u00e2me qui vous transformeront \u00e9tape par \u00e9tape en un ma\u00eetre de la cr\u00e9ation consciente.<\/p>\n<p>&nbsp;<\/p>\n<p>Au fur et \u00e0 mesure de votre progression dans le programme, vous explorerez la v\u00e9rit\u00e9 sur ce qu\u2019est r\u00e9ellement (et n\u2019est pas) la manifestation. Vous ferez l\u2019exp\u00e9rience de profonds changements d\u2019identit\u00e9 qui feront de la r\u00e9alisation rapide et facile de vos objectifs votre seconde nature.<\/p>\n<p>&nbsp;<\/p>\n<p>Et surtout, en seulement 27 jours, vous entrerez dans une nouvelle fa\u00e7on de vivre et de cr\u00e9er : o\u00f9 tous vos d\u00e9sirs affluent vers vous et pour vous, et o\u00f9 m\u00eame vos r\u00eaves les plus fous deviennent in\u00e9vitables.<\/p>\n","protected":false},"excerpt":{"rendered":"<h5>En vous, il y a 5 superpouvoirs de cr\u00e9ation uniques et, avec les conseils de Regan, vous les r\u00e9veillerez tous en seulement 27 jours.<\/h5>\n<p>\u2705 28 Le\u00e7ons vid\u00e9o<\/p>\n<p>\u2705 7 Modules + 1 module suppl\u00e9mentaire<\/p>\n<p>+ \ud83d\udcd6 Cahier d&#8217;exercices<\/p>\n<p>+ Bonus suppl\u00e9mentaire \u2705 Activation suppl\u00e9mentaire &#8211; acc\u00e9l\u00e9rez de mani\u00e8re holistique l&#8217;abondance dans votre vie<\/p>\n<p>\u23f1 Dur\u00e9e : 14 heures 54 minutes<\/p>\n<p>\ud83d\udc42\ud83c\udffbAudio en fran\u00e7ais<\/p>\n<p>Acc\u00e8s \u00e0 Google Drive<\/p>\n","protected":false},"featured_media":1364,"comment_status":"open","ping_status":"closed","template":"","meta":{"site-sidebar-layout":"default","site-content-layout":"","ast-site-content-layout":"default","site-content-style":"default","site-sidebar-style":"default","ast-global-header-display":"","ast-banner-title-visibility":"","ast-main-header-display":"","ast-hfb-above-header-display":"","ast-hfb-below-header-display":"","ast-hfb-mobile-header-display":"","site-post-title":"","ast-breadcrumbs-content":"","ast-featured-img":"","footer-sml-layout":"","theme-transparent-header-meta":"default","adv-header-id-meta":"","stick-header-meta":"","header-above-stick-meta":"","header-main-stick-meta":"","header-below-stick-meta":"","astra-migrate-meta-layouts":"set","ast-page-background-enabled":"default","ast-page-background-meta":{"desktop":{"background-color":"var(--ast-global-color-4)","background-image":"","background-repeat":"repeat","background-position":"center center","background-size":"auto","background-attachment":"scroll","background-type":"","background-media":"","overlay-type":"","overlay-color":"","overlay-gradient":""},"tablet":{"background-color":"","background-image":"","background-repeat":"repeat","background-position":"center center","background-size":"auto","background-attachment":"scroll","background-type":"","background-media":"","overlay-type":"","overlay-color":"","overlay-gradient":""},"mobile":{"background-color":"","background-image":"","background-repeat":"repeat","background-position":"center center","background-size":"auto","background-attachment":"scroll","background-type":"","background-media":"","overlay-type":"","overlay-color":"","overlay-gradient":""}},"ast-content-background-meta":{"desktop":{"background-color":"var(--ast-global-color-5)","background-image":"","background-repeat":"repeat","background-position":"center center","background-size":"auto","background-attachment":"scroll","background-type":"","background-media":"","overlay-type":"","overlay-color":"","overlay-gradient":""},"tablet":{"background-color":"var(--ast-global-color-5)","background-image":"","background-repeat":"repeat","background-position":"center center","background-size":"auto","background-attachment":"scroll","background-type":"","background-media":"","overlay-type":"","overlay-color":"","overlay-gradient":""},"mobile":{"background-color":"var(--ast-global-color-5)","background-image":"","background-repeat":"repeat","background-position":"center center","background-size":"auto","background-attachment":"scroll","background-type":"","background-media":"","overlay-type":"","overlay-color":"","overlay-gradient":""}},"_joinchat":[]},"product_cat":[22,21,20],"product_tag":[],"_links":{"self":[{"href":"https:\/\/karlydigitalworld.com\/index.php\/wp-json\/wp\/v2\/product\/1363"}],"collection":[{"href":"https:\/\/karlydigitalworld.com\/index.php\/wp-json\/wp\/v2\/product"}],"about":[{"href":"https:\/\/karlydigitalworld.com\/index.php\/wp-json\/wp\/v2\/types\/product"}],"replies":[{"embeddable":true,"href":"https:\/\/karlydigitalworld.com\/index.php\/wp-json\/wp\/v2\/comments?post=1363"}],"wp:featuredmedia":[{"embeddable":true,"href":"https:\/\/karlydigitalworld.com\/index.php\/wp-json\/wp\/v2\/media\/1364"}],"wp:attachment":[{"href":"https:\/\/karlydigitalworld.com\/index.php\/wp-json\/wp\/v2\/media?parent=1363"}],"wp:term":[{"taxonomy":"product_cat","embeddable":true,"href":"https:\/\/karlydigitalworld.com\/index.php\/wp-json\/wp\/v2\/product_cat?post=1363"},{"taxonomy":"product_tag","embeddable":true,"href":"https:\/\/karlydigitalworld.com\/index.php\/wp-json\/wp\/v2\/product_tag?post=1363"}],"curies":[{"name":"wp","href":"https:\/\/api.w.org\/{rel}","templated":true}]}}